{"id":14890,"date":"2022-10-17T09:56:04","date_gmt":"2022-11-02T10:31:04","guid":{"rendered":"https:\/\/factory.sale\/?post_type=product&#038;p=14890"},"modified":"2024-06-27T22:05:29","modified_gmt":"2024-06-27T22:05:29","slug":"risen-450-w-aurinkopaneeli-rsm144-7-450bmdg-kaksipuolinen","status":"publish","type":"product","link":"https:\/\/factory.sale\/fi\/tuote\/risen-450-w-aurinkopaneeli-rsm144-7-450bmdg-kaksipuolinen\/","title":{"rendered":"RISEN 450 W AURINKOPANEELI, RSM144-7-450BMDG (KAKSIPUOLINEN)"},"content":{"rendered":"<p>&nbsp;<\/p>\n<p><img loading=\"lazy\" decoding=\"async\" class=\"alignnone wp-image-14327\" src=\"https:\/\/factory.sale\/wp-content\/uploads\/2022\/10\/RSM144-7-450BMDG-254x300.jpg\" alt=\"\" width=\"825\" height=\"974\" srcset=\"https:\/\/factory.sale\/wp-content\/uploads\/2022\/10\/RSM144-7-450BMDG-254x300.jpg 254w, https:\/\/factory.sale\/wp-content\/uploads\/2022\/10\/RSM144-7-450BMDG-127x150.jpg 127w, https:\/\/factory.sale\/wp-content\/uploads\/2022\/10\/RSM144-7-450BMDG-868x1024.jpg 868w, https:\/\/factory.sale\/wp-content\/uploads\/2022\/10\/RSM144-7-450BMDG-600x708.jpg 600w\" sizes=\"auto, (max-width: 825px) 100vw, 825px\" \/><\/p>\n<p>&nbsp;<\/p>\n<p><a href=\"https:\/\/factory.sale\/wp-content\/uploads\/2022\/10\/Risen_mono_perc445_144cell.pdf\" target=\"_blank\" rel=\"noopener noreferrer\">Lataa tuotteen tietolomake<\/a><\/p>\n<p>&nbsp;<\/p>\n","protected":false},"excerpt":{"rendered":"<ul>\n<li>Tuotemerkki: SOLAR RISEN<\/li>\n<li>Malli: RSM144-7-450BMDG<\/li>\n<li>Mallikoodi: RSM144-7-450BMDG<\/li>\n<li>Keskim\u00e4\u00e4r\u00e4inen s\u00e4hk\u00f6ntuotanto (kWh\/kuukausi): 56.25<\/li>\n<li>Oikosulkuvirta (A): 11.50<\/li>\n<li>L\u00e4hteen suurin sy\u00f6tt\u00f6teho (Wp): 450<\/li>\n<li>Suurin tyhj\u00e4k\u00e4yntij\u00e4nnite (V): 49.70<\/li>\n<li>Suurin tehij\u00e4nnite (V): 41.30<\/li>\n<li>Suurin tehovirta (A): 10.90<\/li>\n<li>Keskim\u00e4\u00e4r\u00e4inen vuotuinen energiantuotanto (kWh\/vuosi) : 675<\/li>\n<li>Energiatehokkuus (%) :20.20%<\/li>\n<li>Energiatehokkuusluokka :THE<\/li>\n<li>Aurinkokennon tyyppi: Yksikiteinen pii (PERC)<\/li>\n<li>Aurinkennon pinta-ala (m\u00b2) :2.23<\/li>\n<li>Leveys (cm) :104.80<\/li>\n<li>Syvyys (mm): 40<\/li>\n<li>Pituus (cm): 210.8<\/li>\n<li>Paino (kg) : 29.00<\/li>\n<\/ul>\n","protected":false},"featured_media":14332,"comment_status":"open","ping_status":"closed","template":"","meta":{"_acf_changed":false},"factory":[],"free-shipment":[],"product_brand":[],"product_cat":[2445,1332],"product_tag":[1417],"class_list":{"0":"post-14890","1":"product","2":"type-product","3":"status-publish","4":"has-post-thumbnail","6":"product_cat-risen-energiaa","7":"product_cat-uusiutuva-energia","8":"product_tag-renewable-energy-fi","10":"first","11":"instock","12":"sale","13":"taxable","14":"shipping-taxable","15":"purchasable","16":"product-type-simple"},"acf":[],"_links":{"self":[{"href":"https:\/\/factory.sale\/fi\/wp-json\/wp\/v2\/product\/14890","targetHints":{"allow":["GET"]}}],"collection":[{"href":"https:\/\/factory.sale\/fi\/wp-json\/wp\/v2\/product"}],"about":[{"href":"https:\/\/factory.sale\/fi\/wp-json\/wp\/v2\/types\/product"}],"replies":[{"embeddable":true,"href":"https:\/\/factory.sale\/fi\/wp-json\/wp\/v2\/comments?post=14890"}],"wp:featuredmedia":[{"embeddable":true,"href":"https:\/\/factory.sale\/fi\/wp-json\/wp\/v2\/media\/14332"}],"wp:attachment":[{"href":"https:\/\/factory.sale\/fi\/wp-json\/wp\/v2\/media?parent=14890"}],"wp:term":[{"taxonomy":"factory","embeddable":true,"href":"https:\/\/factory.sale\/fi\/wp-json\/wp\/v2\/factory?post=14890"},{"taxonomy":"free-shipment","embeddable":true,"href":"https:\/\/factory.sale\/fi\/wp-json\/wp\/v2\/free-shipment?post=14890"},{"taxonomy":"product_brand","embeddable":true,"href":"https:\/\/factory.sale\/fi\/wp-json\/wp\/v2\/product_brand?post=14890"},{"taxonomy":"product_cat","embeddable":true,"href":"https:\/\/factory.sale\/fi\/wp-json\/wp\/v2\/product_cat?post=14890"},{"taxonomy":"product_tag","embeddable":true,"href":"https:\/\/factory.sale\/fi\/wp-json\/wp\/v2\/product_tag?post=14890"}],"curies":[{"name":"wp","href":"https:\/\/api.w.org\/{rel}","templated":true}]}}