{"id":14881,"date":"2022-05-25T13:10:42","date_gmt":"2022-11-02T09:56:40","guid":{"rendered":"https:\/\/factory.sale\/?post_type=product&#038;p=14881"},"modified":"2024-06-25T14:26:50","modified_gmt":"2024-06-25T14:26:50","slug":"aurinkopaneeli-ja-solar-540wp-moduuli-jam72s30-540-mr-hopea-musta-kehys","status":"publish","type":"product","link":"https:\/\/factory.sale\/fi\/tuote\/aurinkopaneeli-ja-solar-540wp-moduuli-jam72s30-540-mr-hopea-musta-kehys\/","title":{"rendered":"Aurinkopaneeli JA SOLAR 540WP moduuli JAM72S30 540 MR hopea\/musta kehys"},"content":{"rendered":"<p>Ja Solar on ollut listattuna NASDAQissa vuodesta 2007 ja on toimittanut moduuleja TIER1:delle vuodesta 2012.<\/p>\n<p>Paneeli on valmistettu puolileikkaustekniikalla, joka koostuu useiden PERC-kennojen yhteenliitt\u00e4misest\u00e4.<br \/>\nT\u00e4m\u00e4 mahdollistaa korkeamman tehon, paremman l\u00e4mp\u00f6tilasta riippumattoman suorituskyvyn, pienent\u00e4\u00e4 energiantuotannon varjostusvaikutuksia, pienent\u00e4\u00e4 kuumapisteen riskitekij\u00f6it\u00e4 sek\u00e4 parantaa toleranssia mekaanista kuormitusta vastaan.<\/p>\n<ul>\n<li>Korkeampi l\u00e4ht\u00f6teho<\/li>\n<li>V\u00e4hemm\u00e4n varjostusta ja pienempi resistiivinen h\u00e4vi\u00f6<\/li>\n<li>Matalammat energiakustannukset<\/li>\n<li>Parempi toleranssi mekaanista kuormitusta vastaan<\/li>\n<\/ul>\n<p><strong>LIS\u00c4TIEDOT:<\/strong><\/p>\n<p><strong>Varat: 0,68 MW<\/strong><\/p>\n<ul>\n<li>Maksimiteho (Pmax) : 540<\/li>\n<li>Liittimet: \u00a0MC\/QC<\/li>\n<li>Kehyksen paksuus [mm]: \u00a035<\/li>\n<li>Korkeus [mm] : 2279<\/li>\n<li>Paino [kg] : 28,6<\/li>\n<li>Pakkauksen konfiguraatio (Lava): \u00a031 KPL<\/li>\n<li>Pakkauksen konfiguraatio (Kontti): \u00a0620 KPL<\/li>\n<li>JAM54S30 400 Wp MR musta kehys 30 mm \u2013 130 EUR\/kpl<\/li>\n<li>JAM72S20 460 Wp MR hopea kehys 35 mm \u2013 150 EUR\/kpl<\/li>\n<\/ul>\n<p><strong style=\"font-style: italic;\">Hinta riippuu projektista ja m\u00e4\u00e4r\u00e4st\u00e4, kysy henkil\u00f6kohtaista tarjousta! Hinnat ja tarjoukset ovat voimassa 3<\/strong>\u00a0<em><strong>p\u00e4iv\u00e4\u00e4 ja ne voivat muuttua.<\/strong><\/em><\/p>\n<p><a href=\"https:\/\/factory.sale\/wp-content\/uploads\/2022\/05\/Datasheet-JAM72S30-540.pdf\">Tietolomake<\/a><\/p>\n","protected":false},"excerpt":{"rendered":"<p>JA Solar on maailman johtava yritys\u00a0 korkealaatuisten aurinkos\u00e4hk\u00f6moduulien valmistamisessa.<\/p>\n<p><a href=\"https:\/\/factory.sale\/wp-content\/uploads\/2022\/05\/Datasheet-JAM72S30-540.pdf\">Datasheet-JAM72S30-540<\/a><\/p>\n","protected":false},"featured_media":8134,"comment_status":"open","ping_status":"closed","template":"","meta":{"_acf_changed":false},"factory":[],"free-shipment":[],"product_brand":[],"product_cat":[2447,1332],"product_tag":[1417],"class_list":{"0":"post-14881","1":"product","2":"type-product","3":"status-publish","4":"has-post-thumbnail","6":"product_cat-ja-solar-fi","7":"product_cat-uusiutuva-energia","8":"product_tag-renewable-energy-fi","10":"first","11":"instock","12":"sale","13":"taxable","14":"shipping-taxable","15":"purchasable","16":"product-type-simple"},"acf":[],"_links":{"self":[{"href":"https:\/\/factory.sale\/fi\/wp-json\/wp\/v2\/product\/14881","targetHints":{"allow":["GET"]}}],"collection":[{"href":"https:\/\/factory.sale\/fi\/wp-json\/wp\/v2\/product"}],"about":[{"href":"https:\/\/factory.sale\/fi\/wp-json\/wp\/v2\/types\/product"}],"replies":[{"embeddable":true,"href":"https:\/\/factory.sale\/fi\/wp-json\/wp\/v2\/comments?post=14881"}],"wp:featuredmedia":[{"embeddable":true,"href":"https:\/\/factory.sale\/fi\/wp-json\/wp\/v2\/media\/8134"}],"wp:attachment":[{"href":"https:\/\/factory.sale\/fi\/wp-json\/wp\/v2\/media?parent=14881"}],"wp:term":[{"taxonomy":"factory","embeddable":true,"href":"https:\/\/factory.sale\/fi\/wp-json\/wp\/v2\/factory?post=14881"},{"taxonomy":"free-shipment","embeddable":true,"href":"https:\/\/factory.sale\/fi\/wp-json\/wp\/v2\/free-shipment?post=14881"},{"taxonomy":"product_brand","embeddable":true,"href":"https:\/\/factory.sale\/fi\/wp-json\/wp\/v2\/product_brand?post=14881"},{"taxonomy":"product_cat","embeddable":true,"href":"https:\/\/factory.sale\/fi\/wp-json\/wp\/v2\/product_cat?post=14881"},{"taxonomy":"product_tag","embeddable":true,"href":"https:\/\/factory.sale\/fi\/wp-json\/wp\/v2\/product_tag?post=14881"}],"curies":[{"name":"wp","href":"https:\/\/api.w.org\/{rel}","templated":true}]}}