{"id":14879,"date":"2022-05-25T13:16:09","date_gmt":"2022-11-02T09:51:47","guid":{"rendered":"https:\/\/factory.sale\/?post_type=product&#038;p=14879"},"modified":"2025-03-19T23:55:49","modified_gmt":"2025-03-19T20:55:49","slug":"aurinkopaneeli-ja-solar-460wp-moduuli-jam72s20-460-mr-hopea-kehys","status":"publish","type":"product","link":"https:\/\/factory.sale\/fi\/tuote\/aurinkopaneeli-ja-solar-460wp-moduuli-jam72s20-460-mr-hopea-kehys\/","title":{"rendered":"Aurinkopaneeli JA SOLAR 460WP moduuli &#8211; JAM72S20 460 MR hopea kehys"},"content":{"rendered":"<p>Ja Solar on ollut listattuna NASDAQissa vuodesta 2007 ja on toimittanut moduuleja TIER1:delle vuodesta 2012.<\/p>\n<p>Paneeli on valmistettu puolileikkaustekniikalla, joka koostuu useiden PERC-kennojen yhteenliitt\u00e4misest\u00e4.<br \/>\nT\u00e4m\u00e4 mahdollistaa korkeamman tehon, paremman l\u00e4mp\u00f6tilasta riippumattoman suorituskyvyn, pienent\u00e4\u00e4 energiantuotannon varjostusvaikutuksia, pienent\u00e4\u00e4 kuumapisteen riskitekij\u00f6it\u00e4 sek\u00e4 parantaa toleranssia mekaanista kuormitusta vastaan.<\/p>\n<ul>\n<li>Korkeampi l\u00e4ht\u00f6teho<\/li>\n<li>V\u00e4hemm\u00e4n varjostusta ja pienempi resistiivinen h\u00e4vi\u00f6<\/li>\n<li>Matalammat energiakustannukset<\/li>\n<li>Parempi toleranssi mekaanista kuormitusta vastaan<\/li>\n<\/ul>\n<p><strong>LIS\u00c4TIEDOT:<\/strong><\/p>\n<p><strong>Varat: 5,51 MW<\/strong><\/p>\n<ul>\n<li>Maksimiteho (Pmax) 460<\/li>\n<li>Liittimet MC\/QC<\/li>\n<li>Kehyksen paksuus [mm] 35<\/li>\n<li>Korkeus [mm] 2112<\/li>\n<li>Paino [kg] 24,7<\/li>\n<li>Pakkauksen konfiguraatio (Lava) 31 KPL<\/li>\n<li>Pakkauksen konfiguraatio (Kontti) 682 KPL<\/li>\n<\/ul>\n<p><a href=\"https:\/\/factory.sale\/wp-content\/uploads\/2022\/05\/Datasheet-JAM72S20-460.pdf\">Tietolomake<\/a><\/p>\n<p><em><strong>Kysy henkil\u00f6kohtaista tarjousta! Hinta riippuu projektista ja m\u00e4\u00e4r\u00e4st\u00e4<\/strong><\/em><\/p>\n","protected":false},"excerpt":{"rendered":"<p>JA Solar on maailman johtava yritys korkealaatuisten aurinkos\u00e4hk\u00f6moduulien valmistamisessa.<\/p>\n<p>&nbsp;<\/p>\n<p>&nbsp;<\/p>\n","protected":false},"featured_media":8098,"comment_status":"open","ping_status":"closed","template":"","meta":{"_acf_changed":false},"factory":[],"free-shipment":[],"product_brand":[],"product_cat":[2447,1332],"product_tag":[1417,2112],"class_list":{"0":"post-14879","1":"product","2":"type-product","3":"status-publish","4":"has-post-thumbnail","6":"product_cat-ja-solar-fi","7":"product_cat-uusiutuva-energia","8":"product_tag-renewable-energy-fi","9":"product_tag-solar-panel-fi","11":"first","12":"instock","13":"sale","14":"taxable","15":"shipping-taxable","16":"purchasable","17":"product-type-simple"},"acf":[],"_links":{"self":[{"href":"https:\/\/factory.sale\/fi\/wp-json\/wp\/v2\/product\/14879","targetHints":{"allow":["GET"]}}],"collection":[{"href":"https:\/\/factory.sale\/fi\/wp-json\/wp\/v2\/product"}],"about":[{"href":"https:\/\/factory.sale\/fi\/wp-json\/wp\/v2\/types\/product"}],"replies":[{"embeddable":true,"href":"https:\/\/factory.sale\/fi\/wp-json\/wp\/v2\/comments?post=14879"}],"wp:featuredmedia":[{"embeddable":true,"href":"https:\/\/factory.sale\/fi\/wp-json\/wp\/v2\/media\/8098"}],"wp:attachment":[{"href":"https:\/\/factory.sale\/fi\/wp-json\/wp\/v2\/media?parent=14879"}],"wp:term":[{"taxonomy":"factory","embeddable":true,"href":"https:\/\/factory.sale\/fi\/wp-json\/wp\/v2\/factory?post=14879"},{"taxonomy":"free-shipment","embeddable":true,"href":"https:\/\/factory.sale\/fi\/wp-json\/wp\/v2\/free-shipment?post=14879"},{"taxonomy":"product_brand","embeddable":true,"href":"https:\/\/factory.sale\/fi\/wp-json\/wp\/v2\/product_brand?post=14879"},{"taxonomy":"product_cat","embeddable":true,"href":"https:\/\/factory.sale\/fi\/wp-json\/wp\/v2\/product_cat?post=14879"},{"taxonomy":"product_tag","embeddable":true,"href":"https:\/\/factory.sale\/fi\/wp-json\/wp\/v2\/product_tag?post=14879"}],"curies":[{"name":"wp","href":"https:\/\/api.w.org\/{rel}","templated":true}]}}