{"id":14875,"date":"2022-05-25T13:14:31","date_gmt":"2022-11-02T09:44:44","guid":{"rendered":"https:\/\/factory.sale\/?post_type=product&#038;p=14875"},"modified":"2024-06-28T03:16:10","modified_gmt":"2024-06-28T03:16:10","slug":"aurinkopaneeli-ja-solar-415wp-moduuli-jam72s10-mr-415-hopea-kehys","status":"publish","type":"product","link":"https:\/\/factory.sale\/fi\/tuote\/aurinkopaneeli-ja-solar-415wp-moduuli-jam72s10-mr-415-hopea-kehys\/","title":{"rendered":"Aurinkopaneeli JA SOLAR 415WP moduuli &#8211; JAM72S10 MR 415 hopea kehys"},"content":{"rendered":"<p>Ja Solar on ollut listattuna NASDAQissa vuodesta 2007 ja on toimittanut moduuleja TIER1:delle vuodesta 2012.<\/p>\n<p>Paneeli on valmistettu puolileikkaustekniikalla, joka koostuu useiden PERC-kennojen yhteenliitt\u00e4misest\u00e4.<br \/>\nT\u00e4m\u00e4 mahdollistaa korkeamman tehon, paremman l\u00e4mp\u00f6tilasta riippumattoman suorituskyvyn, pienent\u00e4\u00e4 energiantuotannon varjostusvaikutuksia, pienent\u00e4\u00e4 kuumapisteen riskitekij\u00f6it\u00e4 sek\u00e4 parantaa toleranssia mekaanista kuormitusta vastaan.<\/p>\n<ul>\n<li>Korkeampi l\u00e4ht\u00f6teho<\/li>\n<li>V\u00e4hemm\u00e4n varjostusta ja pienempi resistiivinen h\u00e4vi\u00f6<\/li>\n<li>Matalammat energiakustannukset<\/li>\n<li>Parempi toleranssi mekaanista kuormitusta vastaan<\/li>\n<\/ul>\n<p><strong>LIS\u00c4TIEDOT:<\/strong><\/p>\n<p><strong>Varat: 4,91 MW<\/strong><\/p>\n<ul>\n<li>Maksimiteho (Pmax) 415<\/li>\n<li>Liittimet MC\/QC<\/li>\n<li>Kehyksen paksuus [mm] 40<\/li>\n<li>Korkeus [mm] 2015<\/li>\n<li>Paino [kg] 22,7<\/li>\n<li>Pakkauksen konfiguraatio (Lava) 27 KPL<\/li>\n<li>Pakkauksen konfiguraatio (Kontti) 594 KPL<\/li>\n<\/ul>\n<p>&nbsp;<\/p>\n<p><strong><em>Hinta riippuu projektista ja m\u00e4\u00e4r\u00e4st\u00e4, kysy henkil\u00f6kohtaista tarjousta!<\/em><\/strong><\/p>\n","protected":false},"excerpt":{"rendered":"<p><strong>JA Solar on maailman johtava yritys korkealaatuisten aurinkos\u00e4hk\u00f6moduulien valmistamisessa.<\/strong><\/p>\n","protected":false},"featured_media":8134,"comment_status":"open","ping_status":"closed","template":"","meta":{"_acf_changed":false},"factory":[],"free-shipment":[],"product_brand":[],"product_cat":[2447,1332],"product_tag":[],"class_list":{"0":"post-14875","1":"product","2":"type-product","3":"status-publish","4":"has-post-thumbnail","6":"product_cat-ja-solar-fi","7":"product_cat-uusiutuva-energia","9":"first","10":"instock","11":"sale","12":"taxable","13":"shipping-taxable","14":"purchasable","15":"product-type-simple"},"acf":[],"_links":{"self":[{"href":"https:\/\/factory.sale\/fi\/wp-json\/wp\/v2\/product\/14875","targetHints":{"allow":["GET"]}}],"collection":[{"href":"https:\/\/factory.sale\/fi\/wp-json\/wp\/v2\/product"}],"about":[{"href":"https:\/\/factory.sale\/fi\/wp-json\/wp\/v2\/types\/product"}],"replies":[{"embeddable":true,"href":"https:\/\/factory.sale\/fi\/wp-json\/wp\/v2\/comments?post=14875"}],"wp:featuredmedia":[{"embeddable":true,"href":"https:\/\/factory.sale\/fi\/wp-json\/wp\/v2\/media\/8134"}],"wp:attachment":[{"href":"https:\/\/factory.sale\/fi\/wp-json\/wp\/v2\/media?parent=14875"}],"wp:term":[{"taxonomy":"factory","embeddable":true,"href":"https:\/\/factory.sale\/fi\/wp-json\/wp\/v2\/factory?post=14875"},{"taxonomy":"free-shipment","embeddable":true,"href":"https:\/\/factory.sale\/fi\/wp-json\/wp\/v2\/free-shipment?post=14875"},{"taxonomy":"product_brand","embeddable":true,"href":"https:\/\/factory.sale\/fi\/wp-json\/wp\/v2\/product_brand?post=14875"},{"taxonomy":"product_cat","embeddable":true,"href":"https:\/\/factory.sale\/fi\/wp-json\/wp\/v2\/product_cat?post=14875"},{"taxonomy":"product_tag","embeddable":true,"href":"https:\/\/factory.sale\/fi\/wp-json\/wp\/v2\/product_tag?post=14875"}],"curies":[{"name":"wp","href":"https:\/\/api.w.org\/{rel}","templated":true}]}}