{"id":14869,"date":"2022-05-25T13:17:05","date_gmt":"2022-11-02T09:24:35","guid":{"rendered":"https:\/\/factory.sale\/?post_type=product&#038;p=14869"},"modified":"2024-06-26T00:22:34","modified_gmt":"2024-06-26T00:22:34","slug":"ja-solar-400wp-moduuli-jam54s30-400-mr-musta-kehys","status":"publish","type":"product","link":"https:\/\/factory.sale\/fi\/tuote\/ja-solar-400wp-moduuli-jam54s30-400-mr-musta-kehys\/","title":{"rendered":"AURINKOPANEELI JA SOLAR 400WP MODUULI &#8211; JAM54S30 400 MR MUSTA KEHYS"},"content":{"rendered":"<p>Ja Solar on ollut listattuna NASDAQissa vuodesta 2007 ja on toimittanut moduuleja TIER1:delle vuodesta 2012.<\/p>\n<p>Paneeli on valmistettu puolileikkaustekniikalla, joka koostuu useiden PERC-kennojen yhteenliitt\u00e4misest\u00e4.<br \/>\nT\u00e4m\u00e4 mahdollistaa korkeamman tehon, paremman l\u00e4mp\u00f6tilasta riippumattoman suorituskyvyn, pienent\u00e4\u00e4 energiantuotannon varjostusvaikutuksia, pienent\u00e4\u00e4 kuumapisteen riskitekij\u00f6it\u00e4 sek\u00e4 parantaa toleranssia mekaanista kuormitusta vastaan.<\/p>\n<ul>\n<li>\u00a0Korkeampi l\u00e4ht\u00f6teho<\/li>\n<li>\u00a0V\u00e4hemm\u00e4n varjostusta ja pienempi resistiivinen h\u00e4vi\u00f6<\/li>\n<li>\u00a0Matalammat energiakustannukset<\/li>\n<li>\u00a0Parempi toleranssi mekaanista kuormitusta vastaan<\/li>\n<\/ul>\n<p>&nbsp;<\/p>\n<p><strong>LIS\u00c4TIEDOT:<\/strong><\/p>\n<p><strong>Varat: 2,64 MW<\/strong><\/p>\n<ul>\n<li>Maksimiteho (Pmax): 400<\/li>\n<li>Liittimet: \u00a0MC\/QC<\/li>\n<li>Kehyksen paksuus [mm]: \u00a030<\/li>\n<li>Korkeus [mm]: 1722<\/li>\n<li>Paino [kg]: \u00a021,5<\/li>\n<li>Pakkauksen konfiguraatio (Lava): 36 KPL<\/li>\n<li>Pakkauksen konfiguraatio (Kontti): 936 KPL<\/li>\n<\/ul>\n<p>&nbsp;<\/p>\n<p><strong>Hinta riippuu m\u00e4\u00e4r\u00e4st\u00e4, kysy henkil\u00f6kohtaista tarjousta!<\/strong><\/p>\n","protected":false},"excerpt":{"rendered":"<p><strong>JA Solar on maailman johtava yritys korkealaatuisten aurinkos\u00e4hk\u00f6moduulien valmistamisessa.<\/strong><\/p>\n","protected":false},"featured_media":8157,"comment_status":"open","ping_status":"closed","template":"","meta":{"_acf_changed":false},"factory":[],"free-shipment":[],"product_brand":[],"product_cat":[2447,1332],"product_tag":[1417],"class_list":{"0":"post-14869","1":"product","2":"type-product","3":"status-publish","4":"has-post-thumbnail","6":"product_cat-ja-solar-fi","7":"product_cat-uusiutuva-energia","8":"product_tag-renewable-energy-fi","10":"first","11":"instock","12":"sale","13":"taxable","14":"shipping-taxable","15":"purchasable","16":"product-type-simple"},"acf":[],"_links":{"self":[{"href":"https:\/\/factory.sale\/fi\/wp-json\/wp\/v2\/product\/14869","targetHints":{"allow":["GET"]}}],"collection":[{"href":"https:\/\/factory.sale\/fi\/wp-json\/wp\/v2\/product"}],"about":[{"href":"https:\/\/factory.sale\/fi\/wp-json\/wp\/v2\/types\/product"}],"replies":[{"embeddable":true,"href":"https:\/\/factory.sale\/fi\/wp-json\/wp\/v2\/comments?post=14869"}],"wp:featuredmedia":[{"embeddable":true,"href":"https:\/\/factory.sale\/fi\/wp-json\/wp\/v2\/media\/8157"}],"wp:attachment":[{"href":"https:\/\/factory.sale\/fi\/wp-json\/wp\/v2\/media?parent=14869"}],"wp:term":[{"taxonomy":"factory","embeddable":true,"href":"https:\/\/factory.sale\/fi\/wp-json\/wp\/v2\/factory?post=14869"},{"taxonomy":"free-shipment","embeddable":true,"href":"https:\/\/factory.sale\/fi\/wp-json\/wp\/v2\/free-shipment?post=14869"},{"taxonomy":"product_brand","embeddable":true,"href":"https:\/\/factory.sale\/fi\/wp-json\/wp\/v2\/product_brand?post=14869"},{"taxonomy":"product_cat","embeddable":true,"href":"https:\/\/factory.sale\/fi\/wp-json\/wp\/v2\/product_cat?post=14869"},{"taxonomy":"product_tag","embeddable":true,"href":"https:\/\/factory.sale\/fi\/wp-json\/wp\/v2\/product_tag?post=14869"}],"curies":[{"name":"wp","href":"https:\/\/api.w.org\/{rel}","templated":true}]}}