{"id":14867,"date":"2022-10-14T06:48:52","date_gmt":"2022-11-02T08:45:49","guid":{"rendered":"https:\/\/factory.sale\/?post_type=product&#038;p=14867"},"modified":"2024-06-27T16:07:18","modified_gmt":"2024-06-27T16:07:18","slug":"aurinkopaneeli-ae480tmc-144bds-comet","status":"publish","type":"product","link":"https:\/\/factory.sale\/fi\/tuote\/aurinkopaneeli-ae480tmc-144bds-comet\/","title":{"rendered":"Aurinkopaneeli AE480TMC-144BDS Comet"},"content":{"rendered":"<p>&nbsp;<\/p>\n<p>Minimitilaus 1 lava (31 kpl)<br \/>\n<a href=\"https:\/\/factory.sale\/wp-content\/uploads\/2022\/10\/AE-TMC-144BDS-460W-480W.pdf\">Lataa tietolomake<\/a><\/p>\n","protected":false},"excerpt":{"rendered":"<ul>\n<li>Paneelin tyyppi: Half-Cut Cells * Bifacial * Double-glass<\/li>\n<li>Aurinkokennon tyyppi ja numero: Yksikiteinen 144 (6\u00d712)<\/li>\n<li>J\u00e4rjestelm\u00e4n enimm\u00e4isj\u00e4nnite: 1500 (V)<\/li>\n<li>Teho: 460W-480W<\/li>\n<li>Tehokkuus: 21.16%-22.08%<\/li>\n<li>Mitat: 2094 mm x 1038 mm x 30 mm<\/li>\n<li>Paino: 27.5 kg<\/li>\n<li>Suoritustakuu: 30 vuotta<\/li>\n<li>Tuotetakuu: 15 vuotta<\/li>\n<\/ul>\n","protected":false},"featured_media":14070,"comment_status":"open","ping_status":"closed","template":"","meta":{"_acf_changed":false},"factory":[],"free-shipment":[],"product_brand":[],"product_cat":[1416,1332],"product_tag":[2111,1417,2112],"class_list":{"0":"post-14867","1":"product","2":"type-product","3":"status-publish","4":"has-post-thumbnail","6":"product_cat-ae-solar-fi","7":"product_cat-uusiutuva-energia","8":"product_tag-ae-solar-fi","9":"product_tag-renewable-energy-fi","10":"product_tag-solar-panel-fi","12":"first","13":"instock","14":"sale","15":"taxable","16":"shipping-taxable","17":"purchasable","18":"product-type-simple"},"acf":[],"_links":{"self":[{"href":"https:\/\/factory.sale\/fi\/wp-json\/wp\/v2\/product\/14867","targetHints":{"allow":["GET"]}}],"collection":[{"href":"https:\/\/factory.sale\/fi\/wp-json\/wp\/v2\/product"}],"about":[{"href":"https:\/\/factory.sale\/fi\/wp-json\/wp\/v2\/types\/product"}],"replies":[{"embeddable":true,"href":"https:\/\/factory.sale\/fi\/wp-json\/wp\/v2\/comments?post=14867"}],"wp:featuredmedia":[{"embeddable":true,"href":"https:\/\/factory.sale\/fi\/wp-json\/wp\/v2\/media\/14070"}],"wp:attachment":[{"href":"https:\/\/factory.sale\/fi\/wp-json\/wp\/v2\/media?parent=14867"}],"wp:term":[{"taxonomy":"factory","embeddable":true,"href":"https:\/\/factory.sale\/fi\/wp-json\/wp\/v2\/factory?post=14867"},{"taxonomy":"free-shipment","embeddable":true,"href":"https:\/\/factory.sale\/fi\/wp-json\/wp\/v2\/free-shipment?post=14867"},{"taxonomy":"product_brand","embeddable":true,"href":"https:\/\/factory.sale\/fi\/wp-json\/wp\/v2\/product_brand?post=14867"},{"taxonomy":"product_cat","embeddable":true,"href":"https:\/\/factory.sale\/fi\/wp-json\/wp\/v2\/product_cat?post=14867"},{"taxonomy":"product_tag","embeddable":true,"href":"https:\/\/factory.sale\/fi\/wp-json\/wp\/v2\/product_tag?post=14867"}],"curies":[{"name":"wp","href":"https:\/\/api.w.org\/{rel}","templated":true}]}}