{"id":14857,"date":"2022-10-14T06:12:25","date_gmt":"2022-10-28T14:41:30","guid":{"rendered":"https:\/\/factory.sale\/product\/ae415md-108-415w-aurora\/"},"modified":"2024-06-26T06:09:58","modified_gmt":"2024-06-26T06:09:58","slug":"aurinkopaneeli-ae415md-108-415w-aurora","status":"publish","type":"product","link":"https:\/\/factory.sale\/fi\/tuote\/aurinkopaneeli-ae415md-108-415w-aurora\/","title":{"rendered":"Aurinkopaneeli AE415MD-108 415W Aurora"},"content":{"rendered":"<p><img loading=\"lazy\" decoding=\"async\" class=\"alignnone wp-image-14013\" src=\"https:\/\/factory.sale\/wp-content\/uploads\/2022\/10\/Data-1-217x300.jpg\" alt=\"\" width=\"658\" height=\"910\" srcset=\"https:\/\/factory.sale\/wp-content\/uploads\/2022\/10\/Data-1-217x300.jpg 217w, https:\/\/factory.sale\/wp-content\/uploads\/2022\/10\/Data-1-109x150.jpg 109w, https:\/\/factory.sale\/wp-content\/uploads\/2022\/10\/Data-1-741x1024.jpg 741w, https:\/\/factory.sale\/wp-content\/uploads\/2022\/10\/Data-1-600x829.jpg 600w\" sizes=\"auto, (max-width: 658px) 100vw, 658px\" \/><\/p>\n<p>&nbsp;<\/p>\n<p>Minimitilaus 1 lava (31 kpl)<\/p>\n<p><a href=\"https:\/\/factory.sale\/wp-content\/uploads\/2022\/10\/AE-MD-108-395W-415W.pdf\">Lataa tietolomake<\/a><\/p>\n<p>&nbsp;<\/p>\n","protected":false},"excerpt":{"rendered":"<ul>\n<li>Paneelin tyyppi: AE Half Cut-Cell * Mono-Facial<\/li>\n<li>Aurinkokennon tyyppi ja numero: Yksikiteinen 108<\/li>\n<li>J\u00e4rjestelm\u00e4n enimm\u00e4isj\u00e4nnite: 1500 (V)<\/li>\n<li>Teho: 395W-415W<\/li>\n<li>Tehokkuus: 20.22%-21.25%<\/li>\n<li>Mitat: 1724 mm x 1133 mm x 35 mm<\/li>\n<li>Paino: 21.5 kg<\/li>\n<li>Suoritustakuu: 30 vuotta<\/li>\n<li>Tuotetakuu: 15 vuotta<\/li>\n<\/ul>\n<p>&nbsp;<\/p>\n","protected":false},"featured_media":14305,"comment_status":"open","ping_status":"closed","template":"","meta":{"_acf_changed":false},"factory":[],"free-shipment":[],"product_brand":[],"product_cat":[1416,1332],"product_tag":[2111,1417,2112],"class_list":{"0":"post-14857","1":"product","2":"type-product","3":"status-publish","4":"has-post-thumbnail","6":"product_cat-ae-solar-fi","7":"product_cat-uusiutuva-energia","8":"product_tag-ae-solar-fi","9":"product_tag-renewable-energy-fi","10":"product_tag-solar-panel-fi","12":"first","13":"instock","14":"sale","15":"taxable","16":"shipping-taxable","17":"purchasable","18":"product-type-simple"},"acf":[],"_links":{"self":[{"href":"https:\/\/factory.sale\/fi\/wp-json\/wp\/v2\/product\/14857","targetHints":{"allow":["GET"]}}],"collection":[{"href":"https:\/\/factory.sale\/fi\/wp-json\/wp\/v2\/product"}],"about":[{"href":"https:\/\/factory.sale\/fi\/wp-json\/wp\/v2\/types\/product"}],"replies":[{"embeddable":true,"href":"https:\/\/factory.sale\/fi\/wp-json\/wp\/v2\/comments?post=14857"}],"wp:featuredmedia":[{"embeddable":true,"href":"https:\/\/factory.sale\/fi\/wp-json\/wp\/v2\/media\/14305"}],"wp:attachment":[{"href":"https:\/\/factory.sale\/fi\/wp-json\/wp\/v2\/media?parent=14857"}],"wp:term":[{"taxonomy":"factory","embeddable":true,"href":"https:\/\/factory.sale\/fi\/wp-json\/wp\/v2\/factory?post=14857"},{"taxonomy":"free-shipment","embeddable":true,"href":"https:\/\/factory.sale\/fi\/wp-json\/wp\/v2\/free-shipment?post=14857"},{"taxonomy":"product_brand","embeddable":true,"href":"https:\/\/factory.sale\/fi\/wp-json\/wp\/v2\/product_brand?post=14857"},{"taxonomy":"product_cat","embeddable":true,"href":"https:\/\/factory.sale\/fi\/wp-json\/wp\/v2\/product_cat?post=14857"},{"taxonomy":"product_tag","embeddable":true,"href":"https:\/\/factory.sale\/fi\/wp-json\/wp\/v2\/product_tag?post=14857"}],"curies":[{"name":"wp","href":"https:\/\/api.w.org\/{rel}","templated":true}]}}