{"id":14722,"date":"2022-09-14T10:50:20","date_gmt":"2022-09-14T10:50:20","guid":{"rendered":"https:\/\/factory.sale\/product\/alcovirex-1-l\/"},"modified":"2025-03-25T22:02:11","modified_gmt":"2025-03-25T19:02:11","slug":"alcovirex-1-l","status":"publish","type":"product","link":"https:\/\/factory.sale\/fi\/tuote\/alcovirex-1-l\/","title":{"rendered":"ALCOVIREX 1 l"},"content":{"rendered":"<p>Desinfiointiaine k\u00e4sien ja pintojen, eri materiaalien ja v\u00e4lineiden desinfiointiin. Sopii my\u00f6s jos on pinnoille jotka ovat kosketuksissa ruokaan.<\/p>\n<p>Testivarmistettu viruksia tappava tuote.<\/p>\n<p>Se toimii 30-60 sekunnissa pinnasta riippuen.<\/p>\n<p>Suositellaan metalli-, laminaatti-, lasi-, keraamisten pintojen, ovenkahvojen, kaiteiden, kahvojen, toimistolaitteiden, matkapuhelimien, maksup\u00e4\u00e4tteiden jne. desinfiointiin.<\/p>\n<p>Biosidinen liiketoimintalupa 2513 \/ TP \/ 2020. Todistettu antiviraalinen toimivuus koronavirusta, norovirusta ja adenovirusta vastaan standardin EN 14476 mukaisesti (2013 + A2: 2019).<\/p>\n","protected":false},"excerpt":{"rendered":"<p>Desinfiointiaine k\u00e4sien ja pintojen, eri materiaalien ja v\u00e4lineiden desinfiointiin. Sopii my\u00f6s jos on pinnoille jotka ovat kosketuksissa ruokaan.<\/p>\n","protected":false},"featured_media":13171,"comment_status":"open","ping_status":"closed","template":"","meta":{"_acf_changed":false},"factory":[],"free-shipment":[],"product_brand":[],"product_cat":[440,422],"product_tag":[556,1409,1410,1411,603],"class_list":{"0":"post-14722","1":"product","2":"type-product","3":"status-publish","4":"has-post-thumbnail","6":"product_cat-desinfiointiaineet-ja-omahygienia","7":"product_cat-keemia-fi","8":"product_tag-disinfectant-fi","9":"product_tag-disinfecting-fi","10":"product_tag-hygiene-fi","11":"product_tag-liquid-fi","12":"product_tag-self-hygiene-fi","14":"first","15":"instock","16":"sale","17":"taxable","18":"shipping-taxable","19":"purchasable","20":"product-type-simple"},"acf":[],"_links":{"self":[{"href":"https:\/\/factory.sale\/fi\/wp-json\/wp\/v2\/product\/14722","targetHints":{"allow":["GET"]}}],"collection":[{"href":"https:\/\/factory.sale\/fi\/wp-json\/wp\/v2\/product"}],"about":[{"href":"https:\/\/factory.sale\/fi\/wp-json\/wp\/v2\/types\/product"}],"replies":[{"embeddable":true,"href":"https:\/\/factory.sale\/fi\/wp-json\/wp\/v2\/comments?post=14722"}],"wp:featuredmedia":[{"embeddable":true,"href":"https:\/\/factory.sale\/fi\/wp-json\/wp\/v2\/media\/13171"}],"wp:attachment":[{"href":"https:\/\/factory.sale\/fi\/wp-json\/wp\/v2\/media?parent=14722"}],"wp:term":[{"taxonomy":"factory","embeddable":true,"href":"https:\/\/factory.sale\/fi\/wp-json\/wp\/v2\/factory?post=14722"},{"taxonomy":"free-shipment","embeddable":true,"href":"https:\/\/factory.sale\/fi\/wp-json\/wp\/v2\/free-shipment?post=14722"},{"taxonomy":"product_brand","embeddable":true,"href":"https:\/\/factory.sale\/fi\/wp-json\/wp\/v2\/product_brand?post=14722"},{"taxonomy":"product_cat","embeddable":true,"href":"https:\/\/factory.sale\/fi\/wp-json\/wp\/v2\/product_cat?post=14722"},{"taxonomy":"product_tag","embeddable":true,"href":"https:\/\/factory.sale\/fi\/wp-json\/wp\/v2\/product_tag?post=14722"}],"curies":[{"name":"wp","href":"https:\/\/api.w.org\/{rel}","templated":true}]}}