{"id":146858,"date":"2026-04-07T00:35:03","date_gmt":"2026-04-06T21:37:54","guid":{"rendered":"https:\/\/factory.sale\/?post_type=product&#038;p=146858"},"modified":"2026-04-07T00:37:54","modified_gmt":"2026-04-06T21:37:54","slug":"benas-ex-classic-palju-5-7-hengelle","status":"publish","type":"product","link":"https:\/\/factory.sale\/fi\/tuote\/benas-ex-classic-palju-5-7-hengelle\/","title":{"rendered":"Benas Ex Classic palju 5\u20137 hengelle"},"content":{"rendered":"<p>T\u00e4m\u00e4 py\u00f6re\u00e4 palju tarjoaa ajattoman muotoilun, jota t\u00e4ydent\u00e4\u00e4 ulkoisen puul\u00e4mmitteisen kiukaan k\u00e4yt\u00e4nn\u00f6llisyys. Kiukaan ulkoinen sijoitus varmistaa mahdollisimman suuren istumatilan ja mukavuuden altaan sis\u00e4ll\u00e4. Korkealaatuisista materiaaleista valmistettu palju tarjoaa aidon kylpykokemuksen, joka sopii t\u00e4ydellisesti niin yhdess\u00e4oloon kuin rauhalliseen rentoutumiseen yksin. Saatavana kahdessa koossa. Tilaa s\u00e4\u00e4st\u00e4v\u00e4mp\u00e4\u00e4 ratkaisua varten tutustu malliin Benas In.<\/p>\n<p>&nbsp;<\/p>\n<ul>\n<li>Luonnonpuinen tai WPC-ulkoverhous s\u00e4\u00e4nkest\u00e4v\u00e4ll\u00e4 viimeistelyll\u00e4<\/li>\n<li>Kapasiteetti: 5\u20137 hengelle (\u00d8 2 m)<\/li>\n<li>Halkaisija: 2 m<\/li>\n<li>Korkeus: 0,85 m<\/li>\n<li>Mukana tuleva kiuas: AISI 304 (ulkoinen)<\/li>\n<li>Sopii puutarhoihin ja terasseille<\/li>\n<li>S\u00e4\u00e4dett\u00e4v\u00e4t RGB LED -valot saatavilla<\/li>\n<li>Eristetty<\/li>\n<li>Celsium-portaat<\/li>\n<\/ul>\n<p>&nbsp;<\/p>\n<p><em>*Jokainen tuote valmistetaan luonnonpuusta, joten lopullinen s\u00e4vy ja puunsyykuvio voivat poiketa hieman esimerkkikuvista.<\/em><\/p>\n<p>&nbsp;<\/p>\n<p>&nbsp;<\/p>\n<p><strong>Peruspakettiin sis\u00e4ltyy:<\/strong><\/p>\n<ul>\n<li>Sis\u00e4osa<\/li>\n<li>Kiuas (304) savupiipulla<\/li>\n<li>Standardiportaat<\/li>\n<li>Maalattu viimeistely<\/li>\n<\/ul>\n<p>&nbsp;<\/p>\n<p>&nbsp;<\/p>\n<p><strong>LIS\u00c4VARUSTEET:<\/strong><\/p>\n<ul>\n<li>Lasikuitusis\u00e4osan v\u00e4ri:<br \/>\nValkoinen + 0.00 \u20ac<br \/>\nHarmaa + 0.00 \u20ac<br \/>\nTummanharmaa + 0.00 \u20ac<br \/>\nHelmenvalkoinen + 96.60 \u20ac<br \/>\nHelmenharmaa + 96.60 \u20ac<br \/>\nHelmen tummanharmaa + 96.60 \u20ac<\/li>\n<li>Akryylisis\u00e4osan v\u00e4ri:<br \/>\nValkoinen + 0.00 \u20ac<br \/>\nHarmaa + 0.00 \u20ac<br \/>\nValkoinen marmori + 80.50 \u20ac<br \/>\nMusta marmori + 80.50 \u20ac<br \/>\nKahvinruskea marmori + 80.50 \u20ac<br \/>\nRuskea marmori + 80.50 \u20ac<\/li>\n<li>Ulkoverhous:<br \/>\nKuusi (ei lis\u00e4maksua) + 0.00 \u20ac<br \/>\nPoltettu kuusi + 161.00 \u20ac<br \/>\nL\u00e4mp\u00f6puu + 193.20 \u20ac<br \/>\nPuu-muovikomposiitti (WPC) + 177.10 \u20ac<\/li>\n<li>Portaat (kuusi):<br \/>\nStandard + 0.00 \u20ac<br \/>\nTyyppi A + 112.70 \u20ac<br \/>\nTyyppi B + 112.70 \u20ac<br \/>\nCelsium + 209.30 \u20ac<\/li>\n<li>Portaat (poltettu kuusi \/ l\u00e4mp\u00f6m\u00e4nty \/ WPC):<br \/>\nStandard + 0.00 \u20ac<br \/>\nTyyppi A + 144.90 \u20ac<br \/>\nTyyppi B + 144.90 \u20ac<br \/>\nCelsium + 241.50 \u20ac<\/li>\n<li>Thermo-kansi:<br \/>\nMusta kansi + 257.60 \u20ac<br \/>\nHarmaa kansi + 257.60 \u20ac<br \/>\nRuskea kansi + 257.60 \u20ac<\/li>\n<li>Suutinj\u00e4rjestelm\u00e4t (voidaan yhdist\u00e4\u00e4: hydro + ilmakuplat):<br \/>\nIlmakuplaj\u00e4rjestelm\u00e4 0.7 kW, 12 suutinta + 135.70 \u20ac<br \/>\nHydroj\u00e4rjestelm\u00e4 8 suuttimella, 1,1 kW + 148.35 \u20ac<br \/>\nHydroj\u00e4rjestelm\u00e4 10 suuttimella, 1,1 kW + 172.50 \u20ac<\/li>\n<li>Valaistus veden alla (voidaan yhdist\u00e4\u00e4: 65 mm + mini LED):<br \/>\nVedenalainen valaistus 65 mm LED RGB (1 kpl) + 42.55 \u20ac<br \/>\nVedenalainen valaistus 65 mm LED RGB (2 kpl) + 51.75 \u20ac<br \/>\nVedenalainen valaistus 65 mm LED RGB (3 kpl) + 60.95 \u20ac<br \/>\nVedenalainen valaistus MINI LED RGB (10 kpl) + 57.50 \u20ac<\/li>\n<li>Ulkovalaistus (voidaan yhdist\u00e4\u00e4: mini LED + LED-nauha sis\u00e4osan alla):<br \/>\nMini LED RGB ulkopuolella (12 kpl) + 57.50 \u20ac<br \/>\nLED-nauha sis\u00e4osan alla + 93.15 \u20ac<\/li>\n<li>L\u00e4mp\u00f6vaahtoeristys:<br \/>\nL\u00e4mp\u00f6vaahtoeristys + 128.80 \u20ac<\/li>\n<li>S\u00e4hk\u00f6inen vedenl\u00e4mmitin:<br \/>\nS\u00e4hk\u00f6inen vedenl\u00e4mmitin 3 kW + 209.30 \u20ac<br \/>\nS\u00e4hk\u00f6inen vedenl\u00e4mmitin 6 kW + 595.70 \u20ac<br \/>\nS\u00e4hk\u00f6inen vedenl\u00e4mmitin 9 kW + 614.10 \u20ac<\/li>\n<li>Hiekkasuodatin:<br \/>\nHiekkasuodatin + 289.80 \u20ac<\/li>\n<li>UV-lamppu:<br \/>\nUV-lamppu + 515.20 \u20ac<\/li>\n<li>S\u00e4ilytyslaatikko (suodattimelle):<br \/>\nKuusi + 103.50 \u20ac<br \/>\nL\u00e4mp\u00f6puu + 120.75 \u20ac<br \/>\nPoltettu kuusi + 120.75 \u20ac<br \/>\nWPC + 151.80 \u20ac<\/li>\n<li>Kiukaan ter\u00e4s:<br \/>\nAISI 304 -ter\u00e4s + 0.00 \u20ac<br \/>\nAISI 316 -ter\u00e4s + 193.20 \u20ac<\/li>\n<li>P\u00e4\u00e4tyynyt (max 6 kpl):<br \/>\nP\u00e4\u00e4tyynyt + 16.10 \u20ac<\/li>\n<li>Juomatelineet (max 4 kpl):<\/li>\n<li>Kuusi \/ l\u00e4mp\u00f6puu \/ WPC + 32.20 \u20ac<\/li>\n<li>Integroitu elektroninen kosketusn\u00e4ytt\u00f6ohjain + 161.00 \u20ac<\/li>\n<li>Integroitu elektroninen l\u00e4mp\u00f6mittari + 24.15 \u20ac<\/li>\n<li>Kiukaan 90 asteen liit\u00e4nt\u00e4 (ulkoiselle kiukaalle) + 16.10 \u20ac<\/li>\n<\/ul>\n<p>&nbsp;<\/p>\n","protected":false},"excerpt":{"rendered":"<p>T\u00e4m\u00e4 py\u00f6re\u00e4 palju tarjoaa ajattoman muotoilun, jota t\u00e4ydent\u00e4\u00e4 ulkoisen puul\u00e4mmitteisen kiukaan k\u00e4yt\u00e4nn\u00f6llisyys. Kiukaan ulkoinen sijoitus varmistaa mahdollisimman suuren istumatilan ja mukavuuden altaan sis\u00e4ll\u00e4. Korkealaatuisista materiaaleista valmistettu palju tarjoaa aidon kylpykokemuksen, joka sopii t\u00e4ydellisesti niin yhdess\u00e4oloon kuin rauhalliseen rentoutumiseen yksin. Saatavana kahdessa koossa. Tilaa s\u00e4\u00e4st\u00e4v\u00e4mp\u00e4\u00e4 ratkaisua varten tutustu malliin Benas In.<\/p>\n","protected":false},"featured_media":146842,"comment_status":"open","ping_status":"closed","template":"","meta":{"_acf_changed":false},"factory":[5046],"free-shipment":[],"product_brand":[],"product_cat":[2210,2588],"product_tag":[2846],"class_list":{"0":"post-146858","1":"product","2":"type-product","3":"status-publish","4":"has-post-thumbnail","6":"factory-celsium","7":"product_cat-kylpytynnyrit","8":"product_cat-lasikuituiset-kylpytynnyrit","9":"product_tag-hot-tub-fi","11":"first","12":"instock","13":"sale","14":"taxable","15":"shipping-taxable","16":"purchasable","17":"product-type-variable"},"acf":[],"_links":{"self":[{"href":"https:\/\/factory.sale\/fi\/wp-json\/wp\/v2\/product\/146858","targetHints":{"allow":["GET"]}}],"collection":[{"href":"https:\/\/factory.sale\/fi\/wp-json\/wp\/v2\/product"}],"about":[{"href":"https:\/\/factory.sale\/fi\/wp-json\/wp\/v2\/types\/product"}],"replies":[{"embeddable":true,"href":"https:\/\/factory.sale\/fi\/wp-json\/wp\/v2\/comments?post=146858"}],"wp:featuredmedia":[{"embeddable":true,"href":"https:\/\/factory.sale\/fi\/wp-json\/wp\/v2\/media\/146842"}],"wp:attachment":[{"href":"https:\/\/factory.sale\/fi\/wp-json\/wp\/v2\/media?parent=146858"}],"wp:term":[{"taxonomy":"factory","embeddable":true,"href":"https:\/\/factory.sale\/fi\/wp-json\/wp\/v2\/factory?post=146858"},{"taxonomy":"free-shipment","embeddable":true,"href":"https:\/\/factory.sale\/fi\/wp-json\/wp\/v2\/free-shipment?post=146858"},{"taxonomy":"product_brand","embeddable":true,"href":"https:\/\/factory.sale\/fi\/wp-json\/wp\/v2\/product_brand?post=146858"},{"taxonomy":"product_cat","embeddable":true,"href":"https:\/\/factory.sale\/fi\/wp-json\/wp\/v2\/product_cat?post=146858"},{"taxonomy":"product_tag","embeddable":true,"href":"https:\/\/factory.sale\/fi\/wp-json\/wp\/v2\/product_tag?post=146858"}],"curies":[{"name":"wp","href":"https:\/\/api.w.org\/{rel}","templated":true}]}}