{"id":146835,"date":"2026-04-06T22:13:02","date_gmt":"2026-04-06T20:50:12","guid":{"rendered":"https:\/\/factory.sale\/?post_type=product&#038;p=146835"},"modified":"2026-04-06T23:56:09","modified_gmt":"2026-04-06T20:56:09","slug":"aiste-ice-bath-grand-kylmaallas-2-hengelle","status":"publish","type":"product","link":"https:\/\/factory.sale\/fi\/tuote\/aiste-ice-bath-grand-kylmaallas-2-hengelle\/","title":{"rendered":"Aiste Ice Bath Grand kylm\u00e4allas 2 hengelle"},"content":{"rendered":"<p>Aiste Grand on kylm\u00e4terapian olennainen osa niille, jotka etsiv\u00e4t kirkkautta, palautumista ja virkistyst\u00e4 yhdess\u00e4. Tilavampi mutta yht\u00e4 viimeistelty malli, jonka luonnollinen muoto on suunniteltu t\u00e4ydent\u00e4m\u00e4\u00e4n saumattomasti saunarituaaleja, kuntosalien palautumisalueita ja moderneja spa-ymp\u00e4rist\u00f6j\u00e4. Kahdelle hengelle suunniteltu allas kutsuu jakamaan syv\u00e4n virkistymisen hetken ja tukee verenkiertoa sek\u00e4 palautumista uppoutumalla viile\u00e4\u00e4n rauhaan.<\/p>\n<p>&nbsp;<\/p>\n<p><strong>Ulkoverhous<\/strong><\/p>\n<p>Valitse nelj\u00e4st\u00e4 erilaisesta ulkoverhouksesta, jotta kylm\u00e4allas sopii saunasi tyyliin ja k\u00e4ytt\u00f6tarpeisiin: klassinen kuusi puhtaaseen ja luonnolliseen ilmeeseen, n\u00e4ytt\u00e4v\u00e4 Shou Sugi Ban eli poltettu kuusi syv\u00e4\u00e4n ja tekstuuriseen pintaan, kest\u00e4v\u00e4 l\u00e4mp\u00f6m\u00e4nty, joka on l\u00e4mp\u00f6k\u00e4sitelty paremman vakauden ja l\u00e4mpim\u00e4mm\u00e4n ilmeen saavuttamiseksi, tai puu-muovikomposiitti (WPC), joka tarjoaa eritt\u00e4in kest\u00e4v\u00e4n, vaurioita hyvin siet\u00e4v\u00e4n ja viimeistellyn pinnan.<\/p>\n<p>&nbsp;<\/p>\n<p><strong>V\u00e4riviimeistely<\/strong><\/p>\n<p>Mukauta saunasi ulkon\u00e4k\u00f6 omaan tyyliisi sopivaksi. Voit valita luonnollisen \u00f6ljytyn viimeistelyn, joka korostaa puun syykuviota, tai maalatun ulkopinnan, joka luo n\u00e4ytt\u00e4v\u00e4n ja huolitellun ilmeen. Jokainen vaihtoehto on k\u00e4sitelty kest\u00e4m\u00e4\u00e4n s\u00e4\u00e4olosuhteita ja tarjoamaan ajattoman tyylin.<\/p>\n<p>Ulkov\u00e4rit: beige, harmaa, eebenpuu, tiikki, p\u00e4hkin\u00e4<\/p>\n<p><img loading=\"lazy\" decoding=\"async\" class=\"alignnone wp-image-140959\" src=\"https:\/\/factory.sale\/wp-content\/uploads\/2026\/03\/Spruce-colours-300x53.png\" alt=\"\" width=\"379\" height=\"67\" srcset=\"https:\/\/factory.sale\/wp-content\/uploads\/2026\/03\/Spruce-colours-300x53.png 300w, https:\/\/factory.sale\/wp-content\/uploads\/2026\/03\/Spruce-colours-150x26.png 150w, https:\/\/factory.sale\/wp-content\/uploads\/2026\/03\/Spruce-colours.png 342w\" sizes=\"auto, (max-width: 379px) 100vw, 379px\" \/><\/p>\n<p>&nbsp;<\/p>\n<p>&nbsp;<\/p>\n<ul>\n<li>Kapasiteetti: 2 hengelle<\/li>\n<li>Sis\u00e4osa: lasikuitu<\/li>\n<li>Eristetty<\/li>\n<li>Mitat: 1 \u00d7 2 m<\/li>\n<li>Korkeus: 1 m<\/li>\n<li>Sopii: puutarhoihin, terasseille, patioille<\/li>\n<li>Lis\u00e4varuste: hybridil\u00e4mp\u00f6pumppu kylm\u00e4- ja kuumatoiminnolla<\/li>\n<li>WiFi-ohjaus<\/li>\n<li>Celsium-portaat<\/li>\n<\/ul>\n<p>&nbsp;<\/p>\n<p><em>*Jokainen tuote valmistetaan luonnonpuusta, joten lopullinen s\u00e4vy ja puunsyykuvio voivat poiketa hieman esimerkkikuvista.<\/em><\/p>\n<p>&nbsp;<\/p>\n<p>&nbsp;<\/p>\n<p><strong>Peruspakettiin sis\u00e4ltyy:<\/strong><\/p>\n<ul>\n<li>Sis\u00e4osa (valkoinen, harmaa)<\/li>\n<li>Standardiportaat<\/li>\n<li>Maalattu viimeistely<\/li>\n<\/ul>\n<p>&nbsp;<\/p>\n<p>&nbsp;<\/p>\n<p><strong>Lasikuitusis\u00e4osan v\u00e4ri:<\/strong><\/p>\n<ul>\n<li>Valkoinen<\/li>\n<li>Harmaa<\/li>\n<li>Helmenvalkoinen + 32.20 \u20ac<\/li>\n<li>Helmenharmaa + 32.20 \u20ac<\/li>\n<\/ul>\n<p><img loading=\"lazy\" decoding=\"async\" class=\"alignnone wp-image-146804\" src=\"https:\/\/factory.sale\/wp-content\/uploads\/2026\/04\/Fiberglass-insert-factory-sale-300x50.png\" alt=\"\" width=\"504\" height=\"84\" srcset=\"https:\/\/factory.sale\/wp-content\/uploads\/2026\/04\/Fiberglass-insert-factory-sale-300x50.png 300w, https:\/\/factory.sale\/wp-content\/uploads\/2026\/04\/Fiberglass-insert-factory-sale-150x25.png 150w, https:\/\/factory.sale\/wp-content\/uploads\/2026\/04\/Fiberglass-insert-factory-sale-768x127.png 768w, https:\/\/factory.sale\/wp-content\/uploads\/2026\/04\/Fiberglass-insert-factory-sale-600x100.png 600w, https:\/\/factory.sale\/wp-content\/uploads\/2026\/04\/Fiberglass-insert-factory-sale.png 880w\" sizes=\"auto, (max-width: 504px) 100vw, 504px\" \/><\/p>\n<p>&nbsp;<\/p>\n<p><strong>Ulkoverhous:<\/strong><\/p>\n<ul>\n<li>Kuusi<\/li>\n<li>Poltettu kuusi + 177.10 \u20ac<\/li>\n<li>L\u00e4mp\u00f6m\u00e4nty + 193.20 \u20ac<\/li>\n<li>Puu-muovikomposiitti (WPC) + 209.30 \u20ac<\/li>\n<\/ul>\n<p><img loading=\"lazy\" decoding=\"async\" class=\"alignnone wp-image-146807\" src=\"https:\/\/factory.sale\/wp-content\/uploads\/2026\/04\/Exterior-finish-factory-sale-300x64.png\" alt=\"\" width=\"450\" height=\"96\" srcset=\"https:\/\/factory.sale\/wp-content\/uploads\/2026\/04\/Exterior-finish-factory-sale-300x64.png 300w, https:\/\/factory.sale\/wp-content\/uploads\/2026\/04\/Exterior-finish-factory-sale-150x32.png 150w, https:\/\/factory.sale\/wp-content\/uploads\/2026\/04\/Exterior-finish-factory-sale-768x164.png 768w, https:\/\/factory.sale\/wp-content\/uploads\/2026\/04\/Exterior-finish-factory-sale-600x128.png 600w, https:\/\/factory.sale\/wp-content\/uploads\/2026\/04\/Exterior-finish-factory-sale.png 860w\" sizes=\"auto, (max-width: 450px) 100vw, 450px\" \/><\/p>\n<p>&nbsp;<\/p>\n<p><strong>Thermo-kansi:<\/strong><\/p>\n<ul>\n<li>Musta kansi + 193.20 \u20ac<\/li>\n<\/ul>\n<p><img loading=\"lazy\" decoding=\"async\" class=\"alignnone size-full wp-image-146829\" src=\"https:\/\/factory.sale\/wp-content\/uploads\/2026\/04\/Thermo-lid-cover-factory-sale.png\" alt=\"\" width=\"228\" height=\"160\" srcset=\"https:\/\/factory.sale\/wp-content\/uploads\/2026\/04\/Thermo-lid-cover-factory-sale.png 228w, https:\/\/factory.sale\/wp-content\/uploads\/2026\/04\/Thermo-lid-cover-factory-sale-150x105.png 150w\" sizes=\"auto, (max-width: 228px) 100vw, 228px\" \/><\/p>\n<p>&nbsp;<\/p>\n<p><strong>J\u00e4\u00e4hdytysj\u00e4rjestelm\u00e4:<\/strong><\/p>\n<ul>\n<li>Xinda 710 W + Celsium-portaat + 1771.00 \u20ac<\/li>\n<\/ul>\n<p>&nbsp;<\/p>\n<p>&nbsp;<\/p>\n<p><strong>Portaat (kuusi):<\/strong><\/p>\n<ul>\n<li>Standard<\/li>\n<li>Celsium + 209.30 \u20ac<\/li>\n<\/ul>\n<p>&nbsp;<\/p>\n<p><img loading=\"lazy\" decoding=\"async\" class=\"alignnone size-medium wp-image-146810\" src=\"https:\/\/factory.sale\/wp-content\/uploads\/2026\/04\/Stairs-design-factory-sale-300x122.png\" alt=\"\" width=\"300\" height=\"122\" srcset=\"https:\/\/factory.sale\/wp-content\/uploads\/2026\/04\/Stairs-design-factory-sale-300x122.png 300w, https:\/\/factory.sale\/wp-content\/uploads\/2026\/04\/Stairs-design-factory-sale-150x61.png 150w, https:\/\/factory.sale\/wp-content\/uploads\/2026\/04\/Stairs-design-factory-sale.png 424w\" sizes=\"auto, (max-width: 300px) 100vw, 300px\" \/><\/p>\n<p>&nbsp;<\/p>\n<p>&nbsp;<\/p>\n<p><strong>Portaat (poltettu kuusi \/ l\u00e4mp\u00f6m\u00e4nty \/ WPC):<\/strong><\/p>\n<ul>\n<li>Standard<\/li>\n<li>Celsium + 241.50 \u20ac<\/li>\n<\/ul>\n<p>&nbsp;<\/p>\n<p>Valmistettu samasta ulkoverhousmateriaalista ja samassa v\u00e4ris\u00e4vyss\u00e4<\/p>\n<p>&nbsp;<\/p>\n<p>&nbsp;<\/p>\n","protected":false},"excerpt":{"rendered":"<p>Aiste Grand on kylm\u00e4terapian olennainen osa niille, jotka etsiv\u00e4t kirkkautta, palautumista ja virkistyst\u00e4 yhdess\u00e4. Tilavampi mutta yht\u00e4 viimeistelty malli, jonka luonnollinen muoto on suunniteltu t\u00e4ydent\u00e4m\u00e4\u00e4n saumattomasti saunarituaaleja, kuntosalien palautumisalueita ja moderneja spa-ymp\u00e4rist\u00f6j\u00e4. Kahdelle hengelle suunniteltu allas kutsuu jakamaan syv\u00e4n virkistymisen hetken ja tukee verenkiertoa sek\u00e4 palautumista uppoutumalla viile\u00e4\u00e4n rauhaan.<\/p>\n","protected":false},"featured_media":146816,"comment_status":"open","ping_status":"closed","template":"","meta":{"_acf_changed":false},"factory":[5046],"free-shipment":[],"product_brand":[],"product_cat":[3028,2210],"product_tag":[],"class_list":{"0":"post-146835","1":"product","2":"type-product","3":"status-publish","4":"has-post-thumbnail","6":"factory-celsium","7":"product_cat-kulmavesipaljut","8":"product_cat-kylpytynnyrit","10":"first","11":"instock","12":"sale","13":"taxable","14":"shipping-taxable","15":"purchasable","16":"product-type-simple"},"acf":[],"_links":{"self":[{"href":"https:\/\/factory.sale\/fi\/wp-json\/wp\/v2\/product\/146835","targetHints":{"allow":["GET"]}}],"collection":[{"href":"https:\/\/factory.sale\/fi\/wp-json\/wp\/v2\/product"}],"about":[{"href":"https:\/\/factory.sale\/fi\/wp-json\/wp\/v2\/types\/product"}],"replies":[{"embeddable":true,"href":"https:\/\/factory.sale\/fi\/wp-json\/wp\/v2\/comments?post=146835"}],"wp:featuredmedia":[{"embeddable":true,"href":"https:\/\/factory.sale\/fi\/wp-json\/wp\/v2\/media\/146816"}],"wp:attachment":[{"href":"https:\/\/factory.sale\/fi\/wp-json\/wp\/v2\/media?parent=146835"}],"wp:term":[{"taxonomy":"factory","embeddable":true,"href":"https:\/\/factory.sale\/fi\/wp-json\/wp\/v2\/factory?post=146835"},{"taxonomy":"free-shipment","embeddable":true,"href":"https:\/\/factory.sale\/fi\/wp-json\/wp\/v2\/free-shipment?post=146835"},{"taxonomy":"product_brand","embeddable":true,"href":"https:\/\/factory.sale\/fi\/wp-json\/wp\/v2\/product_brand?post=146835"},{"taxonomy":"product_cat","embeddable":true,"href":"https:\/\/factory.sale\/fi\/wp-json\/wp\/v2\/product_cat?post=146835"},{"taxonomy":"product_tag","embeddable":true,"href":"https:\/\/factory.sale\/fi\/wp-json\/wp\/v2\/product_tag?post=146835"}],"curies":[{"name":"wp","href":"https:\/\/api.w.org\/{rel}","templated":true}]}}