{"id":146606,"date":"2026-04-05T22:49:55","date_gmt":"2026-04-06T08:40:28","guid":{"rendered":"https:\/\/factory.sale\/?post_type=product&#038;p=146606"},"modified":"2026-04-26T00:44:23","modified_gmt":"2026-04-25T21:44:23","slug":"tauras-modular-balance-sauna-12-hengelle","status":"publish","type":"product","link":"https:\/\/factory.sale\/fi\/tuote\/tauras-modular-balance-sauna-12-hengelle\/","title":{"rendered":"Tauras Modular Balance sauna 12 hengelle"},"content":{"rendered":"<p>Tauras Modular Balance on Tauras-malliston tilavin vaihtoehto. Se tarjoaa harkitusti laajennetun pohjaratkaisun, johon kuuluu keskeinen pukuhuone- tai s\u00e4ilytysmoduuli saunan ja avointen poreallas-\/poreammealueiden v\u00e4liss\u00e4. Mukavuutta ja k\u00e4tevyytt\u00e4 silm\u00e4ll\u00e4 pit\u00e4en suunniteltu Balance sopii erinomaisesti pidempiin saunahetkiin, perhek\u00e4ytt\u00f6\u00f6n tai yksinkertaisesti selke\u00e4mm\u00e4n kylpyl\u00e4kokemuksen luomiseen modulaarisen kokoonpanon sis\u00e4ll\u00e4.<\/p>\n<p>Keve\u00e4mp\u00e4\u00e4 ja avoimempaa vaihtoehtoa varten tutustu malliin <a href=\"https:\/\/factory.sale\/fi\/tuote\/tauras-modular-air-ulkosauna-7-hengelle\/\" target=\"_blank\" rel=\"noopener\">Tauras Modular Air<\/a>, tai valitse valoisa <a href=\"https:\/\/factory.sale\/fi\/tuote\/tauras-modular-view-ulkosauna-7-hengelle\/\" target=\"_blank\" rel=\"noopener\">Tauras Modular View<\/a>, jonka n\u00e4ytt\u00e4v\u00e4 elementti on suuri etulasi.<\/p>\n<p>&nbsp;<\/p>\n<ul>\n<li>Laajennettu moduuliyksikk\u00f6 jopa 12 hengelle<\/li>\n<li>Integroitu sauna, lasitettu oleskelutila ja avoin vapaa-ajan alue<\/li>\n<li>Mitat: 2,1 \u00d7 7 m<\/li>\n<li>Korkeus: 2,55 m<\/li>\n<li>Sein\u00e4n paksuus 44 mm (l\u00e4mp\u00f6eristys 42 mm)<\/li>\n<li>Luonnonpuusta valmistettu rakenne<\/li>\n<li>Monialueinen pohjaratkaisu ryhm\u00e4k\u00e4ytt\u00f6\u00f6n<\/li>\n<li>2 vuoden takuu<\/li>\n<li>Avaimet k\u00e4teen -k\u00e4ytt\u00f6\u00f6notto saatavilla<\/li>\n<\/ul>\n<p>&nbsp;<\/p>\n<p><em>*Jokainen tuote valmistetaan luonnonpuusta, joten lopullinen s\u00e4vy ja puukuvio voivat poiketa hieman esimerkkikuvista.<\/em><\/p>\n<p>&nbsp;<\/p>\n<p>&nbsp;<\/p>\n<p><strong>LIS\u00c4VARUSTEET:<\/strong><\/p>\n<ul>\n<li>Lasityyppi:<br \/>\nKirkas + 0.00 \u20ac<br \/>\nS\u00e4vytetty pronssi + 93.60 \u20ac<br \/>\nMusta Planibel + 117.00 \u20ac<br \/>\nT\u00e4yspeili + 187.20 \u20ac<\/li>\n<\/ul>\n<p><img loading=\"lazy\" decoding=\"async\" class=\"alignnone wp-image-140991\" src=\"https:\/\/factory.sale\/wp-content\/uploads\/2026\/03\/Glass-options-factory-sale-300x64.png\" alt=\"\" width=\"478\" height=\"102\" srcset=\"https:\/\/factory.sale\/wp-content\/uploads\/2026\/03\/Glass-options-factory-sale-300x64.png 300w, https:\/\/factory.sale\/wp-content\/uploads\/2026\/03\/Glass-options-factory-sale-150x32.png 150w, https:\/\/factory.sale\/wp-content\/uploads\/2026\/03\/Glass-options-factory-sale-600x127.png 600w, https:\/\/factory.sale\/wp-content\/uploads\/2026\/03\/Glass-options-factory-sale.png 736w\" sizes=\"auto, (max-width: 478px) 100vw, 478px\" \/><\/p>\n<ul>\n<li>Lauteiden ja selk\u00e4nojien puumateriaali:<br \/>\nPremium-l\u00e4mp\u00f6haapa + 292.50 \u20ac<br \/>\nSelk\u00e4nojan tyyppi:<br \/>\nVakio + 0.00 \u20ac<br \/>\nFire Effect + 175.50 \u20ac<\/li>\n<li>Selk\u00e4nojan kaiverrus:<br \/>\nOma teksti + 29.25 \u20ac<\/li>\n<li>S\u00e4hk\u00f6kiukaat:<br \/>\nHarvia Trendi 9 kW (manuaalinen) + 315.90 \u20ac<br \/>\nHuum Drop 9 kW + 725.40 \u20ac<br \/>\nHarvia Spirit XW 9 kW Wi-Fi-ohjauksella + 994.50 \u20ac<br \/>\nHarvia Cilindro 10.8 kW Steel + 1006.20 \u20ac<br \/>\nHarvia Legend 10.8 kW Black LCD Wi-Fi-ohjauksella + 1287.00 \u20ac<br \/>\nHuum Hive Mini 10.5 kW + 1380.60 \u20ac<\/li>\n<li>Suojakaide kiukaan ymp\u00e4rille:<br \/>\nHarvia Trendi 9 kW (manuaalinen) + 70.20 \u20ac<br \/>\nHuum Drop 9 kW + 210.60 \u20ac<br \/>\nHarvia Spirit XW 9 kW Wi-Fi-ohjauksella + 234.00 \u20ac<br \/>\nHarvia Cilindro 10.8 kW Steel + 351.00 \u20ac<br \/>\nHarvia Legend 10.8 kW Black LCD Wi-Fi-ohjauksella + 409.50 \u20ac<br \/>\nHuum Hive Mini 10.5 kW + 234.00 \u20ac<\/li>\n<li>Puukiuas (sis\u00e4l\u00e4mmitys):<br \/>\nHarvia M3 16.5 kW + 491.40 \u20ac<br \/>\nHarvia Pro 20 24 kW + 865.80 \u20ac<br \/>\nHarvia Legend 150 16 kW + 924.30 \u20ac<br \/>\nHuum HIVE Wood 13 + 1228.50 \u20ac<br \/>\nHuum Flow Mini 8,5 kW + 1696.50 \u20ac<\/li>\n<li>Puukiuas (ulkoinen l\u00e4mmitys):<br \/>\nHarvia M3 16.5 kW (ulkoinen l\u00e4mmitys) + 737.10 \u20ac<br \/>\nHarvia Pro 20 24 kW (ulkoinen l\u00e4mmitys) + 1049.49 \u20ac<br \/>\nHarvia Legend 150 16 kW (ulkoinen l\u00e4mmitys) + 1184.04 \u20ac<br \/>\nHuum Flow Mini 8,5 kW (ulkoinen l\u00e4mmitys) + 1989.00 \u20ac<\/li>\n<li>Savupiippu puukiukaalle:<br \/>\nHarvia-savupiippu (ruostumaton ter\u00e4s) + 458.64 \u20ac<br \/>\nHarvia-savupiippu (musta viimeistely) + 614.25 \u20ac<br \/>\nBasic-savupiippu + 335.79 \u20ac<\/li>\n<li>Ulkovalaistus:<br \/>\nOutdoor LED + 292.50 \u20ac<br \/>\nOutdoor RGB LED + 351.00 \u20ac<\/li>\n<li>Sis\u00e4valaistus (selk\u00e4nojien alla):<br \/>\nStandard LED + 175.50 \u20ac<br \/>\nRGB LED + 292.50 \u20ac<br \/>\nTherapy Pulse LED + 327.60 \u20ac<\/li>\n<li>Sis\u00e4valaistus (lauteiden alla):<br \/>\nStandard LED + 175.50 \u20ac<br \/>\nRGB LED + 292.50 \u20ac<br \/>\nTherapy Pulse LED + 327.60 \u20ac<\/li>\n<li>Sis\u00e4valaistus (selk\u00e4nojien ja lauteiden alla):<br \/>\nStandard LED + 292.50 \u20ac<br \/>\nRGB LED + 409.50 \u20ac<br \/>\nTherapy Pulse LED + 444.60 \u20ac<\/li>\n<li>Saunan \u00e4\u00e4nij\u00e4rjestelm\u00e4:<br \/>\nStandard, valkoinen + 526.50 \u20ac<br \/>\nModern, valkoinen + 889.20 \u20ac<\/li>\n<\/ul>\n<p>&nbsp;<\/p>\n<p>&nbsp;<\/p>\n<p><strong>Tuotteen perushinta \u2013 Valmiiksi koottuna:<\/strong><\/p>\n<ul>\n<li>Kuusi 12160 \u20ac<\/li>\n<li>Shou Sugi Ban (poltettu kuusi) 13585 \u20ac<\/li>\n<li>L\u00e4mp\u00f6m\u00e4nty 13870 \u20ac<\/li>\n<\/ul>\n<p>&nbsp;<\/p>\n<p><video style=\"max-width: 100%; height: auto; display: block;\" preload=\"auto\" autoplay=\"autoplay\" loop=\"loop\" muted=\"\" controls=\"controls\" width=\"1500\" height=\"3750\"><source src=\"https:\/\/factory.sale\/wp-content\/uploads\/2026\/04\/1.-Pirtis-16x9_-2026-01-23_Su-logo.mp4\" type=\"video\/mp4\" \/>Your browser does not support the video tag.<br \/>\n&lt;\/video&lt;<\/video><\/p>\n","protected":false},"excerpt":{"rendered":"<p>Tauras Modular Balance on Tauras-malliston tilavin vaihtoehto. Se tarjoaa harkitusti laajennetun pohjaratkaisun, johon kuuluu keskeinen pukuhuone- tai s\u00e4ilytysmoduuli saunan ja avointen poreallas-\/poreammealueiden v\u00e4liss\u00e4. Mukavuutta ja k\u00e4tevyytt\u00e4 silm\u00e4ll\u00e4 pit\u00e4en suunniteltu Balance sopii erinomaisesti pidempiin saunahetkiin, perhek\u00e4ytt\u00f6\u00f6n tai yksinkertaisesti selke\u00e4mm\u00e4n kylpyl\u00e4kokemuksen luomiseen modulaarisen kokoonpanon sis\u00e4ll\u00e4.<\/p>\n<p>&nbsp;<\/p>\n<p><em>Hinta koskee osina toimitettavaa saunaa<\/em><\/p>\n","protected":false},"featured_media":146583,"comment_status":"open","ping_status":"closed","template":"","meta":{"_acf_changed":false},"factory":[5046],"free-shipment":[],"product_brand":[],"product_cat":[1317,2258],"product_tag":[2106],"class_list":{"0":"post-146606","1":"product","2":"type-product","3":"status-publish","4":"has-post-thumbnail","6":"factory-celsium","7":"product_cat-sauna-fi","8":"product_cat-saunakuutiot","9":"product_tag-sauna-fi","11":"first","12":"instock","13":"sale","14":"taxable","15":"shipping-taxable","16":"purchasable","17":"product-type-variable"},"acf":[],"_links":{"self":[{"href":"https:\/\/factory.sale\/fi\/wp-json\/wp\/v2\/product\/146606","targetHints":{"allow":["GET"]}}],"collection":[{"href":"https:\/\/factory.sale\/fi\/wp-json\/wp\/v2\/product"}],"about":[{"href":"https:\/\/factory.sale\/fi\/wp-json\/wp\/v2\/types\/product"}],"replies":[{"embeddable":true,"href":"https:\/\/factory.sale\/fi\/wp-json\/wp\/v2\/comments?post=146606"}],"wp:featuredmedia":[{"embeddable":true,"href":"https:\/\/factory.sale\/fi\/wp-json\/wp\/v2\/media\/146583"}],"wp:attachment":[{"href":"https:\/\/factory.sale\/fi\/wp-json\/wp\/v2\/media?parent=146606"}],"wp:term":[{"taxonomy":"factory","embeddable":true,"href":"https:\/\/factory.sale\/fi\/wp-json\/wp\/v2\/factory?post=146606"},{"taxonomy":"free-shipment","embeddable":true,"href":"https:\/\/factory.sale\/fi\/wp-json\/wp\/v2\/free-shipment?post=146606"},{"taxonomy":"product_brand","embeddable":true,"href":"https:\/\/factory.sale\/fi\/wp-json\/wp\/v2\/product_brand?post=146606"},{"taxonomy":"product_cat","embeddable":true,"href":"https:\/\/factory.sale\/fi\/wp-json\/wp\/v2\/product_cat?post=146606"},{"taxonomy":"product_tag","embeddable":true,"href":"https:\/\/factory.sale\/fi\/wp-json\/wp\/v2\/product_tag?post=146606"}],"curies":[{"name":"wp","href":"https:\/\/api.w.org\/{rel}","templated":true}]}}