{"id":146573,"date":"2026-04-05T21:35:34","date_gmt":"2026-04-05T18:42:03","guid":{"rendered":"https:\/\/factory.sale\/?post_type=product&#038;p=146573"},"modified":"2026-04-05T21:42:04","modified_gmt":"2026-04-05T18:42:04","slug":"tauras-modular-view-ulkosauna-7-hengelle","status":"publish","type":"product","link":"https:\/\/factory.sale\/fi\/tuote\/tauras-modular-view-ulkosauna-7-hengelle\/","title":{"rendered":"Tauras Modular View ulkosauna 7 hengelle"},"content":{"rendered":"<p>Tauras Modular View vie modulaarisen spa-kokemuksen uudelle tasolle suuren eteen sijoitetun lasipaneelin ansiosta. Toisessa p\u00e4\u00e4ss\u00e4 sijaitsee saunamoduuli, kun taas toinen p\u00e4\u00e4 voi j\u00e4\u00e4d\u00e4 avoimeksi tai siihen voidaan integroida palju tai poreallas, mik\u00e4 tarjoaa joustavan ratkaisun tilasi ja el\u00e4m\u00e4ntyylisi mukaan. View-mallia luonnehtivat modernit materiaalit ja selke\u00e4 muotoilu, mink\u00e4 ansiosta se sopii erinomaisesti my\u00f6s maisemallisiin ymp\u00e4rist\u00f6ihin.<\/p>\n<p>Avoimempaa ratkaisua varten tutustu malliin Tauras Modular Air, ja jos haluat laajemman kokonaisuuden erillisell\u00e4 pukeutumis-\/s\u00e4ilytysmoduulilla, valitse Tauras Modular Balance.<\/p>\n<p>&nbsp;<\/p>\n<p>&nbsp;<\/p>\n<ul>\n<li>Suljettu wellness-moduuli jopa 7 hengelle<\/li>\n<li>Erilliset oleskelu- ja sauna-alueet<\/li>\n<li>Mitat: 2,1 \u00d7 5 m<\/li>\n<li>Korkeus: 2,55 m<\/li>\n<li>Sein\u00e4n paksuus 44 mm (thermo 42 mm)<\/li>\n<li>Luonnonpuinen sisustus<\/li>\n<li>Suunniteltu ymp\u00e4rivuotiseen k\u00e4ytt\u00f6\u00f6n<\/li>\n<li>2 vuoden takuu<\/li>\n<li>White glove -k\u00e4ytt\u00f6\u00f6notto saatavilla<\/li>\n<\/ul>\n<p>&nbsp;<\/p>\n<p>&nbsp;<\/p>\n<p><em>*Jokainen tuote valmistetaan luonnonpuusta, \u05d5\u05dc\u05db\u05df lopullinen s\u00e4vy ja puunsyykuvio voivat poiketa hieman esimerkkikuvista.<\/em><\/p>\n<p>&nbsp;<\/p>\n<p>&nbsp;<\/p>\n<p>&nbsp;<\/p>\n<p><strong>Peruspaketti sis\u00e4lt\u00e4\u00e4:<\/strong><\/p>\n<ul>\n<li>Ulkosein\u00e4t:<br \/>\nKuusi<br \/>\nShou Sugi Ban \/ poltettu kuusi<br \/>\nL\u00e4mp\u00f6m\u00e4nty<\/li>\n<\/ul>\n<p><img loading=\"lazy\" decoding=\"async\" class=\"alignnone wp-image-140988\" src=\"https:\/\/factory.sale\/wp-content\/uploads\/2026\/03\/Wood-colour-ula-factory-sale-300x89.png\" alt=\"\" width=\"364\" height=\"108\" srcset=\"https:\/\/factory.sale\/wp-content\/uploads\/2026\/03\/Wood-colour-ula-factory-sale-300x89.png 300w, https:\/\/factory.sale\/wp-content\/uploads\/2026\/03\/Wood-colour-ula-factory-sale-150x44.png 150w, https:\/\/factory.sale\/wp-content\/uploads\/2026\/03\/Wood-colour-ula-factory-sale-600x177.png 600w, https:\/\/factory.sale\/wp-content\/uploads\/2026\/03\/Wood-colour-ula-factory-sale.png 664w\" sizes=\"auto, (max-width: 364px) 100vw, 364px\" \/><\/p>\n<ul>\n<li>Ulkov\u00e4rit: beige, harmaa, eebenpuu, tiikki, p\u00e4hkin\u00e4<\/li>\n<\/ul>\n<p><img loading=\"lazy\" decoding=\"async\" class=\"alignnone wp-image-140959\" src=\"https:\/\/factory.sale\/wp-content\/uploads\/2026\/03\/Spruce-colours-300x53.png\" alt=\"\" width=\"379\" height=\"67\" srcset=\"https:\/\/factory.sale\/wp-content\/uploads\/2026\/03\/Spruce-colours-300x53.png 300w, https:\/\/factory.sale\/wp-content\/uploads\/2026\/03\/Spruce-colours-150x26.png 150w, https:\/\/factory.sale\/wp-content\/uploads\/2026\/03\/Spruce-colours.png 342w\" sizes=\"auto, (max-width: 379px) 100vw, 379px\" \/><\/p>\n<ul>\n<li>Ulkopinnan viimeistely: viimeistelty (tehdask\u00e4sitelty), viimeistelem\u00e4t\u00f6n, viimeistelem\u00e4t\u00f6n + viimeistelyaine erikseen mukana<\/li>\n<li>Lauteet: haapa, mustalepp\u00e4, lehmus, l\u00e4mp\u00f6m\u00e4nty<\/li>\n<\/ul>\n<p><img loading=\"lazy\" decoding=\"async\" class=\"alignnone wp-image-141004\" src=\"https:\/\/factory.sale\/wp-content\/uploads\/2026\/03\/Benches-wood-type-factory-sale-300x66.png\" alt=\"\" width=\"400\" height=\"88\" srcset=\"https:\/\/factory.sale\/wp-content\/uploads\/2026\/03\/Benches-wood-type-factory-sale-300x66.png 300w, https:\/\/factory.sale\/wp-content\/uploads\/2026\/03\/Benches-wood-type-factory-sale-150x33.png 150w, https:\/\/factory.sale\/wp-content\/uploads\/2026\/03\/Benches-wood-type-factory-sale-768x170.png 768w, https:\/\/factory.sale\/wp-content\/uploads\/2026\/03\/Benches-wood-type-factory-sale-600x133.png 600w, https:\/\/factory.sale\/wp-content\/uploads\/2026\/03\/Benches-wood-type-factory-sale.png 868w\" sizes=\"auto, (max-width: 400px) 100vw, 400px\" \/><\/p>\n<ul>\n<li>Lasityyppi: kirkas<\/li>\n<\/ul>\n<p>&nbsp;<\/p>\n<p>&nbsp;<\/p>\n<p>&nbsp;<\/p>\n<p><strong>LIS\u00c4VARUSTEET:<\/strong><\/p>\n<ul>\n<li>Lasityyppi:<br \/>\nKirkas + 0.00 \u20ac<br \/>\nS\u00e4vytetty pronssi + 93.60 \u20ac<br \/>\nMusta Planibel + 117.00 \u20ac<br \/>\nT\u00e4yspeili + 187.20 \u20ac<\/li>\n<\/ul>\n<p><img loading=\"lazy\" decoding=\"async\" class=\"alignnone wp-image-140991\" src=\"https:\/\/factory.sale\/wp-content\/uploads\/2026\/03\/Glass-options-factory-sale-300x64.png\" alt=\"\" width=\"478\" height=\"102\" srcset=\"https:\/\/factory.sale\/wp-content\/uploads\/2026\/03\/Glass-options-factory-sale-300x64.png 300w, https:\/\/factory.sale\/wp-content\/uploads\/2026\/03\/Glass-options-factory-sale-150x32.png 150w, https:\/\/factory.sale\/wp-content\/uploads\/2026\/03\/Glass-options-factory-sale-600x127.png 600w, https:\/\/factory.sale\/wp-content\/uploads\/2026\/03\/Glass-options-factory-sale.png 736w\" sizes=\"auto, (max-width: 478px) 100vw, 478px\" \/><\/p>\n<ul>\n<li>Lauteiden ja selk\u00e4nojien puumateriaali:<br \/>\nHaapa + 0.00 \u20ac<br \/>\nMustalepp\u00e4 + 0.00 \u20ac<br \/>\nLehmus + 0.00 \u20ac<br \/>\nL\u00e4mp\u00f6m\u00e4nty + 0.00 \u20ac<br \/>\nPremium-l\u00e4mp\u00f6haapa + 292.50 \u20ac<\/li>\n<li>Selk\u00e4nojan tyyppi:<br \/>\nVakio + 0.00 \u20ac<br \/>\nFire Effect + 175.50 \u20ac<\/li>\n<li>Selk\u00e4nojan kaiverrus:<br \/>\nOma teksti + 29.25 \u20ac<\/li>\n<li>S\u00e4hk\u00f6kiukaat:<br \/>\nHarvia Trendi 9 kW (manuaalinen) + 315.90 \u20ac<br \/>\nHuum Drop 9 kW + 725.40 \u20ac<br \/>\nHarvia Spirit XW 9 kW Wi-Fi-ohjauksella + 994.50 \u20ac<br \/>\nHarvia Cilindro 10.8 kW Steel + 1006.20 \u20ac<br \/>\nHarvia Legend 10.8 kW Black LCD Wi-Fi-ohjauksella + 1287.00 \u20ac<br \/>\nHuum Hive Mini 10.5 kW + 1380.60 \u20ac<\/li>\n<li>Suojakaide kiukaan ymp\u00e4rille:<br \/>\nHarvia Trendi 9 kW (manuaalinen) + 70.20 \u20ac<br \/>\nHuum Drop 9 kW + 210.60 \u20ac<br \/>\nHarvia Spirit XW 9 kW Wi-Fi-ohjauksella + 234.00 \u20ac<br \/>\nHarvia Cilindro 10.8 kW Steel + 351.00 \u20ac<br \/>\nHarvia Legend 10.8 kW Black LCD Wi-Fi-ohjauksella + 409.50 \u20ac<br \/>\nHuum Hive Mini 10.5 kW + 234.00 \u20ac<\/li>\n<li>Puukiuas (sis\u00e4l\u00e4mmitys):<br \/>\nHarvia M3 16.5 kW + 491.40 \u20ac<br \/>\nHarvia Pro 20 24 kW + 865.80 \u20ac<br \/>\nHarvia Legend 150 16 kW + 924.30 \u20ac<br \/>\nHuum HIVE Wood 13 + 1228.50 \u20ac<br \/>\nHuum Flow Mini 8,5 kW + 1696.50 \u20ac<\/li>\n<li>Puukiuas (ulkoinen l\u00e4mmitys):<br \/>\nHarvia M3 16.5 kW (ulkoinen l\u00e4mmitys) + 737.10 \u20ac<br \/>\nHarvia Pro 20 24 kW (ulkoinen l\u00e4mmitys) + 1049.49 \u20ac<br \/>\nHarvia Legend 150 16 kW (ulkoinen l\u00e4mmitys) + 1184.04 \u20ac<br \/>\nHuum Flow Mini 8,5 kW (ulkoinen l\u00e4mmitys) + 1989.00 \u20ac<\/li>\n<li>Savupiippu puukiukaalle:<br \/>\nHarvia-savupiippu (ruostumaton ter\u00e4s) + 458.64 \u20ac<br \/>\nHarvia-savupiippu (musta viimeistely) + 614.25 \u20ac<br \/>\nBasic-savupiippu + 335.79 \u20ac<\/li>\n<li>Ulkovalaistus:<br \/>\nUlko-LED + 292.50 \u20ac<br \/>\nUlko RGB LED + 351.00 \u20ac<\/li>\n<li>Sis\u00e4valaistus (selk\u00e4nojien alla):<br \/>\nStandard LED + 175.50 \u20ac<br \/>\nRGB LED + 292.50 \u20ac<br \/>\nTherapy Pulse LED + 327.60 \u20ac<\/li>\n<li>Sis\u00e4valaistus (lauteiden alla):<br \/>\nStandard LED + 175.50 \u20ac<br \/>\nRGB LED + 292.50 \u20ac<br \/>\nTherapy Pulse LED + 327.60 \u20ac<\/li>\n<li>Sis\u00e4valaistus (selk\u00e4nojien ja lauteiden alla):<br \/>\nStandard LED + 292.50 \u20ac<br \/>\nRGB LED + 409.50 \u20ac<br \/>\nTherapy Pulse LED + 444.60 \u20ac<\/li>\n<li>Saunan \u00e4\u00e4nij\u00e4rjestelm\u00e4:<br \/>\nStandard, valkoinen + 526.50 \u20ac<br \/>\nModern, valkoinen + 889.20 \u20ac<\/li>\n<\/ul>\n<p>&nbsp;<\/p>\n<p>&nbsp;<\/p>\n<p><strong>Toimitus osina<\/strong><\/p>\n<p>Saunasi toimitetaan turvallisesti pakattuna suurella lavalla ja asetetaan ajotielle. Voit koota sen itse tai antaa ammattitaitoisen asennustiimimme hoitaa koko asennuksen puolestasi.<\/p>\n<p>&nbsp;<\/p>\n<p><video style=\"max-width: 100%; height: auto; display: block;\" preload=\"auto\" autoplay=\"autoplay\" loop=\"loop\" muted=\"\" controls=\"controls\" width=\"1500\" height=\"3750\"><source src=\"https:\/\/factory.sale\/wp-content\/uploads\/2026\/04\/1.-Pirtis-16x9_-2026-01-23_Su-logo.mp4\" type=\"video\/mp4\" \/>Your browser does not support the video tag.<br \/>\n&lt;\/video&lt;<\/video><\/p>\n","protected":false},"excerpt":{"rendered":"<p>Tauras Modular View vie modulaarisen spa-kokemuksen uudelle tasolle suuren eteen sijoitetun lasipaneelin ansiosta. Toisessa p\u00e4\u00e4ss\u00e4 sijaitsee saunamoduuli, kun taas toinen p\u00e4\u00e4 voi j\u00e4\u00e4d\u00e4 avoimeksi tai siihen voidaan integroida palju tai poreallas, mik\u00e4 tarjoaa joustavan ratkaisun tilasi ja el\u00e4m\u00e4ntyylisi mukaan. View-mallia luonnehtivat modernit materiaalit ja selke\u00e4 muotoilu, mink\u00e4 ansiosta se sopii erinomaisesti my\u00f6s maisemallisiin ymp\u00e4rist\u00f6ihin.<\/p>\n","protected":false},"featured_media":146549,"comment_status":"open","ping_status":"closed","template":"","meta":{"_acf_changed":false},"factory":[5046],"free-shipment":[],"product_brand":[],"product_cat":[1317,2258],"product_tag":[2106],"class_list":{"0":"post-146573","1":"product","2":"type-product","3":"status-publish","4":"has-post-thumbnail","6":"factory-celsium","7":"product_cat-sauna-fi","8":"product_cat-saunakuutiot","9":"product_tag-sauna-fi","11":"first","12":"instock","13":"sale","14":"taxable","15":"shipping-taxable","16":"purchasable","17":"product-type-variable"},"acf":[],"_links":{"self":[{"href":"https:\/\/factory.sale\/fi\/wp-json\/wp\/v2\/product\/146573","targetHints":{"allow":["GET"]}}],"collection":[{"href":"https:\/\/factory.sale\/fi\/wp-json\/wp\/v2\/product"}],"about":[{"href":"https:\/\/factory.sale\/fi\/wp-json\/wp\/v2\/types\/product"}],"replies":[{"embeddable":true,"href":"https:\/\/factory.sale\/fi\/wp-json\/wp\/v2\/comments?post=146573"}],"wp:featuredmedia":[{"embeddable":true,"href":"https:\/\/factory.sale\/fi\/wp-json\/wp\/v2\/media\/146549"}],"wp:attachment":[{"href":"https:\/\/factory.sale\/fi\/wp-json\/wp\/v2\/media?parent=146573"}],"wp:term":[{"taxonomy":"factory","embeddable":true,"href":"https:\/\/factory.sale\/fi\/wp-json\/wp\/v2\/factory?post=146573"},{"taxonomy":"free-shipment","embeddable":true,"href":"https:\/\/factory.sale\/fi\/wp-json\/wp\/v2\/free-shipment?post=146573"},{"taxonomy":"product_brand","embeddable":true,"href":"https:\/\/factory.sale\/fi\/wp-json\/wp\/v2\/product_brand?post=146573"},{"taxonomy":"product_cat","embeddable":true,"href":"https:\/\/factory.sale\/fi\/wp-json\/wp\/v2\/product_cat?post=146573"},{"taxonomy":"product_tag","embeddable":true,"href":"https:\/\/factory.sale\/fi\/wp-json\/wp\/v2\/product_tag?post=146573"}],"curies":[{"name":"wp","href":"https:\/\/api.w.org\/{rel}","templated":true}]}}