{"id":146377,"date":"2026-03-31T14:57:48","date_gmt":"2026-03-31T12:42:00","guid":{"rendered":"https:\/\/factory.sale\/?post_type=product&#038;p=146377"},"modified":"2026-04-17T07:24:24","modified_gmt":"2026-04-17T04:24:24","slug":"tauras-modular-air-ulkosauna-7-hengelle","status":"publish","type":"product","link":"https:\/\/factory.sale\/fi\/tuote\/tauras-modular-air-ulkosauna-7-hengelle\/","title":{"rendered":"Tauras Modular Air ulkosauna 7 hengelle"},"content":{"rendered":"<p>Avoimen etuosan muotoilunsa ansiosta Tauras Modular Air luo kevyen ja raikkaan tunnelman tarjoten samalla t\u00e4yden kylpyl\u00e4kokemuksen. Toisessa p\u00e4\u00e4ss\u00e4 on saunamoduuli, kun taas toinen p\u00e4\u00e4ty voi pysy\u00e4 avoimena tai siihen voi asentaa integroidun porealtaan tai porealtaan, mik\u00e4 tarjoaa joustavuutta tilaan ja el\u00e4m\u00e4ntyyliin sopivaksi. Puhtaat linjat ja avoin pohjaratkaisu tekev\u00e4t siit\u00e4 ihanteellisen valinnan rentoihin ulkotiloihin, joissa ilmavuus ja mukavuus ovat avainasemassa.<\/p>\n<p>Lis\u00e4\u00e4 yksityisyytt\u00e4 saat Tauras Modular View -mallissa, jossa on etulasimoduuli. Lis\u00e4\u00e4 tilaa ja joustavuutta saat Tauras Modular Balance -mallissa, jossa on keskell\u00e4 oleva pukeutumisalue.<\/p>\n<p>&nbsp;<\/p>\n<ul>\n<li>Avoimella oleskelualueella varustettu saunaratkaisu enint\u00e4\u00e4n 7 hengelle<\/li>\n<li>Kaareva sis\u00e4istuinalue<\/li>\n<li>Mitat: 2,1 \u00d7 5 m<\/li>\n<li>Korkeus: 2,55 m<\/li>\n<li>Sein\u00e4n paksuus 44 mm (l\u00e4mp\u00f6puu 42 mm)<\/li>\n<li>Tyylik\u00e4s puurakenne<\/li>\n<li>Tasapainoinen oleskelu- ja sauna-alueiden jako<\/li>\n<li>2 vuoden takuu<\/li>\n<li>Ammattimainen k\u00e4ytt\u00f6valmis asennus saatavilla<\/li>\n<\/ul>\n<p>&nbsp;<\/p>\n<p>&nbsp;<\/p>\n<p><em>* Jokainen tuote valmistetaan luonnonpuusta, joten lopullinen s\u00e4vy ja puukuvio voivat poiketa hieman esimerkkikuvista.<\/em><\/p>\n<p>&nbsp;<\/p>\n<p><strong>Peruspaketti sis\u00e4lt\u00e4\u00e4:<\/strong><\/p>\n<ul>\n<li>Ulkosein\u00e4t:<br \/>\nKuusi<br \/>\nShou Sugi Ban \/ poltettu kuusi<br \/>\nL\u00e4mp\u00f6m\u00e4nty<\/li>\n<\/ul>\n<p><img loading=\"lazy\" decoding=\"async\" class=\"alignnone wp-image-140988\" src=\"https:\/\/factory.sale\/wp-content\/uploads\/2026\/03\/Wood-colour-ula-factory-sale-300x89.png\" alt=\"\" width=\"364\" height=\"108\" srcset=\"https:\/\/factory.sale\/wp-content\/uploads\/2026\/03\/Wood-colour-ula-factory-sale-300x89.png 300w, https:\/\/factory.sale\/wp-content\/uploads\/2026\/03\/Wood-colour-ula-factory-sale-150x44.png 150w, https:\/\/factory.sale\/wp-content\/uploads\/2026\/03\/Wood-colour-ula-factory-sale-600x177.png 600w, https:\/\/factory.sale\/wp-content\/uploads\/2026\/03\/Wood-colour-ula-factory-sale.png 664w\" sizes=\"auto, (max-width: 364px) 100vw, 364px\" \/><\/p>\n<ul>\n<li>Ulkov\u00e4rit: beige, harmaa, eebenpuu, tiikki, p\u00e4hkin\u00e4<\/li>\n<\/ul>\n<p><img loading=\"lazy\" decoding=\"async\" class=\"alignnone wp-image-140959\" src=\"https:\/\/factory.sale\/wp-content\/uploads\/2026\/03\/Spruce-colours-300x53.png\" alt=\"\" width=\"379\" height=\"67\" srcset=\"https:\/\/factory.sale\/wp-content\/uploads\/2026\/03\/Spruce-colours-300x53.png 300w, https:\/\/factory.sale\/wp-content\/uploads\/2026\/03\/Spruce-colours-150x26.png 150w, https:\/\/factory.sale\/wp-content\/uploads\/2026\/03\/Spruce-colours.png 342w\" sizes=\"auto, (max-width: 379px) 100vw, 379px\" \/><\/p>\n<ul>\n<li>Ulkopinnan viimeistely: viimeistelty (tehdask\u00e4sitelty), viimeistelem\u00e4t\u00f6n, viimeistelem\u00e4t\u00f6n + viimeistelyaine erikseen mukana<\/li>\n<li>Lauteet: haapa, mustalepp\u00e4, lehmus, l\u00e4mp\u00f6m\u00e4nty<\/li>\n<\/ul>\n<p><img loading=\"lazy\" decoding=\"async\" class=\"alignnone wp-image-141004\" src=\"https:\/\/factory.sale\/wp-content\/uploads\/2026\/03\/Benches-wood-type-factory-sale-300x66.png\" alt=\"\" width=\"400\" height=\"88\" srcset=\"https:\/\/factory.sale\/wp-content\/uploads\/2026\/03\/Benches-wood-type-factory-sale-300x66.png 300w, https:\/\/factory.sale\/wp-content\/uploads\/2026\/03\/Benches-wood-type-factory-sale-150x33.png 150w, https:\/\/factory.sale\/wp-content\/uploads\/2026\/03\/Benches-wood-type-factory-sale-768x170.png 768w, https:\/\/factory.sale\/wp-content\/uploads\/2026\/03\/Benches-wood-type-factory-sale-600x133.png 600w, https:\/\/factory.sale\/wp-content\/uploads\/2026\/03\/Benches-wood-type-factory-sale.png 868w\" sizes=\"auto, (max-width: 400px) 100vw, 400px\" \/><\/p>\n<ul>\n<li>Lasityyppi: kirkas<\/li>\n<\/ul>\n<p>&nbsp;<\/p>\n<p>&nbsp;<\/p>\n<p>&nbsp;<\/p>\n<p><strong>LIS\u00c4VAIHTOEHDOT:<\/strong><\/p>\n<ul>\n<li>Lasityyppi:<br \/>\nKirkas lasi + 0 \u20ac<br \/>\nS\u00e4vytetty pronssilasi + 70,20 \u20ac<br \/>\nMusta Planibel-lasi + 93,60 \u20ac<br \/>\nT\u00e4yspeililasi + 140,40 \u20ac<\/li>\n<\/ul>\n<p><img loading=\"lazy\" decoding=\"async\" class=\"alignnone wp-image-140991\" src=\"https:\/\/factory.sale\/wp-content\/uploads\/2026\/03\/Glass-options-factory-sale-300x64.png\" alt=\"\" width=\"478\" height=\"102\" srcset=\"https:\/\/factory.sale\/wp-content\/uploads\/2026\/03\/Glass-options-factory-sale-300x64.png 300w, https:\/\/factory.sale\/wp-content\/uploads\/2026\/03\/Glass-options-factory-sale-150x32.png 150w, https:\/\/factory.sale\/wp-content\/uploads\/2026\/03\/Glass-options-factory-sale-600x127.png 600w, https:\/\/factory.sale\/wp-content\/uploads\/2026\/03\/Glass-options-factory-sale.png 736w\" sizes=\"auto, (max-width: 478px) 100vw, 478px\" \/><\/p>\n<ul>\n<li>Lauteiden ja selk\u00e4nojien puumateriaali:<br \/>\nHaapa + 0 \u20ac<br \/>\nMusta lepp\u00e4 + 0 \u20ac<br \/>\nLehmus + 0 \u20ac<br \/>\nL\u00e4mp\u00f6m\u00e4nty + 0 \u20ac<br \/>\nPremium-l\u00e4mp\u00f6haapa + 292,50 \u20ac<\/li>\n<li>Selk\u00e4nojan tyyppi:<br \/>\nVakio + 0 \u20ac<br \/>\nLiekkiefekti + 175,50 \u20ac<\/li>\n<li>Selk\u00e4nojan kaiverrus:<br \/>\nOma teksti + 29,25 \u20ac<\/li>\n<li>S\u00e4hk\u00f6kiukaat:<br \/>\nHarvia Trendi 9 kW (manuaalinen) + 315,90 \u20ac<br \/>\nHuum Drop 9 kW + 725,40 \u20ac<br \/>\nHarvia Spirit XW 9 kW Wi-Fi-yhteydell\u00e4 + 994,50 \u20ac<br \/>\nHarvia Cilindro 10,8 kW, ter\u00e4s + 1006,20 \u20ac<br \/>\nHarvia Legend 10,8 kW, musta LCD-n\u00e4yt\u00f6ll\u00e4 ja Wi-Fi-yhteydell\u00e4 + 1287,00 \u20ac<br \/>\nHuum Hive Mini 10,5 kW + 1380,60 \u20ac<\/li>\n<li>Kiukaan suojakaide:<br \/>\nHarvia Trendi 9 kW (manuaalinen) + 70,20 \u20ac<br \/>\nHuum Drop 9 kW + 210,60 \u20ac<br \/>\nHarvia Spirit XW 9 kW Wi-Fi-yhteydell\u00e4 + 234,00 \u20ac<br \/>\nHarvia Cilindro 10,8 kW, ter\u00e4s + 351,00 \u20ac<br \/>\nHarvia Legend 10,8 kW, musta LCD-n\u00e4yt\u00f6ll\u00e4 ja Wi-Fi-yhteydell\u00e4 + 409,50 \u20ac<br \/>\nHuum Hive Mini 10,5 kW + 234,00 \u20ac<\/li>\n<li>Puukiuas (sis\u00e4puolisella t\u00e4yt\u00f6ll\u00e4):<br \/>\nHarvia M3 16,5 kW + 491,40 \u20ac<br \/>\nHarvia Pro 20 24 kW + 865,80 \u20ac<br \/>\nHarvia Legend 150 16 kW + 924,30 \u20ac<br \/>\nHuum HIVE Wood 13 + 1228,50 \u20ac<br \/>\nHuum Flow Mini 8,5 kW + 1696,50 \u20ac<\/li>\n<li>Puukiuas (ulkopuolisella t\u00e4yt\u00f6ll\u00e4):<br \/>\nHarvia M3 16,5 kW (ulkopuolisella t\u00e4yt\u00f6ll\u00e4) + 737,10 \u20ac<br \/>\nHarvia Pro 20 24 kW (ulkopuolisella t\u00e4yt\u00f6ll\u00e4) + 1049,49 \u20ac<br \/>\nHarvia Legend 150 16 kW (ulkopuolisella t\u00e4yt\u00f6ll\u00e4) + 1184,04 \u20ac<br \/>\nHuum Flow Mini 8,5 kW (ulkopuolisella t\u00e4yt\u00f6ll\u00e4) + 1989,00 \u20ac<\/li>\n<li>Savupiippu puukiukaalle:<br \/>\nHarvia-savupiippu (ruostumaton ter\u00e4s) + 458,64 \u20ac<br \/>\nHarvia-savupiippu (musta viimeistely) + 614,25 \u20ac<br \/>\nPerussavupiippu + 335,79 \u20ac<\/li>\n<li>Ulkovalaistus:<br \/>\nUlko-LED-valaistus + 292,50 \u20ac<br \/>\nUlko-RGB LED -valaistus + 351,00 \u20ac<\/li>\n<li>Sis\u00e4valaistus (selk\u00e4nojien alla):<br \/>\nVakio LED-valaistus + 175,50 \u20ac<br \/>\nRGB LED -valaistus + 292,50 \u20ac<br \/>\nTherapy Pulse LED -valaistus + 327,60 \u20ac<\/li>\n<li>Sis\u00e4valaistus (lauteiden alla):<br \/>\nVakio LED-valaistus + 175,50 \u20ac<br \/>\nRGB LED -valaistus + 292,50 \u20ac<br \/>\nTherapy Pulse LED -valaistus + 327,60 \u20ac<\/li>\n<li>Sis\u00e4valaistus (selk\u00e4nojien ja lauteiden alla):<br \/>\nVakio LED-valaistus + 292,50 \u20ac<br \/>\nRGB LED -valaistus + 409,50 \u20ac<br \/>\nTherapy Pulse LED -valaistus + 444,60 \u20ac<\/li>\n<li>Saunan \u00e4\u00e4nij\u00e4rjestelm\u00e4:<br \/>\nVakio, valkoinen + 526,50 \u20ac<br \/>\nModerni, valkoinen + 889,20 \u20ac<\/li>\n<\/ul>\n","protected":false},"excerpt":{"rendered":"<p>Avoimen etuosan muotoilunsa ansiosta Tauras Modular Air luo kevyen ja raikkaan tunnelman tarjoten samalla t\u00e4yden kylpyl\u00e4kokemuksen. Toisessa p\u00e4\u00e4ss\u00e4 on saunamoduuli, kun taas toinen p\u00e4\u00e4ty voi pysy\u00e4 avoimena tai siihen voi asentaa integroidun porealtaan tai porealtaan, mik\u00e4 tarjoaa joustavuutta tilaan ja el\u00e4m\u00e4ntyyliin sopivaksi. Puhtaat linjat ja avoin pohjaratkaisu tekev\u00e4t siit\u00e4 ihanteellisen valinnan rentoihin ulkotiloihin, joissa ilmavuus ja mukavuus ovat avainasemassa.<\/p>\n","protected":false},"featured_media":146366,"comment_status":"open","ping_status":"closed","template":"","meta":{"_acf_changed":false},"factory":[5046],"free-shipment":[],"product_brand":[],"product_cat":[1317,2258],"product_tag":[865],"class_list":{"0":"post-146377","1":"product","2":"type-product","3":"status-publish","4":"has-post-thumbnail","6":"factory-celsium","7":"product_cat-sauna-fi","8":"product_cat-saunakuutiot","9":"product_tag-saunas-fi","11":"first","12":"instock","13":"sale","14":"taxable","15":"shipping-taxable","16":"purchasable","17":"product-type-variable"},"acf":[],"_links":{"self":[{"href":"https:\/\/factory.sale\/fi\/wp-json\/wp\/v2\/product\/146377","targetHints":{"allow":["GET"]}}],"collection":[{"href":"https:\/\/factory.sale\/fi\/wp-json\/wp\/v2\/product"}],"about":[{"href":"https:\/\/factory.sale\/fi\/wp-json\/wp\/v2\/types\/product"}],"replies":[{"embeddable":true,"href":"https:\/\/factory.sale\/fi\/wp-json\/wp\/v2\/comments?post=146377"}],"wp:featuredmedia":[{"embeddable":true,"href":"https:\/\/factory.sale\/fi\/wp-json\/wp\/v2\/media\/146366"}],"wp:attachment":[{"href":"https:\/\/factory.sale\/fi\/wp-json\/wp\/v2\/media?parent=146377"}],"wp:term":[{"taxonomy":"factory","embeddable":true,"href":"https:\/\/factory.sale\/fi\/wp-json\/wp\/v2\/factory?post=146377"},{"taxonomy":"free-shipment","embeddable":true,"href":"https:\/\/factory.sale\/fi\/wp-json\/wp\/v2\/free-shipment?post=146377"},{"taxonomy":"product_brand","embeddable":true,"href":"https:\/\/factory.sale\/fi\/wp-json\/wp\/v2\/product_brand?post=146377"},{"taxonomy":"product_cat","embeddable":true,"href":"https:\/\/factory.sale\/fi\/wp-json\/wp\/v2\/product_cat?post=146377"},{"taxonomy":"product_tag","embeddable":true,"href":"https:\/\/factory.sale\/fi\/wp-json\/wp\/v2\/product_tag?post=146377"}],"curies":[{"name":"wp","href":"https:\/\/api.w.org\/{rel}","templated":true}]}}