{"id":146310,"date":"2026-03-28T20:50:03","date_gmt":"2026-03-31T10:39:36","guid":{"rendered":"https:\/\/factory.sale\/?post_type=product&#038;p=146310"},"modified":"2026-04-17T07:20:41","modified_gmt":"2026-04-17T04:20:41","slug":"tauras-grand-ulkosauna-8-hengelle","status":"publish","type":"product","link":"https:\/\/factory.sale\/fi\/tuote\/tauras-grand-ulkosauna-8-hengelle\/","title":{"rendered":"Tauras Grand ulkosauna 8 hengelle"},"content":{"rendered":"<p>Tauras-saunat yhdist\u00e4v\u00e4t tyylikk\u00e4\u00e4n skandinaavisen muotoilun ja kylpyl\u00e4henkisen toiminnallisuuden. Classic- ja Grand-mallit tarjoavat saunan l\u00e4mm\u00f6n sek\u00e4 mahdollisuuden integroidulle palju- tai poreallasratkaisulle. Korkealaatuisesta luonnonpuusta valmistetut ja huolellisesti suunnitellut Tauras-saunat luovat ylellisen ja rentouttavan hyvinvointikokemuksen kotiin.<\/p>\n<p>Tauras Grand on hienostunut monik\u00e4ytt\u00f6inen malli, joka yhdist\u00e4\u00e4 t\u00e4ysikokoisen saunan ja integroidun paljun tai porealtaan yhteen eleganttiin kokonaisuuteen. Se on suunniteltu t\u00e4ydelliseen rentoutumiseen ja tasapainottaa modernin tyylin l\u00e4mm\u00f6n ja vesiterapian mukavuuteen saumattomassa kylpyl\u00e4kokemuksessa.<\/p>\n<p>Kompaktimpaa vaihtoehtoa etsiv\u00e4lle <a href=\"https:\/\/factory.sale\/fi\/tuote\/tauras-classic-ulkosauna-7-hengelle\/\" target=\"_blank\" rel=\"noopener\">Tauras Classic<\/a> tarjoaa saman huolella suunnitellun konseptin tilaa s\u00e4\u00e4st\u00e4v\u00e4mm\u00e4ss\u00e4 muodossa.<\/p>\n<p>&nbsp;<\/p>\n<ul>\n<li>Hybridisaunavaihtoehto, jossa yhdistyv\u00e4t perinteinen ja infrapunal\u00e4mmitys<\/li>\n<li>Palju l\u00e4mp\u00f6pumpulla (j\u00e4\u00e4hdyttimell\u00e4) saatavana lis\u00e4varusteena<\/li>\n<li>Tilava sauna integroidulla paljulla<\/li>\n<li>Suunniteltu enint\u00e4\u00e4n 8 hengelle<\/li>\n<li>Mitat: 2,40 \u00d7 5,7 m<\/li>\n<li>Korkeus: 2,55 m<\/li>\n<li>Arkkitehtoninen pohjaratkaisu suuremmille ryhmille<\/li>\n<li>Luonnonpuinen sis\u00e4- ja ulkoverhous<\/li>\n<li>Saatavana ilman paljua tai paljulla \u00d8 2,25 m (ulkohalkaisija), 2 m (sis\u00e4halkaisija)<\/li>\n<li>S\u00e4\u00e4dett\u00e4v\u00e4t RGB LED -valot saatavana<\/li>\n<li>EPDM-kumikatto takaa pitk\u00e4kestoisen s\u00e4\u00e4nkest\u00e4vyyden<\/li>\n<li>T\u00e4ysin eristetty tehokkailla PIR-eristepaneeleilla<\/li>\n<li>L\u00e4mm\u00f6nkest\u00e4v\u00e4 silikonikaapelointi<\/li>\n<\/ul>\n<p>&nbsp;<\/p>\n<p>* Jokainen tuote valmistetaan luonnonpuusta, joten lopullinen s\u00e4vy ja puukuvio voivat poiketa hieman esimerkkikuvista.<\/p>\n<p><strong>Peruspaketti sis\u00e4lt\u00e4\u00e4:<\/strong><\/p>\n<ul>\n<li>Ulkosein\u00e4t:<br \/>\nKuusi<br \/>\nShou Sugi Ban \/ poltettu kuusi<br \/>\nL\u00e4mp\u00f6m\u00e4nty<\/li>\n<\/ul>\n<p><img loading=\"lazy\" decoding=\"async\" class=\"alignnone wp-image-140988\" src=\"https:\/\/factory.sale\/wp-content\/uploads\/2026\/03\/Wood-colour-ula-factory-sale-300x89.png\" alt=\"\" width=\"364\" height=\"108\" srcset=\"https:\/\/factory.sale\/wp-content\/uploads\/2026\/03\/Wood-colour-ula-factory-sale-300x89.png 300w, https:\/\/factory.sale\/wp-content\/uploads\/2026\/03\/Wood-colour-ula-factory-sale-150x44.png 150w, https:\/\/factory.sale\/wp-content\/uploads\/2026\/03\/Wood-colour-ula-factory-sale-600x177.png 600w, https:\/\/factory.sale\/wp-content\/uploads\/2026\/03\/Wood-colour-ula-factory-sale.png 664w\" sizes=\"auto, (max-width: 364px) 100vw, 364px\" \/><\/p>\n<ul>\n<li>Ulkov\u00e4rit: beige, harmaa, eebenpuu, tiikki, p\u00e4hkin\u00e4<\/li>\n<\/ul>\n<p><img loading=\"lazy\" decoding=\"async\" class=\"alignnone wp-image-140959\" src=\"https:\/\/factory.sale\/wp-content\/uploads\/2026\/03\/Spruce-colours-300x53.png\" alt=\"\" width=\"379\" height=\"67\" srcset=\"https:\/\/factory.sale\/wp-content\/uploads\/2026\/03\/Spruce-colours-300x53.png 300w, https:\/\/factory.sale\/wp-content\/uploads\/2026\/03\/Spruce-colours-150x26.png 150w, https:\/\/factory.sale\/wp-content\/uploads\/2026\/03\/Spruce-colours.png 342w\" sizes=\"auto, (max-width: 379px) 100vw, 379px\" \/><\/p>\n<ul>\n<li>Ulkopinnan viimeistely: viimeistelty (tehdask\u00e4sitelty), viimeistelem\u00e4t\u00f6n, viimeistelem\u00e4t\u00f6n + viimeistelyaine erikseen mukana<\/li>\n<li>Lauteet: haapa, mustalepp\u00e4, lehmus, l\u00e4mp\u00f6m\u00e4nty<\/li>\n<\/ul>\n<p><img loading=\"lazy\" decoding=\"async\" class=\"alignnone wp-image-141004\" src=\"https:\/\/factory.sale\/wp-content\/uploads\/2026\/03\/Benches-wood-type-factory-sale-300x66.png\" alt=\"\" width=\"400\" height=\"88\" srcset=\"https:\/\/factory.sale\/wp-content\/uploads\/2026\/03\/Benches-wood-type-factory-sale-300x66.png 300w, https:\/\/factory.sale\/wp-content\/uploads\/2026\/03\/Benches-wood-type-factory-sale-150x33.png 150w, https:\/\/factory.sale\/wp-content\/uploads\/2026\/03\/Benches-wood-type-factory-sale-768x170.png 768w, https:\/\/factory.sale\/wp-content\/uploads\/2026\/03\/Benches-wood-type-factory-sale-600x133.png 600w, https:\/\/factory.sale\/wp-content\/uploads\/2026\/03\/Benches-wood-type-factory-sale.png 868w\" sizes=\"auto, (max-width: 400px) 100vw, 400px\" \/><\/p>\n<ul>\n<li>Sis\u00e4sein\u00e4t: haapa kapea, haapa leve\u00e4, mustalepp\u00e4 kapea, mustalepp\u00e4 leve\u00e4<\/li>\n<\/ul>\n<p><img loading=\"lazy\" decoding=\"async\" class=\"alignnone wp-image-145601\" src=\"https:\/\/factory.sale\/wp-content\/uploads\/2026\/03\/Interior-walls-factory-sale-300x68.png\" alt=\"\" width=\"366\" height=\"83\" srcset=\"https:\/\/factory.sale\/wp-content\/uploads\/2026\/03\/Interior-walls-factory-sale-300x68.png 300w, https:\/\/factory.sale\/wp-content\/uploads\/2026\/03\/Interior-walls-factory-sale-150x34.png 150w, https:\/\/factory.sale\/wp-content\/uploads\/2026\/03\/Interior-walls-factory-sale-768x173.png 768w, https:\/\/factory.sale\/wp-content\/uploads\/2026\/03\/Interior-walls-factory-sale-600x135.png 600w, https:\/\/factory.sale\/wp-content\/uploads\/2026\/03\/Interior-walls-factory-sale.png 808w\" sizes=\"auto, (max-width: 366px) 100vw, 366px\" \/><\/p>\n<ul>\n<li>Lasityyppi: kirkas<\/li>\n<li>Oven tyyppi: vakio lasiovi<\/li>\n<li>Saunan sijainti: vasemmalla puolella (vakio), oikealla puolella<\/li>\n<\/ul>\n<p>&nbsp;<\/p>\n<p><strong>LIS\u00c4VAIHTOEHDOT:<\/strong><\/p>\n<ul>\n<li>Lasityyppi:<br \/>\nKirkas + 0.00 \u20ac<br \/>\nS\u00e4vytetty pronssi + 93.60 \u20ac<br \/>\nMusta Planibel + 117.00 \u20ac<br \/>\nT\u00e4yspeili + 187.20 \u20ac<\/li>\n<\/ul>\n<p><img loading=\"lazy\" decoding=\"async\" class=\"alignnone wp-image-140991\" src=\"https:\/\/factory.sale\/wp-content\/uploads\/2026\/03\/Glass-options-factory-sale-300x64.png\" alt=\"\" width=\"478\" height=\"102\" srcset=\"https:\/\/factory.sale\/wp-content\/uploads\/2026\/03\/Glass-options-factory-sale-300x64.png 300w, https:\/\/factory.sale\/wp-content\/uploads\/2026\/03\/Glass-options-factory-sale-150x32.png 150w, https:\/\/factory.sale\/wp-content\/uploads\/2026\/03\/Glass-options-factory-sale-600x127.png 600w, https:\/\/factory.sale\/wp-content\/uploads\/2026\/03\/Glass-options-factory-sale.png 736w\" sizes=\"auto, (max-width: 478px) 100vw, 478px\" \/><\/p>\n<ul>\n<li>Sis\u00e4sein\u00e4t:<br \/>\nKuusi, kapea profiili + 0.00 \u20ac<br \/>\nKuusi, leve\u00e4 profiili + 0.00 \u20ac<br \/>\nHaapa, kapea profiili + 824.85 \u20ac<br \/>\nHaapa, leve\u00e4 profiili + 824.85 \u20ac<br \/>\nMusta lepp\u00e4, kapea profiili + 824.85 \u20ac<br \/>\nMusta lepp\u00e4, leve\u00e4 profiili + 824.85 \u20ac<br \/>\nL\u00e4mp\u00f6m\u00e4nty, kapea profiili + 351.00 \u20ac<br \/>\nL\u00e4mp\u00f6m\u00e4nty, leve\u00e4 profiili + 351.00 \u20ac<br \/>\nPremium-l\u00e4mp\u00f6haapa, kapea profiili + 912.60 \u20ac<br \/>\nPremium-l\u00e4mp\u00f6haapa, leve\u00e4 profiili + 912.60 \u20ac<\/li>\n<li>Premium-sein\u00e4 selk\u00e4nojan takana:<br \/>\nSquare Black + 538.20 \u20ac<br \/>\nRoyal Black + 538.20 \u20ac<br \/>\nRoyal Thermo Black + 538.20 \u20ac<br \/>\nHexa S Thermo + 538.20 \u20ac<br \/>\nRhombus 3D Light + 666.90 \u20ac<\/li>\n<\/ul>\n<p><img loading=\"lazy\" decoding=\"async\" class=\"alignnone wp-image-145604\" src=\"https:\/\/factory.sale\/wp-content\/uploads\/2026\/03\/Premium-Wall-behind-the-Backrest-factory-sale-300x57.png\" alt=\"\" width=\"484\" height=\"92\" srcset=\"https:\/\/factory.sale\/wp-content\/uploads\/2026\/03\/Premium-Wall-behind-the-Backrest-factory-sale-300x57.png 300w, https:\/\/factory.sale\/wp-content\/uploads\/2026\/03\/Premium-Wall-behind-the-Backrest-factory-sale-150x29.png 150w, https:\/\/factory.sale\/wp-content\/uploads\/2026\/03\/Premium-Wall-behind-the-Backrest-factory-sale-768x147.png 768w, https:\/\/factory.sale\/wp-content\/uploads\/2026\/03\/Premium-Wall-behind-the-Backrest-factory-sale-600x115.png 600w, https:\/\/factory.sale\/wp-content\/uploads\/2026\/03\/Premium-Wall-behind-the-Backrest-factory-sale.png 1024w\" sizes=\"auto, (max-width: 484px) 100vw, 484px\" \/><\/p>\n<ul>\n<li>Lauteiden ja selk\u00e4nojan puulaji:<br \/>\nHaapa + 0.00 \u20ac<br \/>\nMusta lepp\u00e4 + 0.00 \u20ac<br \/>\nLehmus + 0.00 \u20ac<br \/>\nL\u00e4mp\u00f6m\u00e4nty + 234.00 \u20ac<br \/>\nPremium-l\u00e4mp\u00f6haapa + 824.85 \u20ac<\/li>\n<li>Selk\u00e4nojan tyyppi:<br \/>\nVakio + 0.00 \u20ac<br \/>\nTuli-efekti + 210.60 \u20ac<br \/>\nSelk\u00e4nojan kaiverrus:<br \/>\nPersonoitu teksti + 29.25 \u20ac<\/li>\n<li>S\u00e4hk\u00f6kiukaat:<br \/>\nHarvia Trendi 9 kW (manuaalinen) + 315.90 \u20ac<br \/>\nHuum Drop 9 kW + 725.40 \u20ac<br \/>\nHarvia Spirit XW 9 kW Wi-Fi:ll\u00e4 + 994.50 \u20ac<br \/>\nHarvia Cilindro 10.8 kW Steel + 1,006.20 \u20ac<br \/>\nHarvia Legend 10.8 kW Black LCD Wi-Fi:ll\u00e4 + 1,287.00 \u20ac<br \/>\nHuum Hive Mini 10.5 kW + 1,380.60 \u20ac<\/li>\n<li>Kiukaan suojakaide:<br \/>\nHarvia Trendi 8 kW (manuaalinen) + 70.20 \u20ac<br \/>\nHuum Drop 9 kW + 210.60 \u20ac<br \/>\nHarvia Spirit XW 9 kW Wi-Fi:ll\u00e4 + 234.00 \u20ac<br \/>\nHarvia Cilindro 10.8 kW Steel + 351.00 \u20ac<br \/>\nHarvia Legend 10.8 kW Black LCD Wi-Fi:ll\u00e4 + 409.50 \u20ac<br \/>\nHuum Hive Mini 10.5 kW + 234.00 \u20ac<\/li>\n<li>Puul\u00e4mmitteinen kiuas (sis\u00e4puolisella t\u00e4yt\u00f6ll\u00e4):<br \/>\nHarvia M3 16.5 kW + 491.40 \u20ac<br \/>\nHarvia Pro 20 24 kW + 865.80 \u20ac<br \/>\nHarvia Legend 150 16 kW + 924.30 \u20ac<br \/>\nHuum HIVE Wood 13 + 1,228.50 \u20ac<br \/>\nHuum Flow Mini 8,5 kW + 1,696.50 \u20ac<\/li>\n<li>Puul\u00e4mmitteinen kiuas (ulkopuolisella t\u00e4yt\u00f6ll\u00e4):<br \/>\nHarvia M3 16.5 kW (ulkopuolinen t\u00e4ytt\u00f6) + 737.10 \u20ac<br \/>\nHarvia Pro 20 24 kW (ulkopuolinen t\u00e4ytt\u00f6) + 1,049.49 \u20ac<br \/>\nHarvia Legend 150 16 kW (ulkopuolinen t\u00e4ytt\u00f6) + 1,184.04 \u20ac<br \/>\nHuum Flow Mini 8,5 kW (ulkopuolinen t\u00e4ytt\u00f6) + 1,989.00 \u20ac<\/li>\n<li>Savupiippu puul\u00e4mmitteiselle kiukaalle:<br \/>\nHarvia-savupiippu (ruostumaton ter\u00e4s) + 458.64 \u20ac<br \/>\nHarvia-savupiippu (musta viimeistely) + 614.25 \u20ac<br \/>\nPerussavupiippu + 335.79 \u20ac<\/li>\n<li>Ulkovalaistus:<br \/>\nUlkoinen LED-valaistus + 292.50 \u20ac<br \/>\nUlkoinen RGB LED -valaistus + 351.00 \u20ac<br \/>\nSis\u00e4valaistus (selk\u00e4nojien alla):<br \/>\nVakio LED-valaistus + 175.50 \u20ac<br \/>\nRGB LED -valaistus + 292.50 \u20ac<br \/>\nTherapy Pulse LED -valaistus + 327.60 \u20ac<\/li>\n<li>Sis\u00e4valaistus (lauteiden alla):<br \/>\nVakio LED-valaistus + 175.50 \u20ac<br \/>\nRGB LED -valaistus + 292.50 \u20ac<br \/>\nTherapy Pulse LED -valaistus + 327.60 \u20ac<\/li>\n<li>Sis\u00e4valaistus (selk\u00e4nojien ja lauteiden alla):<br \/>\nVakio LED-valaistus + 292.50 \u20ac<br \/>\nRGB LED -valaistus + 409.50 \u20ac<br \/>\nTherapy Pulse LED -valaistus + 444.60 \u20ac<\/li>\n<li>Saunan \u00e4\u00e4nij\u00e4rjestelm\u00e4:<br \/>\nVakio, valkoinen + 526.50 \u20ac<br \/>\nModerni, valkoinen + 889.20 \u20ac<\/li>\n<\/ul>\n<p>&nbsp;<\/p>\n<p>&nbsp;<\/p>\n<p><strong>PALJUVAIHTOEHDOT:<\/strong><\/p>\n<p><em>Paljun koko: \u00d8 2,25 m (ulkohalkaisija), 2 m (sis\u00e4halkaisija)<\/em><\/p>\n<p>&nbsp;<\/p>\n<ul>\n<li>PERUSPAKETTI (allasosa, kiuas (304) savupiipulla, portaat, viimeistely)<br \/>\nLasikuitu (sis\u00e4ltyy pakettiin) + 0.00 \u20ac<br \/>\nAkryyli + 687.96 \u20ac<\/li>\n<li>Lasikuitusisuksen v\u00e4ri:<br \/>\nValkoinen + 0.00 \u20ac<br \/>\nHarmaa + 0.00 \u20ac<br \/>\nTummanharmaa + 0.00 \u20ac<br \/>\nHelmenvalkoinen + 98.28 \u20ac<br \/>\nHelmenharmaa + 98.28 \u20ac<br \/>\nHelmen tummanharmaa + 98.28 \u20ac<\/li>\n<li>Akryylisisuksen v\u00e4ri:<br \/>\nValkoinen + 0.00 \u20ac<br \/>\nHarmaa + 0.00 \u20ac<br \/>\nValkoinen marmori + 81.90 \u20ac<br \/>\nMusta marmori + 81.90 \u20ac<br \/>\nKahvimarmori + 81.90 \u20ac<br \/>\nRuskea marmori + 81.90 \u20ac<\/li>\n<li>Ulkoviimeistely:<br \/>\nKuusiverhous (ei lis\u00e4maksua) + 0.00 \u20ac<br \/>\nPoltettu kuusi + 163.80 \u20ac<br \/>\nL\u00e4mp\u00f6puu + 196.56 \u20ac<br \/>\nPuukomposiitti (WPC) + 180.18 \u20ac<\/li>\n<li>L\u00e4mp\u00f6kansi (sis\u00e4ltyy pakettiin):<br \/>\nMusta kansi + 0.00 \u20ac<br \/>\nHarmaa kansi + 0.00 \u20ac<br \/>\nRuskea kansi + 0.00 \u20ac<\/li>\n<li>Suutinj\u00e4rjestelm\u00e4t (voidaan yhdist\u00e4\u00e4: hydro + ilmakuplat):<br \/>\nAir Bubble -j\u00e4rjestelm\u00e4 0.7 kW, 12 suutinta (sis\u00e4ltyy pakettiin) + 0.00 \u20ac<br \/>\nHydroj\u00e4rjestelm\u00e4 8 suuttimella, 1,1 kW (sis\u00e4ltyy pakettiin) + 0.00 \u20ac<br \/>\nHydroj\u00e4rjestelm\u00e4 10 suuttimella, 1,1 kW + 58.50 \u20ac<\/li>\n<li>Vedenalainen valaistus (voidaan yhdist\u00e4\u00e4: 65 mm + mini LED):<br \/>\nVedenalainen valaistus 65 mm LED RGB (1 kpl) + 43.29 \u20ac<br \/>\nVedenalainen valaistus 65 mm LED RGB (2 kpl) + 52.65 \u20ac<br \/>\nVedenalainen valaistus 65 mm LED RGB (3 kpl) + 62.01 \u20ac<br \/>\nVedenalainen valaistus MINI LED RGB (10 kpl) (sis\u00e4ltyy pakettiin) + 0.00 \u20ac<\/li>\n<li>Ulkovalaistus (voidaan yhdist\u00e4\u00e4: mini LED + LED-nauha paljun alla + LED-nauha sisuksen alla):<br \/>\nMini LED RGB ulkovalaistus (12 kpl) + 58.50 \u20ac<br \/>\nLED-nauha sisuksen alla + 94.77 \u20ac<\/li>\n<li>L\u00e4mp\u00f6vaahtoeristys:<br \/>\n(sis\u00e4ltyy pakettiin) + 0.00 \u20ac<\/li>\n<li>S\u00e4hk\u00f6inen vedenl\u00e4mmitin:<br \/>\nS\u00e4hk\u00f6inen vedenl\u00e4mmitin 3 kW + 212.94 \u20ac<br \/>\nS\u00e4hk\u00f6inen vedenl\u00e4mmitin 6 kW + 606.06 \u20ac<br \/>\nS\u00e4hk\u00f6inen vedenl\u00e4mmitin 9 kW + 624.78 \u20ac<\/li>\n<li>Kiukaan ter\u00e4s:<br \/>\nAISI 304 -ter\u00e4s (sis\u00e4ltyy pakettiin) + 0.00 \u20ac<br \/>\nAISI 316 -ter\u00e4s + 245.70 \u20ac<\/li>\n<li>Niskatuet (max 6 kpl):<br \/>\n16.38 \u20ac<\/li>\n<li>Juomatelineet (max 4 kpl):<br \/>\nKuusi \/ l\u00e4mp\u00f6puu \/ WPC + 32.76 \u20ac<\/li>\n<li>Integroitu elektroninen kosketusn\u00e4ytt\u00f6ohjain + 163.80 \u20ac<\/li>\n<li>Integroitu elektroninen l\u00e4mp\u00f6mittari (sis\u00e4ltyy pakettiin) + 0.00 \u20ac<\/li>\n<\/ul>\n","protected":false},"excerpt":{"rendered":"<p>Tauras Grand on hienostunut monik\u00e4ytt\u00f6inen malli, joka yhdist\u00e4\u00e4 t\u00e4ysikokoisen saunan ja integroidun paljun tai porealtaan yhteen eleganttiin kokonaisuuteen. Se on suunniteltu t\u00e4ydelliseen rentoutumiseen ja siin\u00e4 yhdistyv\u00e4t moderni tyyli, l\u00e4mm\u00f6n mukavuus ja vesiterapian hemmottelu saumattomaksi spa-el\u00e4mykseksi.<\/p>\n<p>Kompaktimpaa vaihtoehtoa etsiv\u00e4lle <a href=\"https:\/\/factory.sale\/fi\/tuote\/tauras-classic-ulkosauna-7-hengelle\/\" target=\"_blank\" rel=\"noopener\">Tauras Classic<\/a> tarjoaa saman huolella suunnitellun konseptin tilaa s\u00e4\u00e4st\u00e4v\u00e4mm\u00e4ss\u00e4 muodossa.<\/p>\n","protected":false},"featured_media":145915,"comment_status":"open","ping_status":"closed","template":"","meta":{"_acf_changed":false},"factory":[5046],"free-shipment":[],"product_brand":[],"product_cat":[1317,2258],"product_tag":[2105,2106],"class_list":{"0":"post-146310","1":"product","2":"type-product","3":"status-publish","4":"has-post-thumbnail","6":"factory-celsium","7":"product_cat-sauna-fi","8":"product_cat-saunakuutiot","9":"product_tag-outdoor-sauna-fi","10":"product_tag-sauna-fi","12":"first","13":"instock","14":"sale","15":"taxable","16":"shipping-taxable","17":"purchasable","18":"product-type-variable"},"acf":[],"_links":{"self":[{"href":"https:\/\/factory.sale\/fi\/wp-json\/wp\/v2\/product\/146310","targetHints":{"allow":["GET"]}}],"collection":[{"href":"https:\/\/factory.sale\/fi\/wp-json\/wp\/v2\/product"}],"about":[{"href":"https:\/\/factory.sale\/fi\/wp-json\/wp\/v2\/types\/product"}],"replies":[{"embeddable":true,"href":"https:\/\/factory.sale\/fi\/wp-json\/wp\/v2\/comments?post=146310"}],"wp:featuredmedia":[{"embeddable":true,"href":"https:\/\/factory.sale\/fi\/wp-json\/wp\/v2\/media\/145915"}],"wp:attachment":[{"href":"https:\/\/factory.sale\/fi\/wp-json\/wp\/v2\/media?parent=146310"}],"wp:term":[{"taxonomy":"factory","embeddable":true,"href":"https:\/\/factory.sale\/fi\/wp-json\/wp\/v2\/factory?post=146310"},{"taxonomy":"free-shipment","embeddable":true,"href":"https:\/\/factory.sale\/fi\/wp-json\/wp\/v2\/free-shipment?post=146310"},{"taxonomy":"product_brand","embeddable":true,"href":"https:\/\/factory.sale\/fi\/wp-json\/wp\/v2\/product_brand?post=146310"},{"taxonomy":"product_cat","embeddable":true,"href":"https:\/\/factory.sale\/fi\/wp-json\/wp\/v2\/product_cat?post=146310"},{"taxonomy":"product_tag","embeddable":true,"href":"https:\/\/factory.sale\/fi\/wp-json\/wp\/v2\/product_tag?post=146310"}],"curies":[{"name":"wp","href":"https:\/\/api.w.org\/{rel}","templated":true}]}}