{"id":146255,"date":"2026-03-29T21:49:09","date_gmt":"2026-03-29T18:52:58","guid":{"rendered":"https:\/\/factory.sale\/?post_type=product&#038;p=146255"},"modified":"2026-03-29T21:52:58","modified_gmt":"2026-03-29T18:52:58","slug":"hautausmaapenkki-laatikolla-80-x-32-x-47-cm-oljytty","status":"publish","type":"product","link":"https:\/\/factory.sale\/fi\/tuote\/hautausmaapenkki-laatikolla-80-x-32-x-47-cm-oljytty\/","title":{"rendered":"Hautausmaapenkki laatikolla 80 \u00d7 32 \u00d7 47 cm, \u00f6ljytty"},"content":{"rendered":"<p>Hautausmaapenkki on valmistettu havupuusta ja viimeistelty \u00f6ljyll\u00e4.<\/p>\n<p>&nbsp;<\/p>\n<p>&nbsp;<\/p>\n<p><strong>Mitat:<\/strong><\/p>\n<ul>\n<li>Pituus: 80 cm<\/li>\n<li>Syvyys: 32 cm<\/li>\n<li>Korkeus: 47 cm<\/li>\n<\/ul>\n<p>&nbsp;<\/p>\n<p>&nbsp;<\/p>\n<p><strong>Huom!<\/strong> Talven l\u00e4hestyess\u00e4 on t\u00e4rke\u00e4\u00e4 suojata ulkokalusteet kylm\u00e4n, kosteuden ja lumen aiheuttamilta vaurioilta. Ulkokalusteiden ulkon\u00e4\u00f6n s\u00e4ilytt\u00e4miseksi ja k\u00e4ytt\u00f6i\u00e4n pident\u00e4miseksi siirr\u00e4 ne talveksi suojaan tai peit\u00e4 ne s\u00e4\u00e4nkest\u00e4v\u00e4ll\u00e4 suojapeitteell\u00e4.<\/p>\n","protected":false},"excerpt":{"rendered":"<p>Hautausmaapenkki on valmistettu havupuusta ja viimeistelty \u00f6ljyll\u00e4.<\/p>\n","protected":false},"featured_media":146247,"comment_status":"open","ping_status":"closed","template":"","meta":{"_acf_changed":false},"factory":[],"free-shipment":[],"product_brand":[],"product_cat":[997,2466],"product_tag":[],"class_list":{"0":"post-146255","1":"product","2":"type-product","3":"status-publish","4":"has-post-thumbnail","6":"product_cat-piha-puutarha-fi","7":"product_cat-puutarhakalusteet","9":"first","10":"instock","11":"sale","12":"taxable","13":"shipping-taxable","14":"purchasable","15":"product-type-simple"},"acf":[],"_links":{"self":[{"href":"https:\/\/factory.sale\/fi\/wp-json\/wp\/v2\/product\/146255","targetHints":{"allow":["GET"]}}],"collection":[{"href":"https:\/\/factory.sale\/fi\/wp-json\/wp\/v2\/product"}],"about":[{"href":"https:\/\/factory.sale\/fi\/wp-json\/wp\/v2\/types\/product"}],"replies":[{"embeddable":true,"href":"https:\/\/factory.sale\/fi\/wp-json\/wp\/v2\/comments?post=146255"}],"wp:featuredmedia":[{"embeddable":true,"href":"https:\/\/factory.sale\/fi\/wp-json\/wp\/v2\/media\/146247"}],"wp:attachment":[{"href":"https:\/\/factory.sale\/fi\/wp-json\/wp\/v2\/media?parent=146255"}],"wp:term":[{"taxonomy":"factory","embeddable":true,"href":"https:\/\/factory.sale\/fi\/wp-json\/wp\/v2\/factory?post=146255"},{"taxonomy":"free-shipment","embeddable":true,"href":"https:\/\/factory.sale\/fi\/wp-json\/wp\/v2\/free-shipment?post=146255"},{"taxonomy":"product_brand","embeddable":true,"href":"https:\/\/factory.sale\/fi\/wp-json\/wp\/v2\/product_brand?post=146255"},{"taxonomy":"product_cat","embeddable":true,"href":"https:\/\/factory.sale\/fi\/wp-json\/wp\/v2\/product_cat?post=146255"},{"taxonomy":"product_tag","embeddable":true,"href":"https:\/\/factory.sale\/fi\/wp-json\/wp\/v2\/product_tag?post=146255"}],"curies":[{"name":"wp","href":"https:\/\/api.w.org\/{rel}","templated":true}]}}