{"id":146010,"date":"2026-03-27T09:56:09","date_gmt":"2026-03-27T07:03:32","guid":{"rendered":"https:\/\/factory.sale\/?post_type=product&#038;p=146010"},"modified":"2026-03-27T10:36:53","modified_gmt":"2026-03-27T07:36:53","slug":"leppa-kontissa-kuiva-30-cm-40-cm-tai-50-cm","status":"publish","type":"product","link":"https:\/\/factory.sale\/fi\/tuote\/leppa-kontissa-kuiva-30-cm-40-cm-tai-50-cm\/","title":{"rendered":"Polttopuu lavalla &#8211; Lepp\u00e4 (kuiva), 30 cm, 40 cm tai 50 cm"},"content":{"rendered":"<p>Kuivat lepp\u00e4polttopuut lavalla ovat k\u00e4tev\u00e4 ja k\u00e4yt\u00e4nn\u00f6llinen ratkaisu kodin, saunan tai m\u00f6kin l\u00e4mmitt\u00e4miseen. Lepp\u00e4 palaa tasaisesti, tuottaa hyvin l\u00e4mp\u00f6\u00e4 ja soveltuu erinomaisesti uunien, liesien, takkojen ja saunan l\u00e4mmitykseen. Lavalla toimitettavat polttopuut on pakattu siististi, niit\u00e4 on helppo varastoida ja ne ovat vaivattomia k\u00e4sitell\u00e4.<br \/>\nSaatavana on 30 cm, 40 cm tai 50 cm pituisia halkoja, joten voit valita l\u00e4mmitysj\u00e4rjestelm\u00e4\u00e4si ja tarpeisiisi parhaiten sopivan vaihtoehdon. Kuivat polttopuut syttyv\u00e4t helpommin, palavat tehokkaammin ja tuottavat enemm\u00e4n l\u00e4mp\u00f6\u00e4 alhaisemman kosteuspitoisuutensa ansiosta.<\/p>\n<p>&nbsp;<\/p>\n<ul>\n<li>Kuivat lepp\u00e4polttopuut, lavalla 1,8m3<\/li>\n<li>Halon pituudet: 30 cm, 40 cm tai 50 cm<\/li>\n<li>Sopivat uuneihin, takkoihin, liesiin ja saunan l\u00e4mmitykseen<\/li>\n<li>Hyv\u00e4 l\u00e4mp\u00f6arvo ja puhdas palaminen<\/li>\n<li>Helppo kuljettaa ja varastoida lavalla<\/li>\n<\/ul>\n<p>&nbsp;<\/p>\n<p><img loading=\"lazy\" decoding=\"async\" class=\"alignnone wp-image-146011\" src=\"https:\/\/factory.sale\/wp-content\/uploads\/2026\/03\/Wood-heating-values-fin-factory-sale-300x210.png\" alt=\"\" width=\"589\" height=\"412\" srcset=\"https:\/\/factory.sale\/wp-content\/uploads\/2026\/03\/Wood-heating-values-fin-factory-sale-300x210.png 300w, https:\/\/factory.sale\/wp-content\/uploads\/2026\/03\/Wood-heating-values-fin-factory-sale-1024x718.png 1024w, https:\/\/factory.sale\/wp-content\/uploads\/2026\/03\/Wood-heating-values-fin-factory-sale-150x105.png 150w, https:\/\/factory.sale\/wp-content\/uploads\/2026\/03\/Wood-heating-values-fin-factory-sale-768x539.png 768w, https:\/\/factory.sale\/wp-content\/uploads\/2026\/03\/Wood-heating-values-fin-factory-sale-1536x1077.png 1536w, https:\/\/factory.sale\/wp-content\/uploads\/2026\/03\/Wood-heating-values-fin-factory-sale-600x421.png 600w, https:\/\/factory.sale\/wp-content\/uploads\/2026\/03\/Wood-heating-values-fin-factory-sale.png 1700w\" sizes=\"auto, (max-width: 589px) 100vw, 589px\" \/><\/p>\n<p>&nbsp;<\/p>\n<p><strong>Lavan mitat:<\/strong> 105 \u00d7 130 \u00d7 180 cm<\/p>\n","protected":false},"excerpt":{"rendered":"<p>Kuivat lepp\u00e4polttopuut kontissa ovat k\u00e4tev\u00e4 ja k\u00e4yt\u00e4nn\u00f6llinen ratkaisu kodin, saunan tai m\u00f6kin l\u00e4mmitt\u00e4miseen. Lepp\u00e4 palaa tasaisesti, tuottaa hyvin l\u00e4mp\u00f6\u00e4 ja soveltuu erinomaisesti uunien, liesien, takkojen ja saunan l\u00e4mmitykseen. Kontissa toimitettavat polttopuut on pakattu siististi, niit\u00e4 on helppo varastoida ja ne ovat vaivattomia k\u00e4sitell\u00e4.<\/p>\n","protected":false},"featured_media":145992,"comment_status":"open","ping_status":"closed","template":"","meta":{"_acf_changed":false},"factory":[],"free-shipment":[],"product_brand":[],"product_cat":[1325,1328],"product_tag":[],"class_list":{"0":"post-146010","1":"product","2":"type-product","3":"status-publish","4":"has-post-thumbnail","6":"product_cat-lammitys-vesi-ja-ilmanvaihto","7":"product_cat-lammitysmateriaalit","9":"first","10":"instock","11":"sale","12":"taxable","13":"shipping-taxable","14":"purchasable","15":"product-type-simple"},"acf":[],"_links":{"self":[{"href":"https:\/\/factory.sale\/fi\/wp-json\/wp\/v2\/product\/146010","targetHints":{"allow":["GET"]}}],"collection":[{"href":"https:\/\/factory.sale\/fi\/wp-json\/wp\/v2\/product"}],"about":[{"href":"https:\/\/factory.sale\/fi\/wp-json\/wp\/v2\/types\/product"}],"replies":[{"embeddable":true,"href":"https:\/\/factory.sale\/fi\/wp-json\/wp\/v2\/comments?post=146010"}],"wp:featuredmedia":[{"embeddable":true,"href":"https:\/\/factory.sale\/fi\/wp-json\/wp\/v2\/media\/145992"}],"wp:attachment":[{"href":"https:\/\/factory.sale\/fi\/wp-json\/wp\/v2\/media?parent=146010"}],"wp:term":[{"taxonomy":"factory","embeddable":true,"href":"https:\/\/factory.sale\/fi\/wp-json\/wp\/v2\/factory?post=146010"},{"taxonomy":"free-shipment","embeddable":true,"href":"https:\/\/factory.sale\/fi\/wp-json\/wp\/v2\/free-shipment?post=146010"},{"taxonomy":"product_brand","embeddable":true,"href":"https:\/\/factory.sale\/fi\/wp-json\/wp\/v2\/product_brand?post=146010"},{"taxonomy":"product_cat","embeddable":true,"href":"https:\/\/factory.sale\/fi\/wp-json\/wp\/v2\/product_cat?post=146010"},{"taxonomy":"product_tag","embeddable":true,"href":"https:\/\/factory.sale\/fi\/wp-json\/wp\/v2\/product_tag?post=146010"}],"curies":[{"name":"wp","href":"https:\/\/api.w.org\/{rel}","templated":true}]}}