{"id":145611,"date":"2026-03-24T13:12:06","date_gmt":"2026-03-24T10:37:10","guid":{"rendered":"https:\/\/factory.sale\/?post_type=product&#038;p=145611"},"modified":"2026-04-12T23:09:07","modified_gmt":"2026-04-12T20:09:07","slug":"jonas-mini-3-hengen-ulkosauna","status":"publish","type":"product","link":"https:\/\/factory.sale\/fi\/tuote\/jonas-mini-3-hengen-ulkosauna\/","title":{"rendered":"Jonas Mini 3 hengen ulkosauna"},"content":{"rendered":"<p>Jonas Mini on kompakti ja moderni ulkosauna. Se on valmistettu luonnonpuusta ja viimeistelty tyylikk\u00e4\u00e4ll\u00e4, s\u00e4\u00e4nkest\u00e4v\u00e4ll\u00e4 pinnalla, joka tuo hienostunutta hyvinvoinnin tunnetta my\u00f6s pienimpiin tiloihin.<\/p>\n<p>Se sopii t\u00e4ydellisesti terasseille tai ahtaisiin nurkkiin.<\/p>\n<p>&nbsp;<\/p>\n<ul>\n<li>Hybridisaunavaihtoehto, joka yhdist\u00e4\u00e4 perinteisen ja infrapunal\u00e4mmityksen<\/li>\n<li>Kompakti pystymallinen rakenne enint\u00e4\u00e4n 3 hengelle<\/li>\n<li>Luonnonpuinen ulkoverhous s\u00e4\u00e4nkest\u00e4v\u00e4ll\u00e4 viimeistelyll\u00e4<\/li>\n<li>Saatavana suihkullisella sis\u00e4\u00e4nk\u00e4yntialueella tai ilman<\/li>\n<li>Mitat: 1.535 \u00d7 2.16 m<\/li>\n<li>Korkeus: 2.49 m<\/li>\n<li>Selke\u00e4 ja tehokas laudej\u00e4rjestely<\/li>\n<li>Ihanteellinen pieniin puutarhoihin ja terasseille<\/li>\n<li>EPDM-kumikatto pitk\u00e4kestoiseen s\u00e4\u00e4suojaan<\/li>\n<li>T\u00e4ysin eristetty korkealaatuisilla PIR-eristepaneeleilla<\/li>\n<li>L\u00e4mm\u00f6nkest\u00e4v\u00e4 silikonijohdotus<\/li>\n<\/ul>\n<p>&nbsp;<\/p>\n<p>* Jokainen tuote valmistetaan luonnonpuusta, joten lopullinen s\u00e4vy ja puunsyy voivat poiketa hieman esimerkkikuvista.<\/p>\n<p>&nbsp;<\/p>\n<p>&nbsp;<\/p>\n<p><strong>Peruspaketti sis\u00e4lt\u00e4\u00e4:<\/strong><\/p>\n<ul>\n<li>Ulkosein\u00e4t:<br \/>\nKuusi<br \/>\nShou Sugi Ban \/ poltettu kuusi<br \/>\nL\u00e4mp\u00f6m\u00e4nty<\/li>\n<\/ul>\n<p><img loading=\"lazy\" decoding=\"async\" class=\"alignnone wp-image-140988\" src=\"https:\/\/factory.sale\/wp-content\/uploads\/2026\/03\/Wood-colour-ula-factory-sale-300x89.png\" alt=\"\" width=\"364\" height=\"108\" srcset=\"https:\/\/factory.sale\/wp-content\/uploads\/2026\/03\/Wood-colour-ula-factory-sale-300x89.png 300w, https:\/\/factory.sale\/wp-content\/uploads\/2026\/03\/Wood-colour-ula-factory-sale-150x44.png 150w, https:\/\/factory.sale\/wp-content\/uploads\/2026\/03\/Wood-colour-ula-factory-sale-600x177.png 600w, https:\/\/factory.sale\/wp-content\/uploads\/2026\/03\/Wood-colour-ula-factory-sale.png 664w\" sizes=\"auto, (max-width: 364px) 100vw, 364px\" \/><\/p>\n<ul>\n<li>Ulkov\u00e4rit: beige, harmaa, eebenpuu, tiikki, p\u00e4hkin\u00e4<\/li>\n<\/ul>\n<p><img loading=\"lazy\" decoding=\"async\" class=\"alignnone wp-image-140959\" src=\"https:\/\/factory.sale\/wp-content\/uploads\/2026\/03\/Spruce-colours-300x53.png\" alt=\"\" width=\"379\" height=\"67\" srcset=\"https:\/\/factory.sale\/wp-content\/uploads\/2026\/03\/Spruce-colours-300x53.png 300w, https:\/\/factory.sale\/wp-content\/uploads\/2026\/03\/Spruce-colours-150x26.png 150w, https:\/\/factory.sale\/wp-content\/uploads\/2026\/03\/Spruce-colours.png 342w\" sizes=\"auto, (max-width: 379px) 100vw, 379px\" \/><\/p>\n<ul>\n<li>Ulkopinnan viimeistely: viimeistelty (tehdask\u00e4sitelty), viimeistelem\u00e4t\u00f6n, viimeistelem\u00e4t\u00f6n + viimeistelyaine erikseen mukana<\/li>\n<li>Lauteet: haapa, mustalepp\u00e4, lehmus, l\u00e4mp\u00f6m\u00e4nty<\/li>\n<\/ul>\n<p><img loading=\"lazy\" decoding=\"async\" class=\"alignnone wp-image-141004\" src=\"https:\/\/factory.sale\/wp-content\/uploads\/2026\/03\/Benches-wood-type-factory-sale-300x66.png\" alt=\"\" width=\"400\" height=\"88\" srcset=\"https:\/\/factory.sale\/wp-content\/uploads\/2026\/03\/Benches-wood-type-factory-sale-300x66.png 300w, https:\/\/factory.sale\/wp-content\/uploads\/2026\/03\/Benches-wood-type-factory-sale-150x33.png 150w, https:\/\/factory.sale\/wp-content\/uploads\/2026\/03\/Benches-wood-type-factory-sale-768x170.png 768w, https:\/\/factory.sale\/wp-content\/uploads\/2026\/03\/Benches-wood-type-factory-sale-600x133.png 600w, https:\/\/factory.sale\/wp-content\/uploads\/2026\/03\/Benches-wood-type-factory-sale.png 868w\" sizes=\"auto, (max-width: 400px) 100vw, 400px\" \/><\/p>\n<ul>\n<li>Sis\u00e4sein\u00e4t: haapa kapea, haapa leve\u00e4, mustalepp\u00e4 kapea, mustalepp\u00e4 leve\u00e4<\/li>\n<\/ul>\n<p><img loading=\"lazy\" decoding=\"async\" class=\"alignnone wp-image-145601\" src=\"https:\/\/factory.sale\/wp-content\/uploads\/2026\/03\/Interior-walls-factory-sale-300x68.png\" alt=\"\" width=\"366\" height=\"83\" srcset=\"https:\/\/factory.sale\/wp-content\/uploads\/2026\/03\/Interior-walls-factory-sale-300x68.png 300w, https:\/\/factory.sale\/wp-content\/uploads\/2026\/03\/Interior-walls-factory-sale-150x34.png 150w, https:\/\/factory.sale\/wp-content\/uploads\/2026\/03\/Interior-walls-factory-sale-768x173.png 768w, https:\/\/factory.sale\/wp-content\/uploads\/2026\/03\/Interior-walls-factory-sale-600x135.png 600w, https:\/\/factory.sale\/wp-content\/uploads\/2026\/03\/Interior-walls-factory-sale.png 808w\" sizes=\"auto, (max-width: 366px) 100vw, 366px\" \/><\/p>\n<ul>\n<li>Lasityyppi: kirkas<\/li>\n<li>Oven sijainti: vasen, oikea<\/li>\n<li>Ovityyppi: vakio lasiovi<\/li>\n<\/ul>\n<p>&nbsp;<\/p>\n<p>&nbsp;<\/p>\n<p>&nbsp;<\/p>\n<p><strong>LIS\u00c4VAIHTOEHDOT:<\/strong><\/p>\n<ul>\n<li>Lasityyppi:<br \/>\nKirkas +0 \u20ac<br \/>\nS\u00e4vytetty pronssi +70.20 \u20ac<br \/>\nMusta Planibel +93.60 \u20ac<br \/>\nT\u00e4yspeili +140.40 \u20ac<\/li>\n<\/ul>\n<p><img loading=\"lazy\" decoding=\"async\" class=\"alignnone wp-image-140991\" src=\"https:\/\/factory.sale\/wp-content\/uploads\/2026\/03\/Glass-options-factory-sale-300x64.png\" alt=\"\" width=\"478\" height=\"102\" srcset=\"https:\/\/factory.sale\/wp-content\/uploads\/2026\/03\/Glass-options-factory-sale-300x64.png 300w, https:\/\/factory.sale\/wp-content\/uploads\/2026\/03\/Glass-options-factory-sale-150x32.png 150w, https:\/\/factory.sale\/wp-content\/uploads\/2026\/03\/Glass-options-factory-sale-600x127.png 600w, https:\/\/factory.sale\/wp-content\/uploads\/2026\/03\/Glass-options-factory-sale.png 736w\" sizes=\"auto, (max-width: 478px) 100vw, 478px\" \/><\/p>\n<ul>\n<li>Sis\u00e4sein\u00e4t:<br \/>\nKuusi kapea +0 \u20ac<br \/>\nKuusi leve\u00e4 +0 \u20ac<br \/>\nHaapa kapea +702.00 \u20ac<br \/>\nHaapa leve\u00e4 +702.00 \u20ac<br \/>\nMustalepp\u00e4 kapea +702.00 \u20ac<br \/>\nMustalepp\u00e4 leve\u00e4 +702.00 \u20ac<br \/>\nL\u00e4mp\u00f6m\u00e4nty kapea +234.00 \u20ac<br \/>\nL\u00e4mp\u00f6m\u00e4nty leve\u00e4 +234.00 \u20ac<br \/>\nPremium l\u00e4mp\u00f6haapa kapea +789.75 \u20ac<br \/>\nPremium l\u00e4mp\u00f6haapa leve\u00e4 +789.75 \u20ac<\/li>\n<li>Premium-sein\u00e4 selk\u00e4nojan takana:<br \/>\nSquare Black +538.20 \u20ac<br \/>\nRoyal Black +538.20 \u20ac<br \/>\nRoyal Thermo Black +538.20 \u20ac<br \/>\nHexa S Thermo +538.20 \u20ac<br \/>\nRhombus 3D Light +666.90 \u20ac<\/li>\n<\/ul>\n<p><img loading=\"lazy\" decoding=\"async\" class=\"alignnone wp-image-145604\" src=\"https:\/\/factory.sale\/wp-content\/uploads\/2026\/03\/Premium-Wall-behind-the-Backrest-factory-sale-300x57.png\" alt=\"\" width=\"484\" height=\"92\" srcset=\"https:\/\/factory.sale\/wp-content\/uploads\/2026\/03\/Premium-Wall-behind-the-Backrest-factory-sale-300x57.png 300w, https:\/\/factory.sale\/wp-content\/uploads\/2026\/03\/Premium-Wall-behind-the-Backrest-factory-sale-150x29.png 150w, https:\/\/factory.sale\/wp-content\/uploads\/2026\/03\/Premium-Wall-behind-the-Backrest-factory-sale-768x147.png 768w, https:\/\/factory.sale\/wp-content\/uploads\/2026\/03\/Premium-Wall-behind-the-Backrest-factory-sale-600x115.png 600w, https:\/\/factory.sale\/wp-content\/uploads\/2026\/03\/Premium-Wall-behind-the-Backrest-factory-sale.png 1024w\" sizes=\"auto, (max-width: 484px) 100vw, 484px\" \/><\/p>\n<ul>\n<li>Lauteiden ja selk\u00e4nojan puumateriaali:<br \/>\nHaapa +0 \u20ac<br \/>\nMustalepp\u00e4 +0 \u20ac<br \/>\nLehmus +0 \u20ac<br \/>\nL\u00e4mp\u00f6m\u00e4nty +0 \u20ac<br \/>\nPremium l\u00e4mp\u00f6haapa +292.50 \u20ac<\/li>\n<li>Selk\u00e4nojan tyyppi:<br \/>\nVakio +0 \u20ac<br \/>\nFire Effect +210.60 \u20ac<\/li>\n<li>Selk\u00e4nojan kaiverrus:<br \/>\nOma teksti +29.25 \u20ac<\/li>\n<li>S\u00e4hk\u00f6kiukaat:<br \/>\nHarvia The Wall E 6 kW +421.20 \u20ac<br \/>\nHarvia Spirit 6 kW (Wi-Fi sis\u00e4ltyy hintaan) +889.20 \u20ac<br \/>\nHuum Drop 6 kW (Wi-Fi saatavana lis\u00e4hintaan) +631.80 \u20ac<\/li>\n<li>Turvakaide kiukaan ymp\u00e4rille:<br \/>\nHarvia The Wall E 6 kW +58.50 \u20ac<br \/>\nHarvia Spirit 6 kW +234.00 \u20ac<br \/>\nHuum Drop 6 kW +175.50 \u20ac<\/li>\n<li>Ulkovalaistus:<br \/>\nOutdoor LED +292.50 \u20ac<br \/>\nOutdoor RGB LED +351.00 \u20ac<\/li>\n<li>Sis\u00e4valaistus (selk\u00e4nojien alla):<br \/>\nStandard LED +175.50 \u20ac<br \/>\nRGB LED +292.50 \u20ac<br \/>\nTherapy Pulse LED +327.60 \u20ac<\/li>\n<li>Sis\u00e4valaistus (lauteiden alla):<br \/>\nStandard LED +175.50 \u20ac<br \/>\nRGB LED +292.50 \u20ac<br \/>\nTherapy Pulse LED +327.60 \u20ac<\/li>\n<li>Sis\u00e4valaistus (selk\u00e4nojien ja lauteiden alla):<br \/>\nStandard LED +292.50 \u20ac<br \/>\nRGB LED +409.50 \u20ac<br \/>\nTherapy Pulse LED +444.60 \u20ac<\/li>\n<li>Saunan \u00e4\u00e4nij\u00e4rjestelm\u00e4:<br \/>\nStandard, valkoinen +526.50 \u20ac<br \/>\nModern, valkoinen +889.20 \u20ac<\/li>\n<\/ul>\n<p>&nbsp;<\/p>\n<p>&nbsp;<\/p>\n<p><strong>Tuotteen perushinta \u2013 osina toimitettava sauna:<\/strong><\/p>\n<ul>\n<li>Kuusi 5265.00\u20ac<\/li>\n<li>Shou Sugi Ban (poltettu kuusi) 5557.50\u20ac<\/li>\n<li>L\u00e4mp\u00f6m\u00e4nty 5616.00\u20ac<\/li>\n<\/ul>\n<p>&nbsp;<\/p>\n<p>&nbsp;<\/p>\n<p><strong>Tuotteen perushinta \u2013 valmiiksi koottu sauna:<\/strong><\/p>\n<ul>\n<li>Kuusi 5967.00\u20ac<\/li>\n<li>Shou Sugi Ban (poltettu kuusi) 6259.50\u20ac<\/li>\n<li>L\u00e4mp\u00f6m\u00e4nty 6318.00\u20ac<\/li>\n<\/ul>\n","protected":false},"excerpt":{"rendered":"<p>Jonas Mini on kompakti ja moderni ulkosauna. Se on valmistettu luonnonpuusta ja viimeistelty tyylikk\u00e4\u00e4ll\u00e4, s\u00e4\u00e4nkest\u00e4v\u00e4ll\u00e4 pinnalla, joka tuo hienostunutta hyvinvoinnin tunnetta my\u00f6s pienimpiin tiloihin.<\/p>\n<p>Se sopii t\u00e4ydellisesti terasseille tai ahtaisiin nurkkiin.<\/p>\n<p>&nbsp;<\/p>\n","protected":false},"featured_media":145578,"comment_status":"open","ping_status":"closed","template":"","meta":{"_acf_changed":false},"factory":[5046],"free-shipment":[],"product_brand":[],"product_cat":[1317,2258],"product_tag":[2105,2106],"class_list":{"0":"post-145611","1":"product","2":"type-product","3":"status-publish","4":"has-post-thumbnail","6":"factory-celsium","7":"product_cat-sauna-fi","8":"product_cat-saunakuutiot","9":"product_tag-outdoor-sauna-fi","10":"product_tag-sauna-fi","12":"first","13":"instock","14":"sale","15":"taxable","16":"shipping-taxable","17":"purchasable","18":"product-type-variable"},"acf":[],"_links":{"self":[{"href":"https:\/\/factory.sale\/fi\/wp-json\/wp\/v2\/product\/145611","targetHints":{"allow":["GET"]}}],"collection":[{"href":"https:\/\/factory.sale\/fi\/wp-json\/wp\/v2\/product"}],"about":[{"href":"https:\/\/factory.sale\/fi\/wp-json\/wp\/v2\/types\/product"}],"replies":[{"embeddable":true,"href":"https:\/\/factory.sale\/fi\/wp-json\/wp\/v2\/comments?post=145611"}],"wp:featuredmedia":[{"embeddable":true,"href":"https:\/\/factory.sale\/fi\/wp-json\/wp\/v2\/media\/145578"}],"wp:attachment":[{"href":"https:\/\/factory.sale\/fi\/wp-json\/wp\/v2\/media?parent=145611"}],"wp:term":[{"taxonomy":"factory","embeddable":true,"href":"https:\/\/factory.sale\/fi\/wp-json\/wp\/v2\/factory?post=145611"},{"taxonomy":"free-shipment","embeddable":true,"href":"https:\/\/factory.sale\/fi\/wp-json\/wp\/v2\/free-shipment?post=145611"},{"taxonomy":"product_brand","embeddable":true,"href":"https:\/\/factory.sale\/fi\/wp-json\/wp\/v2\/product_brand?post=145611"},{"taxonomy":"product_cat","embeddable":true,"href":"https:\/\/factory.sale\/fi\/wp-json\/wp\/v2\/product_cat?post=145611"},{"taxonomy":"product_tag","embeddable":true,"href":"https:\/\/factory.sale\/fi\/wp-json\/wp\/v2\/product_tag?post=145611"}],"curies":[{"name":"wp","href":"https:\/\/api.w.org\/{rel}","templated":true}]}}