{"id":145571,"date":"2026-03-24T01:34:32","date_gmt":"2026-03-24T08:33:09","guid":{"rendered":"https:\/\/factory.sale\/?post_type=product&#038;p=145571"},"modified":"2026-04-23T11:34:32","modified_gmt":"2026-04-23T08:34:32","slug":"herkus-grand-6-hengen-ulkosauna","status":"publish","type":"product","link":"https:\/\/factory.sale\/fi\/tuote\/herkus-grand-6-hengen-ulkosauna\/","title":{"rendered":"Herkus Grand 6 hengen ulkosauna"},"content":{"rendered":"<p>Grand-malli noudattaa samaa py\u00f6ristetty\u00e4 kolmiomuotoa kuin <a href=\"https:\/\/factory.sale\/fi\/tuote\/herkus-classic-6-hengen-ulkosauna\/\" target=\"_blank\" rel=\"noopener\">Herkus Classic<\/a>, mutta siin\u00e4 on ulkoinen eteistila, joka yhdist\u00e4\u00e4 modernin muotoilun ajattomaan eleganssiin. T\u00e4m\u00e4 lis\u00e4tila ei ainoastaan \u200b\u200bparanna mukavuutta, vaan my\u00f6s nostaa yleist\u00e4 estetiikkaa ja luo hienostuneen mutta k\u00e4yt\u00e4nn\u00f6llisen saunakokemuksen.<\/p>\n<p>&nbsp;<\/p>\n<ul>\n<li>Suurennettu pisaranmuotoinen muotoilu integroidulla terassilla<\/li>\n<li>Suunniteltu 6 hengelle<\/li>\n<li>Mitat: 2,78 \u00d7 2,37 m<\/li>\n<li>Korkeus: 2,43 m<\/li>\n<li>Sein\u00e4n paksuus 44 mm (l\u00e4mp\u00f6puu 42 mm)<\/li>\n<li>Laajennettu sis\u00e4\u00e4nk\u00e4yntitila<\/li>\n<li>Kaareva sis\u00e4tila tasapainoisen l\u00e4mm\u00f6nkierron takaamiseksi<\/li>\n<\/ul>\n<p>&nbsp;<\/p>\n<p>* Jokainen tuote valmistetaan luonnonpuusta, joten lopullinen v\u00e4ri ja puun kuvio voivat poiketa hieman esimerkkikuvista.<\/p>\n<p><strong>Peruspaketti sis\u00e4lt\u00e4\u00e4:<\/strong><\/p>\n<ul>\n<li>Ulkosein\u00e4t<br \/>\nKuusi<br \/>\nUlkov\u00e4rit: beige, harmaa, eebenpuu, tiikki, p\u00e4hkin\u00e4<\/li>\n<\/ul>\n<p><img loading=\"lazy\" decoding=\"async\" class=\"alignnone wp-image-140959\" src=\"https:\/\/factory.sale\/wp-content\/uploads\/2026\/03\/Spruce-colours-300x53.png\" alt=\"\" width=\"379\" height=\"67\" srcset=\"https:\/\/factory.sale\/wp-content\/uploads\/2026\/03\/Spruce-colours-300x53.png 300w, https:\/\/factory.sale\/wp-content\/uploads\/2026\/03\/Spruce-colours-150x26.png 150w, https:\/\/factory.sale\/wp-content\/uploads\/2026\/03\/Spruce-colours.png 342w\" sizes=\"auto, (max-width: 379px) 100vw, 379px\" \/><\/p>\n<ul>\n<li>Lauteet: haapa, mustalepp\u00e4, lehmus, l\u00e4mp\u00f6m\u00e4nty<\/li>\n<\/ul>\n<p><img loading=\"lazy\" decoding=\"async\" class=\"alignnone wp-image-141004\" src=\"https:\/\/factory.sale\/wp-content\/uploads\/2026\/03\/Benches-wood-type-factory-sale-300x66.png\" alt=\"\" width=\"400\" height=\"88\" srcset=\"https:\/\/factory.sale\/wp-content\/uploads\/2026\/03\/Benches-wood-type-factory-sale-300x66.png 300w, https:\/\/factory.sale\/wp-content\/uploads\/2026\/03\/Benches-wood-type-factory-sale-150x33.png 150w, https:\/\/factory.sale\/wp-content\/uploads\/2026\/03\/Benches-wood-type-factory-sale-768x170.png 768w, https:\/\/factory.sale\/wp-content\/uploads\/2026\/03\/Benches-wood-type-factory-sale-600x133.png 600w, https:\/\/factory.sale\/wp-content\/uploads\/2026\/03\/Benches-wood-type-factory-sale.png 868w\" sizes=\"auto, (max-width: 400px) 100vw, 400px\" \/><\/p>\n<ul>\n<li>Etusein\u00e4<\/li>\n<li>Puinen etusein\u00e4 lasiovella<\/li>\n<li>Katto: mustat bitumipaanut, musta pressukate<\/li>\n<li>Lasivaihtoehto: kirkas<\/li>\n<li>Katon jatke: vakio, pidennetty<\/li>\n<\/ul>\n<p><img loading=\"lazy\" decoding=\"async\" class=\"alignnone wp-image-140998\" src=\"https:\/\/factory.sale\/wp-content\/uploads\/2026\/03\/Roof-extension-standard-factory-sale-1.png\" alt=\"\" width=\"189\" height=\"198\" srcset=\"https:\/\/factory.sale\/wp-content\/uploads\/2026\/03\/Roof-extension-standard-factory-sale-1.png 266w, https:\/\/factory.sale\/wp-content\/uploads\/2026\/03\/Roof-extension-standard-factory-sale-1-144x150.png 144w\" sizes=\"auto, (max-width: 189px) 100vw, 189px\" \/> <img loading=\"lazy\" decoding=\"async\" class=\"alignnone wp-image-141001\" src=\"https:\/\/factory.sale\/wp-content\/uploads\/2026\/03\/Roof-extension-standard-factory-sale-2-274x300.png\" alt=\"\" width=\"193\" height=\"212\" srcset=\"https:\/\/factory.sale\/wp-content\/uploads\/2026\/03\/Roof-extension-standard-factory-sale-2-274x300.png 274w, https:\/\/factory.sale\/wp-content\/uploads\/2026\/03\/Roof-extension-standard-factory-sale-2-137x150.png 137w, https:\/\/factory.sale\/wp-content\/uploads\/2026\/03\/Roof-extension-standard-factory-sale-2.png 278w\" sizes=\"auto, (max-width: 193px) 100vw, 193px\" \/><\/p>\n<ul>\n<li>Ulkopenkkien tyyppi: tyyppi A suora (sis\u00e4ltyy hintaan), tyyppi B kaareva +141.57 \u20ac<\/li>\n<\/ul>\n<p><img loading=\"lazy\" decoding=\"async\" class=\"alignnone wp-image-145557\" src=\"https:\/\/factory.sale\/wp-content\/uploads\/2026\/03\/Herkus-Grand-Outdoor-Sauna-for-6-people-factory-sale-benches-300x284.png\" alt=\"\" width=\"254\" height=\"240\" srcset=\"https:\/\/factory.sale\/wp-content\/uploads\/2026\/03\/Herkus-Grand-Outdoor-Sauna-for-6-people-factory-sale-benches-300x284.png 300w, https:\/\/factory.sale\/wp-content\/uploads\/2026\/03\/Herkus-Grand-Outdoor-Sauna-for-6-people-factory-sale-benches-150x142.png 150w, https:\/\/factory.sale\/wp-content\/uploads\/2026\/03\/Herkus-Grand-Outdoor-Sauna-for-6-people-factory-sale-benches.png 334w\" sizes=\"auto, (max-width: 254px) 100vw, 254px\" \/> <img loading=\"lazy\" decoding=\"async\" class=\"alignnone wp-image-145560\" src=\"https:\/\/factory.sale\/wp-content\/uploads\/2026\/03\/Herkus-Grand-Outdoor-Sauna-for-6-people-factory-sale-benches-2-300x293.png\" alt=\"\" width=\"246\" height=\"240\" srcset=\"https:\/\/factory.sale\/wp-content\/uploads\/2026\/03\/Herkus-Grand-Outdoor-Sauna-for-6-people-factory-sale-benches-2-300x293.png 300w, https:\/\/factory.sale\/wp-content\/uploads\/2026\/03\/Herkus-Grand-Outdoor-Sauna-for-6-people-factory-sale-benches-2-150x146.png 150w, https:\/\/factory.sale\/wp-content\/uploads\/2026\/03\/Herkus-Grand-Outdoor-Sauna-for-6-people-factory-sale-benches-2.png 340w\" sizes=\"auto, (max-width: 246px) 100vw, 246px\" \/><\/p>\n<p>&nbsp;<\/p>\n<p>&nbsp;<\/p>\n<p><strong>LIS\u00c4VAIHTOEHDOT:<\/strong><\/p>\n<ul>\n<li>Ulkosein\u00e4t:<br \/>\nKuusi (sis\u00e4ltyy hintaan)<br \/>\nShou Sugi Ban \/ poltettu kuusi \u2013 flat pack -hinta 4405.05 \u20ac<br \/>\nL\u00e4mp\u00f6m\u00e4nty \u2013 flat pack -hinta 4492.80 \u20ac<\/li>\n<\/ul>\n<p><img loading=\"lazy\" decoding=\"async\" class=\"alignnone wp-image-140988\" src=\"https:\/\/factory.sale\/wp-content\/uploads\/2026\/03\/Wood-colour-ula-factory-sale-300x89.png\" alt=\"\" width=\"364\" height=\"108\" srcset=\"https:\/\/factory.sale\/wp-content\/uploads\/2026\/03\/Wood-colour-ula-factory-sale-300x89.png 300w, https:\/\/factory.sale\/wp-content\/uploads\/2026\/03\/Wood-colour-ula-factory-sale-150x44.png 150w, https:\/\/factory.sale\/wp-content\/uploads\/2026\/03\/Wood-colour-ula-factory-sale-600x177.png 600w, https:\/\/factory.sale\/wp-content\/uploads\/2026\/03\/Wood-colour-ula-factory-sale.png 664w\" sizes=\"auto, (max-width: 364px) 100vw, 364px\" \/><\/p>\n<ul>\n<li>Lauteet:<br \/>\nPremium l\u00e4mp\u00f6haapa +234 \u20ac<\/li>\n<\/ul>\n<p><img loading=\"lazy\" decoding=\"async\" class=\"alignnone wp-image-141007\" src=\"https:\/\/factory.sale\/wp-content\/uploads\/2026\/03\/Premium-thermo-aspen-factory-sale.png\" alt=\"\" width=\"126\" height=\"124\" srcset=\"https:\/\/factory.sale\/wp-content\/uploads\/2026\/03\/Premium-thermo-aspen-factory-sale.png 186w, https:\/\/factory.sale\/wp-content\/uploads\/2026\/03\/Premium-thermo-aspen-factory-sale-150x147.png 150w\" sizes=\"auto, (max-width: 126px) 100vw, 126px\" \/><\/p>\n<ul>\n<li>Etusein\u00e4:<br \/>\nPuinen etusein\u00e4 lasiovella +0 \u20ac<br \/>\nKokolasinen etusein\u00e4 lasiovella +719.55 \u20ac<\/li>\n<\/ul>\n<p><img loading=\"lazy\" decoding=\"async\" class=\"alignnone wp-image-140991\" src=\"https:\/\/factory.sale\/wp-content\/uploads\/2026\/03\/Glass-options-factory-sale-300x64.png\" alt=\"\" width=\"478\" height=\"102\" srcset=\"https:\/\/factory.sale\/wp-content\/uploads\/2026\/03\/Glass-options-factory-sale-300x64.png 300w, https:\/\/factory.sale\/wp-content\/uploads\/2026\/03\/Glass-options-factory-sale-150x32.png 150w, https:\/\/factory.sale\/wp-content\/uploads\/2026\/03\/Glass-options-factory-sale-600x127.png 600w, https:\/\/factory.sale\/wp-content\/uploads\/2026\/03\/Glass-options-factory-sale.png 736w\" sizes=\"auto, (max-width: 478px) 100vw, 478px\" \/><\/p>\n<ul>\n<li>Takasein\u00e4:<br \/>\nT\u00e4yspuinen viimeistely +0 \u20ac<br \/>\nPuolipanoraamaikkuna +526.50 \u20ac<\/li>\n<li>Lasityyppi \u2013 vain lasiovi:<br \/>\nKirkas +0 \u20ac<br \/>\nS\u00e4vytetty pronssi +29.25 \u20ac<br \/>\nMusta Planibel +58.50 \u20ac<br \/>\nT\u00e4yspeili +81.90 \u20ac<\/li>\n<li>Lasityyppi \u2013 kokolasinen etusein\u00e4 lasiovella:<br \/>\nKirkas +0 \u20ac<br \/>\nS\u00e4vytetty pronssi +117.00 \u20ac<br \/>\nMusta Planibel +257.40 \u20ac<br \/>\nT\u00e4yspeili +409.50 \u20ac<\/li>\n<li>Lasityyppi \u2013 puolipanoraamaikkuna takasein\u00e4ss\u00e4:<br \/>\nKirkas +0 \u20ac<br \/>\nS\u00e4vytetty pronssi +117.00 \u20ac<br \/>\nMusta Planibel +257.40 \u20ac<br \/>\nT\u00e4yspeili +409.50 \u20ac<\/li>\n<li>Lauteiden ja selk\u00e4nojan puumateriaali:<br \/>\nHaapa +0 \u20ac<br \/>\nMustalepp\u00e4 +0 \u20ac<br \/>\nLehmus +0 \u20ac<br \/>\nL\u00e4mp\u00f6m\u00e4nty +175.50 \u20ac<br \/>\nPremium l\u00e4mp\u00f6haapa +234.00 \u20ac<\/li>\n<li>Selk\u00e4nojan tyyppi:<br \/>\nStandardi +0 \u20ac<br \/>\nFire Effect +280.80 \u20ac<\/li>\n<li>Selk\u00e4nojan kaiverrus:<br \/>\nOma teksti +29.25 \u20ac<\/li>\n<li>S\u00e4hk\u00f6kiukaat:<br \/>\nHarvia Cilindro 10.8 kW Steel +1006.20 \u20ac<br \/>\nHarvia Legend 10.8 kW Black LCD Wi-Fi-yhteydell\u00e4 +1287.00 \u20ac<br \/>\nHuum Hive mini 10.5 kW +1380.60 \u20ac<\/li>\n<li>Turvakaide kiukaan ymp\u00e4rille:<br \/>\nHarvia Cilindro 10.8 kW Steel +351.00 \u20ac<br \/>\nHarvia Legend 10.8 kW Black LCD Wi-Fi-yhteydell\u00e4 +409.50 \u20ac<br \/>\nHuum Hive mini 10.5 kW +234.00 \u20ac<\/li>\n<li>Puukiuas (sis\u00e4sy\u00f6tt\u00f6):<br \/>\nHarvia M3 16.5 kW +491.40 \u20ac<br \/>\nHarvia Pro 20 24 kW +865.80 \u20ac<br \/>\nHarvia Legend 150 16 kW +924.30 \u20ac<br \/>\nHuum HIVE Wood 13 +1228.50 \u20ac<\/li>\n<li>Puukiuas (ulkosy\u00f6tt\u00f6):<br \/>\nHarvia M3 16.5 kW (ulkosy\u00f6tt\u00f6) +737.10 \u20ac<br \/>\nHarvia Pro 20 24 kW (ulkosy\u00f6tt\u00f6) +1049.49 \u20ac<br \/>\nHarvia Legend 150 16 kW (ulkosy\u00f6tt\u00f6) +1184.04 \u20ac<\/li>\n<li>Savupiippu puukiukaalle:<br \/>\nHarvia savupiippu (ruostumaton ter\u00e4s) +458.64 \u20ac<br \/>\nHarvia savupiippu (musta viimeistely) +614.25 \u20ac<br \/>\nPerussavupiippu +335.79 \u20ac<\/li>\n<li>Ulkovalaistus:<br \/>\nOutdoor LED +292.50 \u20ac<br \/>\nOutdoor RGB LED +351.00 \u20ac<\/li>\n<li>Sis\u00e4valaistus (selk\u00e4nojien alla):<br \/>\nStandard LED +175.50 \u20ac<br \/>\nRGB LED +292.50 \u20ac<br \/>\nTherapy Pulse LED +327.60 \u20ac<\/li>\n<li>Sis\u00e4valaistus (lauteiden alla):<br \/>\nStandard LED +175.50 \u20ac<br \/>\nRGB LED +292.50 \u20ac<br \/>\nTherapy Pulse LED +327.60 \u20ac<\/li>\n<li>Sis\u00e4valaistus (selk\u00e4nojien ja lauteiden alla):<br \/>\nStandard LED +292.50 \u20ac<br \/>\nRGB LED +409.50 \u20ac<br \/>\nTherapy Pulse LED +444.60 \u20ac<\/li>\n<\/ul>\n<p>&nbsp;<\/p>\n<p><strong>Tuotteen perushinta \u2013 osina toimitettava sauna:<\/strong><\/p>\n<ul>\n<li>Kuusi 3828,50\u20ac<\/li>\n<li>Shou Sugi Ban (poltettu kuusi) 4788 \u20ac<\/li>\n<li>L\u00e4mp\u00f6m\u00e4nty 4892,50 \u20ac<\/li>\n<\/ul>\n<p>&nbsp;<\/p>\n<p><strong>Tuotteen perushinta \u2013 valmiiksi koottu sauna:<\/strong><\/p>\n<ul>\n<li>Kuusi 4398,50 \u20ac<\/li>\n<li>Shou Sugi Ban (poltettu kuusi) 5358 \u20ac<\/li>\n<li>L\u00e4mp\u00f6m\u00e4nty 5690,50 \u20ac<\/li>\n<\/ul>\n<p>&nbsp;<\/p>\n<p>&nbsp;<\/p>\n","protected":false},"excerpt":{"rendered":"<p>Grand-malli noudattaa samaa py\u00f6ristetty\u00e4 kolmiomuotoa kuin <a href=\"https:\/\/factory.sale\/fi\/tuote\/herkus-classic-6-hengen-ulkosauna\/\" target=\"_blank\" rel=\"noopener\">Herkus Classic<\/a>, mutta siin\u00e4 on ulkoinen eteistila, joka yhdist\u00e4\u00e4 modernin muotoilun ajattomaan eleganssiin. T\u00e4m\u00e4 lis\u00e4tila ei ainoastaan \u200b\u200bparanna mukavuutta, vaan my\u00f6s nostaa yleist\u00e4 estetiikkaa ja luo hienostuneen mutta k\u00e4yt\u00e4nn\u00f6llisen saunakokemuksen.<\/p>\n","protected":false},"featured_media":145530,"comment_status":"open","ping_status":"closed","template":"","meta":{"_acf_changed":false},"factory":[5046],"free-shipment":[],"product_brand":[],"product_cat":[1317,1644],"product_tag":[2105,2106],"class_list":{"0":"post-145571","1":"product","2":"type-product","3":"status-publish","4":"has-post-thumbnail","6":"factory-celsium","7":"product_cat-sauna-fi","8":"product_cat-tynnyrisauna","9":"product_tag-outdoor-sauna-fi","10":"product_tag-sauna-fi","12":"first","13":"instock","14":"sale","15":"taxable","16":"shipping-taxable","17":"purchasable","18":"product-type-simple"},"acf":[],"_links":{"self":[{"href":"https:\/\/factory.sale\/fi\/wp-json\/wp\/v2\/product\/145571","targetHints":{"allow":["GET"]}}],"collection":[{"href":"https:\/\/factory.sale\/fi\/wp-json\/wp\/v2\/product"}],"about":[{"href":"https:\/\/factory.sale\/fi\/wp-json\/wp\/v2\/types\/product"}],"replies":[{"embeddable":true,"href":"https:\/\/factory.sale\/fi\/wp-json\/wp\/v2\/comments?post=145571"}],"wp:featuredmedia":[{"embeddable":true,"href":"https:\/\/factory.sale\/fi\/wp-json\/wp\/v2\/media\/145530"}],"wp:attachment":[{"href":"https:\/\/factory.sale\/fi\/wp-json\/wp\/v2\/media?parent=145571"}],"wp:term":[{"taxonomy":"factory","embeddable":true,"href":"https:\/\/factory.sale\/fi\/wp-json\/wp\/v2\/factory?post=145571"},{"taxonomy":"free-shipment","embeddable":true,"href":"https:\/\/factory.sale\/fi\/wp-json\/wp\/v2\/free-shipment?post=145571"},{"taxonomy":"product_brand","embeddable":true,"href":"https:\/\/factory.sale\/fi\/wp-json\/wp\/v2\/product_brand?post=145571"},{"taxonomy":"product_cat","embeddable":true,"href":"https:\/\/factory.sale\/fi\/wp-json\/wp\/v2\/product_cat?post=145571"},{"taxonomy":"product_tag","embeddable":true,"href":"https:\/\/factory.sale\/fi\/wp-json\/wp\/v2\/product_tag?post=145571"}],"curies":[{"name":"wp","href":"https:\/\/api.w.org\/{rel}","templated":true}]}}