{"id":145472,"date":"2026-03-23T16:52:58","date_gmt":"2026-03-23T13:53:00","guid":{"rendered":"https:\/\/factory.sale\/?post_type=product&#038;p=145472"},"modified":"2026-03-23T17:24:45","modified_gmt":"2026-03-23T14:24:45","slug":"icon-160-sauna-lamposeinilla-tayslasitetulla","status":"publish","type":"product","link":"https:\/\/factory.sale\/fi\/tuote\/icon-160-sauna-lamposeinilla-tayslasitetulla\/","title":{"rendered":"ICON 160 sauna l\u00e4mp\u00f6seinill\u00e4, t\u00e4yslasitetulla"},"content":{"rendered":"<p>Icon 160 \u2013 kompakti mutta ylellinen sauna<\/p>\n<p>Icon 160 on valmistettu laadukkaista termok\u00e4sitellyist\u00e4 puuseinist\u00e4, jotka takaavat saunan vakauden ja kest\u00e4vyyden sek\u00e4 tarjoavat turvallisuutta allergikoille, jotka eiv\u00e4t voi k\u00e4ytt\u00e4\u00e4 tavanomaisia puutuotteita. Pysy terveen\u00e4 ja aloita saunan k\u00e4ytt\u00f6 jo t\u00e4n\u00e4\u00e4n!<\/p>\n<p><strong>Tekniset tiedot:<\/strong><\/p>\n<ul>\n<li>Kokonaispituus: 1600 mm<\/li>\n<li>Kokonaiskorkeus: 2100 mm<\/li>\n<li>Kokonaisleveys: 2050 mm<\/li>\n<li>Sivusein\u00e4t: 42 mm<\/li>\n<li>P\u00e4\u00e4tysein\u00e4t: 28 mm<\/li>\n<li>Etusein\u00e4: karkaistu lasi 8 mm (pronssin s\u00e4vy)<\/li>\n<li>Materiaali: l\u00e4mp\u00f6puu, m\u00e4nty<\/li>\n<li>Saunan lauteet: l\u00e4mp\u00f6puu, haapa<\/li>\n<li>Saunan laiturin syvyys: 520 mm<\/li>\n<li>Lasiovi: 1690 x 590 mm, karkaistu lasi 8 mm (pronssin s\u00e4vy)<\/li>\n<li>Katon v\u00e4rit: ruskea, vihre\u00e4, musta, punainen<\/li>\n<li>Kapasiteetti: 3 henkil\u00f6\u00e4<\/li>\n<\/ul>\n<p>SUUNNITTELU<br \/>\nKuutiomainen muotoilu sopii t\u00e4ydellisesti my\u00f6s moderneihin puutarhoihin. T\u00e4m\u00e4 uusi muotoilu antaa paremman saunakokemuksen, koska sen takana on enemm\u00e4n tilaa kuin tavallisessa tynnyrisaunassa. Korotetut, kaksitasoiset penkit tarjoavat korkeamman istumapaikan, jolloin l\u00e4mp\u00f6 jakautuu paremmin saunojille.<\/p>\n<p>KOMPAKTI JA HELPOSTI ASENNETTAVA<br \/>\nIcon 160 on suunniteltu niin, ett\u00e4 se voidaan sijoittaa pieniin puutarhoihin ilman kalliita pohjat\u00f6it\u00e4. Malli on helppo koota, ja vaikka se on kompakti malli, siihen mahtuu silti 4 henkil\u00f6\u00e4 yht\u00e4 aikaa saunomaan.<\/p>\n<p>JOUSTAVUUS JA TURVALLISUUS<br \/>\nKuutiomaisen muotonsa ansiosta Icon-sauna sopii sek\u00e4 s\u00e4hk\u00f6- ett\u00e4 puul\u00e4mmitteisiin kiukaisiin. Kiuas voidaan aina sijoittaa saunan p\u00e4\u00e4h\u00e4n, jolloin k\u00e4ytt\u00e4j\u00e4n on aina turvallista poistua toiselta puolelta ilman riski\u00e4.<\/p>\n<p>TERMOPUUN OMINAISUUDET JA VALMISTUS<br \/>\nL\u00e4mp\u00f6puuk\u00e4sittelyn aikana puu kuumennetaan 180 &#8211; 230 C l\u00e4mp\u00f6tilaan ilman happea. T\u00e4ll\u00f6in puun kyky ime\u00e4 vett\u00e4 heikkenee huomattavasti ja puuta hajottavat sienet ja bakteerit menett\u00e4v\u00e4t ravintol\u00e4hteens\u00e4. T\u00e4m\u00e4 lis\u00e4\u00e4 puun kest\u00e4vyytt\u00e4.<\/p>\n<ul>\n<li>Erityisen pitk\u00e4 k\u00e4ytt\u00f6ik\u00e4<\/li>\n<li>Lahonkest\u00e4v\u00e4<\/li>\n<li>Paisumisen ja kutistumisen v\u00e4heneminen<\/li>\n<li>Halkemien ja lastujen muodostumisen v\u00e4heneminen<\/li>\n<li>Puun mittapysyvyys<\/li>\n<li>Parannettu kantokyky<\/li>\n<li>Veden imeytyminen v\u00e4henee huomattavasti<\/li>\n<\/ul>\n<p><strong>Paketti sis\u00e4lt\u00e4\u00e4:<\/strong><\/p>\n<ul>\n<li>Pohjakehykset<\/li>\n<li>Sivu- ja takasein\u00e4t<\/li>\n<li>Karkaistu lasiovi kahvalla ja saranoilla<\/li>\n<li>Karkaistusta lasista valmistettu etusein\u00e4<\/li>\n<li>Saunan lauteet<\/li>\n<li>Kattomateriaali (bitumipaanu)<\/li>\n<li>Viimeistelynauhat<\/li>\n<li>Lattia<\/li>\n<li>Kiuassuoja<\/li>\n<li>Ruostumattomasta ter\u00e4ksest\u00e4 valmistetut kiristystangot<\/li>\n<li>Asennussarja (ruuvit ja kiinnikkeet)<\/li>\n<li>Tuuletusritil\u00e4t<\/li>\n<li>Tarkat asennusohjeet<\/li>\n<\/ul>\n<p>Pakkaus: 1 lava, mitat n. 200 x 120 x 120 cm, paino noin 750 kg<\/p>\n<p>HUOM! Ei sis\u00e4ll\u00e4 l\u00e4mmitint\u00e4. <a href=\"https:\/\/factory.sale\/fi\/tuote\/puukiuas-harvia-m3\/\" target=\"_blank\" rel=\"noopener\">Sopivan puukiukaan l\u00f6yd\u00e4t t\u00e4\u00e4lt\u00e4<\/a>.<\/p>\n<p><strong>Valinnaiset lis\u00e4varusteet (lis\u00e4maksusta)<\/strong><\/p>\n<ul>\n<li>Puolipanoraamaikkuna takasein\u00e4ss\u00e4 (saatavana pronssisena tai peilipintaisena)<\/li>\n<li>T\u00e4yslasinen takasein\u00e4 (saatavana pronssisena tai peilipintaisena)<\/li>\n<li>Lasinen etusein\u00e4 (lasiovella) (saatavana pronssisena tai peilipintaisena)<\/li>\n<li>LED-valonauhat<\/li>\n<li>2 avattavaa ikkunaa<\/li>\n<li>2 avaamatonta ikkunaa<\/li>\n<li>Selk\u00e4nojasarja (2kpl)<\/li>\n<li>Niskatukisarja (2 kpl)<\/li>\n<li>Saunatarvikesarja (\u00e4mp\u00e4ri, kauha ja l\u00e4mp\u00f6mittari)<\/li>\n<li>Vesis\u00e4ili\u00f6 savupiippua varten<\/li>\n<li>Savupiippusarja + l\u00e4mmityskivet<\/li>\n<li>Puukiuas <a href=\"https:\/\/factory.sale\/fi\/tuote\/puulammitin-huum-hive-wood-13-kw\/\" target=\"_blank\" rel=\"noopener\">HUUM HIVE Wood 13 kW<\/a><\/li>\n<li>Puukiuas <a href=\"https:\/\/factory.sale\/fi\/tuote\/huum-hive-flow-puulammitteinen-98kw\/\" target=\"_blank\" rel=\"noopener\">HUUM HIVE Flow 9,8 kW<\/a><\/li>\n<li>S\u00e4hk\u00f6kiuas <a href=\"https:\/\/factory.sale\/fi\/tuote\/sahkokiuas-huum-hive-12kw\/\" target=\"_blank\" rel=\"noopener\">HUUM HIVE 12 kW<\/a><\/li>\n<li>S\u00e4hk\u00f6kiuas <a href=\"https:\/\/factory.sale\/fi\/tuote\/sahkokiuas-harvia-cilindro-pc90-9kw\/\" target=\"_blank\" rel=\"noopener\">Harvia PC90<\/a><\/li>\n<li>S\u00e4hk\u00f6kiuas <a href=\"https:\/\/factory.sale\/fi\/tuote\/sahkokiuas-huum-hive-mini-9kw\/\" target=\"_blank\" rel=\"noopener\">HUUM HIVE Mini 9 kW<\/a><\/li>\n<li>S\u00e4hk\u00f6kiuas <a href=\"https:\/\/factory.sale\/fi\/tuote\/huum-drop-sahkokiuas-9-kw\/\" target=\"_blank\" rel=\"noopener\">HUUM DROP 9 kW<\/a><\/li>\n<\/ul>\n<div class=\"woocommerce-tabs wc-tabs-wrapper\">\n<div id=\"tab-description\" class=\"woocommerce-Tabs-panel woocommerce-Tabs-panel--description panel entry-content wc-tab\" role=\"tabpanel\" aria-labelledby=\"tab-title-description\">\n<p>Termopuuk\u00e4sittely antaa puulle tasaisen, ruskean v\u00e4rin, joka muuttuu harmaaksi UV-s\u00e4teilyn vaikutuksesta kuten kaikki muutkin puulajit. Siksi suosittelemme k\u00e4sittelem\u00e4\u00e4n puuta puunsuoja-aineella.<\/p>\n<\/div>\n<\/div>\n","protected":false},"excerpt":{"rendered":"<p>Icon 160 on kompakti mutta tyylik\u00e4s sauna, joka sopii t\u00e4ydellisesti pienempiin ulkotiloihin ylellisyydest\u00e4 tinkim\u00e4tt\u00e4. Sen moderni suunnittelu ja korkealaatuinen viimeistely tekev\u00e4t siit\u00e4 erinomaisen valinnan, kun haluat nauttia yksityisest\u00e4 rentoutumishetkest\u00e4 omassa puutarhassasi.<\/p>\n","protected":false},"featured_media":145502,"comment_status":"open","ping_status":"closed","template":"","meta":{"_acf_changed":false},"factory":[4996],"free-shipment":[],"product_brand":[5008],"product_cat":[1121,1317,1644],"product_tag":[4452],"class_list":{"0":"post-145472","1":"product","2":"type-product","3":"status-publish","4":"has-post-thumbnail","6":"factory-inmedias-res-icon-and-standard","7":"product_brand-inmedias-res","8":"product_cat-saniteetti","9":"product_cat-sauna-fi","10":"product_cat-tynnyrisauna","11":"product_tag-garden-sauna-fi","13":"first","14":"instock","15":"sale","16":"taxable","17":"shipping-taxable","18":"purchasable","19":"product-type-simple"},"acf":[],"_links":{"self":[{"href":"https:\/\/factory.sale\/fi\/wp-json\/wp\/v2\/product\/145472","targetHints":{"allow":["GET"]}}],"collection":[{"href":"https:\/\/factory.sale\/fi\/wp-json\/wp\/v2\/product"}],"about":[{"href":"https:\/\/factory.sale\/fi\/wp-json\/wp\/v2\/types\/product"}],"replies":[{"embeddable":true,"href":"https:\/\/factory.sale\/fi\/wp-json\/wp\/v2\/comments?post=145472"}],"wp:featuredmedia":[{"embeddable":true,"href":"https:\/\/factory.sale\/fi\/wp-json\/wp\/v2\/media\/145502"}],"wp:attachment":[{"href":"https:\/\/factory.sale\/fi\/wp-json\/wp\/v2\/media?parent=145472"}],"wp:term":[{"taxonomy":"factory","embeddable":true,"href":"https:\/\/factory.sale\/fi\/wp-json\/wp\/v2\/factory?post=145472"},{"taxonomy":"free-shipment","embeddable":true,"href":"https:\/\/factory.sale\/fi\/wp-json\/wp\/v2\/free-shipment?post=145472"},{"taxonomy":"product_brand","embeddable":true,"href":"https:\/\/factory.sale\/fi\/wp-json\/wp\/v2\/product_brand?post=145472"},{"taxonomy":"product_cat","embeddable":true,"href":"https:\/\/factory.sale\/fi\/wp-json\/wp\/v2\/product_cat?post=145472"},{"taxonomy":"product_tag","embeddable":true,"href":"https:\/\/factory.sale\/fi\/wp-json\/wp\/v2\/product_tag?post=145472"}],"curies":[{"name":"wp","href":"https:\/\/api.w.org\/{rel}","templated":true}]}}