{"id":145335,"date":"2026-03-21T23:57:09","date_gmt":"2026-03-21T20:54:13","guid":{"rendered":"https:\/\/factory.sale\/?post_type=product&#038;p=145335"},"modified":"2026-04-16T14:31:14","modified_gmt":"2026-04-16T11:31:14","slug":"ula-classic-6-hengen-ulkosauna","status":"publish","type":"product","link":"https:\/\/factory.sale\/fi\/tuote\/ula-classic-6-hengen-ulkosauna\/","title":{"rendered":"Ula Classic 6 hengen ulkosauna"},"content":{"rendered":"<p>Hyvin mitoitettu sauna, jossa on t\u00e4ysikokoinen sis\u00e4tila ja puhtaat, modernit linjat. Suunniteltu niille, jotka arvostavat tilatehokasta mukavuutta ilman ulkoeteisen tarvetta.<\/p>\n<p>&nbsp;<\/p>\n<ul>\n<li>Pehme\u00e4sti kaartuva ulkomuoto 6 hengelle<\/li>\n<li>Luonnonpuinen rakenne<\/li>\n<li>Pohjapinta-ala: 2,28 \u00d7 2,36 m<\/li>\n<li>Korkeus: 2,4 m<\/li>\n<li>Suunniteltu tehokkaaseen l\u00e4mm\u00f6njakautumiseen<\/li>\n<li>Kompakti rakenne, joka on helppo sijoittaa<\/li>\n<\/ul>\n<p>* Jokainen tuote valmistetaan luonnonpuusta, joten lopullinen s\u00e4vy ja puun kuvio voivat poiketa hieman esimerkkikuvista.<\/p>\n<p>&nbsp;<\/p>\n<p><strong>Peruspaketti sis\u00e4lt\u00e4\u00e4:<\/strong><\/p>\n<ul>\n<li>Ulkosein\u00e4t:<br \/>\nKuusi<br \/>\nUlkov\u00e4rit: beige, harmaa, eebenpuu, tiikki, p\u00e4hkin\u00e4uu<\/li>\n<\/ul>\n<p><img loading=\"lazy\" decoding=\"async\" class=\"alignnone wp-image-140959\" src=\"https:\/\/factory.sale\/wp-content\/uploads\/2026\/03\/Spruce-colours-300x53.png\" alt=\"\" width=\"379\" height=\"67\" srcset=\"https:\/\/factory.sale\/wp-content\/uploads\/2026\/03\/Spruce-colours-300x53.png 300w, https:\/\/factory.sale\/wp-content\/uploads\/2026\/03\/Spruce-colours-150x26.png 150w, https:\/\/factory.sale\/wp-content\/uploads\/2026\/03\/Spruce-colours.png 342w\" sizes=\"auto, (max-width: 379px) 100vw, 379px\" \/><\/p>\n<ul>\n<li>Lauteet: haapa, mustalepp\u00e4, lehmus, l\u00e4mp\u00f6k\u00e4sitelty m\u00e4nty<\/li>\n<\/ul>\n<p><img loading=\"lazy\" decoding=\"async\" class=\"alignnone wp-image-141004\" src=\"https:\/\/factory.sale\/wp-content\/uploads\/2026\/03\/Benches-wood-type-factory-sale-300x66.png\" alt=\"\" width=\"400\" height=\"88\" srcset=\"https:\/\/factory.sale\/wp-content\/uploads\/2026\/03\/Benches-wood-type-factory-sale-300x66.png 300w, https:\/\/factory.sale\/wp-content\/uploads\/2026\/03\/Benches-wood-type-factory-sale-150x33.png 150w, https:\/\/factory.sale\/wp-content\/uploads\/2026\/03\/Benches-wood-type-factory-sale-768x170.png 768w, https:\/\/factory.sale\/wp-content\/uploads\/2026\/03\/Benches-wood-type-factory-sale-600x133.png 600w, https:\/\/factory.sale\/wp-content\/uploads\/2026\/03\/Benches-wood-type-factory-sale.png 868w\" sizes=\"auto, (max-width: 400px) 100vw, 400px\" \/><\/p>\n<ul>\n<li>Etusein\u00e4<\/li>\n<li>Puinen etusein\u00e4 lasiovella<\/li>\n<li>Katto: mustat bitumipaanut, musta pressu<\/li>\n<li>Lasivaihtoehto: kirkas<\/li>\n<li>Katon pidennys: vakio, pidennetty<\/li>\n<\/ul>\n<p><img loading=\"lazy\" decoding=\"async\" class=\"alignnone wp-image-140998\" src=\"https:\/\/factory.sale\/wp-content\/uploads\/2026\/03\/Roof-extension-standard-factory-sale-1.png\" alt=\"\" width=\"189\" height=\"198\" srcset=\"https:\/\/factory.sale\/wp-content\/uploads\/2026\/03\/Roof-extension-standard-factory-sale-1.png 266w, https:\/\/factory.sale\/wp-content\/uploads\/2026\/03\/Roof-extension-standard-factory-sale-1-144x150.png 144w\" sizes=\"auto, (max-width: 189px) 100vw, 189px\" \/> <img loading=\"lazy\" decoding=\"async\" class=\"alignnone wp-image-141001\" src=\"https:\/\/factory.sale\/wp-content\/uploads\/2026\/03\/Roof-extension-standard-factory-sale-2-274x300.png\" alt=\"\" width=\"193\" height=\"212\" srcset=\"https:\/\/factory.sale\/wp-content\/uploads\/2026\/03\/Roof-extension-standard-factory-sale-2-274x300.png 274w, https:\/\/factory.sale\/wp-content\/uploads\/2026\/03\/Roof-extension-standard-factory-sale-2-137x150.png 137w, https:\/\/factory.sale\/wp-content\/uploads\/2026\/03\/Roof-extension-standard-factory-sale-2.png 278w\" sizes=\"auto, (max-width: 193px) 100vw, 193px\" \/><\/p>\n<p>&nbsp;<\/p>\n<p>&nbsp;<\/p>\n<p><strong>LIS\u00c4VAIHTOEHDOT:<\/strong><\/p>\n<ul>\n<li>Ulkosein\u00e4t:<br \/>\nKuusi (sis\u00e4ltyy hintaan)<br \/>\nShou Sugi Ban \/ poltettu kuusi \u2013 flat pack -hinta 3 948,75 \u20ac<br \/>\nL\u00e4mp\u00f6k\u00e4sitelty m\u00e4nty \u2013 flat pack -hinta 4 036,50 \u20ac<\/li>\n<\/ul>\n<p><img loading=\"lazy\" decoding=\"async\" class=\"alignnone wp-image-140988\" src=\"https:\/\/factory.sale\/wp-content\/uploads\/2026\/03\/Wood-colour-ula-factory-sale-300x89.png\" alt=\"\" width=\"364\" height=\"108\" srcset=\"https:\/\/factory.sale\/wp-content\/uploads\/2026\/03\/Wood-colour-ula-factory-sale-300x89.png 300w, https:\/\/factory.sale\/wp-content\/uploads\/2026\/03\/Wood-colour-ula-factory-sale-150x44.png 150w, https:\/\/factory.sale\/wp-content\/uploads\/2026\/03\/Wood-colour-ula-factory-sale-600x177.png 600w, https:\/\/factory.sale\/wp-content\/uploads\/2026\/03\/Wood-colour-ula-factory-sale.png 664w\" sizes=\"auto, (max-width: 364px) 100vw, 364px\" \/><\/p>\n<ul>\n<li>Lauteet: premium-l\u00e4mp\u00f6haapa + 234,00 \u20ac<\/li>\n<\/ul>\n<p><img loading=\"lazy\" decoding=\"async\" class=\"alignnone wp-image-141007\" src=\"https:\/\/factory.sale\/wp-content\/uploads\/2026\/03\/Premium-thermo-aspen-factory-sale.png\" alt=\"\" width=\"126\" height=\"124\" srcset=\"https:\/\/factory.sale\/wp-content\/uploads\/2026\/03\/Premium-thermo-aspen-factory-sale.png 186w, https:\/\/factory.sale\/wp-content\/uploads\/2026\/03\/Premium-thermo-aspen-factory-sale-150x147.png 150w\" sizes=\"auto, (max-width: 126px) 100vw, 126px\" \/><\/p>\n<ul>\n<li>Etusein\u00e4: t\u00e4yslasi + 333,45 \u20ac<\/li>\n<li>Lasivaihtoehdot:<\/li>\n<\/ul>\n<p><img loading=\"lazy\" decoding=\"async\" class=\"alignnone wp-image-140991\" src=\"https:\/\/factory.sale\/wp-content\/uploads\/2026\/03\/Glass-options-factory-sale-300x64.png\" alt=\"\" width=\"478\" height=\"102\" srcset=\"https:\/\/factory.sale\/wp-content\/uploads\/2026\/03\/Glass-options-factory-sale-300x64.png 300w, https:\/\/factory.sale\/wp-content\/uploads\/2026\/03\/Glass-options-factory-sale-150x32.png 150w, https:\/\/factory.sale\/wp-content\/uploads\/2026\/03\/Glass-options-factory-sale-600x127.png 600w, https:\/\/factory.sale\/wp-content\/uploads\/2026\/03\/Glass-options-factory-sale.png 736w\" sizes=\"auto, (max-width: 478px) 100vw, 478px\" \/><\/p>\n<ul>\n<li>Kirkas (sis\u00e4ltyy hintaan)<br \/>\nS\u00e4vytetty pronssi + 29,25 \u20ac<br \/>\nMusta Planibel + 58,50 \u20ac<br \/>\nT\u00e4yspeili + 81,90 \u20ac<\/li>\n<li>Takasein\u00e4:<br \/>\nPuolipanoraamaikkuna + 421,20 \u20ac<\/li>\n<li>Lasityyppi \u2013 vain lasiovi:<br \/>\nKirkas + 0,00 \u20ac<br \/>\nS\u00e4vytetty pronssi + 29,25 \u20ac<br \/>\nMusta Planibel + 58,50 \u20ac<br \/>\nT\u00e4yspeili + 81,90 \u20ac<\/li>\n<li>Lasityyppi \u2013 t\u00e4yslasisein\u00e4 lasiovella:<br \/>\nS\u00e4vytetty pronssi + 46,80 \u20ac<br \/>\nMusta Planibel + 70,20 \u20ac<br \/>\nT\u00e4yspeili + 140,40 \u20ac<\/li>\n<li>Lasityyppi \u2013 puolipanoraamaikkuna takasein\u00e4ss\u00e4:<br \/>\nS\u00e4vytetty pronssi + 46,80 \u20ac<br \/>\nMusta Planibel + 70,20 \u20ac<br \/>\nT\u00e4yspeili + 140,40 \u20ac<\/li>\n<li>Lauteiden ja selk\u00e4nojan puulaji:<br \/>\nL\u00e4mp\u00f6k\u00e4sitelty m\u00e4nty + 175,50 \u20ac<br \/>\nPremium-l\u00e4mp\u00f6haapa + 234,00 \u20ac<\/li>\n<li>Selk\u00e4nojan tyyppi:<br \/>\nFire Effect + 280,80 \u20ac<\/li>\n<li>Selk\u00e4nojan kaiverrus:<br \/>\nOma teksti + 29,25 \u20ac<\/li>\n<li>S\u00e4hk\u00f6kiukaat:<br \/>\nHarvia Trendi 8 kW (manuaalinen) + 315,90 \u20ac<br \/>\nHuum Drop 9 kW + 725,40 \u20ac<br \/>\nHarvia Spirit XW 9 kW Wi-Fi:ll\u00e4 + 994,50 \u20ac<br \/>\nHarvia Cilindro 10.8 kW ter\u00e4s + 1 006,20 \u20ac<br \/>\nHarvia Legend 10.8 kW musta LCD Wi-Fi:ll\u00e4 + 1 287,00 \u20ac<br \/>\nHuum Hive Mini 10.5 kW + 1 380,60 \u20ac<\/li>\n<li>Turvakaide kiukaan ymp\u00e4rille:<br \/>\nHarvia Trendi 8 kW (manuaalinen) + 70,20 \u20ac<br \/>\nHuum Drop 9 kW + 210,60 \u20ac<br \/>\nHarvia Spirit XW 9 kW Wi-Fi:ll\u00e4 + 234,00 \u20ac<br \/>\nHarvia Cilindro 10.8 kW ter\u00e4s + 351,00 \u20ac<br \/>\nHarvia Legend 10.8 kW musta LCD Wi-Fi:ll\u00e4 + 409,50 \u20ac<br \/>\nHuum Hive Mini 10.5 kW + 234,00 \u20ac<\/li>\n<li>Puukiuas (sis\u00e4sy\u00f6tt\u00f6):<br \/>\nHarvia M3 16.5 kW + 491,40 \u20ac<br \/>\nHarvia Pro 20 24 kW + 865,80 \u20ac<br \/>\nHarvia Legend 150 16 kW + 924,30 \u20ac<br \/>\nHuum HIVE Wood 13 + 1 228,50 \u20ac<br \/>\nHuum Flow Mini 8,5 kW + 1 696,50 \u20ac<\/li>\n<li>Puukiuas (ulkosy\u00f6tt\u00f6):<br \/>\nHarvia M3 16.5 kW (ulkosy\u00f6tt\u00f6) + 737,10 \u20ac<br \/>\nHarvia Pro 20 24 kW (ulkosy\u00f6tt\u00f6) + 1 049,49 \u20ac<br \/>\nHarvia Legend 150 16 kW (ulkosy\u00f6tt\u00f6) + 1 184,04 \u20ac<br \/>\nHuum Flow Mini 8,5 kW (ulkosy\u00f6tt\u00f6) + 1 989,00 \u20ac<\/li>\n<li>Savupiippu puukiukaalle:<br \/>\nHarvia-savupiippu (ruostumaton ter\u00e4s) + 458,64 \u20ac<br \/>\nHarvia-savupiippu (musta viimeistely) + 614,25 \u20ac<br \/>\nPerussavupiippu + 335,79 \u20ac<\/li>\n<li>Ulkovalaistus:<br \/>\nOutdoor LED + 292,50 \u20ac<br \/>\nOutdoor RGB LED + 351,00 \u20ac<\/li>\n<li>Sis\u00e4valaistus (selk\u00e4nojien alla):<br \/>\nStandard LED + 175,50 \u20ac<br \/>\nRGB LED + 292,50 \u20ac<br \/>\nTherapy Pulse LED + 327,60 \u20ac<\/li>\n<li>Sis\u00e4valaistus (lauteiden alla):<br \/>\nStandard LED + 175,50 \u20ac<br \/>\nRGB LED + 292,50 \u20ac<br \/>\nTherapy Pulse LED + 327,60 \u20ac<\/li>\n<li>Sis\u00e4valaistus (selk\u00e4nojien ja lauteiden alla):<br \/>\nStandard LED + 292,50 \u20ac<br \/>\nRGB LED + 409,50 \u20ac<br \/>\nTherapy Pulse LED + 444,60 \u20ac<\/li>\n<\/ul>\n<p>&nbsp;<\/p>\n<p><strong>Tuotteen perushinta \u2013 Kokoontaitettava pakkaus:<\/strong><\/p>\n<ul>\n<li>Kuusi 3159.00\u20ac<\/li>\n<li>Shou Sugi Ban (poltettu kuusi) 3948.75\u20ac<\/li>\n<li>L\u00e4mp\u00f6m\u00e4nty 4036.50\u20ac<\/li>\n<\/ul>\n<p><strong>Tuotteen perushinta \u2013 Valmiiksi koottuna:<\/strong><\/p>\n<ul>\n<li>Kuusi 3627.00\u20ac<\/li>\n<li>Shou Sugi Ban (poltettu kuusi) 4416.75\u20ac<\/li>\n<li>L\u00e4mp\u00f6m\u00e4nty 4504.50\u20ac<\/li>\n<\/ul>\n<p>&nbsp;<\/p>\n<p>&nbsp;<\/p>\n<p><video style=\"max-width: 100%; height: auto; display: block;\" preload=\"auto\" autoplay=\"autoplay\" loop=\"loop\" muted=\"\" controls=\"controls\" width=\"1500\" height=\"3750\"><source src=\"https:\/\/factory.sale\/wp-content\/uploads\/2026\/03\/Wellness-Meets-Innovation-Celsium-x-Kilo-Health.mp4\" type=\"video\/mp4\" \/>Your browser does not support the video tag.<br \/>\n&lt;\/video&lt;<\/video><\/p>\n","protected":false},"excerpt":{"rendered":"<p>Hyvin mitoitettu sauna, jossa on t\u00e4ysikokoinen sis\u00e4tila ja puhtaat, modernit linjat. Suunniteltu niille, jotka arvostavat tilatehokasta mukavuutta ilman ulkoeteisen tarvetta.<\/p>\n","protected":false},"featured_media":145310,"comment_status":"open","ping_status":"closed","template":"","meta":{"_acf_changed":false},"factory":[5046],"free-shipment":[],"product_brand":[],"product_cat":[1317,1644],"product_tag":[1651,2105,2106],"class_list":{"0":"post-145335","1":"product","2":"type-product","3":"status-publish","4":"has-post-thumbnail","6":"factory-celsium","7":"product_cat-sauna-fi","8":"product_cat-tynnyrisauna","9":"product_tag-barrel-sauna-fi","10":"product_tag-outdoor-sauna-fi","11":"product_tag-sauna-fi","13":"first","14":"instock","15":"sale","16":"taxable","17":"shipping-taxable","18":"purchasable","19":"product-type-simple"},"acf":[],"_links":{"self":[{"href":"https:\/\/factory.sale\/fi\/wp-json\/wp\/v2\/product\/145335","targetHints":{"allow":["GET"]}}],"collection":[{"href":"https:\/\/factory.sale\/fi\/wp-json\/wp\/v2\/product"}],"about":[{"href":"https:\/\/factory.sale\/fi\/wp-json\/wp\/v2\/types\/product"}],"replies":[{"embeddable":true,"href":"https:\/\/factory.sale\/fi\/wp-json\/wp\/v2\/comments?post=145335"}],"wp:featuredmedia":[{"embeddable":true,"href":"https:\/\/factory.sale\/fi\/wp-json\/wp\/v2\/media\/145310"}],"wp:attachment":[{"href":"https:\/\/factory.sale\/fi\/wp-json\/wp\/v2\/media?parent=145335"}],"wp:term":[{"taxonomy":"factory","embeddable":true,"href":"https:\/\/factory.sale\/fi\/wp-json\/wp\/v2\/factory?post=145335"},{"taxonomy":"free-shipment","embeddable":true,"href":"https:\/\/factory.sale\/fi\/wp-json\/wp\/v2\/free-shipment?post=145335"},{"taxonomy":"product_brand","embeddable":true,"href":"https:\/\/factory.sale\/fi\/wp-json\/wp\/v2\/product_brand?post=145335"},{"taxonomy":"product_cat","embeddable":true,"href":"https:\/\/factory.sale\/fi\/wp-json\/wp\/v2\/product_cat?post=145335"},{"taxonomy":"product_tag","embeddable":true,"href":"https:\/\/factory.sale\/fi\/wp-json\/wp\/v2\/product_tag?post=145335"}],"curies":[{"name":"wp","href":"https:\/\/api.w.org\/{rel}","templated":true}]}}