{"id":145279,"date":"2026-03-18T16:11:26","date_gmt":"2026-03-20T15:34:07","guid":{"rendered":"https:\/\/factory.sale\/?post_type=product&#038;p=145279"},"modified":"2026-03-20T18:35:22","modified_gmt":"2026-03-20T15:35:22","slug":"ula-mini-ulkosauna","status":"publish","type":"product","link":"https:\/\/factory.sale\/fi\/tuote\/ula-mini-ulkosauna\/","title":{"rendered":"Ula Mini ulkosauna"},"content":{"rendered":"<p>Nykyaikainen sauna, jonka tunnusomainen py\u00f6ristetty muotoilu erottuu perinteisist\u00e4 muodoista. Sen puhtaat linjat ja toimiva pohjaratkaisu tekev\u00e4t siit\u00e4 t\u00e4ydellisen valinnan niin kaupunkiymp\u00e4rist\u00f6\u00f6n kuin luonnonl\u00e4heisiin kohteisiin.<\/p>\n<p>Mini on yksi Ula-sarjan kompakteimmista vaihtoehdoista, suunniteltu pieniin tiloihin tai intiimeihin hetkiin. Sen \u00e4lyk\u00e4s pohjaratkaisu ja n\u00e4ytt\u00e4v\u00e4 muoto tuovat modernia rentoutumista kaikkialle, mihin sen sijoitat.<\/p>\n<p>&nbsp;<\/p>\n<ul>\n<li>Tilaa s\u00e4\u00e4st\u00e4v\u00e4 muotoilu 2 hengelle<\/li>\n<li>Hell\u00e4varaisesti kaareva ulkomuoto luonnollisella puuviimeistelyll\u00e4<\/li>\n<li>Pohjapinta-ala: 1,23 \u00d7 2,054 m<\/li>\n<li>Korkeus: 2,1 m<\/li>\n<li>Mukava ja kompakti sis\u00e4tila<\/li>\n<li>Sopii terasseille ja pienemmille ulkoalueille<\/li>\n<\/ul>\n<p>&nbsp;<\/p>\n<p>* Jokainen tuote valmistetaan luonnonpuusta, joten lopullinen s\u00e4vy ja puunsyy voivat poiketa hieman esimerkkikuvista.<\/p>\n<p>&nbsp;<\/p>\n<p><strong>Peruspaketti sis\u00e4lt\u00e4\u00e4:<\/strong><\/p>\n<ul>\n<li>Ulkosein\u00e4t<\/li>\n<li>Kuusi<br \/>\n<img loading=\"lazy\" decoding=\"async\" class=\"alignnone wp-image-140959\" src=\"https:\/\/factory.sale\/wp-content\/uploads\/2026\/03\/Spruce-colours-300x53.png\" alt=\"\" width=\"379\" height=\"67\" srcset=\"https:\/\/factory.sale\/wp-content\/uploads\/2026\/03\/Spruce-colours-300x53.png 300w, https:\/\/factory.sale\/wp-content\/uploads\/2026\/03\/Spruce-colours-150x26.png 150w, https:\/\/factory.sale\/wp-content\/uploads\/2026\/03\/Spruce-colours.png 342w\" sizes=\"auto, (max-width: 379px) 100vw, 379px\" \/><\/li>\n<li>Ulkoviimeistelyn v\u00e4rit: beige, harmaa, eebenpuu, teak, p\u00e4hkin\u00e4<img loading=\"lazy\" decoding=\"async\" class=\"alignnone wp-image-141004\" src=\"https:\/\/factory.sale\/wp-content\/uploads\/2026\/03\/Benches-wood-type-factory-sale-300x66.png\" alt=\"\" width=\"400\" height=\"88\" srcset=\"https:\/\/factory.sale\/wp-content\/uploads\/2026\/03\/Benches-wood-type-factory-sale-300x66.png 300w, https:\/\/factory.sale\/wp-content\/uploads\/2026\/03\/Benches-wood-type-factory-sale-150x33.png 150w, https:\/\/factory.sale\/wp-content\/uploads\/2026\/03\/Benches-wood-type-factory-sale-768x170.png 768w, https:\/\/factory.sale\/wp-content\/uploads\/2026\/03\/Benches-wood-type-factory-sale-600x133.png 600w, https:\/\/factory.sale\/wp-content\/uploads\/2026\/03\/Benches-wood-type-factory-sale.png 868w\" sizes=\"auto, (max-width: 400px) 100vw, 400px\" \/><\/li>\n<li>Lauteet: haapa, mustalepp\u00e4, lehmus, l\u00e4mp\u00f6k\u00e4sitelty m\u00e4nty<\/li>\n<li>Etusein\u00e4<\/li>\n<li>Puinen etusein\u00e4 lasiovella<\/li>\n<li>Katto: pressukate, musta bitumi<\/li>\n<li>Lasivaihtoehto: kirkas<\/li>\n<li>Katon pidennys: vakio, pidennetty<br \/>\n<img loading=\"lazy\" decoding=\"async\" class=\"alignnone wp-image-140998\" src=\"https:\/\/factory.sale\/wp-content\/uploads\/2026\/03\/Roof-extension-standard-factory-sale-1.png\" alt=\"\" width=\"189\" height=\"198\" srcset=\"https:\/\/factory.sale\/wp-content\/uploads\/2026\/03\/Roof-extension-standard-factory-sale-1.png 266w, https:\/\/factory.sale\/wp-content\/uploads\/2026\/03\/Roof-extension-standard-factory-sale-1-144x150.png 144w\" sizes=\"auto, (max-width: 189px) 100vw, 189px\" \/> <img loading=\"lazy\" decoding=\"async\" class=\"alignnone wp-image-141001\" src=\"https:\/\/factory.sale\/wp-content\/uploads\/2026\/03\/Roof-extension-standard-factory-sale-2-274x300.png\" alt=\"\" width=\"193\" height=\"212\" srcset=\"https:\/\/factory.sale\/wp-content\/uploads\/2026\/03\/Roof-extension-standard-factory-sale-2-274x300.png 274w, https:\/\/factory.sale\/wp-content\/uploads\/2026\/03\/Roof-extension-standard-factory-sale-2-137x150.png 137w, https:\/\/factory.sale\/wp-content\/uploads\/2026\/03\/Roof-extension-standard-factory-sale-2.png 278w\" sizes=\"auto, (max-width: 193px) 100vw, 193px\" \/><\/li>\n<\/ul>\n<p>&nbsp;<\/p>\n<p>&nbsp;<\/p>\n<p><strong>LIS\u00c4VAIHTOEHDOT:<\/strong><\/p>\n<ul>\n<li>Ulkosein\u00e4t:<\/li>\n<li>Kuusi (sis\u00e4ltyy hintaan)<br \/>\nShou Sugi Ban \/ poltettu kuusi \u2013 flat pack -hinta 2 992,86 \u20ac<br \/>\nL\u00e4mp\u00f6k\u00e4sitelty m\u00e4nty \u2013 flat pack -hinta 3 036,15 \u20ac<\/li>\n<\/ul>\n<p><img loading=\"lazy\" decoding=\"async\" class=\"alignnone wp-image-140988\" src=\"https:\/\/factory.sale\/wp-content\/uploads\/2026\/03\/Wood-colour-ula-factory-sale-300x89.png\" alt=\"\" width=\"364\" height=\"108\" srcset=\"https:\/\/factory.sale\/wp-content\/uploads\/2026\/03\/Wood-colour-ula-factory-sale-300x89.png 300w, https:\/\/factory.sale\/wp-content\/uploads\/2026\/03\/Wood-colour-ula-factory-sale-150x44.png 150w, https:\/\/factory.sale\/wp-content\/uploads\/2026\/03\/Wood-colour-ula-factory-sale-600x177.png 600w, https:\/\/factory.sale\/wp-content\/uploads\/2026\/03\/Wood-colour-ula-factory-sale.png 664w\" sizes=\"auto, (max-width: 364px) 100vw, 364px\" \/><\/p>\n<p>&nbsp;<\/p>\n<ul>\n<li>Lauteet: premium-l\u00e4mp\u00f6haapa + 175,50<br \/>\n<img loading=\"lazy\" decoding=\"async\" class=\"alignnone wp-image-141007\" src=\"https:\/\/factory.sale\/wp-content\/uploads\/2026\/03\/Premium-thermo-aspen-factory-sale.png\" alt=\"\" width=\"126\" height=\"124\" srcset=\"https:\/\/factory.sale\/wp-content\/uploads\/2026\/03\/Premium-thermo-aspen-factory-sale.png 186w, https:\/\/factory.sale\/wp-content\/uploads\/2026\/03\/Premium-thermo-aspen-factory-sale-150x147.png 150w\" sizes=\"auto, (max-width: 126px) 100vw, 126px\" \/><br \/>\nEtusein\u00e4: t\u00e4yslasi + 333,45 \u20ac<\/li>\n<li>Lasivaihtoehdot:<br \/>\nKirkas (sis\u00e4ltyy hintaan)<br \/>\nS\u00e4vytetty pronssi + 29,25 \u20ac<br \/>\nMusta Planibel + 58,50 \u20ac<br \/>\nT\u00e4yspeili + 81,90 \u20ac<img loading=\"lazy\" decoding=\"async\" class=\"alignnone wp-image-140991\" src=\"https:\/\/factory.sale\/wp-content\/uploads\/2026\/03\/Glass-options-factory-sale-300x64.png\" alt=\"\" width=\"478\" height=\"102\" srcset=\"https:\/\/factory.sale\/wp-content\/uploads\/2026\/03\/Glass-options-factory-sale-300x64.png 300w, https:\/\/factory.sale\/wp-content\/uploads\/2026\/03\/Glass-options-factory-sale-150x32.png 150w, https:\/\/factory.sale\/wp-content\/uploads\/2026\/03\/Glass-options-factory-sale-600x127.png 600w, https:\/\/factory.sale\/wp-content\/uploads\/2026\/03\/Glass-options-factory-sale.png 736w\" sizes=\"auto, (max-width: 478px) 100vw, 478px\" \/><\/li>\n<li>Harvian s\u00e4hk\u00f6kiukaat:<br \/>\nHarvia The Wall E 6 kW + 421,20 \u20ac<br \/>\nHarvia Spirit 6 kW (Wi-Fi sis\u00e4ltyy hintaan) + 889,20 \u20ac<br \/>\nHuum Drop 6 kW (Wi-Fi saatavilla lis\u00e4hintaan) + 631,80 \u20ac<\/li>\n<li>Turvakaide kiukaan ymp\u00e4rille:<br \/>\nHarvia The Wall E 6 kW + 58,50 \u20ac<br \/>\nHarvia Spirit 6 kW + 234,00 \u20ac<br \/>\nHuum Drop 6 kW + 175,50 \u20ac<\/li>\n<li>Ulkovalaistus:<br \/>\nLED + 292,50 \u20ac<br \/>\nRGB LED + 351,00 \u20ac<\/li>\n<li>Sis\u00e4valaistus lauteiden alle:<br \/>\nStandard LED + 175,50 \u20ac<br \/>\nRGB LED + 292,50 \u20ac<br \/>\nTherapy Pulse LED + 327,60 \u20ac<\/li>\n<li>Saunakivet:<br \/>\nOliinidiabaasikivet + 19,89 \u20ac<br \/>\nVuolukivikivet + 21,06 \u20ac<br \/>\nPy\u00f6re\u00e4t kivet + 105,30 \u20ac<br \/>\nJadeiittikivet + 135,72 \u20ac<\/li>\n<\/ul>\n<p>&nbsp;<\/p>\n<p><strong>Toimitus flat packina<\/strong><\/p>\n<p>Saunasi saapuu turvallisesti pakattuna suurelle kuormalavalle ja sijoitetaan ajotielle. Voit koota sen itse tai antaa koko asennuksen ammattitaitoisen asennustiimimme hoidettavaksi.<\/p>\n<p>&nbsp;<\/p>\n","protected":false},"excerpt":{"rendered":"<p>Nykyaikainen sauna, jonka tunnusomainen py\u00f6ristetty muotoilu erottuu perinteisist\u00e4 muodoista. Sen puhtaat linjat ja toimiva pohjaratkaisu tekev\u00e4t siit\u00e4 t\u00e4ydellisen valinnan niin kaupunkiymp\u00e4rist\u00f6\u00f6n kuin luonnonl\u00e4heisiin kohteisiin.<\/p>\n<p>Mini on yksi Ula-sarjan kompakteimmista vaihtoehdoista, suunniteltu pieniin tiloihin tai intiimeihin hetkiin. Sen \u00e4lyk\u00e4s pohjaratkaisu ja n\u00e4ytt\u00e4v\u00e4 muoto tuovat modernia rentoutumista kaikkialle, mihin sen sijoitat.<\/p>\n","protected":false},"featured_media":145104,"comment_status":"open","ping_status":"closed","template":"","meta":{"_acf_changed":false},"factory":[],"free-shipment":[],"product_brand":[],"product_cat":[1317,2258,1644],"product_tag":[2105,2106],"class_list":{"0":"post-145279","1":"product","2":"type-product","3":"status-publish","4":"has-post-thumbnail","6":"product_cat-sauna-fi","7":"product_cat-saunakuutiot","8":"product_cat-tynnyrisauna","9":"product_tag-outdoor-sauna-fi","10":"product_tag-sauna-fi","12":"first","13":"instock","14":"sale","15":"taxable","16":"shipping-taxable","17":"purchasable","18":"product-type-simple"},"acf":[],"_links":{"self":[{"href":"https:\/\/factory.sale\/fi\/wp-json\/wp\/v2\/product\/145279","targetHints":{"allow":["GET"]}}],"collection":[{"href":"https:\/\/factory.sale\/fi\/wp-json\/wp\/v2\/product"}],"about":[{"href":"https:\/\/factory.sale\/fi\/wp-json\/wp\/v2\/types\/product"}],"replies":[{"embeddable":true,"href":"https:\/\/factory.sale\/fi\/wp-json\/wp\/v2\/comments?post=145279"}],"wp:featuredmedia":[{"embeddable":true,"href":"https:\/\/factory.sale\/fi\/wp-json\/wp\/v2\/media\/145104"}],"wp:attachment":[{"href":"https:\/\/factory.sale\/fi\/wp-json\/wp\/v2\/media?parent=145279"}],"wp:term":[{"taxonomy":"factory","embeddable":true,"href":"https:\/\/factory.sale\/fi\/wp-json\/wp\/v2\/factory?post=145279"},{"taxonomy":"free-shipment","embeddable":true,"href":"https:\/\/factory.sale\/fi\/wp-json\/wp\/v2\/free-shipment?post=145279"},{"taxonomy":"product_brand","embeddable":true,"href":"https:\/\/factory.sale\/fi\/wp-json\/wp\/v2\/product_brand?post=145279"},{"taxonomy":"product_cat","embeddable":true,"href":"https:\/\/factory.sale\/fi\/wp-json\/wp\/v2\/product_cat?post=145279"},{"taxonomy":"product_tag","embeddable":true,"href":"https:\/\/factory.sale\/fi\/wp-json\/wp\/v2\/product_tag?post=145279"}],"curies":[{"name":"wp","href":"https:\/\/api.w.org\/{rel}","templated":true}]}}