{"id":145084,"date":"2026-03-18T15:06:12","date_gmt":"2026-03-18T11:51:42","guid":{"rendered":"https:\/\/factory.sale\/?post_type=product&#038;p=145084"},"modified":"2026-03-20T18:02:24","modified_gmt":"2026-03-20T15:02:24","slug":"ula-micro-ulkosauna","status":"publish","type":"product","link":"https:\/\/factory.sale\/fi\/tuote\/ula-micro-ulkosauna\/","title":{"rendered":"Ula Micro ulkosauna"},"content":{"rendered":"<p><strong>Modernin hyvinvoinnin taidetta<\/strong><\/p>\n<p>Ula-saunat yhdist\u00e4v\u00e4t modernin py\u00f6ristetyn muotoilun sek\u00e4 toimivat ja tilaa s\u00e4\u00e4st\u00e4v\u00e4t ratkaisut, jotka sopivat niin kaupunkiymp\u00e4rist\u00f6\u00f6n kuin luonnon keskelle. Kompaktista Ula Microsta mukavaan Ula Grandiin n\u00e4m\u00e4 saunat tuovat laadukkaan skandinaavisen saunakokemuksen kotisi yhteyteen.<br \/>\nUla Micro on malliston kompaktein sauna, joka on suunniteltu tuomaan hyvinvointia my\u00f6s kaikkein pienimpiin tiloihin.<\/p>\n<p>Tunnusomaisen py\u00f6ristetyn siluettinsa ja puhtaiden minimalististen linjojensa ansiosta se sopii my\u00f6s yll\u00e4tt\u00e4viin paikkoihin ja tarjoaa t\u00e4ysipainoisen saunakokemuksen tilaa s\u00e4\u00e4st\u00e4v\u00e4ss\u00e4 muodossa.<br \/>\nUla Micro on rohkea tulkinta minimalistisesta saunamuotoilusta. Sen kapselimainen muoto sek\u00e4 tasainen etu- ja takasein\u00e4 luovat puhtaan ja modernin ilmeen. Vaikka sauna on kompakti, se tarjoaa miellytt\u00e4v\u00e4n saunakokemuksen yhdelle henkil\u00f6lle tai kahdelle seisovalle henkil\u00f6lle, joten se sopii erinomaisesti niin yksin rentoutumiseen kuin pieniin kaupunkitiloihin. Sen veistoksellinen muoto ja tilaa s\u00e4\u00e4st\u00e4v\u00e4 pohjaratkaisu tuovat hyvinvointia paikkoihin, joihin sit\u00e4 ei ensi silm\u00e4yksell\u00e4 osaisi odottaa.<\/p>\n<p>Ula Micro on pieni ja elegantti 2 hengen sauna, joka sopii erinomaisesti kattoterasseille tai kompakteihin ulkotiloihin. Py\u00f6ristetyn muotoilunsa ja luonnollisen puuviimeistelyns\u00e4 ansiosta se tarjoaa kodikkaan rentoutumispaikan vain 1,23 \u00d7 1,32 metrin alalla, ja sen korkeus on 2,17 m. \u00c4lyk\u00e4s ratkaisu kaupunkimaiseen el\u00e4m\u00e4ntyyliin ilman kompromisseja mukavuudessa.<\/p>\n<p>&nbsp;<\/p>\n<p><em>Annettu hinta ei sis\u00e4ll\u00e4 kiuasta.<\/em><\/p>\n<p>&nbsp;<\/p>\n<ul>\n<li>Kompakti muotoilu 2 hengelle<\/li>\n<li>Py\u00f6ristetty siluetti luonnollisella puuviimeistelyll\u00e4<\/li>\n<li>Pohjapinta-ala: 1,23 \u00d7 1,32 m<\/li>\n<li>Korkeus: 2,17 m<\/li>\n<li>T\u00e4yslasinen tai umpinainen etusein\u00e4ratkaisu<\/li>\n<li>Optimoitu pohjaratkaisu parvekkeille, kattoterasseille ja pieniin tiloihin<\/li>\n<\/ul>\n<p>&nbsp;<\/p>\n<p>* Jokainen tuote valmistetaan luonnonpuusta, joten lopullinen s\u00e4vy ja puunsyykuvio voivat poiketa hieman esimerkkikuvista.<\/p>\n<p>&nbsp;<\/p>\n<p>&nbsp;<\/p>\n<p><strong>Peruspaketti sis\u00e4lt\u00e4\u00e4:<\/strong><\/p>\n<ul>\n<li>Ulkosein\u00e4t<\/li>\n<li>Kuusi<\/li>\n<li>Ulkoviimeistelyn v\u00e4rit: beige, harmaa, eebenpuu, teak, p\u00e4hkin\u00e4puu<\/li>\n<\/ul>\n<p><img loading=\"lazy\" decoding=\"async\" class=\"alignnone wp-image-140959\" src=\"https:\/\/factory.sale\/wp-content\/uploads\/2026\/03\/Spruce-colours-300x53.png\" alt=\"\" width=\"379\" height=\"67\" srcset=\"https:\/\/factory.sale\/wp-content\/uploads\/2026\/03\/Spruce-colours-300x53.png 300w, https:\/\/factory.sale\/wp-content\/uploads\/2026\/03\/Spruce-colours-150x26.png 150w, https:\/\/factory.sale\/wp-content\/uploads\/2026\/03\/Spruce-colours.png 342w\" sizes=\"auto, (max-width: 379px) 100vw, 379px\" \/><\/p>\n<ul>\n<li>Lauteet: haapa, mustalepp\u00e4, lehmus, l\u00e4mp\u00f6k\u00e4sitelty m\u00e4nty<\/li>\n<\/ul>\n<p><img loading=\"lazy\" decoding=\"async\" class=\"alignnone wp-image-141004\" src=\"https:\/\/factory.sale\/wp-content\/uploads\/2026\/03\/Benches-wood-type-factory-sale-300x66.png\" alt=\"\" width=\"400\" height=\"88\" srcset=\"https:\/\/factory.sale\/wp-content\/uploads\/2026\/03\/Benches-wood-type-factory-sale-300x66.png 300w, https:\/\/factory.sale\/wp-content\/uploads\/2026\/03\/Benches-wood-type-factory-sale-150x33.png 150w, https:\/\/factory.sale\/wp-content\/uploads\/2026\/03\/Benches-wood-type-factory-sale-768x170.png 768w, https:\/\/factory.sale\/wp-content\/uploads\/2026\/03\/Benches-wood-type-factory-sale-600x133.png 600w, https:\/\/factory.sale\/wp-content\/uploads\/2026\/03\/Benches-wood-type-factory-sale.png 868w\" sizes=\"auto, (max-width: 400px) 100vw, 400px\" \/><\/p>\n<ul>\n<li>Etusein\u00e4<\/li>\n<li>Puinen etusein\u00e4 lasiovella<\/li>\n<li>Katto: pressukate, musta bitumi<\/li>\n<li>Lasivaihtoehto: kirkas<\/li>\n<li>Katon pidennys: vakio, pidennetty<\/li>\n<\/ul>\n<p><img loading=\"lazy\" decoding=\"async\" class=\"alignnone wp-image-140998\" src=\"https:\/\/factory.sale\/wp-content\/uploads\/2026\/03\/Roof-extension-standard-factory-sale-1.png\" alt=\"\" width=\"189\" height=\"198\" srcset=\"https:\/\/factory.sale\/wp-content\/uploads\/2026\/03\/Roof-extension-standard-factory-sale-1.png 266w, https:\/\/factory.sale\/wp-content\/uploads\/2026\/03\/Roof-extension-standard-factory-sale-1-144x150.png 144w\" sizes=\"auto, (max-width: 189px) 100vw, 189px\" \/> <img loading=\"lazy\" decoding=\"async\" class=\"alignnone wp-image-141001\" src=\"https:\/\/factory.sale\/wp-content\/uploads\/2026\/03\/Roof-extension-standard-factory-sale-2-274x300.png\" alt=\"\" width=\"193\" height=\"212\" srcset=\"https:\/\/factory.sale\/wp-content\/uploads\/2026\/03\/Roof-extension-standard-factory-sale-2-274x300.png 274w, https:\/\/factory.sale\/wp-content\/uploads\/2026\/03\/Roof-extension-standard-factory-sale-2-137x150.png 137w, https:\/\/factory.sale\/wp-content\/uploads\/2026\/03\/Roof-extension-standard-factory-sale-2.png 278w\" sizes=\"auto, (max-width: 193px) 100vw, 193px\" \/><\/p>\n<p>&nbsp;<\/p>\n<p>&nbsp;<\/p>\n<p><strong>LIS\u00c4VAIHTOEHDOT:<\/strong><\/p>\n<ul>\n<li>Ulkosein\u00e4t: kuusi (sis\u00e4ltyy hintaan), Shou Sugi Ban \/ poltettu kuusi, l\u00e4mp\u00f6k\u00e4sitelty m\u00e4nty<\/li>\n<\/ul>\n<p><img loading=\"lazy\" decoding=\"async\" class=\"alignnone wp-image-140988\" src=\"https:\/\/factory.sale\/wp-content\/uploads\/2026\/03\/Wood-colour-ula-factory-sale-300x89.png\" alt=\"\" width=\"364\" height=\"108\" srcset=\"https:\/\/factory.sale\/wp-content\/uploads\/2026\/03\/Wood-colour-ula-factory-sale-300x89.png 300w, https:\/\/factory.sale\/wp-content\/uploads\/2026\/03\/Wood-colour-ula-factory-sale-150x44.png 150w, https:\/\/factory.sale\/wp-content\/uploads\/2026\/03\/Wood-colour-ula-factory-sale-600x177.png 600w, https:\/\/factory.sale\/wp-content\/uploads\/2026\/03\/Wood-colour-ula-factory-sale.png 664w\" sizes=\"auto, (max-width: 364px) 100vw, 364px\" \/><\/p>\n<ul>\n<li>Saunan lauteet: premium-l\u00e4mp\u00f6haapa<\/li>\n<\/ul>\n<p>&nbsp;<\/p>\n<p><img loading=\"lazy\" decoding=\"async\" class=\"alignnone wp-image-141007\" src=\"https:\/\/factory.sale\/wp-content\/uploads\/2026\/03\/Premium-thermo-aspen-factory-sale.png\" alt=\"\" width=\"126\" height=\"124\" srcset=\"https:\/\/factory.sale\/wp-content\/uploads\/2026\/03\/Premium-thermo-aspen-factory-sale.png 186w, https:\/\/factory.sale\/wp-content\/uploads\/2026\/03\/Premium-thermo-aspen-factory-sale-150x147.png 150w\" sizes=\"auto, (max-width: 126px) 100vw, 126px\" \/><\/p>\n<ul>\n<li>Etusein\u00e4: t\u00e4yslasi<\/li>\n<li>Lasivaihtoehdot: kirkas (sis\u00e4ltyy hintaan), s\u00e4vytetty pronssi, musta Planibel, t\u00e4yspeili\n<p><img loading=\"lazy\" decoding=\"async\" class=\"alignnone wp-image-140991\" src=\"https:\/\/factory.sale\/wp-content\/uploads\/2026\/03\/Glass-options-factory-sale-300x64.png\" alt=\"\" width=\"478\" height=\"102\" srcset=\"https:\/\/factory.sale\/wp-content\/uploads\/2026\/03\/Glass-options-factory-sale-300x64.png 300w, https:\/\/factory.sale\/wp-content\/uploads\/2026\/03\/Glass-options-factory-sale-150x32.png 150w, https:\/\/factory.sale\/wp-content\/uploads\/2026\/03\/Glass-options-factory-sale-600x127.png 600w, https:\/\/factory.sale\/wp-content\/uploads\/2026\/03\/Glass-options-factory-sale.png 736w\" sizes=\"auto, (max-width: 478px) 100vw, 478px\" \/><\/li>\n<\/ul>\n<p>&nbsp;<\/p>\n<ul>\n<li>Harvian s\u00e4hk\u00f6kiuas<\/li>\n<\/ul>\n<p>&nbsp;<\/p>\n<p>&nbsp;<\/p>\n<p><strong>Toimitus<\/strong><\/p>\n<p>Sauna saapuu turvallisesti pakattuna suurelle kuormalavalle ja sijoitetaan ajotielle. Voitte koota sen itse tai antaa koko asennuksen tiimimme hoidettavaksi.<\/p>\n","protected":false},"excerpt":{"rendered":"<p>Ula-saunat yhdist\u00e4v\u00e4t modernin py\u00f6ristetyn muotoilun sek\u00e4 toimivat ja tilaa s\u00e4\u00e4st\u00e4v\u00e4t ratkaisut, jotka sopivat niin kaupunkiymp\u00e4rist\u00f6\u00f6n kuin luonnon keskelle. Kompaktista Ula Microsta mukavaan Ula Grandiin n\u00e4m\u00e4 saunat tuovat laadukkaan skandinaavisen saunakokemuksen kotisi yhteyteen.<br \/>\nUla Micro on malliston kompaktein sauna, joka on suunniteltu tuomaan hyvinvointia my\u00f6s kaikkein pienimpiin tiloihin.<\/p>\n","protected":false},"featured_media":140964,"comment_status":"open","ping_status":"closed","template":"","meta":{"_acf_changed":false},"factory":[],"free-shipment":[],"product_brand":[],"product_cat":[1317,2258,1644],"product_tag":[2105,2106],"class_list":{"0":"post-145084","1":"product","2":"type-product","3":"status-publish","4":"has-post-thumbnail","6":"product_cat-sauna-fi","7":"product_cat-saunakuutiot","8":"product_cat-tynnyrisauna","9":"product_tag-outdoor-sauna-fi","10":"product_tag-sauna-fi","12":"first","13":"instock","14":"sale","15":"taxable","16":"shipping-taxable","17":"purchasable","18":"product-type-simple"},"acf":[],"_links":{"self":[{"href":"https:\/\/factory.sale\/fi\/wp-json\/wp\/v2\/product\/145084","targetHints":{"allow":["GET"]}}],"collection":[{"href":"https:\/\/factory.sale\/fi\/wp-json\/wp\/v2\/product"}],"about":[{"href":"https:\/\/factory.sale\/fi\/wp-json\/wp\/v2\/types\/product"}],"replies":[{"embeddable":true,"href":"https:\/\/factory.sale\/fi\/wp-json\/wp\/v2\/comments?post=145084"}],"wp:featuredmedia":[{"embeddable":true,"href":"https:\/\/factory.sale\/fi\/wp-json\/wp\/v2\/media\/140964"}],"wp:attachment":[{"href":"https:\/\/factory.sale\/fi\/wp-json\/wp\/v2\/media?parent=145084"}],"wp:term":[{"taxonomy":"factory","embeddable":true,"href":"https:\/\/factory.sale\/fi\/wp-json\/wp\/v2\/factory?post=145084"},{"taxonomy":"free-shipment","embeddable":true,"href":"https:\/\/factory.sale\/fi\/wp-json\/wp\/v2\/free-shipment?post=145084"},{"taxonomy":"product_brand","embeddable":true,"href":"https:\/\/factory.sale\/fi\/wp-json\/wp\/v2\/product_brand?post=145084"},{"taxonomy":"product_cat","embeddable":true,"href":"https:\/\/factory.sale\/fi\/wp-json\/wp\/v2\/product_cat?post=145084"},{"taxonomy":"product_tag","embeddable":true,"href":"https:\/\/factory.sale\/fi\/wp-json\/wp\/v2\/product_tag?post=145084"}],"curies":[{"name":"wp","href":"https:\/\/api.w.org\/{rel}","templated":true}]}}