{"id":14300,"date":"2022-10-16T09:53:31","date_gmt":"2022-10-16T09:59:02","guid":{"rendered":"https:\/\/factory.sale\/?post_type=product&#038;p=14300"},"modified":"2024-06-27T17:04:03","modified_gmt":"2024-06-27T17:04:03","slug":"harvia-steeltop-m80-80-kw","status":"publish","type":"product","link":"https:\/\/factory.sale\/fi\/tuote\/harvia-steeltop-m80-80-kw\/","title":{"rendered":"HARVIA STEELTOP M80, 8,0 kW"},"content":{"rendered":"<p><strong>Tuotetiedot:<\/strong><\/p>\n<ul>\n<li>Tuotekoodi : hm800400bx<\/li>\n<li>Teho, kW: 8,0<\/li>\n<li>H\u00f6yryhuoneen koko, m3: 7-12<\/li>\n<li>Mitat (KxLxS), mm: 670 x 430 x 320<\/li>\n<li>Paino, kg : 15<\/li>\n<li>Kivet, maksa. (kg) : 25<\/li>\n<li>Pienin turvaet\u00e4isyys (katto \/ puolikas): 1100 mm. \/ 150 mm.<\/li>\n<li>Sy\u00f6tt\u00f6j\u00e4nnite, vaihe: 400V 3N<\/li>\n<li>Suojaus, (A): \u00a03 x 16<\/li>\n<li>Virtajohto, (mm2) : 5 x 2,5<\/li>\n<li>Ohjauspaneeli : Sis\u00e4\u00e4nrakennettu<\/li>\n<li>Vesitilavuus, (l): \u00a0&#8211;<\/li>\n<li>Kivet : Kivet eiv\u00e4t sis\u00e4lly sarjaan<\/li>\n<\/ul>\n<p>&nbsp;<\/p>\n<p><a href=\"https:\/\/factory.sale\/wp-content\/uploads\/2022\/10\/M5FENDE.pdf\">Manuaalinen<\/a><\/p>\n","protected":false},"excerpt":{"rendered":"<ul>\n<li>Klassinen muotoilu<\/li>\n<li>Malli sein\u00e4asennukseen<\/li>\n<li>Tukeva musta ulkokuori<\/li>\n<li>Sis\u00e4\u00e4nrakennettu ohjausyksikk\u00f6 (4h k\u00e4ytt\u00f6 + 8h esiasetustoiminto)<\/li>\n<\/ul>\n","protected":false},"featured_media":14284,"comment_status":"open","ping_status":"closed","template":"","meta":{"_acf_changed":false},"factory":[],"free-shipment":[],"product_brand":[],"product_cat":[1421,1121,484],"product_tag":[3162,1152,4987,2106],"class_list":{"0":"post-14300","1":"product","2":"type-product","3":"status-publish","4":"has-post-thumbnail","6":"product_cat-harvia-fi","7":"product_cat-saniteetti","8":"product_cat-saunan-kiukaat","9":"product_tag-electric-heater-fi","10":"product_tag-harvia-fi","11":"product_tag-sahkokiuas-fi","12":"product_tag-sauna-fi","14":"first","15":"instock","16":"sale","17":"taxable","18":"shipping-taxable","19":"purchasable","20":"product-type-simple"},"acf":[],"_links":{"self":[{"href":"https:\/\/factory.sale\/fi\/wp-json\/wp\/v2\/product\/14300","targetHints":{"allow":["GET"]}}],"collection":[{"href":"https:\/\/factory.sale\/fi\/wp-json\/wp\/v2\/product"}],"about":[{"href":"https:\/\/factory.sale\/fi\/wp-json\/wp\/v2\/types\/product"}],"replies":[{"embeddable":true,"href":"https:\/\/factory.sale\/fi\/wp-json\/wp\/v2\/comments?post=14300"}],"wp:featuredmedia":[{"embeddable":true,"href":"https:\/\/factory.sale\/fi\/wp-json\/wp\/v2\/media\/14284"}],"wp:attachment":[{"href":"https:\/\/factory.sale\/fi\/wp-json\/wp\/v2\/media?parent=14300"}],"wp:term":[{"taxonomy":"factory","embeddable":true,"href":"https:\/\/factory.sale\/fi\/wp-json\/wp\/v2\/factory?post=14300"},{"taxonomy":"free-shipment","embeddable":true,"href":"https:\/\/factory.sale\/fi\/wp-json\/wp\/v2\/free-shipment?post=14300"},{"taxonomy":"product_brand","embeddable":true,"href":"https:\/\/factory.sale\/fi\/wp-json\/wp\/v2\/product_brand?post=14300"},{"taxonomy":"product_cat","embeddable":true,"href":"https:\/\/factory.sale\/fi\/wp-json\/wp\/v2\/product_cat?post=14300"},{"taxonomy":"product_tag","embeddable":true,"href":"https:\/\/factory.sale\/fi\/wp-json\/wp\/v2\/product_tag?post=14300"}],"curies":[{"name":"wp","href":"https:\/\/api.w.org\/{rel}","templated":true}]}}