{"id":142476,"date":"2026-03-16T14:58:21","date_gmt":"2026-03-16T12:33:18","guid":{"rendered":"https:\/\/factory.sale\/?post_type=product&#038;p=142476"},"modified":"2026-03-22T18:09:00","modified_gmt":"2026-03-22T15:09:00","slug":"grilli-saunamokki-165-m%c2%b2","status":"publish","type":"product","link":"https:\/\/factory.sale\/fi\/tuote\/grilli-saunamokki-165-m%c2%b2\/","title":{"rendered":"Grilli\u2013saunam\u00f6kki 16,5 m\u00b2"},"content":{"rendered":"<p>Grilli- ja saunam\u00f6kki 16,5 m\u00b2 on upea yhdistelm\u00e4 pohjoismaista muotoilua, mukavuutta ja toimivuutta, ja se on luotu muuttamaan puutarhasi ainutlaatuiseksi kokoontumispaikaksi. Ainutlaatuisen arkkitehtuurinsa ja tilavien sis\u00e4tiloineen t\u00e4st\u00e4 m\u00f6kist\u00e4 tulee nopeasti ulkotilasi keskipiste, joka her\u00e4tt\u00e4\u00e4 sek\u00e4 naapureiden ett\u00e4 vieraiden huomion.<\/p>\n<p>M\u00f6kki on suunniteltu unohtumattomiin hetkiin perheen ja yst\u00e4vien kanssa. Viihtyis\u00e4ss\u00e4 ymp\u00e4rist\u00f6ss\u00e4 voit valmistaa ruokaa, rentoutua ja viett\u00e4\u00e4 aikaa yhdess\u00e4 ymp\u00e4ri vuoden. Keskeinen grillialue luo l\u00e4mpim\u00e4n ja kutsuvan tunnelman, joka sopii t\u00e4ydellisesti herkullisten aterioiden valmistamiseen, kun kaikki kokoontuvat p\u00f6yd\u00e4n \u00e4\u00e4reen.<br \/>\nK\u00e4yt\u00e4nn\u00f6llisten ominaisuuksiensa lis\u00e4ksi t\u00e4m\u00e4 grilli- ja saunam\u00f6kki tuo erityist\u00e4 vieh\u00e4tyst\u00e4 mihin tahansa puutarhaan, maalaistaloon tai takapihalle. Se tarjoaa kutsuvan lepopaikan, jossa aikuiset voivat rentoutua, seurustella ja nauttia autenttisista saunael\u00e4myksist\u00e4, kun taas lapset rakastavat oman pienen m\u00f6kkins\u00e4 viihtyis\u00e4\u00e4 ja leikkis\u00e4\u00e4 tunnelmaa.<br \/>\nOlipa kyseess\u00e4 juhlat, viikonloppukokoontumiset tai rauhalliset illat ulkona, Grilli\u2013saunam\u00f6kki 16,5 m\u00b2 luo unohtumattomia hetki\u00e4 ja muuttaa pihasi yksityiseksi rentoutumis- ja viihtymisalueeksi.<\/p>\n<p>&nbsp;<\/p>\n<p><strong>M\u00f6kki toimitetaan k\u00e4sittelem\u00e4tt\u00f6m\u00e4n\u00e4 ja maalaamattomana.<\/strong><\/p>\n<p>&nbsp;<\/p>\n<p><strong>Vakiovarustus:<\/strong><\/p>\n<ul>\n<li>2 huonetta: grilli- ja saunahuone<\/li>\n<li>Lattiaelementit, suorat sein\u00e4t, bitumipaanuilla katettu katto<\/li>\n<li>Saunahuoneessa eristetyt kattopaneelit<\/li>\n<li>Jatkettava savupiippu<\/li>\n<li>2 kaksinkertaisella lasilla varustettua ikkunaa grillihuoneessa (1 avattava)<\/li>\n<li>Puinen ovi kuusikulmaisella lasi-ikkunalla, puinen kahva ja lukko<\/li>\n<li>Vakio grilli<\/li>\n<li>Grillin ymp\u00e4rille asennettu p\u00f6yt\u00e4<\/li>\n<li>Grillihuoneen penkit istuintyynyill\u00e4<\/li>\n<li>S\u00e4vytetty karkaistu lasiovi grillihuoneen ja saunahuoneen v\u00e4liss\u00e4<\/li>\n<li>Saunahuone, jossa lauteet, kiukaan suojakaide ja kuumuutta kest\u00e4v\u00e4t suojalevyt<\/li>\n<\/ul>\n<p>&nbsp;<\/p>\n<p><strong>Tekniset tiedot:<\/strong><\/p>\n<div class=\"TyagGW_tableContainer\">\n<div class=\"group TyagGW_tableWrapper flex flex-col-reverse w-fit\" tabindex=\"-1\">\n<table class=\"w-fit min-w-(--thread-content-width)\" style=\"height: 512px;\" width=\"772\" data-start=\"2289\" data-end=\"2843\">\n<thead data-start=\"2289\" data-end=\"2310\">\n<tr data-start=\"2289\" data-end=\"2310\">\n<th class=\"\" data-start=\"2289\" data-end=\"2302\" data-col-size=\"sm\"><\/th>\n<th class=\"\" data-start=\"2302\" data-end=\"2310\" data-col-size=\"md\"><\/th>\n<\/tr>\n<\/thead>\n<tbody data-start=\"2321\" data-end=\"2843\">\n<tr data-start=\"2321\" data-end=\"2354\">\n<td data-start=\"2321\" data-end=\"2336\" data-col-size=\"sm\">Kapasiteetti<\/td>\n<td data-start=\"2336\" data-end=\"2354\" data-col-size=\"md\">10\u201315 henkil\u00f6\u00e4<\/td>\n<\/tr>\n<tr data-start=\"2355\" data-end=\"2377\">\n<td data-start=\"2355\" data-end=\"2368\" data-col-size=\"sm\">Materiaali<\/td>\n<td data-start=\"2368\" data-end=\"2377\" data-col-size=\"md\">M\u00e4nty<\/td>\n<\/tr>\n<tr data-start=\"2378\" data-end=\"2401\">\n<td data-start=\"2378\" data-end=\"2386\" data-col-size=\"sm\">Muoto<\/td>\n<td data-start=\"2386\" data-end=\"2401\" data-col-size=\"md\">8-kulmainen<\/td>\n<\/tr>\n<tr data-start=\"2402\" data-end=\"2433\">\n<td data-start=\"2402\" data-end=\"2414\" data-col-size=\"sm\">Ulkomitat<\/td>\n<td data-start=\"2414\" data-end=\"2433\" data-col-size=\"md\">4,53 m \u00d7 4,53 m<\/td>\n<\/tr>\n<tr data-start=\"2434\" data-end=\"2465\">\n<td data-start=\"2434\" data-end=\"2446\" data-col-size=\"sm\">Sis\u00e4mitat<\/td>\n<td data-col-size=\"md\" data-start=\"2446\" data-end=\"2465\">5,03 m \u00d7 5,03 m<\/td>\n<\/tr>\n<tr data-start=\"2466\" data-end=\"2493\">\n<td data-start=\"2466\" data-end=\"2482\" data-col-size=\"sm\">Sis\u00e4pinta-ala<\/td>\n<td data-start=\"2482\" data-end=\"2493\" data-col-size=\"md\">16,5 m\u00b2<\/td>\n<\/tr>\n<tr data-start=\"2494\" data-end=\"2521\">\n<td data-start=\"2494\" data-end=\"2511\" data-col-size=\"sm\">Sein\u00e4n korkeus<\/td>\n<td data-start=\"2511\" data-end=\"2521\" data-col-size=\"md\">3,81 m<\/td>\n<\/tr>\n<tr data-start=\"2522\" data-end=\"2548\">\n<td data-start=\"2522\" data-end=\"2539\" data-col-size=\"sm\">Sein\u00e4n paksuus<\/td>\n<td data-col-size=\"md\" data-start=\"2539\" data-end=\"2548\">45 mm<\/td>\n<\/tr>\n<tr data-start=\"2549\" data-end=\"2583\">\n<td data-start=\"2549\" data-end=\"2574\" data-col-size=\"sm\">Lattialautojen paksuus<\/td>\n<td data-start=\"2574\" data-end=\"2583\" data-col-size=\"md\">18 mm<\/td>\n<\/tr>\n<tr data-start=\"2584\" data-end=\"2617\">\n<td data-start=\"2584\" data-end=\"2608\" data-col-size=\"sm\">Kattolautojen paksuus<\/td>\n<td data-start=\"2608\" data-end=\"2617\" data-col-size=\"md\">18 mm<\/td>\n<\/tr>\n<tr data-start=\"2618\" data-end=\"2663\">\n<td data-start=\"2618\" data-end=\"2635\" data-col-size=\"sm\">Kattomateriaali<\/td>\n<td data-start=\"2635\" data-end=\"2663\" data-col-size=\"md\">Suomalaiset bitumipaanut<\/td>\n<\/tr>\n<tr data-start=\"2664\" data-end=\"2744\">\n<td data-start=\"2664\" data-end=\"2679\" data-col-size=\"sm\">Saunaikkunat<\/td>\n<td data-start=\"2679\" data-end=\"2744\" data-col-size=\"md\">2 kpl kaksinkertaisia kuusikulmaisia ikkunoita (512 \u00d7 442 mm)<\/td>\n<\/tr>\n<tr data-start=\"2745\" data-end=\"2782\">\n<td data-start=\"2745\" data-end=\"2766\" data-col-size=\"sm\">Grillim\u00f6kin ikkuna<\/td>\n<td data-start=\"2766\" data-end=\"2782\" data-col-size=\"md\">880 \u00d7 510 mm<\/td>\n<\/tr>\n<tr data-start=\"2783\" data-end=\"2813\">\n<td data-start=\"2783\" data-end=\"2789\" data-col-size=\"sm\">Ovi<\/td>\n<td data-start=\"2789\" data-end=\"2813\" data-col-size=\"md\">Liimapuinen m\u00e4ntyovi<\/td>\n<\/tr>\n<tr data-start=\"2814\" data-end=\"2843\">\n<td data-start=\"2814\" data-end=\"2826\" data-col-size=\"sm\">Oven koko<\/td>\n<td data-start=\"2826\" data-end=\"2843\" data-col-size=\"md\">780 \u00d7 1760 mm<\/td>\n<\/tr>\n<\/tbody>\n<\/table>\n<\/div>\n<p>&nbsp;<\/p>\n<\/div>\n<p><strong>Kuljetustiedot:<\/strong><\/p>\n<p>M\u00f6kki toimitetaan lavalla.<br \/>\nLavan mitat (L \u00d7 P \u00d7 K):<\/p>\n<ul>\n<li>1 lava (1,2 \u00d7 3,5 \u00d7 2,6 m) 1800 kg<\/li>\n<li>1 lava (1,2 \u00d7 2,45 \u00d7 2,6 m) 400 kg<\/li>\n<\/ul>\n<p>&nbsp;<\/p>\n<p>&nbsp;<\/p>\n<p><strong>Katon v\u00e4rit:<\/strong><\/p>\n<p>Musta, Vihre\u00e4, Punainen, Harmaa<\/p>\n<p><img loading=\"lazy\" decoding=\"async\" class=\"alignnone wp-image-141885\" src=\"https:\/\/factory.sale\/wp-content\/uploads\/2026\/03\/Roof-woodenme-factory-sale-300x70.png\" sizes=\"auto, (max-width: 467px) 100vw, 467px\" srcset=\"https:\/\/factory.sale\/wp-content\/uploads\/2026\/03\/Roof-woodenme-factory-sale-300x70.png 300w, https:\/\/factory.sale\/wp-content\/uploads\/2026\/03\/Roof-woodenme-factory-sale-150x35.png 150w, https:\/\/factory.sale\/wp-content\/uploads\/2026\/03\/Roof-woodenme-factory-sale-600x139.png 600w, https:\/\/factory.sale\/wp-content\/uploads\/2026\/03\/Roof-woodenme-factory-sale.png 742w\" alt=\"\" width=\"467\" height=\"109\" \/><\/p>\n<p>&nbsp;<\/p>\n<p>&nbsp;<\/p>\n<p><strong>Grilli ja savupiippu:<\/strong><\/p>\n<ul>\n<li>Standard- Tulipes\u00e4 valmistettu kylm\u00e4valssatusta ter\u00e4ksest\u00e4 ja maalattu kuumuutta kest\u00e4v\u00e4ll\u00e4 mustalla maalilla (RAL 9005). Savukupu ja grillin runko kylm\u00e4valssattua ter\u00e4st\u00e4, maalattu kuumuutta kest\u00e4v\u00e4ll\u00e4 ruskealla maalilla (RAL 8019). Paistoritil\u00e4t ruostumatonta ter\u00e4st\u00e4. <strong>0 \u20ac (sis\u00e4ltyy hintaan)<\/strong><\/li>\n<li>Luxury &#8211; Grillin runko 1 mm ter\u00e4st\u00e4, tulipes\u00e4 ja ritil\u00e4n kahvat 2 mm ter\u00e4st\u00e4, tuhkalaatikko 5 mm Corten-ter\u00e4st\u00e4. Savukupu 0,9 mm sinkitty\u00e4 ter\u00e4st\u00e4. Pulverimaalattu kuumuutta kest\u00e4v\u00e4ll\u00e4 mustalla mattamaalilla (RAL 9005).<br \/>\n<strong>+ 528 \u20ac<\/strong><\/li>\n<li>Flame &#8211; Irrotettava grilliritil\u00e4, paistoritil\u00e4t ja muut osat ruostumatonta ter\u00e4st\u00e4. Grilliss\u00e4 k\u00e4ytetty Tikkurilan kuumuutta kest\u00e4v\u00e4\u00e4 TEMAL 400 maalia (kest\u00e4\u00e4 jopa 400 \u00b0C). <strong>+ 660 \u20ac<\/strong><\/li>\n<li>Large Flame- Suuri grilli, jonka ymp\u00e4rill\u00e4 p\u00f6yt\u00e4 ja jatkettava savupiippu.<strong> + 924 \u20ac<\/strong><\/li>\n<li>Luxury grillip\u00f6yt\u00e4 &#8211; Liimapuusta valmistettu ylellinen grillip\u00f6yt\u00e4 vakio taittop\u00f6yd\u00e4n sijaan.<strong> + 108 \u20ac<\/strong><\/li>\n<li>Savunpoistaja <strong>+ 528 \u20ac<\/strong><\/li>\n<\/ul>\n<p>&nbsp;<\/p>\n<p><strong>Tyynysarja:<\/strong><\/p>\n<ul>\n<li>Sininen 0 \u20ac<\/li>\n<li>Ruskea 0 \u20ac<\/li>\n<li>Luxury tyynysarja +132 \u20ac<\/li>\n<\/ul>\n<p>&nbsp;<\/p>\n<p><strong>Ikkunat:<\/strong><\/p>\n<ul>\n<li>Katto ikkunalla +198 \u20ac<\/li>\n<li>Kattoikkuna +594 \u20ac<\/li>\n<li>Verho +34 \u20ac<\/li>\n<\/ul>\n<p>&nbsp;<\/p>\n<p><strong>Grillim\u00f6kin lis\u00e4varusteet:\u00a0<\/strong><\/p>\n<ul>\n<li>Grillip\u00f6yd\u00e4n turvakaide +96 \u20ac<\/li>\n<li>Grillip\u00f6yd\u00e4n suojapeite +20,40 \u20ac<\/li>\n<li>Polttopuiden teline +90 \u20ac<\/li>\n<li>Ruostumattomasta ter\u00e4ksest\u00e4 valmistettu oven kynnys +20,40 \u20ac<\/li>\n<li>Laatikko +66 \u20ac<\/li>\n<li>Porontaljat +96 \u20ac<\/li>\n<li>Hylly +20,40 \u20ac<\/li>\n<li>Peuransarvet +30 \u20ac<\/li>\n<\/ul>\n<p>&nbsp;<\/p>\n<p><strong>Avattavat ikkunat:<\/strong><\/p>\n<ul>\n<li>1 kpl alkaen 2 (vakio) 0 \u20ac<\/li>\n<li>2 kpl alkaen 2 + 84 \u20ac<\/li>\n<\/ul>\n<p>&nbsp;<\/p>\n<p><strong>Eristetty katto + 726 \u20ac<\/strong><\/p>\n<p>&nbsp;<\/p>\n<p><strong>Lattiavaihtoehdot:<\/strong><\/p>\n<ul>\n<li>Standardilattia 18 mm 0 \u20ac<\/li>\n<li>Luxury lattia 28 mm +396 \u20ac<\/li>\n<li>Luxury eristetty lattia 28 mm +582 \u20ac<\/li>\n<li>Luxury eristetty lattia ilmanvaihdolla 28 mm +780 \u20ac<\/li>\n<\/ul>\n<p>&nbsp;<\/p>\n<p><strong>Valaistus:<\/strong><\/p>\n<ul>\n<li>Saunalamppu +39,60 \u20ac<\/li>\n<li>Saunalampun suojus +42 \u20ac<\/li>\n<\/ul>\n<p>&nbsp;<\/p>\n<p><strong>S\u00e4hk\u00f6kiukaat<\/strong><\/p>\n<ul>\n<li>Harvia Trendi KIP80 8 kW +514,80 \u20ac<\/li>\n<li>Harvia Cilindro X WiFi +1260 \u20ac<\/li>\n<li>Harvia Club WiFi +2160 \u20ac<\/li>\n<li>Huum Drop 9 kW +2184 \u20ac<\/li>\n<li>Huum Hive Mini 9 kW +2880 \u20ac<\/li>\n<\/ul>\n<p>&nbsp;<\/p>\n<p>&nbsp;<\/p>\n<p><strong>Saunatarvikkeet:<\/strong><\/p>\n<ul>\n<li>Puinen \u00e4mp\u00e4ri +39,60 \u20ac<\/li>\n<li>Puinen l\u00f6ylykauha +13,20 \u20ac<\/li>\n<li>L\u00e4mp\u00f6mittari-kosteusmittari +39,60 \u20ac<\/li>\n<li>Kiukaan suojakaide +52,80 \u20ac<\/li>\n<li>Selk\u00e4noja (2 kpl) +105,60 \u20ac<\/li>\n<li>Vaateripustin +10,80 \u20ac<\/li>\n<li>P\u00e4\u00e4ntuki +33,60 \u20ac<\/li>\n<\/ul>\n<p>&nbsp;<\/p>\n<p>&nbsp;<\/p>\n<p><video style=\"max-width: 100%; height: auto; display: block;\" preload=\"auto\" autoplay=\"autoplay\" loop=\"loop\" muted=\"\" controls=\"controls\" width=\"1500\" height=\"3750\"><source src=\"https:\/\/factory.sale\/wp-content\/uploads\/2026\/03\/VID_20200513_113117.mp4\" type=\"video\/mp4\" \/>Your browser does not support the video tag.<br \/>\n&lt;\/video&lt;<\/video><\/p>\n","protected":false},"excerpt":{"rendered":"<p>Grilli\u2013saunam\u00f6kki 16,5 m\u00b2 on n\u00e4ytt\u00e4v\u00e4 ja kauniisti suunniteltu rakennus. T\u00e4m\u00e4 m\u00f6kki her\u00e4tt\u00e4\u00e4 naapureiden, vieraiden tai uteliaiden ohikulkijoiden huomion. T\u00e4llainen m\u00f6kki puutarhassa, maatilalla tai aivan talon vieress\u00e4 kiinnitt\u00e4\u00e4 aina ohikulkijoiden katseet, ja saat nauttia upeasta illanvietosta omassa miniravintolassasi. Lis\u00e4ksi t\u00e4m\u00e4 pieni grillimaja tuo iloa paitsi aikuisille my\u00f6s lapsille.<\/p>\n","protected":false},"featured_media":142465,"comment_status":"open","ping_status":"closed","template":"","meta":{"_acf_changed":false},"factory":[],"free-shipment":[],"product_brand":[],"product_cat":[1317,5035],"product_tag":[],"class_list":{"0":"post-142476","1":"product","2":"type-product","3":"status-publish","4":"has-post-thumbnail","6":"product_cat-sauna-fi","7":"product_cat-saunamokit-fi","8":"pa_roofing-material-harmaa","9":"pa_roofing-material-musta","10":"pa_roofing-material-punainen","11":"pa_roofing-material-vihrea","13":"first","14":"instock","15":"sale","16":"taxable","17":"shipping-taxable","18":"purchasable","19":"product-type-variable"},"acf":[],"_links":{"self":[{"href":"https:\/\/factory.sale\/fi\/wp-json\/wp\/v2\/product\/142476","targetHints":{"allow":["GET"]}}],"collection":[{"href":"https:\/\/factory.sale\/fi\/wp-json\/wp\/v2\/product"}],"about":[{"href":"https:\/\/factory.sale\/fi\/wp-json\/wp\/v2\/types\/product"}],"replies":[{"embeddable":true,"href":"https:\/\/factory.sale\/fi\/wp-json\/wp\/v2\/comments?post=142476"}],"wp:featuredmedia":[{"embeddable":true,"href":"https:\/\/factory.sale\/fi\/wp-json\/wp\/v2\/media\/142465"}],"wp:attachment":[{"href":"https:\/\/factory.sale\/fi\/wp-json\/wp\/v2\/media?parent=142476"}],"wp:term":[{"taxonomy":"factory","embeddable":true,"href":"https:\/\/factory.sale\/fi\/wp-json\/wp\/v2\/factory?post=142476"},{"taxonomy":"free-shipment","embeddable":true,"href":"https:\/\/factory.sale\/fi\/wp-json\/wp\/v2\/free-shipment?post=142476"},{"taxonomy":"product_brand","embeddable":true,"href":"https:\/\/factory.sale\/fi\/wp-json\/wp\/v2\/product_brand?post=142476"},{"taxonomy":"product_cat","embeddable":true,"href":"https:\/\/factory.sale\/fi\/wp-json\/wp\/v2\/product_cat?post=142476"},{"taxonomy":"product_tag","embeddable":true,"href":"https:\/\/factory.sale\/fi\/wp-json\/wp\/v2\/product_tag?post=142476"}],"curies":[{"name":"wp","href":"https:\/\/api.w.org\/{rel}","templated":true}]}}