{"id":142441,"date":"2026-03-06T19:29:36","date_gmt":"2026-03-16T12:18:48","guid":{"rendered":"https:\/\/factory.sale\/?post_type=product&#038;p=142441"},"modified":"2026-03-16T18:22:23","modified_gmt":"2026-03-16T15:22:23","slug":"nordictent-cp-pro-varjo-keskitangolla-3x3m","status":"publish","type":"product","link":"https:\/\/factory.sale\/fi\/tuote\/nordictent-cp-pro-varjo-keskitangolla-3x3m\/","title":{"rendered":"NORDICTENT CP PRO -varjo keskitangolla 3x3m"},"content":{"rendered":"<p>Mukana:<br \/>\nKeskell\u00e4 oleva varjostimen kehys, ristijalka ja varjostimen suojus.<\/p>\n<p>Korkealaatuinen ja vakaa ja aurinkovarjo, jossa on keskell\u00e4 oleva tanko, on t\u00e4ydellinen ulkoilmatapahtumiin, kotipuutarhoihin, terasseille ja ulkokahviloihin.<\/p>\n<p>Se tarjoaa tehokas suoja s\u00e4\u00e4olosuhteita vastaan ja samalla se antaa sinulle mahdollisuuden korostaa br\u00e4ndi\u00e4si.<\/p>\n<p>Helppo avausj\u00e4rjestelm\u00e4 ja<strong> kest\u00e4v\u00e4 polyesteripinnoite<\/strong> varmista mukava k\u00e4ytt\u00f6. Kansi on <strong>palonkest\u00e4v\u00e4, vedenpit\u00e4v\u00e4 ja UV-s\u00e4teilyn kest\u00e4v\u00e4<\/strong>, mik\u00e4 varmistaa pitk\u00e4aikaisen kest\u00e4vyyden ulko-olosuhteissa.<\/p>\n<p>&nbsp;<\/p>\n<p>Raam: Pulverimaalattu alumiini<\/p>\n<p>Tangon halkaisija 78 mm<\/p>\n<p>Tolppamateriaalin paksuus: 2,5 mm<\/p>\n<p>Kylkiluiden poikkileikkaus 22 x 35 mm<\/p>\n<p>Kylkiluun materiaalin paksuus: 1,5 mm<\/p>\n<p>Kaal (netto): 24 kg<\/p>\n<p>Avausj\u00e4rjestelm\u00e4liukuva kahva<br \/>\nKatepolyesterikangas 250 g\/m2, palosuojattu, veden -ja UV-suojattu<\/p>\n<p>Pinnoiten v\u00e4ri: beige, sali, tummanbeige (ruskea)<\/p>\n<p>Kehyksen v\u00e4ri: valkoinen<\/p>\n<p>Painokivi\u00e4 ei sis\u00e4lly hintaan.<\/p>\n","protected":false},"excerpt":{"rendered":"<p>Raam: Pulverimaalattu alumiini<\/p>\n<p>Tangon halkaisija 78 mm<\/p>\n<p>Tolppamateriaalin paksuus: 2,5 mm<\/p>\n<p>Kylkiluiden poikkileikkaus 22 x 35 mm<\/p>\n<p>Kylkiluun materiaalin paksuus: 1,5 mm<\/p>\n<p>Kaal (netto): 24 kg<\/p>\n<p>Avausj\u00e4rjestelm\u00e4liukuva kahva<br \/>\nKatepolyesterikangas 250 g\/m2, palosuojattu, veden -ja UV-suojattu<\/p>\n<p>Pinnoiten v\u00e4ri: beige, sali, tummanbeige (ruskea)<\/p>\n<p>Kehyksen v\u00e4ri: valkoinen<\/p>\n<p>Painokivi\u00e4 ei sis\u00e4lly hintaan.<\/p>\n","protected":false},"featured_media":141378,"comment_status":"open","ping_status":"closed","template":"","meta":{"_acf_changed":false},"factory":[],"free-shipment":[],"product_brand":[],"product_cat":[997,2466],"product_tag":[],"class_list":{"0":"post-142441","1":"product","2":"type-product","3":"status-publish","4":"has-post-thumbnail","6":"product_cat-piha-puutarha-fi","7":"product_cat-puutarhakalusteet","9":"first","10":"instock","11":"sale","12":"taxable","13":"shipping-taxable","14":"purchasable","15":"product-type-simple"},"acf":[],"_links":{"self":[{"href":"https:\/\/factory.sale\/fi\/wp-json\/wp\/v2\/product\/142441","targetHints":{"allow":["GET"]}}],"collection":[{"href":"https:\/\/factory.sale\/fi\/wp-json\/wp\/v2\/product"}],"about":[{"href":"https:\/\/factory.sale\/fi\/wp-json\/wp\/v2\/types\/product"}],"replies":[{"embeddable":true,"href":"https:\/\/factory.sale\/fi\/wp-json\/wp\/v2\/comments?post=142441"}],"wp:featuredmedia":[{"embeddable":true,"href":"https:\/\/factory.sale\/fi\/wp-json\/wp\/v2\/media\/141378"}],"wp:attachment":[{"href":"https:\/\/factory.sale\/fi\/wp-json\/wp\/v2\/media?parent=142441"}],"wp:term":[{"taxonomy":"factory","embeddable":true,"href":"https:\/\/factory.sale\/fi\/wp-json\/wp\/v2\/factory?post=142441"},{"taxonomy":"free-shipment","embeddable":true,"href":"https:\/\/factory.sale\/fi\/wp-json\/wp\/v2\/free-shipment?post=142441"},{"taxonomy":"product_brand","embeddable":true,"href":"https:\/\/factory.sale\/fi\/wp-json\/wp\/v2\/product_brand?post=142441"},{"taxonomy":"product_cat","embeddable":true,"href":"https:\/\/factory.sale\/fi\/wp-json\/wp\/v2\/product_cat?post=142441"},{"taxonomy":"product_tag","embeddable":true,"href":"https:\/\/factory.sale\/fi\/wp-json\/wp\/v2\/product_tag?post=142441"}],"curies":[{"name":"wp","href":"https:\/\/api.w.org\/{rel}","templated":true}]}}