{"id":142427,"date":"2026-03-16T13:27:23","date_gmt":"2026-03-16T10:41:01","guid":{"rendered":"https:\/\/factory.sale\/?post_type=product&#038;p=142427"},"modified":"2026-03-22T18:12:13","modified_gmt":"2026-03-22T15:12:13","slug":"grillimokki-165-m%c2%b2-saunalla-25-m-laajennus","status":"publish","type":"product","link":"https:\/\/factory.sale\/fi\/tuote\/grillimokki-165-m%c2%b2-saunalla-25-m-laajennus\/","title":{"rendered":"Grillim\u00f6kki 16,5 m\u00b2 saunalla (2,5 m laajennus)"},"content":{"rendered":"<p>Luo t\u00e4ydellinen ulkoilmakokoontumistila 16,5 m\u00b2:n grillim\u00f6kill\u00e4 ja saunan laajennuksella. T\u00e4m\u00e4 tilava, pohjoismaiseen tyyliin sisustettu m\u00f6kki on suunniteltu sosiaalisiin hetkiin, rentoutumiseen ja autenttisiin saunael\u00e4myksiin. Perinteisen grillim\u00f6kin ja yksityisen saunan yhdist\u00e4v\u00e4 monitoimirakennus tarjoaa t\u00e4ydellisen paikan nauttia ruoasta, l\u00e4mm\u00f6st\u00e4 ja hyvinvoinnista ymp\u00e4ri vuoden.<\/p>\n<p>Tilava 16,5 m\u00b2:n grillim\u00f6kki ja sen 4,67 m\u00b2:n saunan laajennus tarjoavat mukavat tilat 12\u201318 hengelle, joten se sopii erinomaisesti perhejuhliin, juhliin yst\u00e4vien kanssa tai viihtyisiin iltoihin nuotiopaikan \u00e4\u00e4ress\u00e4. Keskell\u00e4 oleva grilli antaa kaikille mahdollisuuden kokkailla ja nauttia grillin l\u00e4mm\u00f6st\u00e4 ja tunnelmasta.<\/p>\n<p>Kest\u00e4v\u00e4st\u00e4 ja korkealaatuisesta m\u00e4ntypuusta rakennettu m\u00f6kki on 45 mm paksuilla seinill\u00e4, ja se tarjoaa erinomaisen vakauden ja eristyksen ulkok\u00e4ytt\u00f6\u00f6n kaikkina vuodenaikoina. Grillim\u00f6kiss\u00e4 on tukeva kattorakenne, joka on peitetty suomalaisilla bitumipaanuilla, kun taas saunassa on huolellisesti suunniteltu eristetty katto, jossa on 50 mm:n kivivillaeristys, mik\u00e4 varmistaa tehokkaan l\u00e4mm\u00f6npid\u00e4tyksen ja mukavan saunakokemuksen.<\/p>\n<p>Luonnonvalo tulee sis\u00e4\u00e4n suurten ikkunoiden kautta, mik\u00e4 luo valoisan ja viihtyis\u00e4n sis\u00e4tilan. Klassinen pohjoismainen muotoilu yhdistettyn\u00e4 korkealaatuisiin materiaaleihin ja k\u00e4yt\u00e4nn\u00f6lliseen pohjaratkaisuun tekee t\u00e4st\u00e4 grillim\u00f6kist\u00e4 paitsi toimivan my\u00f6s kauniin keskipisteen puutarhaasi tai ulkotilaasi.<\/p>\n<p>Tilava grillihuone, oleskelutila ja oma sauna tekev\u00e4t t\u00e4st\u00e4 m\u00f6kist\u00e4 ymp\u00e4rivuotisen ulkoilmarentoutumis- ja viihdetilan.<\/p>\n<p><strong>Vakiovarustus:<\/strong><\/p>\n<ul>\n<li>Kapasiteetti 12\u201318 henkil\u00f6\u00e4<\/li>\n<li>Sis\u00e4pinta-ala 16,5 m\u00b2 + 4,67 m\u00b2 laajennus<\/li>\n<li>Puumateriaali M\u00e4nty<\/li>\n<li>Sein\u00e4n paksuus 45 mm<\/li>\n<li>Lattian paksuus 18 mm<\/li>\n<li>Saunaikkuna Kuusikulmainen \u2013 512 \u00d7 442 mm<\/li>\n<li>Ikkunan koko 880 \u00d7 510 mm<\/li>\n<li>Oven koko 780 \u00d7 1760 mm<\/li>\n<li>Katto (grillihuone) 18 mm paneelit + bitumikattolaatat<\/li>\n<li>Katto (saunahuone) Puupaneelit + 50 mm kivivillaeristys + bitumikattolaatat<\/li>\n<\/ul>\n<p>&nbsp;<\/p>\n<p><strong>Tekniset tiedot:<\/strong><\/p>\n<div class=\"TyagGW_tableContainer\">\n<div class=\"group TyagGW_tableWrapper flex flex-col-reverse w-fit\" tabindex=\"-1\">\n<table class=\"w-fit min-w-(--thread-content-width)\" data-start=\"2397\" data-end=\"2898\">\n<thead data-start=\"2397\" data-end=\"2418\">\n<tr data-start=\"2397\" data-end=\"2418\">\n<th class=\"\" data-start=\"2397\" data-end=\"2410\" data-col-size=\"sm\"><\/th>\n<th class=\"\" data-start=\"2410\" data-end=\"2418\" data-col-size=\"md\"><\/th>\n<\/tr>\n<\/thead>\n<tbody data-start=\"2429\" data-end=\"2898\">\n<tr data-start=\"2429\" data-end=\"2462\">\n<td data-start=\"2429\" data-end=\"2444\" data-col-size=\"sm\">Kapasiteetti<\/td>\n<td data-start=\"2444\" data-end=\"2462\" data-col-size=\"md\">12\u201318 henkil\u00f6\u00e4<\/td>\n<\/tr>\n<tr data-start=\"2463\" data-end=\"2515\">\n<td data-start=\"2463\" data-end=\"2479\" data-col-size=\"sm\">Sis\u00e4pinta-ala<\/td>\n<td data-start=\"2479\" data-end=\"2515\" data-col-size=\"md\">16,5 m\u00b2 + 4,67 m\u00b2 saunalaajennus<\/td>\n<\/tr>\n<tr data-start=\"2516\" data-end=\"2541\">\n<td data-start=\"2516\" data-end=\"2532\" data-col-size=\"sm\">Puumateriaali<\/td>\n<td data-start=\"2532\" data-end=\"2541\" data-col-size=\"md\">M\u00e4nty<\/td>\n<\/tr>\n<tr data-start=\"2542\" data-end=\"2568\">\n<td data-start=\"2542\" data-end=\"2559\" data-col-size=\"sm\">Sein\u00e4n paksuus<\/td>\n<td data-start=\"2559\" data-end=\"2568\" data-col-size=\"md\">45 mm<\/td>\n<\/tr>\n<tr data-start=\"2569\" data-end=\"2596\">\n<td data-start=\"2569\" data-end=\"2587\" data-col-size=\"sm\">Lattian paksuus<\/td>\n<td data-start=\"2587\" data-end=\"2596\" data-col-size=\"md\">18 mm<\/td>\n<\/tr>\n<tr data-start=\"2597\" data-end=\"2644\">\n<td data-start=\"2597\" data-end=\"2611\" data-col-size=\"sm\">Saunaikkuna<\/td>\n<td data-start=\"2611\" data-end=\"2644\" data-col-size=\"md\">Kuusikulmainen \u2013 512 \u00d7 442 mm<\/td>\n<\/tr>\n<tr data-start=\"2645\" data-end=\"2676\">\n<td data-start=\"2645\" data-end=\"2660\" data-col-size=\"sm\">Ikkunan koko<\/td>\n<td data-start=\"2660\" data-end=\"2676\" data-col-size=\"md\">880 \u00d7 510 mm<\/td>\n<\/tr>\n<tr data-start=\"2677\" data-end=\"2706\">\n<td data-start=\"2677\" data-end=\"2689\" data-col-size=\"sm\">Oven koko<\/td>\n<td data-start=\"2689\" data-end=\"2706\" data-col-size=\"md\">780 \u00d7 1760 mm<\/td>\n<\/tr>\n<tr data-start=\"2707\" data-end=\"2777\">\n<td data-start=\"2707\" data-end=\"2727\" data-col-size=\"sm\">Katto (grillihuone)<\/td>\n<td data-start=\"2727\" data-end=\"2777\" data-col-size=\"md\">18 mm paneelit + suomalaiset bitumikattolaatat<\/td>\n<\/tr>\n<tr data-start=\"2778\" data-end=\"2898\">\n<td data-start=\"2778\" data-end=\"2799\" data-col-size=\"sm\">Katto (saunahuone)<\/td>\n<td data-start=\"2799\" data-end=\"2898\" data-col-size=\"md\">18 mm m\u00e4nnyn ulkoverhous + 14 mm lepp\u00e4\/lehmus sis\u00e4verhous + 50 mm kivivilla + bitumikattolaatat<\/td>\n<\/tr>\n<\/tbody>\n<\/table>\n<\/div>\n<\/div>\n<p>&nbsp;<\/p>\n<p>&nbsp;<\/p>\n<p><strong>Kuljetustiedot:<\/strong><\/p>\n<ul>\n<li>Pakkaukset: \u00a0(4,5 \u00d7 1,2 \u00d7 2,6 m) + \u00a0(2,65 \u00d7 1,2 \u00d7 2,6 m)<\/li>\n<li>Paino: 1791 kg + 1282 kg<\/li>\n<\/ul>\n<p>&nbsp;<\/p>\n<p><strong>Katon v\u00e4ri:<\/strong><\/p>\n<p>Musta, Vihre\u00e4, Punainen, Harmaa<\/p>\n<p><img loading=\"lazy\" decoding=\"async\" class=\"alignnone wp-image-141885\" src=\"https:\/\/factory.sale\/wp-content\/uploads\/2026\/03\/Roof-woodenme-factory-sale-300x70.png\" sizes=\"auto, (max-width: 467px) 100vw, 467px\" srcset=\"https:\/\/factory.sale\/wp-content\/uploads\/2026\/03\/Roof-woodenme-factory-sale-300x70.png 300w, https:\/\/factory.sale\/wp-content\/uploads\/2026\/03\/Roof-woodenme-factory-sale-150x35.png 150w, https:\/\/factory.sale\/wp-content\/uploads\/2026\/03\/Roof-woodenme-factory-sale-600x139.png 600w, https:\/\/factory.sale\/wp-content\/uploads\/2026\/03\/Roof-woodenme-factory-sale.png 742w\" alt=\"\" width=\"467\" height=\"109\" \/><\/p>\n<p>&nbsp;<\/p>\n<p>&nbsp;<\/p>\n<p><strong>Eristetty katto + 726 \u20ac<\/strong><\/p>\n<p>&nbsp;<\/p>\n<p><strong>Grillim\u00f6kin lis\u00e4varusteet:\u00a0<\/strong><\/p>\n<ul>\n<li>Grillip\u00f6yd\u00e4n turvakaide +96 \u20ac<\/li>\n<li>Grillip\u00f6yd\u00e4n suojapeite +20,40 \u20ac<\/li>\n<li>Polttopuiden teline +90 \u20ac<\/li>\n<li>Ruostumattomasta ter\u00e4ksest\u00e4 valmistettu oven kynnys +20,40 \u20ac<\/li>\n<li>Laatikko +66 \u20ac<\/li>\n<li>Porontaljat +96 \u20ac<\/li>\n<li>Hylly +20,40 \u20ac<\/li>\n<li>Peuransarvet +30 \u20ac<\/li>\n<\/ul>\n<p>&nbsp;<\/p>\n<p><strong>Grilli ja savupiippu:<\/strong><\/p>\n<ul>\n<li>Standard- Tulipes\u00e4 valmistettu kylm\u00e4valssatusta ter\u00e4ksest\u00e4 ja maalattu kuumuutta kest\u00e4v\u00e4ll\u00e4 mustalla maalilla (RAL 9005). Savukupu ja grillin runko kylm\u00e4valssattua ter\u00e4st\u00e4, maalattu kuumuutta kest\u00e4v\u00e4ll\u00e4 ruskealla maalilla (RAL 8019). Paistoritil\u00e4t ruostumatonta ter\u00e4st\u00e4.\u00a0<strong>0 \u20ac (sis\u00e4ltyy hintaan)<\/strong><\/li>\n<li>Luxury \u2013 Grillin runko 1 mm ter\u00e4st\u00e4, tulipes\u00e4 ja ritil\u00e4n kahvat 2 mm ter\u00e4st\u00e4, tuhkalaatikko 5 mm Corten-ter\u00e4st\u00e4. Savukupu 0,9 mm sinkitty\u00e4 ter\u00e4st\u00e4. Pulverimaalattu kuumuutta kest\u00e4v\u00e4ll\u00e4 mustalla mattamaalilla (RAL 9005).<br \/>\n<strong>+ 528 \u20ac<\/strong><\/li>\n<li>Flame \u2013 Irrotettava grilliritil\u00e4, paistoritil\u00e4t ja muut osat ruostumatonta ter\u00e4st\u00e4. Grilliss\u00e4 k\u00e4ytetty Tikkurilan kuumuutta kest\u00e4v\u00e4\u00e4 TEMAL 400 maalia (kest\u00e4\u00e4 jopa 400 \u00b0C).\u00a0<strong>+ 660 \u20ac<\/strong><\/li>\n<li>Large Flame- Suuri grilli, jonka ymp\u00e4rill\u00e4 p\u00f6yt\u00e4 ja jatkettava savupiippu.<strong>\u00a0+ 924 \u20ac<\/strong><\/li>\n<li>Luxury grillip\u00f6yt\u00e4 \u2013 Liimapuusta valmistettu ylellinen grillip\u00f6yt\u00e4 vakio taittop\u00f6yd\u00e4n sijaan.<strong>\u00a0+ 108 \u20ac<\/strong><\/li>\n<li>Savunpoistaja\u00a0<strong>+ 528 \u20ac<\/strong><\/li>\n<\/ul>\n<p>&nbsp;<\/p>\n<p>&nbsp;<\/p>\n<p><strong>Tyynysarja:<\/strong><\/p>\n<ul>\n<li>Sininen 0 \u20ac<\/li>\n<li>Ruskea 0 \u20ac<\/li>\n<li>Luxury-tyynysarja + 132 \u20ac<\/li>\n<li>Kattoikkuna + 243,60 \u20ac<\/li>\n<li>Kattoikkunan luukku + 686,40 \u20ac<\/li>\n<li>Verho + 39,60 \u20ac<\/li>\n<\/ul>\n<p>&nbsp;<\/p>\n<p>&nbsp;<\/p>\n<p><strong>Avattavat ikkunat:<\/strong><\/p>\n<ul>\n<li>2\/4 ikkunaa (vakio) 0 \u20ac<\/li>\n<li>3\/4 ikkunaa + 42 \u20ac<\/li>\n<li>4\/4 ikkunaa + 84 \u20ac<\/li>\n<\/ul>\n<p>&nbsp;<\/p>\n<p>&nbsp;<\/p>\n<p><strong>Lattiavaihtoehdot:<\/strong><\/p>\n<ul>\n<li>Vakiolattia 18 mm 0 \u20ac<\/li>\n<li>Luksuslattia 28 mm + 660 \u20ac<\/li>\n<li>Eristetty luksuslattia 28 mm + 912 \u20ac<\/li>\n<li>Eristetty luksuslattia ilmankierrolla 28 mm + 1242 \u20ac<\/li>\n<\/ul>\n<p>&nbsp;<\/p>\n<p>&nbsp;<\/p>\n<p><strong>Valaistus:<\/strong><\/p>\n<ul>\n<li>Saunalamppu + 39,60 \u20ac<\/li>\n<li>Saunavalaisimen suojus + 42 \u20ac<\/li>\n<\/ul>\n<p>&nbsp;<\/p>\n<p><strong>S\u00e4hk\u00f6kiukaat:<\/strong><\/p>\n<ul>\n<li>Huum Drop 9,0 kW s\u00e4hk\u00f6kiuas + 2184 \u20ac<\/li>\n<li>Huum Hive Mini 9,0 kW s\u00e4hk\u00f6kiuas + 2880 \u20ac<\/li>\n<li>Harvia Club s\u00e4hk\u00f6kiuas WiFi:ll\u00e4 + 2160 \u20ac<\/li>\n<li>Harvia Cilindro X s\u00e4hk\u00f6kiuas WiFi:ll\u00e4 + 1260 \u20ac<\/li>\n<\/ul>\n<p>&nbsp;<\/p>\n<p>&nbsp;<\/p>\n<p><strong>Puul\u00e4mmitteiset kiukaat:<\/strong><\/p>\n<ul>\n<li>Harvia Pro 20, 24,1 kW + 1320 \u20ac<\/li>\n<li>Harvia 20 Pro SL (ulkopuolelta l\u00e4mmitett\u00e4v\u00e4) + 1452 \u20ac<\/li>\n<li>24 L vesitankki + 204 \u20ac<\/li>\n<li>CE-hyv\u00e4ksytty savupiippu vakiosavupiipun sijaan + 198 \u20ac<\/li>\n<\/ul>\n<p>&nbsp;<\/p>\n<p><strong>Saunatarvikkeet:<\/strong><\/p>\n<ul>\n<li>Puinen \u00e4mp\u00e4ri + 39,60 \u20ac<\/li>\n<li>Puinen l\u00f6ylykauha + 13,20 \u20ac<\/li>\n<li>L\u00e4mp\u00f6mittari-hygrometri + 39,60 \u20ac<\/li>\n<li>Kiukaan suojakaide + 52,80 \u20ac<\/li>\n<li>Selk\u00e4noja (2 kpl) + 105,60 \u20ac<\/li>\n<li>Vaateripustin + 10,80 \u20ac<\/li>\n<li>P\u00e4\u00e4ntuki + 33,60 \u20ac<\/li>\n<\/ul>\n<p>&nbsp;<\/p>\n<p><strong>Mahdollista tilata my\u00f6s ilman saunan lauteita ja tyynysarjaa.<\/strong><\/p>\n<p>&nbsp;<\/p>\n<p><video style=\"max-width: 100%; height: auto; display: block;\" preload=\"auto\" autoplay=\"autoplay\" loop=\"loop\" muted=\"\" controls=\"controls\" width=\"1500\" height=\"3750\"><source src=\"https:\/\/factory.sale\/wp-content\/uploads\/2026\/03\/VID_20200513_113117.mp4\" type=\"video\/mp4\" \/>Your browser does not support the video tag.<br \/>\n&lt;\/video&lt;<\/video><\/p>\n","protected":false},"excerpt":{"rendered":"<p>Tilava 16,5 m\u00b2 grillim\u00f6kki 2,5 m saunalaajennuksella tarjoaa tilaa 12\u201318 henkil\u00f6lle ja sopii t\u00e4ydellisesti ymp\u00e4rivuotiseen yhdess\u00e4oloon. Kest\u00e4v\u00e4 m\u00e4nnyst\u00e4 valmistettu rakenne, eristetty saunan katto sek\u00e4 klassinen pohjoismainen muotoilu tekev\u00e4t t\u00e4st\u00e4 m\u00f6kist\u00e4 erinomaisen paikan sek\u00e4 seurusteluun ett\u00e4 rentoutumiseen.<\/p>\n","protected":false},"featured_media":142402,"comment_status":"open","ping_status":"closed","template":"","meta":{"_acf_changed":false},"factory":[],"free-shipment":[],"product_brand":[],"product_cat":[1317,5035],"product_tag":[],"class_list":{"0":"post-142427","1":"product","2":"type-product","3":"status-publish","4":"has-post-thumbnail","6":"product_cat-sauna-fi","7":"product_cat-saunamokit-fi","8":"pa_roofing-material-harmaa","9":"pa_roofing-material-musta","10":"pa_roofing-material-punainen","11":"pa_roofing-material-vihrea","13":"first","14":"instock","15":"sale","16":"taxable","17":"shipping-taxable","18":"purchasable","19":"product-type-variable"},"acf":[],"_links":{"self":[{"href":"https:\/\/factory.sale\/fi\/wp-json\/wp\/v2\/product\/142427","targetHints":{"allow":["GET"]}}],"collection":[{"href":"https:\/\/factory.sale\/fi\/wp-json\/wp\/v2\/product"}],"about":[{"href":"https:\/\/factory.sale\/fi\/wp-json\/wp\/v2\/types\/product"}],"replies":[{"embeddable":true,"href":"https:\/\/factory.sale\/fi\/wp-json\/wp\/v2\/comments?post=142427"}],"wp:featuredmedia":[{"embeddable":true,"href":"https:\/\/factory.sale\/fi\/wp-json\/wp\/v2\/media\/142402"}],"wp:attachment":[{"href":"https:\/\/factory.sale\/fi\/wp-json\/wp\/v2\/media?parent=142427"}],"wp:term":[{"taxonomy":"factory","embeddable":true,"href":"https:\/\/factory.sale\/fi\/wp-json\/wp\/v2\/factory?post=142427"},{"taxonomy":"free-shipment","embeddable":true,"href":"https:\/\/factory.sale\/fi\/wp-json\/wp\/v2\/free-shipment?post=142427"},{"taxonomy":"product_brand","embeddable":true,"href":"https:\/\/factory.sale\/fi\/wp-json\/wp\/v2\/product_brand?post=142427"},{"taxonomy":"product_cat","embeddable":true,"href":"https:\/\/factory.sale\/fi\/wp-json\/wp\/v2\/product_cat?post=142427"},{"taxonomy":"product_tag","embeddable":true,"href":"https:\/\/factory.sale\/fi\/wp-json\/wp\/v2\/product_tag?post=142427"}],"curies":[{"name":"wp","href":"https:\/\/api.w.org\/{rel}","templated":true}]}}