{"id":142387,"date":"2026-03-15T23:03:05","date_gmt":"2026-03-15T21:50:27","guid":{"rendered":"https:\/\/factory.sale\/?post_type=product&#038;p=142387"},"modified":"2026-03-22T18:16:54","modified_gmt":"2026-03-22T15:16:54","slug":"grillimokki-92-m%c2%b2-saunalla-25-m-laajennus","status":"publish","type":"product","link":"https:\/\/factory.sale\/fi\/tuote\/grillimokki-92-m%c2%b2-saunalla-25-m-laajennus\/","title":{"rendered":"Grillim\u00f6kki 9,2 m\u00b2 saunalla (2,5 m laajennus)"},"content":{"rendered":"<p>T\u00e4m\u00e4 ainutlaatuinen pohjoismaiseen tyyliin sisustettu m\u00f6kki on suunniteltu sek\u00e4 sosiaalisiin hetkiin ett\u00e4 syv\u00e4\u00e4n rentoutumiseen. Perinteisen BBQ-m\u00f6kin ja yksityisen saunan yhdist\u00e4v\u00e4 monitoimirakennus tarjoaa ihanteellisen paikan nauttia ruoasta, l\u00e4mm\u00f6st\u00e4 ja autenttisista saunael\u00e4myksist\u00e4 ymp\u00e4ri vuoden.<\/p>\n<p>Tilava 9,2 m\u00b2:n grillim\u00f6kki ja sen 4,79 m\u00b2:n saunan laajennus tarjoavat mukavat tilat 9\u201312 hengelle, joten se sopii t\u00e4ydellisesti perhejuhliin, juhliin yst\u00e4vien kanssa tai viihtyisiin iltoihin ulkona. Grillihuoneen keskell\u00e4 on perinteinen grilli, jonka ymp\u00e4rill\u00e4 on p\u00f6yt\u00e4, jonka \u00e4\u00e4ress\u00e4 kaikki voivat istua yhdess\u00e4 ruoanlaiton ja tulen l\u00e4mm\u00f6st\u00e4 nauttien.<br \/>\nKest\u00e4v\u00e4st\u00e4 ja korkealaatuisesta m\u00e4ntypuusta rakennettu m\u00f6kki, jonka sein\u00e4t ovat 45 mm paksut, tarjoaa erinomaisen vakauden ja eristyksen ulkok\u00e4ytt\u00f6\u00f6n. Saunahuoneessa on eristetty kattorakenne ja 50 mm:n kivivillaeristys, joka varmistaa tehokkaan l\u00e4mm\u00f6npid\u00e4tyksen ja mukavan saunakokemuksen.<\/p>\n<p>Grillausalue on suunniteltu mukavuutta ja k\u00e4yt\u00e4nn\u00f6llisyytt\u00e4 silm\u00e4ll\u00e4 pit\u00e4en, ja siin\u00e4 on nelj\u00e4 tyynyill\u00e4 varustettua penkki\u00e4, joista kaksi voidaan pident\u00e4\u00e4 nukkumista varten. Luonnonvalo tulvii sis\u00e4\u00e4n kaksinkertaisista ikkunoista, ja puinen ulko-ovi, jossa on kuusikulmainen lasi-ikkuna, lis\u00e4\u00e4 tunnusomaista pohjoismaista estetiikkaa.<\/p>\n<p>Karkaistusta s\u00e4vylasista valmistettu ovi erottaa grillihuoneen saunatilasta, s\u00e4ilytt\u00e4en l\u00e4mm\u00f6n ja luoden samalla modernin ja tyylikk\u00e4\u00e4n sis\u00e4tilan. Saunan sis\u00e4ll\u00e4 penkit ja kiuasalueen l\u00e4mm\u00f6nkest\u00e4v\u00e4t suojalevyt tarjoavat turvallisen ja mukavan ymp\u00e4rist\u00f6n perinteisten saunarituaalien nauttimiseen.<\/p>\n<p>Grillim\u00f6kin, oleskelutilan ja yksityissaunan yhdistelm\u00e4ll\u00e4 t\u00e4m\u00e4 m\u00f6kki muuttaa puutarhasi ymp\u00e4rivuotiseksi ulkotilaksi.<\/p>\n<p><strong>Tekniset tiedot:<\/strong><\/p>\n<div class=\"TyagGW_tableContainer\">\n<div class=\"group TyagGW_tableWrapper flex flex-col-reverse w-fit\" tabindex=\"-1\">\n<table class=\"w-fit min-w-(--thread-content-width)\" data-start=\"1920\" data-end=\"3049\">\n<thead data-start=\"1920\" data-end=\"1941\">\n<tr data-start=\"1920\" data-end=\"1941\">\n<th class=\"\" data-start=\"1920\" data-end=\"1933\" data-col-size=\"sm\"><\/th>\n<th class=\"\" data-start=\"1933\" data-end=\"1941\" data-col-size=\"xl\"><\/th>\n<\/tr>\n<\/thead>\n<tbody data-start=\"1952\" data-end=\"3049\">\n<tr data-start=\"1952\" data-end=\"1984\">\n<td data-start=\"1952\" data-end=\"1967\" data-col-size=\"sm\">Kapasiteetti<\/td>\n<td data-col-size=\"xl\" data-start=\"1967\" data-end=\"1984\">9\u201312 henkil\u00f6\u00e4<\/td>\n<\/tr>\n<tr data-start=\"1985\" data-end=\"2031\">\n<td data-start=\"1985\" data-end=\"2001\" data-col-size=\"sm\">Sis\u00e4pinta-ala<\/td>\n<td data-col-size=\"xl\" data-start=\"2001\" data-end=\"2031\">9,2 m\u00b2 + 4,79 m\u00b2 laajennus<\/td>\n<\/tr>\n<tr data-start=\"2032\" data-end=\"2057\">\n<td data-start=\"2032\" data-end=\"2048\" data-col-size=\"sm\">Puumateriaali<\/td>\n<td data-col-size=\"xl\" data-start=\"2048\" data-end=\"2057\">M\u00e4nty<\/td>\n<\/tr>\n<tr data-start=\"2058\" data-end=\"2084\">\n<td data-start=\"2058\" data-end=\"2075\" data-col-size=\"sm\">Sein\u00e4n paksuus<\/td>\n<td data-col-size=\"xl\" data-start=\"2075\" data-end=\"2084\">45 mm<\/td>\n<\/tr>\n<tr data-start=\"2085\" data-end=\"2112\">\n<td data-start=\"2085\" data-end=\"2103\" data-col-size=\"sm\">Lattian paksuus<\/td>\n<td data-col-size=\"xl\" data-start=\"2103\" data-end=\"2112\">18 mm<\/td>\n<\/tr>\n<tr data-start=\"2113\" data-end=\"2159\">\n<td data-start=\"2113\" data-end=\"2127\" data-col-size=\"sm\">Saunaikkuna<\/td>\n<td data-col-size=\"xl\" data-start=\"2127\" data-end=\"2159\">Kuusikulmainen, 512 \u00d7 442 mm<\/td>\n<\/tr>\n<tr data-start=\"2160\" data-end=\"2191\">\n<td data-start=\"2160\" data-end=\"2175\" data-col-size=\"sm\">Ikkunan koko<\/td>\n<td data-col-size=\"xl\" data-start=\"2175\" data-end=\"2191\">880 \u00d7 510 mm<\/td>\n<\/tr>\n<tr data-start=\"2192\" data-end=\"2221\">\n<td data-start=\"2192\" data-end=\"2204\" data-col-size=\"sm\">Oven koko<\/td>\n<td data-start=\"2204\" data-end=\"2221\" data-col-size=\"xl\">780 \u00d7 1760 mm<\/td>\n<\/tr>\n<tr data-start=\"2222\" data-end=\"2270\">\n<td data-start=\"2222\" data-end=\"2232\" data-col-size=\"sm\">Huoneet<\/td>\n<td data-start=\"2232\" data-end=\"2270\" data-col-size=\"xl\">2 huonetta: grillihuone + saunahuone<\/td>\n<\/tr>\n<tr data-start=\"2271\" data-end=\"2314\">\n<td data-start=\"2271\" data-end=\"2281\" data-col-size=\"sm\">Rakenne<\/td>\n<td data-col-size=\"xl\" data-start=\"2281\" data-end=\"2314\">Lattiapaneelit, suorat sein\u00e4t<\/td>\n<\/tr>\n<tr data-start=\"2315\" data-end=\"2501\">\n<td data-start=\"2315\" data-end=\"2323\" data-col-size=\"sm\">Katto<\/td>\n<td data-col-size=\"xl\" data-start=\"2323\" data-end=\"2501\">Grillihuone : 18 mm + suomalaiset bitumikattolaatat; sauna: 18 mm m\u00e4nnyn ulkoverhous + 14 mm lepp\u00e4\/lehmus sis\u00e4verhous, v\u00e4liss\u00e4 50 mm kivivilla, p\u00e4\u00e4llystetty bitumikattolaatoilla<\/td>\n<\/tr>\n<tr data-start=\"2502\" data-end=\"2549\">\n<td data-start=\"2502\" data-end=\"2515\" data-col-size=\"sm\">Savupiippu<\/td>\n<td data-start=\"2515\" data-end=\"2549\" data-col-size=\"xl\">Jatkettava savupiippu sis\u00e4ltyy<\/td>\n<\/tr>\n<tr data-start=\"2550\" data-end=\"2614\">\n<td data-start=\"2550\" data-end=\"2572\" data-col-size=\"sm\">Grillihuoneen ikkunat<\/td>\n<td data-col-size=\"xl\" data-start=\"2572\" data-end=\"2614\">2 kaksinkertaista ikkunaa (1 avattava)<\/td>\n<\/tr>\n<tr data-start=\"2615\" data-end=\"2684\">\n<td data-start=\"2615\" data-end=\"2626\" data-col-size=\"sm\">Ulko-ovi<\/td>\n<td data-col-size=\"xl\" data-start=\"2626\" data-end=\"2684\">Puuovi kuusikulmaisella lasi-ikkunalla, kahva ja lukko<\/td>\n<\/tr>\n<tr data-start=\"2685\" data-end=\"2750\">\n<td data-start=\"2685\" data-end=\"2700\" data-col-size=\"sm\">BBQ-varustus<\/td>\n<td data-col-size=\"xl\" data-start=\"2700\" data-end=\"2750\">Keskell\u00e4 oleva vakiogrilli, jonka ymp\u00e4rille on asennettu p\u00f6yt\u00e4<\/td>\n<\/tr>\n<tr data-start=\"2751\" data-end=\"2807\">\n<td data-start=\"2751\" data-end=\"2766\" data-col-size=\"sm\">Istumapaikat<\/td>\n<td data-start=\"2766\" data-end=\"2807\" data-col-size=\"xl\">4 penkki\u00e4 (2 jatkettavaa nukkumiseen)<\/td>\n<\/tr>\n<tr data-start=\"2808\" data-end=\"2853\">\n<td data-start=\"2808\" data-end=\"2817\" data-col-size=\"sm\">Tyynyt<\/td>\n<td data-col-size=\"xl\" data-start=\"2817\" data-end=\"2853\">Grillipenkkien tyynyt sis\u00e4ltyv\u00e4t toimitukseen<\/td>\n<\/tr>\n<tr data-start=\"2854\" data-end=\"2937\">\n<td data-start=\"2854\" data-end=\"2878\" data-col-size=\"sm\">Huoneiden v\u00e4linen ovi<\/td>\n<td data-col-size=\"xl\" data-start=\"2878\" data-end=\"2937\">Karkaistusta s\u00e4vylasista valmistettu ovi grillin ja saunan v\u00e4liss\u00e4<\/td>\n<\/tr>\n<tr data-start=\"2938\" data-end=\"2980\">\n<td data-start=\"2938\" data-end=\"2953\" data-col-size=\"sm\">Saunaikkunat<\/td>\n<td data-col-size=\"xl\" data-start=\"2953\" data-end=\"2980\">1 kuusikulmainen ikkuna<\/td>\n<\/tr>\n<tr data-start=\"2981\" data-end=\"3049\">\n<td data-start=\"2981\" data-end=\"2999\" data-col-size=\"sm\">Saunan sisustus<\/td>\n<td data-col-size=\"xl\" data-start=\"2999\" data-end=\"3049\">Lauteet ja l\u00e4mm\u00f6nkest\u00e4v\u00e4t suojalevyt kiukaalle<\/td>\n<\/tr>\n<\/tbody>\n<\/table>\n<\/div>\n<\/div>\n<p>&nbsp;<\/p>\n<p>&nbsp;<\/p>\n<p><strong>Kuljetustiedot:<\/strong><\/p>\n<ul>\n<li>Pakkaukset:<br \/>\n1 paketti (3 \u00d7 1,2 \u00d7 2,6 m)<br \/>\n1 paketti (2,45 \u00d7 1,2 \u00d7 2,6 m)<\/li>\n<li>Paino: 1283 kg + 842 kg<\/li>\n<\/ul>\n<p>&nbsp;<\/p>\n<p><strong>Katon v\u00e4ri:<\/strong><\/p>\n<p>Musta, Vihre\u00e4, Punainen, Harmaa<\/p>\n<p><img loading=\"lazy\" decoding=\"async\" class=\"alignnone wp-image-141885\" src=\"https:\/\/factory.sale\/wp-content\/uploads\/2026\/03\/Roof-woodenme-factory-sale-300x70.png\" sizes=\"auto, (max-width: 467px) 100vw, 467px\" srcset=\"https:\/\/factory.sale\/wp-content\/uploads\/2026\/03\/Roof-woodenme-factory-sale-300x70.png 300w, https:\/\/factory.sale\/wp-content\/uploads\/2026\/03\/Roof-woodenme-factory-sale-150x35.png 150w, https:\/\/factory.sale\/wp-content\/uploads\/2026\/03\/Roof-woodenme-factory-sale-600x139.png 600w, https:\/\/factory.sale\/wp-content\/uploads\/2026\/03\/Roof-woodenme-factory-sale.png 742w\" alt=\"\" width=\"467\" height=\"109\" \/><\/p>\n<p>&nbsp;<\/p>\n<p>&nbsp;<\/p>\n<p><strong>Katon eristys grillihuoneessa + 528 \u20ac<\/strong><\/p>\n<p>&nbsp;<\/p>\n<p><strong>Grillim\u00f6kin lis\u00e4varusteet:<\/strong><\/p>\n<ul>\n<li>Grillip\u00f6yd\u00e4n turvakaide + 79,20 \u20ac<\/li>\n<li>BBQ-p\u00f6yd\u00e4n suojus + 32,40 \u20ac<\/li>\n<li>Polttopuiden teline + 92,40 \u20ac<\/li>\n<li>Ruostumattomasta ter\u00e4ksest\u00e4 valmistettu oven kynnys + 26,40 \u20ac<\/li>\n<li>Laatikko + 72 \u20ac<\/li>\n<li>Porontaljat + 79,20 \u20ac<\/li>\n<li>Kukkaruukku + 45,60 \u20ac<\/li>\n<li>Hylly + 26,40 \u20ac<\/li>\n<li>Peuransarvet + 26,40 \u20ac<\/li>\n<\/ul>\n<p>&nbsp;<\/p>\n<p>&nbsp;<\/p>\n<p><strong>Grilli ja savupiippu:<\/strong><\/p>\n<ul>\n<li>Standard \u2013 tulipes\u00e4 kylm\u00e4valssattua ter\u00e4st\u00e4, kuumuutta kest\u00e4v\u00e4 musta maali (RAL 9005). Savukupu ja grillin runko kylm\u00e4valssattua ter\u00e4st\u00e4, kuumuutta kest\u00e4v\u00e4 ruskea maali (RAL 8019). Ritil\u00e4t ruostumatonta ter\u00e4st\u00e4.<strong> 0 \u20ac (sis\u00e4ltyy)<\/strong><\/li>\n<li>Luxury \u2013 grillin runko 1 mm ter\u00e4st\u00e4, tulipes\u00e4 ja ritil\u00e4n kahvat 2 mm ter\u00e4st\u00e4, tuhka-astia 5 mm Corten-ter\u00e4st\u00e4. Savukupu 0,9 mm sinkitty\u00e4 ter\u00e4st\u00e4. <strong>+ 540 \u20ac<\/strong><\/li>\n<li>Flame \u2013 irrotettava BBQ-ritil\u00e4 ja ruostumattomasta ter\u00e4ksest\u00e4 valmistetut grilliosat. Maalattu Tikkurilan kuumuutta kest\u00e4v\u00e4ll\u00e4 TEMAL 400 -maalilla (kest\u00e4\u00e4 jopa 400 \u00b0C). <strong>+. 594 \u20ac<\/strong><\/li>\n<li>Large Flame \u2013 suuri grilli p\u00f6yd\u00e4ll\u00e4 ymp\u00e4rill\u00e4 ja jatkettava savupiippu. <strong>+990 \u20ac<\/strong><\/li>\n<li>Savunpoistaja<strong> + 558 \u20ac<\/strong><\/li>\n<\/ul>\n<p>&nbsp;<\/p>\n<p>&nbsp;<\/p>\n<p><strong>Tyynysarja<\/strong>:<\/p>\n<ul>\n<li>Sininen 0 \u20ac<\/li>\n<li>Ruskea 0 \u20ac<\/li>\n<li>Luxury-tyynysarja + 66 \u20ac<\/li>\n<\/ul>\n<p>Kattoikkuna + 243,60 \u20ac<\/p>\n<p>Kattoikkunan luukku + 726 \u20ac<\/p>\n<p>Verho + 39,60 \u20ac<\/p>\n<p>&nbsp;<\/p>\n<p>&nbsp;<\/p>\n<p><strong>Avattavat ikkunat:<\/strong><\/p>\n<ul>\n<li>1 \/ 2 ikkunoista (vakio) 0 \u20ac<\/li>\n<li>2 \/ 2 ikkunoista + 39,60 \u20ac<\/li>\n<\/ul>\n<p>&nbsp;<\/p>\n<p>&nbsp;<\/p>\n<p><strong>Lattiavaihtoehdot:<\/strong><\/p>\n<ul>\n<li>Vakiolattia 18 mm 0 \u20ac<\/li>\n<li>Luksuslattia 28 mm + 435,60 \u20ac<\/li>\n<li>Eristetty luksuslattia 28 mm + 607,20 \u20ac<\/li>\n<li>Eristetty luksuslattia ilmankierrolla 28 mm + 831,60 \u20ac<\/li>\n<\/ul>\n<p>&nbsp;<\/p>\n<p><strong>Valaistus:<\/strong><\/p>\n<ul>\n<li>Saunalamppu + 39,60 \u20ac<\/li>\n<li>Saunavalaisimen suojus + 42 \u20ac<\/li>\n<\/ul>\n<p>&nbsp;<\/p>\n<p>&nbsp;<\/p>\n<p><strong>S\u00e4hk\u00f6kiukaat:<\/strong><\/p>\n<ul>\n<li>Huum Drop 9,0 kW s\u00e4hk\u00f6kiuas + 2184 \u20ac<\/li>\n<li>Huum Hive Mini 9,0 kW s\u00e4hk\u00f6kiuas + 2880 \u20ac<\/li>\n<li>Harvia Club s\u00e4hk\u00f6kiuas WiFi:ll\u00e4 + 2160 \u20ac<\/li>\n<li>Harvia Cilindro X s\u00e4hk\u00f6kiuas WiFi:ll\u00e4 + 1260 \u20ac<\/li>\n<\/ul>\n<p>&nbsp;<\/p>\n<p>&nbsp;<\/p>\n<p><strong>Puul\u00e4mmitteiset kiukaat:<\/strong><\/p>\n<ul>\n<li>Harvia Pro 20, 24,1 kW + 1320 \u20ac<\/li>\n<li>Harvia 20 Pro SL (ulkopuolelta l\u00e4mmitett\u00e4v\u00e4) + 1452 \u20ac<\/li>\n<li>24 L vesitankki + 204 \u20ac<\/li>\n<li>CE-hyv\u00e4ksytty savupiippu vakiosavupiipun sijaan + 198 \u20ac<\/li>\n<\/ul>\n<p>&nbsp;<\/p>\n<p>&nbsp;<\/p>\n<p><strong>Saunatarvikkeet:<\/strong><\/p>\n<ul>\n<li>Puinen \u00e4mp\u00e4ri + 39,60 \u20ac<\/li>\n<li>Puinen l\u00f6ylykauha + 13,20 \u20ac<\/li>\n<li>L\u00e4mp\u00f6mittari-hygrometri + 39,60 \u20ac<\/li>\n<li>Kiukaan suojakaide + 52,80 \u20ac<\/li>\n<li>Selk\u00e4noja (2 kpl) + 105,60 \u20ac<\/li>\n<li>Vaateripustin + 10,80 \u20ac<\/li>\n<li>P\u00e4\u00e4ntuki + 33,60 \u20ac<\/li>\n<\/ul>\n<p>&nbsp;<\/p>\n<p><strong>Mahdollista tilata my\u00f6s ilman saunan lauteita ja tyynysarjaa.<\/strong><\/p>\n<p>&nbsp;<\/p>\n<p>&nbsp;<\/p>\n<p><video style=\"max-width: 100%; height: auto; display: block;\" preload=\"auto\" autoplay=\"autoplay\" loop=\"loop\" muted=\"\" controls=\"controls\" width=\"1500\" height=\"3750\"><source src=\"https:\/\/factory.sale\/wp-content\/uploads\/2026\/03\/VID_20200513_113117.mp4\" type=\"video\/mp4\" \/>Your browser does not support the video tag.<br \/>\n&lt;\/video&lt;<\/video><\/p>\n","protected":false},"excerpt":{"rendered":"<div class=\"n4sEPd\">\n<div class=\"FFpbKc\">\n<div class=\"xMmqsf\"><span class=\"jCAhz ChMk0b\"><span class=\"ryNqvb\">Tilava 9,2 m\u00b2 grillim\u00f6kki saunan laajennuksella 9\u201312 hengelle.<\/span><\/span> <span class=\"jCAhz ChMk0b\"><span class=\"ryNqvb\">Sis\u00e4lt\u00e4\u00e4 keskell\u00e4 olevan grilliritil\u00e4n, istuimet tyynyill\u00e4, eristetyn saunatilan ja kest\u00e4v\u00e4n m\u00e4ntypuurakenteen ymp\u00e4rivuotiseen oleskeluun.<\/span><\/span><\/div>\n<\/div>\n<\/div>\n","protected":false},"featured_media":142373,"comment_status":"open","ping_status":"closed","template":"","meta":{"_acf_changed":false},"factory":[],"free-shipment":[],"product_brand":[],"product_cat":[1317,5035],"product_tag":[2106],"class_list":{"0":"post-142387","1":"product","2":"type-product","3":"status-publish","4":"has-post-thumbnail","6":"product_cat-sauna-fi","7":"product_cat-saunamokit-fi","8":"product_tag-sauna-fi","9":"pa_roofing-material-harmaa","10":"pa_roofing-material-musta","11":"pa_roofing-material-punainen","12":"pa_roofing-material-vihrea","14":"first","15":"instock","16":"sale","17":"taxable","18":"shipping-taxable","19":"purchasable","20":"product-type-variable"},"acf":[],"_links":{"self":[{"href":"https:\/\/factory.sale\/fi\/wp-json\/wp\/v2\/product\/142387","targetHints":{"allow":["GET"]}}],"collection":[{"href":"https:\/\/factory.sale\/fi\/wp-json\/wp\/v2\/product"}],"about":[{"href":"https:\/\/factory.sale\/fi\/wp-json\/wp\/v2\/types\/product"}],"replies":[{"embeddable":true,"href":"https:\/\/factory.sale\/fi\/wp-json\/wp\/v2\/comments?post=142387"}],"wp:featuredmedia":[{"embeddable":true,"href":"https:\/\/factory.sale\/fi\/wp-json\/wp\/v2\/media\/142373"}],"wp:attachment":[{"href":"https:\/\/factory.sale\/fi\/wp-json\/wp\/v2\/media?parent=142387"}],"wp:term":[{"taxonomy":"factory","embeddable":true,"href":"https:\/\/factory.sale\/fi\/wp-json\/wp\/v2\/factory?post=142387"},{"taxonomy":"free-shipment","embeddable":true,"href":"https:\/\/factory.sale\/fi\/wp-json\/wp\/v2\/free-shipment?post=142387"},{"taxonomy":"product_brand","embeddable":true,"href":"https:\/\/factory.sale\/fi\/wp-json\/wp\/v2\/product_brand?post=142387"},{"taxonomy":"product_cat","embeddable":true,"href":"https:\/\/factory.sale\/fi\/wp-json\/wp\/v2\/product_cat?post=142387"},{"taxonomy":"product_tag","embeddable":true,"href":"https:\/\/factory.sale\/fi\/wp-json\/wp\/v2\/product_tag?post=142387"}],"curies":[{"name":"wp","href":"https:\/\/api.w.org\/{rel}","templated":true}]}}