{"id":142342,"date":"2026-02-23T18:52:59","date_gmt":"2026-03-16T12:18:21","guid":{"rendered":"https:\/\/factory.sale\/?post_type=product&#038;p=142342"},"modified":"2026-03-16T15:22:27","modified_gmt":"2026-03-16T12:22:27","slug":"aurinkovarjo-sivutangolla-nordictent-3x3m","status":"publish","type":"product","link":"https:\/\/factory.sale\/fi\/tuote\/aurinkovarjo-sivutangolla-nordictent-3x3m\/","title":{"rendered":"Aurinkovarjo sivutangolla NORDICTENT CAPRI SA 3x3m"},"content":{"rendered":"<p>Laadukas ja vakaa aurinkovarjo sivutangoilla on t\u00e4ydellinen ulkoilmatapahtumiin, kotipuutarhoihin, terasseille ja ulkokahviloihin.<\/p>\n<p>Se tarjoaa tehokas suoja s\u00e4\u00e4olosuhteita vastaan ja samalla se antaa sinulle mahdollisuuden korostaa br\u00e4ndi\u00e4si.<\/p>\n<p>Helppo avausj\u00e4rjestelm\u00e4 ja<strong> kest\u00e4v\u00e4 polyesteripinnoite<\/strong> varmista mukava k\u00e4ytt\u00f6. Kansi on <strong>palonkest\u00e4v\u00e4, vedenpit\u00e4v\u00e4 ja UV-s\u00e4teilyn kest\u00e4v\u00e4<\/strong>, mik\u00e4 varmistaa pitk\u00e4aikaisen kest\u00e4vyyden ulko-olosuhteissa.<\/p>\n<p>Kehys: alumiini, puuj\u00e4ljitelm\u00e4<\/p>\n<p>Maston pokkileikkaus: 93 x 93 mm<\/p>\n<p>Maston profiilin paksuus: 3 mm<\/p>\n<p>Kylkiluiden poikkileikkaus: 17 x 35 mm<\/p>\n<p>Kylkiluun materiaalin paksuus: 1,2 mm (sis\u00e4inen vahvike)<\/p>\n<p>Paino (netto) 55 kg<\/p>\n<p>Avajaiset: kammen kanssa<\/p>\n<p>Lis\u00e4ominaisuuksia: py\u00f6rii 360 akselinsa ymp\u00e4ri<\/p>\n<p>Kate: polyesterikangas, 360 g\/m2, vedenpit\u00e4v\u00e4, UV-s\u00e4teilyn kest\u00e4v\u00e4, palonestoaineella suojattu, ilman koristeita<\/p>\n<p><strong>Mukana:<\/strong><br \/>\n<strong>Sivupylv\u00e4\u00e4n varjostimen kehys<\/strong> (ristijalka + masto + kello) ja <strong>beigen s\u00e4vyinen kansi.<\/strong><\/p>\n<p>ILMAINEN LAHJAKSI Sivutolpan varjostimen suojapussi!<br \/>\nPainokivi\u00e4 ei sis\u00e4lly hintaan.<\/p>\n","protected":false},"excerpt":{"rendered":"<p>Kehys: alumiini, puuj\u00e4ljitelm\u00e4<\/p>\n<p>Maston pokkileikkaus: 93 x 93 mm<\/p>\n<p>Maston profiilin paksuus: 3 mm<\/p>\n<p>Kylkiluiden poikkileikkaus: 17 x 35 mm<\/p>\n<p>Kylkiluun materiaalin paksuus: 1,2 mm (sis\u00e4inen vahvike)<\/p>\n<p>Paino (netto) 55 kg<\/p>\n<p>Avajaiset: kammen kanssa<\/p>\n<p>Lis\u00e4ominaisuuksia: py\u00f6rii <strong data-start=\"352\" data-end=\"360\">360\u00b0<\/strong> akselinsa ymp\u00e4ri<\/p>\n<p>Kate: polyesterikangas, <strong data-start=\"408\" data-end=\"420\">360 g\/m\u00b2<\/strong>, vedenpit\u00e4v\u00e4, UV-s\u00e4teilyn kest\u00e4v\u00e4, palonestoaineella suojattu, ilman koristeita<\/p>\n<p><strong>Mukana:<\/strong><br \/>\n<strong>Sivupylv\u00e4\u00e4n varjostimen kehys<\/strong> (ristijalka + masto + kello) ja <strong>beigen s\u00e4vyinen kansi.<\/strong><\/p>\n<p>ILMAINEN LAHJAKSI Sivutolpan varjostimen suojapussi!<br \/>\nPainokivi\u00e4 ei sis\u00e4lly hintaan.<\/p>\n","protected":false},"featured_media":140393,"comment_status":"open","ping_status":"closed","template":"","meta":{"_acf_changed":false},"factory":[],"free-shipment":[],"product_brand":[5022],"product_cat":[997,2466],"product_tag":[],"class_list":{"0":"post-142342","1":"product","2":"type-product","3":"status-publish","4":"has-post-thumbnail","6":"product_brand-funrent","7":"product_cat-piha-puutarha-fi","8":"product_cat-puutarhakalusteet","10":"first","11":"instock","12":"sale","13":"taxable","14":"shipping-taxable","15":"purchasable","16":"product-type-simple"},"acf":[],"_links":{"self":[{"href":"https:\/\/factory.sale\/fi\/wp-json\/wp\/v2\/product\/142342","targetHints":{"allow":["GET"]}}],"collection":[{"href":"https:\/\/factory.sale\/fi\/wp-json\/wp\/v2\/product"}],"about":[{"href":"https:\/\/factory.sale\/fi\/wp-json\/wp\/v2\/types\/product"}],"replies":[{"embeddable":true,"href":"https:\/\/factory.sale\/fi\/wp-json\/wp\/v2\/comments?post=142342"}],"wp:featuredmedia":[{"embeddable":true,"href":"https:\/\/factory.sale\/fi\/wp-json\/wp\/v2\/media\/140393"}],"wp:attachment":[{"href":"https:\/\/factory.sale\/fi\/wp-json\/wp\/v2\/media?parent=142342"}],"wp:term":[{"taxonomy":"factory","embeddable":true,"href":"https:\/\/factory.sale\/fi\/wp-json\/wp\/v2\/factory?post=142342"},{"taxonomy":"free-shipment","embeddable":true,"href":"https:\/\/factory.sale\/fi\/wp-json\/wp\/v2\/free-shipment?post=142342"},{"taxonomy":"product_brand","embeddable":true,"href":"https:\/\/factory.sale\/fi\/wp-json\/wp\/v2\/product_brand?post=142342"},{"taxonomy":"product_cat","embeddable":true,"href":"https:\/\/factory.sale\/fi\/wp-json\/wp\/v2\/product_cat?post=142342"},{"taxonomy":"product_tag","embeddable":true,"href":"https:\/\/factory.sale\/fi\/wp-json\/wp\/v2\/product_tag?post=142342"}],"curies":[{"name":"wp","href":"https:\/\/api.w.org\/{rel}","templated":true}]}}