{"id":14234,"date":"2022-10-15T14:22:01","date_gmt":"2022-10-15T14:26:08","guid":{"rendered":"https:\/\/factory.sale\/?post_type=product&#038;p=14234"},"modified":"2024-06-28T00:58:36","modified_gmt":"2024-06-28T00:58:36","slug":"probioottinen-kasigeeli-150-ml-probio","status":"publish","type":"product","link":"https:\/\/factory.sale\/fi\/tuote\/probioottinen-kasigeeli-150-ml-probio\/","title":{"rendered":"Probioottinen k\u00e4sigeeli, 150 ml, Pro&#038;Bio\u00a9"},"content":{"rendered":"<p>PRO &amp; BIO Life -sarjan probioottinen k\u00e4sigeeli on pehme\u00e4vaikutteinen ja takaa ihanteellisen, pitk\u00e4kestoisen k\u00e4sien puhtauden. Alkoholia sis\u00e4lt\u00e4v\u00e4 geeli on yhdistetty probioottisten bakteerien kanssa. Alkoholi puhdistaa ihoa ja haihtuessaan ihon kosteuden vaikutuksesta aktivoituvat hy\u00f6dylliset probioottibakteerit, jotka lis\u00e4\u00e4ntyv\u00e4t nopeasti, peitt\u00e4v\u00e4t k\u00e4sien ihon ja luovat iholle terveen mikroflooran. Geeli hoitaa, kosteuttaa ja virkist\u00e4\u00e4 ihoa, puhdistaa sen ilman vett\u00e4 samalla kun k\u00e4sist\u00e4 tulee miellytt\u00e4v\u00e4n pehme\u00e4t.<\/p>\n<p><strong>TUOTTEEN OMINAISUUDET<\/strong><\/p>\n<ul>\n<li>Ei kuivata ihoa;<\/li>\n<li>Luo terveen mikroflooran iholle;<\/li>\n<li>Alkoholia sis\u00e4lt\u00e4v\u00e4 geeli on yhdistetty probioottisten bakteerien kanssa;<\/li>\n<li>Toisin kuin muut vastaavat tuotteet, geeli ei kuivata k\u00e4si\u00e4, vaan tekee k\u00e4sist\u00e4 pehme\u00e4t, elastiset ja raikastavat ihoa.<\/li>\n<li>EAN: 4745090630169<\/li>\n<\/ul>\n<p><strong>K\u00c4YTT\u00d6:<\/strong><\/p>\n<p>Levit\u00e4 pieni m\u00e4\u00e4r\u00e4 (+\/- 3ml) k\u00e4sigeeli\u00e4 k\u00e4siisi, hiero geeli\u00e4 varovasti ja anna kuivua.<\/p>\n<p><strong>TUOTTEEN KOOSTUMUS:<\/strong><\/p>\n<p>Denaturoitu alkoholi.; AQUA; Bacillus ferment; KSANTAANIKUMI; TRIETANOLATION; MEK; ISOPROPYYLIALKOHOLI; DENATONIUMBENTSOAATI; C.I. 42051; HAJUVESI.<\/p>\n<p><strong>S\u00c4ILYTYS JA TURVALLISUUS:<\/strong><\/p>\n<p>Pid\u00e4 poissa lasten ulottuvilta. Jos tuotetta on nielty tai joutunut silmiin, ota yhteys l\u00e4\u00e4k\u00e4riin ja n\u00e4yt\u00e4 tuotteen pakkaus tai etiketti.<\/p>\n","protected":false},"excerpt":{"rendered":"<p>PRO &amp; BIO Life -sarjan probioottinen k\u00e4sigeeli on pehme\u00e4vaikutteinen ja takaa ihanteellisen, pitk\u00e4kestoisen k\u00e4sien puhtauden.<\/p>\n","protected":false},"featured_media":14231,"comment_status":"open","ping_status":"closed","template":"","meta":{"_acf_changed":false},"factory":[],"free-shipment":[],"product_brand":[],"product_cat":[422,1356],"product_tag":[1423],"class_list":{"0":"post-14234","1":"product","2":"type-product","3":"status-publish","4":"has-post-thumbnail","6":"product_cat-keemia-fi","7":"product_cat-probiootti-hygieniatuotteet","8":"product_tag-chemistry-fi","10":"first","11":"instock","12":"sale","13":"taxable","14":"shipping-taxable","15":"purchasable","16":"product-type-simple"},"acf":[],"_links":{"self":[{"href":"https:\/\/factory.sale\/fi\/wp-json\/wp\/v2\/product\/14234","targetHints":{"allow":["GET"]}}],"collection":[{"href":"https:\/\/factory.sale\/fi\/wp-json\/wp\/v2\/product"}],"about":[{"href":"https:\/\/factory.sale\/fi\/wp-json\/wp\/v2\/types\/product"}],"replies":[{"embeddable":true,"href":"https:\/\/factory.sale\/fi\/wp-json\/wp\/v2\/comments?post=14234"}],"wp:featuredmedia":[{"embeddable":true,"href":"https:\/\/factory.sale\/fi\/wp-json\/wp\/v2\/media\/14231"}],"wp:attachment":[{"href":"https:\/\/factory.sale\/fi\/wp-json\/wp\/v2\/media?parent=14234"}],"wp:term":[{"taxonomy":"factory","embeddable":true,"href":"https:\/\/factory.sale\/fi\/wp-json\/wp\/v2\/factory?post=14234"},{"taxonomy":"free-shipment","embeddable":true,"href":"https:\/\/factory.sale\/fi\/wp-json\/wp\/v2\/free-shipment?post=14234"},{"taxonomy":"product_brand","embeddable":true,"href":"https:\/\/factory.sale\/fi\/wp-json\/wp\/v2\/product_brand?post=14234"},{"taxonomy":"product_cat","embeddable":true,"href":"https:\/\/factory.sale\/fi\/wp-json\/wp\/v2\/product_cat?post=14234"},{"taxonomy":"product_tag","embeddable":true,"href":"https:\/\/factory.sale\/fi\/wp-json\/wp\/v2\/product_tag?post=14234"}],"curies":[{"name":"wp","href":"https:\/\/api.w.org\/{rel}","templated":true}]}}