{"id":142319,"date":"2026-03-15T14:25:14","date_gmt":"2026-03-15T11:30:11","guid":{"rendered":"https:\/\/factory.sale\/?post_type=product&#038;p=142319"},"modified":"2026-03-22T18:18:35","modified_gmt":"2026-03-22T15:18:35","slug":"saunamokki-92-m%c2%b2","status":"publish","type":"product","link":"https:\/\/factory.sale\/fi\/tuote\/saunamokki-92-m%c2%b2\/","title":{"rendered":"Saunam\u00f6kki 9,2 m\u00b2"},"content":{"rendered":"<p>Standardi 9,2 m\u00b2 saunam\u00f6kin varusteisiin kuuluu: suorat sein\u00e4t, erilliset lattiapaneelit, eristetyt bitumipaanuilla p\u00e4\u00e4llystetyt kattopaneelit, kaksinkertaiset kuusikulmaiset ikkunat, puuovi kaksinkertaisella kuusikulmaisella ikkunalla, puisella kahvalla ja lukolla, sis\u00e4lauteet, selk\u00e4nojat, turva-aita, kiukaan\/uunin l\u00e4mm\u00f6nkest\u00e4v\u00e4t levyt ja pukuhuoneella varustetun saunan sis\u00e4ovi, jossa on karkaistu s\u00e4vylasi.<\/p>\n<p>&nbsp;<\/p>\n<p><strong>Vakiovarustus<\/strong><\/p>\n<ul>\n<li>Lattiapaneelit<\/li>\n<li>Suorat sein\u00e4elementit<\/li>\n<li>Eristetty katto bitumikattolaattojen peitteell\u00e4<\/li>\n<li>1 kpl kaksinkertainen kuusikulmainen ikkuna<\/li>\n<li>Puinen ovi kaksinkertaisella kuusikulmaisella lasi-ikkunalla, puinen kahva ja lukko<\/li>\n<li>Saunalauteet<\/li>\n<li>L\u00e4mm\u00f6nkest\u00e4v\u00e4t suojalevyt kiukaan\/uunin alueelle<\/li>\n<\/ul>\n<p>&nbsp;<\/p>\n<p><strong>Tekniset tiedot:<\/strong><\/p>\n<div class=\"TyagGW_tableContainer\">\n<div class=\"group TyagGW_tableWrapper flex flex-col-reverse w-fit\" tabindex=\"-1\">\n<table class=\"w-fit min-w-(--thread-content-width)\" style=\"height: 485px;\" width=\"789\" data-start=\"852\" data-end=\"1420\">\n<thead data-start=\"852\" data-end=\"873\">\n<tr data-start=\"852\" data-end=\"873\">\n<th class=\"\" data-start=\"852\" data-end=\"865\" data-col-size=\"sm\"><\/th>\n<th class=\"\" data-start=\"865\" data-end=\"873\" data-col-size=\"md\"><\/th>\n<\/tr>\n<\/thead>\n<tbody data-start=\"884\" data-end=\"1420\">\n<tr data-start=\"884\" data-end=\"917\">\n<td data-start=\"884\" data-end=\"899\" data-col-size=\"sm\">Kapasiteetti<\/td>\n<td data-start=\"899\" data-end=\"917\" data-col-size=\"md\">10\u201312 henkil\u00f6\u00e4<\/td>\n<\/tr>\n<tr data-start=\"918\" data-end=\"943\">\n<td data-start=\"918\" data-end=\"934\" data-col-size=\"sm\">Puumateriaali<\/td>\n<td data-start=\"934\" data-end=\"943\" data-col-size=\"md\">M\u00e4nty<\/td>\n<\/tr>\n<tr data-start=\"944\" data-end=\"981\">\n<td data-start=\"944\" data-end=\"952\" data-col-size=\"sm\">Muoto<\/td>\n<td data-start=\"952\" data-end=\"981\" data-col-size=\"md\">Kuusikulmainen (6 kulmaa)<\/td>\n<\/tr>\n<tr data-start=\"982\" data-end=\"1013\">\n<td data-start=\"982\" data-end=\"994\" data-col-size=\"sm\">Ulkomitat<\/td>\n<td data-start=\"994\" data-end=\"1013\" data-col-size=\"md\">3,77 m \u00d7 3,27 m<\/td>\n<\/tr>\n<tr data-start=\"1014\" data-end=\"1045\">\n<td data-start=\"1014\" data-end=\"1026\" data-col-size=\"sm\">Sis\u00e4mitat<\/td>\n<td data-start=\"1026\" data-end=\"1045\" data-col-size=\"md\">3,82 m \u00d7 4,41 m<\/td>\n<\/tr>\n<tr data-start=\"1046\" data-end=\"1072\">\n<td data-start=\"1046\" data-end=\"1062\" data-col-size=\"sm\">Sis\u00e4pinta-ala<\/td>\n<td data-start=\"1062\" data-end=\"1072\" data-col-size=\"md\">9,2 m\u00b2<\/td>\n<\/tr>\n<tr data-start=\"1073\" data-end=\"1100\">\n<td data-start=\"1073\" data-end=\"1090\" data-col-size=\"sm\">Sein\u00e4n korkeus<\/td>\n<td data-start=\"1090\" data-end=\"1100\" data-col-size=\"md\">3,51 m<\/td>\n<\/tr>\n<tr data-start=\"1101\" data-end=\"1127\">\n<td data-start=\"1101\" data-end=\"1118\" data-col-size=\"sm\">Sein\u00e4n paksuus<\/td>\n<td data-start=\"1118\" data-end=\"1127\" data-col-size=\"md\">45 mm<\/td>\n<\/tr>\n<tr data-start=\"1128\" data-end=\"1162\">\n<td data-start=\"1128\" data-end=\"1153\" data-col-size=\"sm\">Lattialautojen paksuus<\/td>\n<td data-start=\"1153\" data-end=\"1162\" data-col-size=\"md\">18 mm<\/td>\n<\/tr>\n<tr data-start=\"1163\" data-end=\"1196\">\n<td data-start=\"1163\" data-end=\"1187\" data-col-size=\"sm\">Kattopaneelin paksuus<\/td>\n<td data-start=\"1187\" data-end=\"1196\" data-col-size=\"md\">18 mm<\/td>\n<\/tr>\n<tr data-start=\"1197\" data-end=\"1248\">\n<td data-start=\"1197\" data-end=\"1215\" data-col-size=\"sm\">Kattomateriaali<\/td>\n<td data-start=\"1215\" data-end=\"1248\" data-col-size=\"md\">Suomalaiset bitumikattolaatat<\/td>\n<\/tr>\n<tr data-start=\"1249\" data-end=\"1327\">\n<td data-start=\"1249\" data-end=\"1259\" data-col-size=\"sm\">Ikkunat<\/td>\n<td data-start=\"1259\" data-end=\"1327\" data-col-size=\"md\">2 kpl kaksinkertaisella lasilla varustettu kuusikulmainen ikkuna<\/td>\n<\/tr>\n<tr data-start=\"1328\" data-end=\"1359\">\n<td data-start=\"1328\" data-end=\"1343\" data-col-size=\"sm\">Ikkunan koko<\/td>\n<td data-start=\"1343\" data-end=\"1359\" data-col-size=\"md\">512 \u00d7 442 mm<\/td>\n<\/tr>\n<tr data-start=\"1360\" data-end=\"1390\">\n<td data-start=\"1360\" data-end=\"1366\" data-col-size=\"sm\">Ovi<\/td>\n<td data-start=\"1366\" data-end=\"1390\" data-col-size=\"md\">Liimapuinen m\u00e4ntyovi<\/td>\n<\/tr>\n<tr data-start=\"1391\" data-end=\"1420\">\n<td data-start=\"1391\" data-end=\"1403\" data-col-size=\"sm\">Oven koko<\/td>\n<td data-start=\"1403\" data-end=\"1420\" data-col-size=\"md\">780 \u00d7 1760 mm<\/td>\n<\/tr>\n<\/tbody>\n<\/table>\n<\/div>\n<\/div>\n<p>&nbsp;<\/p>\n<p>&nbsp;<\/p>\n<p><strong>Kuljetustiedot:<\/strong><\/p>\n<p>Sauna toimitetaan kuormalavalla.<br \/>\nKuormalavan koko (L \u00d7 P \u00d7 K):<\/p>\n<ul>\n<li>(1,2 \u00d7 2,45 \u00d7 2,6 m) \u2013 1100 kg<\/li>\n<li>\u00a0(1,2 \u00d7 2,45 \u00d7 2,6 m) \u2013 300 kg<\/li>\n<\/ul>\n<p>&nbsp;<\/p>\n<p><strong>Katon v\u00e4ri:<\/strong><\/p>\n<p>Musta, Vihre\u00e4, Punainen, Harmaa<\/p>\n<p><img loading=\"lazy\" decoding=\"async\" class=\"alignnone wp-image-141885\" src=\"https:\/\/factory.sale\/wp-content\/uploads\/2026\/03\/Roof-woodenme-factory-sale-300x70.png\" sizes=\"auto, (max-width: 467px) 100vw, 467px\" srcset=\"https:\/\/factory.sale\/wp-content\/uploads\/2026\/03\/Roof-woodenme-factory-sale-300x70.png 300w, https:\/\/factory.sale\/wp-content\/uploads\/2026\/03\/Roof-woodenme-factory-sale-150x35.png 150w, https:\/\/factory.sale\/wp-content\/uploads\/2026\/03\/Roof-woodenme-factory-sale-600x139.png 600w, https:\/\/factory.sale\/wp-content\/uploads\/2026\/03\/Roof-woodenme-factory-sale.png 742w\" alt=\"\" width=\"467\" height=\"109\" \/><\/p>\n<p>&nbsp;<\/p>\n<p>&nbsp;<\/p>\n<p>&nbsp;<\/p>\n<p><strong>Lattiavaihtoehdot:<\/strong><\/p>\n<ul>\n<li>Vakiolattia 18 mm 0 \u20ac<\/li>\n<li>Luksuslattia 28 mm +198 \u20ac<\/li>\n<li>Eristetty luksuslattia 28 mm +306 \u20ac<\/li>\n<\/ul>\n<p>&nbsp;<\/p>\n<p><strong>Valaistus:<\/strong><\/p>\n<ul>\n<li>Saunalamppu +39,60 \u20ac<\/li>\n<li>Saunavalaisimen suojus +42 \u20ac<\/li>\n<\/ul>\n<p>&nbsp;<\/p>\n<p><strong>S\u00e4hk\u00f6kiukaat:<\/strong><\/p>\n<ul>\n<li>Huum Drop 9,0 kW s\u00e4hk\u00f6kiuas +2184 \u20ac<\/li>\n<li>Huum Hive Mini 9,0 kW s\u00e4hk\u00f6kiuas +2880 \u20ac<\/li>\n<li>Harvia Club s\u00e4hk\u00f6kiuas WiFi:ll\u00e4 +2160 \u20ac<\/li>\n<li>Harvia Cilindro X s\u00e4hk\u00f6kiuas WiFi:ll\u00e4 +1260 \u20ac<\/li>\n<\/ul>\n<p>&nbsp;<\/p>\n<p><strong>Puul\u00e4mmitteiset kiukaat:<\/strong><\/p>\n<ul>\n<li>Harvia Pro 20, 24,1 kW +1320 \u20ac<\/li>\n<li>Harvia 20 Pro SL (ulkopuolelta l\u00e4mmitett\u00e4v\u00e4) +1452 \u20ac<\/li>\n<li>24 litran vesitankki +204 \u20ac<\/li>\n<li>CE-hyv\u00e4ksytty savupiippu standardipiipun sijaan +198 \u20ac<\/li>\n<\/ul>\n<p>&nbsp;<\/p>\n<p>&nbsp;<\/p>\n<p><strong>Saunatarvikkeet:<\/strong><\/p>\n<ul>\n<li>Puinen \u00e4mp\u00e4ri +39,60 \u20ac<\/li>\n<li>Puinen l\u00f6ylykauha +13,20 \u20ac<\/li>\n<li>L\u00e4mp\u00f6mittari-hygrometri +39,60 \u20ac<\/li>\n<li>Kiukaan suojakaide +52,80 \u20ac<\/li>\n<li>Selk\u00e4noja (2 kpl) +105,60 \u20ac<\/li>\n<li>Vaateripustin +10,80 \u20ac<\/li>\n<li>P\u00e4\u00e4ntuki +33,60 \u20ac<\/li>\n<\/ul>\n<p>&nbsp;<\/p>\n<p>&nbsp;<\/p>\n","protected":false},"excerpt":{"rendered":"<p>Luo oma yksityinen hyvinvointipaikkasi 9,2 m\u00b2:n saunam\u00f6kill\u00e4. T\u00e4m\u00e4 tilava ja kauniisti suunniteltu ulkosauna tarjoaa rentoutumista, mukavuutta ja autenttisia saunael\u00e4myksi\u00e4. Runsaan sis\u00e4tilansa ansiosta t\u00e4m\u00e4 sauna sopii t\u00e4ydellisesti perinteisten saunarituaalien nauttimiseen perheen ja yst\u00e4vien kanssa.<\/p>\n","protected":false},"featured_media":142313,"comment_status":"open","ping_status":"closed","template":"","meta":{"_acf_changed":false},"factory":[],"free-shipment":[],"product_brand":[],"product_cat":[1317,5035],"product_tag":[2105,2106],"class_list":{"0":"post-142319","1":"product","2":"type-product","3":"status-publish","4":"has-post-thumbnail","6":"product_cat-sauna-fi","7":"product_cat-saunamokit-fi","8":"product_tag-outdoor-sauna-fi","9":"product_tag-sauna-fi","10":"pa_roofing-material-harmaa","11":"pa_roofing-material-musta","12":"pa_roofing-material-punainen","13":"pa_roofing-material-vihrea","15":"first","16":"instock","17":"sale","18":"taxable","19":"shipping-taxable","20":"purchasable","21":"product-type-variable"},"acf":[],"_links":{"self":[{"href":"https:\/\/factory.sale\/fi\/wp-json\/wp\/v2\/product\/142319","targetHints":{"allow":["GET"]}}],"collection":[{"href":"https:\/\/factory.sale\/fi\/wp-json\/wp\/v2\/product"}],"about":[{"href":"https:\/\/factory.sale\/fi\/wp-json\/wp\/v2\/types\/product"}],"replies":[{"embeddable":true,"href":"https:\/\/factory.sale\/fi\/wp-json\/wp\/v2\/comments?post=142319"}],"wp:featuredmedia":[{"embeddable":true,"href":"https:\/\/factory.sale\/fi\/wp-json\/wp\/v2\/media\/142313"}],"wp:attachment":[{"href":"https:\/\/factory.sale\/fi\/wp-json\/wp\/v2\/media?parent=142319"}],"wp:term":[{"taxonomy":"factory","embeddable":true,"href":"https:\/\/factory.sale\/fi\/wp-json\/wp\/v2\/factory?post=142319"},{"taxonomy":"free-shipment","embeddable":true,"href":"https:\/\/factory.sale\/fi\/wp-json\/wp\/v2\/free-shipment?post=142319"},{"taxonomy":"product_brand","embeddable":true,"href":"https:\/\/factory.sale\/fi\/wp-json\/wp\/v2\/product_brand?post=142319"},{"taxonomy":"product_cat","embeddable":true,"href":"https:\/\/factory.sale\/fi\/wp-json\/wp\/v2\/product_cat?post=142319"},{"taxonomy":"product_tag","embeddable":true,"href":"https:\/\/factory.sale\/fi\/wp-json\/wp\/v2\/product_tag?post=142319"}],"curies":[{"name":"wp","href":"https:\/\/api.w.org\/{rel}","templated":true}]}}