{"id":14213,"date":"2022-10-15T14:02:42","date_gmt":"2022-10-15T14:05:16","guid":{"rendered":"https:\/\/factory.sale\/?post_type=product&#038;p=14213"},"modified":"2024-07-01T02:58:29","modified_gmt":"2024-07-01T02:58:29","slug":"probioottinen-vartalovoide-150ml-probio","status":"publish","type":"product","link":"https:\/\/factory.sale\/fi\/tuote\/probioottinen-vartalovoide-150ml-probio\/","title":{"rendered":"Probioottinen vartalovoide, 150ml, Pro&#038;Bio\u00a9"},"content":{"rendered":"<p>PRO &amp; BIO Life -sarjan probioottinen vartalovoide on ihanteellinen p\u00e4ivitt\u00e4iseen k\u00e4ytt\u00f6\u00f6n sek\u00e4 naisille ett\u00e4 miehille. Ei sis\u00e4ll\u00e4 keinotekoisia v\u00e4ri- ja tuoksuaineita eik\u00e4 parabeeneja, joten se sopii kaikille ihotyypeille. Ihon kosteuttaminen probioottivoiteella ehk\u00e4isee ihon kuivuutta ja pit\u00e4\u00e4 ihosi nuorekkaana ja terveen\u00e4.<\/p>\n<p>Rauhoittaa auringonpolttaman aiheuttamaa \u00e4rsytyst\u00e4 ja suojaa ihoa kuivumiselta.<\/p>\n<p>&nbsp;<\/p>\n<p><strong>TUOTTEEN OMINAISUUDET:<\/strong><\/p>\n<ul>\n<li>Anti-aging: ehk\u00e4isee ja v\u00e4hent\u00e4\u00e4 ryppyj\u00e4<\/li>\n<li>Kosteuttava ja ravitseva, ik\u00e4\u00e4ntymist\u00e4 est\u00e4v\u00e4 ja tulehdusta ehk\u00e4isev\u00e4<\/li>\n<li>Suojaa ulkoisilta stressitekij\u00f6ilt\u00e4<\/li>\n<li>EAN: 4745090630237<\/li>\n<\/ul>\n<p>&nbsp;<\/p>\n<p><strong>K\u00c4YTT\u00d6:<\/strong><\/p>\n<p>K\u00e4yt\u00e4 tiivisteen\u00e4, levit\u00e4 pieni m\u00e4\u00e4r\u00e4 (+\/-5 ml) voidetta vartalolle.<\/p>\n<p><strong>S\u00c4ILYTYS JA TURVALLISUUS:<\/strong><\/p>\n<p>Ravista ennen k\u00e4ytt\u00f6\u00e4. S\u00e4ilyt\u00e4 10\u00b0 &#8211; 45\u00b0C l\u00e4mp\u00f6tilassa. Suojattava suoralta auringonvalolta.<br \/>\nJos tuotetta on nielty tai joutunut silmiin, ota yhteys l\u00e4\u00e4k\u00e4riin ja n\u00e4yt\u00e4 tuotteen pakkaus tai etiketti.<br \/>\nMyrkytystietopuhelin: 16662.<\/p>\n<p><strong>AINESOSAT:<\/strong><\/p>\n<p>Bacillus-fermentti, vesi, glyseriini, kapryyli\/kaprin triglyseridi, natriumpolyakrylaatti, etyyliheksyylistearaatti, trideketti-6, fenoksietanoli, inuliini, etyyliheksyyliglyseriini, hajuvesi, heksyylikanelimaldehydi, bentsyylisalisylaatti, metyylisalisylaatti, simariini, sipropyyli, bensupropyyli, linalyyli, bentsupropeeni, linalyyli , alfa-isometyyli-iononi, geranioli, hydroksi-isoheksyyli-3-syklohekseenikarboksaldehydi, amyylikanemaali<\/p>\n<p><strong>S\u00e4ilyvyys:<\/strong> 5 vuotta<\/p>\n","protected":false},"excerpt":{"rendered":"<p>PRO &amp; BIO Life -sarjan probioottinen vartalovoide on ihanteellinen p\u00e4ivitt\u00e4iseen k\u00e4ytt\u00f6\u00f6n sek\u00e4 naisille ett\u00e4 miehille.<\/p>\n","protected":false},"featured_media":14210,"comment_status":"open","ping_status":"closed","template":"","meta":{"_acf_changed":false},"factory":[],"free-shipment":[],"product_brand":[],"product_cat":[1356,422],"product_tag":[],"class_list":{"0":"post-14213","1":"product","2":"type-product","3":"status-publish","4":"has-post-thumbnail","6":"product_cat-probiootti-hygieniatuotteet","7":"product_cat-keemia-fi","9":"first","10":"instock","11":"sale","12":"taxable","13":"shipping-taxable","14":"purchasable","15":"product-type-simple"},"acf":[],"_links":{"self":[{"href":"https:\/\/factory.sale\/fi\/wp-json\/wp\/v2\/product\/14213","targetHints":{"allow":["GET"]}}],"collection":[{"href":"https:\/\/factory.sale\/fi\/wp-json\/wp\/v2\/product"}],"about":[{"href":"https:\/\/factory.sale\/fi\/wp-json\/wp\/v2\/types\/product"}],"replies":[{"embeddable":true,"href":"https:\/\/factory.sale\/fi\/wp-json\/wp\/v2\/comments?post=14213"}],"wp:featuredmedia":[{"embeddable":true,"href":"https:\/\/factory.sale\/fi\/wp-json\/wp\/v2\/media\/14210"}],"wp:attachment":[{"href":"https:\/\/factory.sale\/fi\/wp-json\/wp\/v2\/media?parent=14213"}],"wp:term":[{"taxonomy":"factory","embeddable":true,"href":"https:\/\/factory.sale\/fi\/wp-json\/wp\/v2\/factory?post=14213"},{"taxonomy":"free-shipment","embeddable":true,"href":"https:\/\/factory.sale\/fi\/wp-json\/wp\/v2\/free-shipment?post=14213"},{"taxonomy":"product_brand","embeddable":true,"href":"https:\/\/factory.sale\/fi\/wp-json\/wp\/v2\/product_brand?post=14213"},{"taxonomy":"product_cat","embeddable":true,"href":"https:\/\/factory.sale\/fi\/wp-json\/wp\/v2\/product_cat?post=14213"},{"taxonomy":"product_tag","embeddable":true,"href":"https:\/\/factory.sale\/fi\/wp-json\/wp\/v2\/product_tag?post=14213"}],"curies":[{"name":"wp","href":"https:\/\/api.w.org\/{rel}","templated":true}]}}