{"id":14204,"date":"2022-10-15T13:54:16","date_gmt":"2022-10-15T13:57:50","guid":{"rendered":"https:\/\/factory.sale\/?post_type=product&#038;p=14204"},"modified":"2024-06-27T19:33:36","modified_gmt":"2024-06-27T19:33:36","slug":"probioottinen-kasigeeli-500-ml-probio","status":"publish","type":"product","link":"https:\/\/factory.sale\/fi\/tuote\/probioottinen-kasigeeli-500-ml-probio\/","title":{"rendered":"Probioottinen k\u00e4sigeeli, 500 ml, Pro&#038;Bio\u00a9"},"content":{"rendered":"<p>PRO &amp; BIO Life -sarjan probioottinen k\u00e4sigeeli on mietovaikutteinen ja takaa k\u00e4sien ihanteellisen, pitk\u00e4kestoisen puhtauden. Alkoholia sis\u00e4lt\u00e4v\u00e4 geeli on yhdistetty probioottisten bakteerien kanssa. Alkoholi puhdistaa ihoa ja haihtuessaan ihon kosteuden vaikutuksesta aktivoituvat hy\u00f6dylliset probioottibakteerit, jotka lis\u00e4\u00e4ntyv\u00e4t nopeasti, peitt\u00e4v\u00e4t k\u00e4sien ihon, suojaavat k\u00e4si\u00e4 jopa 8 tuntia ja luovat iholle terveen mikroflooran. Geeli hoitaa, kosteuttaa ja virkist\u00e4\u00e4 ihoa, puhdistaa sen ilman vett\u00e4 samalla kun k\u00e4sist\u00e4 tulee miellytt\u00e4v\u00e4n pehme\u00e4t. Tuote ei kuivata ihoa eik\u00e4 aiheuta allergisia reaktioita.<\/p>\n<p><strong>TUOTTEEN OMINAISUUDET:<\/strong><\/p>\n<ul>\n<li>Ei kuivata ihoa;<\/li>\n<li>Suojaa k\u00e4si\u00e4 jopa 8 tuntia;<\/li>\n<li>Tekee k\u00e4sist\u00e4 pehme\u00e4t, elastiset ja virkist\u00e4\u00e4 ihoa.<\/li>\n<li>EAN: 4745090630176<\/li>\n<\/ul>\n<p><strong>K\u00c4YTT\u00d6:<\/strong><\/p>\n<p>Levit\u00e4 pieni m\u00e4\u00e4r\u00e4 geeli\u00e4 k\u00e4mmenelle ja levit\u00e4 k\u00e4sien iholle, anna kuivua. K\u00e4ytet\u00e4\u00e4n ilman liinaa, ilman vett\u00e4 ja ilman saippuaa.<\/p>\n<p><strong>S\u00c4ILYTYS JA TURVALLISUUS:<\/strong><\/p>\n<p>Pid\u00e4 poissa lasten ulottuvilta. Pid\u00e4 poissa sytytysl\u00e4hteist\u00e4. Jos ainetta on nielty, hakeudu l\u00e4\u00e4k\u00e4rin hoitoon ja n\u00e4yt\u00e4 tuotteen pakkaus tai etiketti.<\/p>\n<p>Ravista ennen k\u00e4ytt\u00f6\u00e4. S\u00e4ilyt\u00e4 10\u00b0 &#8211; 45\u00b0 C. Suojaa suoralta auringonvalolta.<\/p>\n<p><strong>AINESOSAT:<\/strong><\/p>\n<p>Probioottiset bakteerit, alkoholi Denaatti, vesi, isopropyylialkoholi, trietanoliamiini, akrylaatit \/ C10-30-alkyyliakrylaattiristipolymeeri, tuoksu, Cl 42051.<\/p>\n<p><strong>S\u00e4ilyvyys:<\/strong> 5 vuotta<\/p>\n","protected":false},"excerpt":{"rendered":"<p>PRO &amp; BIO Life -sarjan probioottinen k\u00e4sigeeli on mietovaikutteinen ja takaa k\u00e4sien ihanteellisen, pitk\u00e4kestoisen puhtauden.<\/p>\n","protected":false},"featured_media":14201,"comment_status":"open","ping_status":"closed","template":"","meta":{"_acf_changed":false},"factory":[],"free-shipment":[],"product_brand":[],"product_cat":[1356,422],"product_tag":[1423],"class_list":{"0":"post-14204","1":"product","2":"type-product","3":"status-publish","4":"has-post-thumbnail","6":"product_cat-probiootti-hygieniatuotteet","7":"product_cat-keemia-fi","8":"product_tag-chemistry-fi","10":"first","11":"instock","12":"sale","13":"taxable","14":"shipping-taxable","15":"purchasable","16":"product-type-simple"},"acf":[],"_links":{"self":[{"href":"https:\/\/factory.sale\/fi\/wp-json\/wp\/v2\/product\/14204","targetHints":{"allow":["GET"]}}],"collection":[{"href":"https:\/\/factory.sale\/fi\/wp-json\/wp\/v2\/product"}],"about":[{"href":"https:\/\/factory.sale\/fi\/wp-json\/wp\/v2\/types\/product"}],"replies":[{"embeddable":true,"href":"https:\/\/factory.sale\/fi\/wp-json\/wp\/v2\/comments?post=14204"}],"wp:featuredmedia":[{"embeddable":true,"href":"https:\/\/factory.sale\/fi\/wp-json\/wp\/v2\/media\/14201"}],"wp:attachment":[{"href":"https:\/\/factory.sale\/fi\/wp-json\/wp\/v2\/media?parent=14204"}],"wp:term":[{"taxonomy":"factory","embeddable":true,"href":"https:\/\/factory.sale\/fi\/wp-json\/wp\/v2\/factory?post=14204"},{"taxonomy":"free-shipment","embeddable":true,"href":"https:\/\/factory.sale\/fi\/wp-json\/wp\/v2\/free-shipment?post=14204"},{"taxonomy":"product_brand","embeddable":true,"href":"https:\/\/factory.sale\/fi\/wp-json\/wp\/v2\/product_brand?post=14204"},{"taxonomy":"product_cat","embeddable":true,"href":"https:\/\/factory.sale\/fi\/wp-json\/wp\/v2\/product_cat?post=14204"},{"taxonomy":"product_tag","embeddable":true,"href":"https:\/\/factory.sale\/fi\/wp-json\/wp\/v2\/product_tag?post=14204"}],"curies":[{"name":"wp","href":"https:\/\/api.w.org\/{rel}","templated":true}]}}