{"id":141985,"date":"2026-03-12T14:15:44","date_gmt":"2026-03-13T09:19:42","guid":{"rendered":"https:\/\/factory.sale\/?post_type=product&#038;p=141985"},"modified":"2026-03-22T18:23:29","modified_gmt":"2026-03-22T15:23:29","slug":"saunamokki-45-m%c2%b2","status":"publish","type":"product","link":"https:\/\/factory.sale\/fi\/tuote\/saunamokki-45-m%c2%b2\/","title":{"rendered":"Saunam\u00f6kki 4,5 m\u00b2"},"content":{"rendered":"<p>Koe aito suomalaisen saunakulttuurin perinne suomalaisessa ulkosaunassa 4,5 m\u00b2, joka on suunniteltu tuomaan rentoutumista, l\u00e4mp\u00f6\u00e4 ja ajatonta pohjoismaista k\u00e4sity\u00f6taitoa suoraan omaan pihaasi. Saunaan mahtuu 2\u20135 henkil\u00f6\u00e4, joten se sopii erinomaisesti perheiltoihin, rauhalliseen rentoutumiseen tai mukaviin saunahetkiin yst\u00e4vien kanssa.<\/p>\n<p>Sauna on valmistettu kest\u00e4v\u00e4st\u00e4 ja korkealaatuisesta m\u00e4nnyst\u00e4, ja sen 45 mm paksut sein\u00e4t takaavat erinomaisen l\u00e4mm\u00f6neristyksen sek\u00e4 pitk\u00e4n k\u00e4ytt\u00f6i\u00e4n ulko-olosuhteissa. Huolellisesti suunniteltu eristetty kattorakenne, jossa on kivivillaeristys ja bitumikattolaatat, varmistaa tehokkaan l\u00e4mm\u00f6n s\u00e4ilymisen sek\u00e4 luotettavan suojan s\u00e4\u00e4olosuhteilta.<\/p>\n<p>Saunan erottuva yksityiskohta on kaksinkertainen kuusikulmainen ikkuna, sek\u00e4 siihen sopiva puuovi kuusikulmaisella lasi-ikkunalla, jotka luovat ainutlaatuisen ulkon\u00e4\u00f6n ja p\u00e4\u00e4st\u00e4v\u00e4t samalla luonnonvaloa saunaan. Sis\u00e4tiloissa saunalauteet, selk\u00e4nojat ja kiukaan suojakaiteet tarjoavat sek\u00e4 mukavuutta ett\u00e4 turvallisuutta.<br \/>\nSauna sis\u00e4lt\u00e4\u00e4 my\u00f6s l\u00e4mm\u00f6nkest\u00e4v\u00e4t kiukaan suojapaneelit, ja malleissa, joissa on pukuhuone, lis\u00e4ksi huurrettu karkaistu lasinen sis\u00e4ovi, joka lis\u00e4\u00e4 yksityisyytt\u00e4 ja s\u00e4ilytt\u00e4\u00e4 tyylikk\u00e4\u00e4n ilmeen.<\/p>\n<p>Kompakti mutta tilava 4,5 m\u00b2 sis\u00e4pinta-ala tekee t\u00e4st\u00e4 saunasta erinomaisen ratkaisun oman rentoutumis- ja hyvinvointialueen luomiseen puutarhaasi.<\/p>\n<p>&nbsp;<\/p>\n<p><strong>Saunam\u00f6kki 4,5 m\u00b2 toimitetaan t\u00e4ydellisell\u00e4 vakiovarustuksella:<\/strong><\/p>\n<ul>\n<li>Lattiapaneelit<\/li>\n<li>Vahvat suorat sein\u00e4t<\/li>\n<li>Eristetty katto bitumikattolaattojen peitolla<\/li>\n<li>Yksi kaksinkertainen kuusikulmainen ikkuna<\/li>\n<li>Puuovi kuusikulmaisella kaksinkertaisella lasi-ikkunalla, puinen kahva ja lukko<\/li>\n<li>Saunalauteet<\/li>\n<li>Selk\u00e4nojat ja kiukaan suojakaide (jos sis\u00e4ltyy malliin)<\/li>\n<li>L\u00e4mm\u00f6nkest\u00e4v\u00e4t kiukaan suojapaneelit<\/li>\n<li>Huurrettu karkaistu lasinen sis\u00e4ovi (malleissa, joissa on pukuhuone)<\/li>\n<\/ul>\n<p>&nbsp;<\/p>\n<p><strong>Tekniset tiedot:<\/strong><\/p>\n<div class=\"TyagGW_tableContainer\">\n<div class=\"group TyagGW_tableWrapper flex flex-col-reverse w-fit\" tabindex=\"-1\">\n<table class=\"w-fit min-w-(--thread-content-width)\" style=\"height: 375px;\" width=\"880\" data-start=\"1974\" data-end=\"2342\">\n<thead data-start=\"1974\" data-end=\"1995\">\n<tr data-start=\"1974\" data-end=\"1995\">\n<th class=\"\" data-start=\"1974\" data-end=\"1987\" data-col-size=\"sm\">Ominaisuus<\/th>\n<th class=\"\" data-start=\"1987\" data-end=\"1995\" data-col-size=\"md\"><\/th>\n<\/tr>\n<\/thead>\n<tbody data-start=\"2006\" data-end=\"2342\">\n<tr data-start=\"2006\" data-end=\"2037\">\n<td data-start=\"2006\" data-end=\"2021\" data-col-size=\"sm\">Kapasiteetti<\/td>\n<td data-col-size=\"md\" data-start=\"2021\" data-end=\"2037\">2\u20135 henkil\u00f6\u00e4<\/td>\n<\/tr>\n<tr data-start=\"2038\" data-end=\"2064\">\n<td data-start=\"2038\" data-end=\"2054\" data-col-size=\"sm\">Sis\u00e4pinta-ala<\/td>\n<td data-col-size=\"md\" data-start=\"2054\" data-end=\"2064\">4,5 m\u00b2<\/td>\n<\/tr>\n<tr data-start=\"2065\" data-end=\"2090\">\n<td data-start=\"2065\" data-end=\"2081\" data-col-size=\"sm\">Puumateriaali<\/td>\n<td data-col-size=\"md\" data-start=\"2081\" data-end=\"2090\">M\u00e4nty<\/td>\n<\/tr>\n<tr data-start=\"2091\" data-end=\"2117\">\n<td data-start=\"2091\" data-end=\"2108\" data-col-size=\"sm\">Sein\u00e4n paksuus<\/td>\n<td data-col-size=\"md\" data-start=\"2108\" data-end=\"2117\">45 mm<\/td>\n<\/tr>\n<tr data-start=\"2118\" data-end=\"2145\">\n<td data-start=\"2118\" data-end=\"2136\" data-col-size=\"sm\">Lattian paksuus<\/td>\n<td data-col-size=\"md\" data-start=\"2136\" data-end=\"2145\">18 mm<\/td>\n<\/tr>\n<tr data-start=\"2146\" data-end=\"2192\">\n<td data-start=\"2146\" data-end=\"2160\" data-col-size=\"sm\">Saunaikkuna<\/td>\n<td data-col-size=\"md\" data-start=\"2160\" data-end=\"2192\">Kuusikulmainen, 512 \u00d7 442 mm<\/td>\n<\/tr>\n<tr data-start=\"2193\" data-end=\"2222\">\n<td data-start=\"2193\" data-end=\"2205\" data-col-size=\"sm\">Oven koko<\/td>\n<td data-col-size=\"md\" data-start=\"2205\" data-end=\"2222\">780 \u00d7 1760 mm<\/td>\n<\/tr>\n<tr data-start=\"2223\" data-end=\"2342\">\n<td data-start=\"2223\" data-end=\"2238\" data-col-size=\"sm\">Kattorakenne<\/td>\n<td data-col-size=\"md\" data-start=\"2238\" data-end=\"2342\">18 mm m\u00e4nnyn ulkoverhous + 14 mm lepp\u00e4\/lehmus sis\u00e4verhous, 50 mm kivivillaeristys, bitumikattolaatat<\/td>\n<\/tr>\n<\/tbody>\n<\/table>\n<\/div>\n<\/div>\n<p>&nbsp;<\/p>\n<p>&nbsp;<\/p>\n<p><strong>Kuljetustiedot:<\/strong><\/p>\n<ul>\n<li>Pakkaus: KIT 1p (2,4 \u00d7 1,2 \u00d7 2,0 m)<\/li>\n<li>Paino: 975 kg<\/li>\n<\/ul>\n<p>&nbsp;<\/p>\n<p>&nbsp;<\/p>\n<p><strong>Katon v\u00e4ri:\u00a0<\/strong><\/p>\n<p>Musta, Vihre\u00e4, Punainen, Harmaa<\/p>\n<p><img loading=\"lazy\" decoding=\"async\" class=\"alignnone wp-image-141887\" src=\"https:\/\/factory.sale\/wp-content\/uploads\/2026\/03\/Roof-woodenme-factory-sale-300x70.png\" alt=\"\" width=\"489\" height=\"114\" srcset=\"https:\/\/factory.sale\/wp-content\/uploads\/2026\/03\/Roof-woodenme-factory-sale-300x70.png 300w, https:\/\/factory.sale\/wp-content\/uploads\/2026\/03\/Roof-woodenme-factory-sale-150x35.png 150w, https:\/\/factory.sale\/wp-content\/uploads\/2026\/03\/Roof-woodenme-factory-sale-600x139.png 600w, https:\/\/factory.sale\/wp-content\/uploads\/2026\/03\/Roof-woodenme-factory-sale.png 742w\" sizes=\"auto, (max-width: 489px) 100vw, 489px\" \/><\/p>\n<p>&nbsp;<\/p>\n<p><strong>Lattiavaihtoehdot:<\/strong><\/p>\n<ul>\n<li>Vakiolattia 18 mm \u00a00 \u20ac<\/li>\n<li>Luksuslattia 28 mm \u00a0+145,20 \u20ac<\/li>\n<li>Eristetty luksuslattia 28 mm \u00a0+211,20 \u20ac<\/li>\n<\/ul>\n<p>&nbsp;<\/p>\n<p>&nbsp;<\/p>\n<p><strong>Valaistus:<\/strong><\/p>\n<ul>\n<li>Saunalamppu \u00a0+39,60 \u20ac<\/li>\n<li>Saunavalaisimen suojus \u00a0+42 \u20ac<\/li>\n<\/ul>\n<p>&nbsp;<\/p>\n<p>&nbsp;<\/p>\n<p><strong>S\u00e4hk\u00f6kiukaat:<\/strong><\/p>\n<ul>\n<li>S\u00e4hk\u00f6kiuas Harvia Trendi KIP80, 8 kW 400V 3N \u00a0+514,80 \u20ac<\/li>\n<li>Harvia Cilindro X s\u00e4hk\u00f6kiuas WiFi:ll\u00e4 \u00a0+1260 \u20ac<\/li>\n<li>Harvia Club s\u00e4hk\u00f6kiuas WiFi:ll\u00e4 \u00a0+2160 \u20ac<\/li>\n<li>Huum Drop 9,0 kW s\u00e4hk\u00f6kiuas +2184 \u20ac<\/li>\n<li>Huum Hive Mini 9,0 kW s\u00e4hk\u00f6kiuas \u00a0+2880 \u20ac<\/li>\n<\/ul>\n<p>&nbsp;<\/p>\n<p><strong>Saunatarvikkeet:<\/strong><\/p>\n<ul>\n<li>Puinen \u00e4mp\u00e4ri \u00a0+39,60 \u20ac<\/li>\n<li>Puinen l\u00f6ylykauha \u00a0+13,20 \u20ac<\/li>\n<li>L\u00e4mp\u00f6mittari-hygrometri \u00a0+39,60 \u20ac<\/li>\n<li>Kiukaan suojakaide \u00a0+52,80 \u20ac<\/li>\n<li>Selk\u00e4noja (2 kpl) \u00a0+105,60 \u20ac<\/li>\n<li>Vaateripustin \u00a0+10,80 \u20ac<\/li>\n<li>P\u00e4\u00e4ntuki \u00a0+33,60 \u20ac<\/li>\n<\/ul>\n<p>&nbsp;<\/p>\n<p>&nbsp;<\/p>\n","protected":false},"excerpt":{"rendered":"<p>Nauti aidosta suomalaisesta saunakokemuksesta kotonasi t\u00e4m\u00e4n 4,5 m\u00b2 ulkosaunan avulla, joka sopii 2\u20135 henkil\u00f6lle. Kest\u00e4v\u00e4 m\u00e4ntyrakenne, eristetty katto, kuusikulmainen ikkuna ja t\u00e4ydellinen saunavarustus takaavat t\u00e4ydellisen rentoutumisen.<\/p>\n","protected":false},"featured_media":141832,"comment_status":"open","ping_status":"closed","template":"","meta":{"_acf_changed":false},"factory":[],"free-shipment":[],"product_brand":[],"product_cat":[1317,5035],"product_tag":[2105,2106],"class_list":{"0":"post-141985","1":"product","2":"type-product","3":"status-publish","4":"has-post-thumbnail","6":"product_cat-sauna-fi","7":"product_cat-saunamokit-fi","8":"product_tag-outdoor-sauna-fi","9":"product_tag-sauna-fi","10":"pa_roofing-material-harmaa","11":"pa_roofing-material-musta","12":"pa_roofing-material-punainen","13":"pa_roofing-material-vihrea","15":"first","16":"instock","17":"sale","18":"taxable","19":"shipping-taxable","20":"purchasable","21":"product-type-variable"},"acf":[],"_links":{"self":[{"href":"https:\/\/factory.sale\/fi\/wp-json\/wp\/v2\/product\/141985","targetHints":{"allow":["GET"]}}],"collection":[{"href":"https:\/\/factory.sale\/fi\/wp-json\/wp\/v2\/product"}],"about":[{"href":"https:\/\/factory.sale\/fi\/wp-json\/wp\/v2\/types\/product"}],"replies":[{"embeddable":true,"href":"https:\/\/factory.sale\/fi\/wp-json\/wp\/v2\/comments?post=141985"}],"wp:featuredmedia":[{"embeddable":true,"href":"https:\/\/factory.sale\/fi\/wp-json\/wp\/v2\/media\/141832"}],"wp:attachment":[{"href":"https:\/\/factory.sale\/fi\/wp-json\/wp\/v2\/media?parent=141985"}],"wp:term":[{"taxonomy":"factory","embeddable":true,"href":"https:\/\/factory.sale\/fi\/wp-json\/wp\/v2\/factory?post=141985"},{"taxonomy":"free-shipment","embeddable":true,"href":"https:\/\/factory.sale\/fi\/wp-json\/wp\/v2\/free-shipment?post=141985"},{"taxonomy":"product_brand","embeddable":true,"href":"https:\/\/factory.sale\/fi\/wp-json\/wp\/v2\/product_brand?post=141985"},{"taxonomy":"product_cat","embeddable":true,"href":"https:\/\/factory.sale\/fi\/wp-json\/wp\/v2\/product_cat?post=141985"},{"taxonomy":"product_tag","embeddable":true,"href":"https:\/\/factory.sale\/fi\/wp-json\/wp\/v2\/product_tag?post=141985"}],"curies":[{"name":"wp","href":"https:\/\/api.w.org\/{rel}","templated":true}]}}