{"id":14195,"date":"2022-10-15T13:45:46","date_gmt":"2022-10-15T13:49:33","guid":{"rendered":"https:\/\/factory.sale\/?post_type=product&#038;p=14195"},"modified":"2024-06-27T06:16:26","modified_gmt":"2024-06-27T06:16:26","slug":"probioottinen-miesten-deodorantti-150ml-probio","status":"publish","type":"product","link":"https:\/\/factory.sale\/fi\/tuote\/probioottinen-miesten-deodorantti-150ml-probio\/","title":{"rendered":"Probioottinen miesten deodorantti, 150ml, Pro&#038;Bio\u00a9"},"content":{"rendered":"<p>PRO &amp; BIO Life Probioottinen miesten deodorantti on luonnollinen suoja ep\u00e4miellytt\u00e4vilt\u00e4 hajuilta ja hikoilulta. Probioottisten bakteerien pohjalta valmistettu deodorantti sopii k\u00e4ytett\u00e4v\u00e4ksi my\u00f6s herk\u00e4lle iholle. Probioottiset ainesosat edist\u00e4v\u00e4t terveen mikroflooran muodostumista, poistavat ep\u00e4miellytt\u00e4vi\u00e4 hajuja ja tarjoavat iholle pitk\u00e4kestoista suojaa. Ei j\u00e4t\u00e4 tahroja vaatteisiin.<\/p>\n<p>&nbsp;<\/p>\n<p><strong>TUOTTEEN OMINAISUUDET:<\/strong><\/p>\n<ul>\n<li>Moitteeton p\u00e4ivitt\u00e4inen puhtaus (puhdistus mikroskooppiselle tasolle).<\/li>\n<li>Ep\u00e4miellytt\u00e4vien hajujen h\u00e4vi\u00e4minen (ep\u00e4miellytt\u00e4vi\u00e4 hajuja karkotetaan ja niiden esiintyminen estet\u00e4\u00e4n).<\/li>\n<li>Syntyy elinymp\u00e4rist\u00f6, jossa on terveytt\u00e4 tukevaa mikroflooraa.<\/li>\n<li>EAN: 4745090630213<\/li>\n<\/ul>\n<p>&nbsp;<\/p>\n<p><strong>K\u00c4YTT\u00d6:<\/strong><\/p>\n<p>K\u00e4yt\u00e4 deodoranttia minuuttia ennen pukeutumista. Levit\u00e4 pieni m\u00e4\u00e4r\u00e4 luonnollista deodoranttia iholle ja nauti raikkaasta tunteesta. Suihkuta deodoranttia aina puhtaalle, pestylle ja kuivalle iholle.<\/p>\n<p>&nbsp;<\/p>\n<p><strong>S\u00c4ILYTYS JA TURVALLISUUS:<\/strong><\/p>\n<p>S\u00e4ilyt\u00e4 tiiviste suojassa suoralta auringonvalolta 10\u00b0C &#8211; 30\u00b0C l\u00e4mp\u00f6tilassa. T\u00e4ll\u00e4 tuotteella ei ole tunnettuja vaaroja.<\/p>\n<p><em><strong>Huomio!<\/strong><\/em><\/p>\n<p>Tuotetta on aina ravistettava ennen k\u00e4ytt\u00f6\u00e4. Kemiallisten ja desinfiointiaineiden k\u00e4ytt\u00f6 tuotteen kanssa on kielletty. Pid\u00e4 poissa lasten ulottuvilta.<\/p>\n<p><strong>AINESOSAT:<\/strong><\/p>\n<p>Probioottiset bakteerit, isobutaani, propaani, alkoholidenaatti, butaani, isopropyylialkoholi, tuoksu.<\/p>\n<p><strong>S\u00e4ilyvyys:<\/strong> 5 vuotta<\/p>\n","protected":false},"excerpt":{"rendered":"<p>PRO &amp; BIO Life Probioottinen miesten deodorantti on luonnollinen suoja ep\u00e4miellytt\u00e4vilt\u00e4 hajuilta ja hikoilulta.<\/p>\n","protected":false},"featured_media":14192,"comment_status":"open","ping_status":"closed","template":"","meta":{"_acf_changed":false},"factory":[],"free-shipment":[],"product_brand":[],"product_cat":[1283,345],"product_tag":[1261],"class_list":{"0":"post-14195","1":"product","2":"type-product","3":"status-publish","4":"has-post-thumbnail","6":"product_cat-probiotic-hygiene-products","7":"product_cat-chemistry","8":"product_tag-hygiene","10":"first","11":"instock","12":"sale","13":"taxable","14":"shipping-taxable","15":"purchasable","16":"product-type-simple"},"acf":[],"_links":{"self":[{"href":"https:\/\/factory.sale\/fi\/wp-json\/wp\/v2\/product\/14195","targetHints":{"allow":["GET"]}}],"collection":[{"href":"https:\/\/factory.sale\/fi\/wp-json\/wp\/v2\/product"}],"about":[{"href":"https:\/\/factory.sale\/fi\/wp-json\/wp\/v2\/types\/product"}],"replies":[{"embeddable":true,"href":"https:\/\/factory.sale\/fi\/wp-json\/wp\/v2\/comments?post=14195"}],"wp:featuredmedia":[{"embeddable":true,"href":"https:\/\/factory.sale\/fi\/wp-json\/wp\/v2\/media\/14192"}],"wp:attachment":[{"href":"https:\/\/factory.sale\/fi\/wp-json\/wp\/v2\/media?parent=14195"}],"wp:term":[{"taxonomy":"factory","embeddable":true,"href":"https:\/\/factory.sale\/fi\/wp-json\/wp\/v2\/factory?post=14195"},{"taxonomy":"free-shipment","embeddable":true,"href":"https:\/\/factory.sale\/fi\/wp-json\/wp\/v2\/free-shipment?post=14195"},{"taxonomy":"product_brand","embeddable":true,"href":"https:\/\/factory.sale\/fi\/wp-json\/wp\/v2\/product_brand?post=14195"},{"taxonomy":"product_cat","embeddable":true,"href":"https:\/\/factory.sale\/fi\/wp-json\/wp\/v2\/product_cat?post=14195"},{"taxonomy":"product_tag","embeddable":true,"href":"https:\/\/factory.sale\/fi\/wp-json\/wp\/v2\/product_tag?post=14195"}],"curies":[{"name":"wp","href":"https:\/\/api.w.org\/{rel}","templated":true}]}}