{"id":141684,"date":"2026-03-12T11:03:33","date_gmt":"2026-03-12T08:03:33","guid":{"rendered":"https:\/\/factory.sale\/?post_type=product&#038;p=141684"},"modified":"2026-03-12T11:12:52","modified_gmt":"2026-03-12T08:12:52","slug":"alykas-lamminvesivaraaja-haato-hk-sc-150-rst-140l","status":"publish","type":"product","link":"https:\/\/factory.sale\/fi\/tuote\/alykas-lamminvesivaraaja-haato-hk-sc-150-rst-140l\/","title":{"rendered":"\u00c4lyk\u00e4s l\u00e4mminvesivaraaja Haato HK SC 150, rst, 140l"},"content":{"rendered":"<p>Varaajan \u00e4lyk\u00e4s ohjaus oppii l\u00e4mpim\u00e4n veden kulutustottumukset yhden viikon aikana ja sovittaa k\u00e4ytt\u00f6veden l\u00e4mp\u00f6tilan vastaamaan k\u00e4ytt\u00e4jien tarpeita. Vett\u00e4 ei tarvitse l\u00e4mmitt\u00e4\u00e4 liian aikaisin, jolloin l\u00e4mp\u00f6h\u00e4vi\u00f6t pienenev\u00e4t ja s\u00e4hk\u00f6\u00e4 pystyy s\u00e4\u00e4st\u00e4m\u00e4\u00e4n jopa 640 kWh vuodessa. \u00c4lykk\u00e4\u00e4t toiminnot saa helposti valittua varaajan helppok\u00e4ytt\u00f6isest\u00e4 ohjauspaneelista. Smart-asetuksilla varaaja t\u00e4ytt\u00e4\u00e4 uusimmat energiatehokkuusvaatimukset.<\/p>\n<p>Tyylik\u00e4s moduulimittainen \u00e4lyvesivaraaja sopii vaativaankin apukeitti\u00f6n sisustukseen. Huomioi, ett\u00e4 asennustilan on oltava l\u00e4mmitetty ja siin\u00e4 on oltava lattiakaivo. Varaajan saa asentaa vain pystyasentoon.<\/p>\n<p>\u00c4lyvaraaja on suunniteltu suomalaisten vaatimusten mukaisesti 10 bar paineelle, ja sen s\u00e4ili\u00f6 on tehty ruostumattomasta ter\u00e4ksest\u00e4, joka sopii parhaiten yleisimp\u00e4\u00e4n suomalaisen veden laatuun. L\u00e4mminvesivaraajan jalka on reilun kokoinen ja mahdollistaa n\u00e4in piilotetun putkiasennuksen. Mukana toimitetaan venttiiliryhm\u00e4 asennukseen.<\/p>\n<p>&nbsp;<\/p>\n<p><strong>TUOTETIEDOT:<\/strong><\/p>\n<ul>\n<li>Tuotemerkki: Haato<\/li>\n<li>Tuotesarja: HK<\/li>\n<li>Sertifikaatit ja hyv\u00e4ksynn\u00e4t: CE-merkint\u00e4<\/li>\n<li>Takuuaika: 5 vuotta<\/li>\n<li>GTIN-koodi: 7331421336526<\/li>\n<li>LVI-numero: 5253026<\/li>\n<\/ul>\n<p>&nbsp;<\/p>\n<p><strong>TUOTTEEN MITAT:<\/strong><\/p>\n<ul>\n<li>Korkeus (mm): 1 140<\/li>\n<li>Leveys (mm): 600<\/li>\n<li>Syvyys (mm): 620<\/li>\n<li>Tilavuus (l): 140<\/li>\n<li>Tuotteen paino (kg): 55<\/li>\n<\/ul>\n<p>&nbsp;<\/p>\n<p><strong>TUOTTEEN OMINAISUUDET:<\/strong><\/p>\n<ul>\n<li>Varolaiteryhm\u00e4 sis\u00e4ltyy: Kyll\u00e4<\/li>\n<li>Varaajan sis\u00e4pinnan materiaali: Ruostumaton ter\u00e4s<\/li>\n<li>Energialuokka: C<\/li>\n<li>Korroosiosuojaus: RST<\/li>\n<li>K\u00e4ytt\u00f6veden m\u00e4\u00e4r\u00e4 40\u00b0C: 200 litraa<\/li>\n<li>Teho 2-vaihe asennuksena: 3000 W<\/li>\n<li>Voidaan asentaa my\u00f6s 1-vaiheisena<\/li>\n<li>Teho 1-vaihe asennuksena: 1000 W<\/li>\n<\/ul>\n<p>&nbsp;<\/p>\n<p><strong>TUOTTEEN TEKNISET TIEDOT:<\/strong><\/p>\n<ul>\n<li>S\u00e4hk\u00f6kytkent\u00e4: 1-vaiheinen, 2-vaiheinen<\/li>\n<li>J\u00e4nnite (V): 230, 400<\/li>\n<li>Teho (W): 3 000<\/li>\n<li>IP-luokka: IP24<\/li>\n<li>Maksimivedenpaine (bar): 10<\/li>\n<\/ul>\n<p>&nbsp;<\/p>\n<p><strong>TUOTTEEN ASENTAMINEN JA K\u00c4YTT\u00d6\u00d6NOTTO:<\/strong><\/p>\n<ul>\n<li>Asennuspaikka: Lattia<\/li>\n<li>Asennustapa: Pystyasennus<\/li>\n<li>Pystyynnostokorkeus (mm): 1 300<\/li>\n<\/ul>\n<p>&nbsp;<\/p>\n<p><strong>PAKKAUKSEN MITAT JA PAINO:<\/strong><\/p>\n<ul>\n<li>Pakkauksen leveys (mm): 620,00<\/li>\n<li>Pakkauksen korkeus (mm): 600,00<\/li>\n<li>Pakkauksen syvyys (mm): 1 140,00<\/li>\n<li>Rahtipaino (kg): 70,00<\/li>\n<\/ul>\n","protected":false},"excerpt":{"rendered":"<p>Haato HK SC 150 on tulevaisuuden perhek\u00e4ytt\u00f6\u00f6n soveltuva \u00e4lyk\u00e4s l\u00e4mminvesivaraaja. Ohjaus seuraa perheen l\u00e4mpim\u00e4n veden kulutusta ja op\u00adpii milloin kuumaa vett\u00e4 tarvitaan runsaasti. Vett\u00e4 tarpeen mukaan l\u00e4mmitett\u00e4ess\u00e4 v\u00e4ltyt\u00e4\u00e4n turhilta l\u00e4mp\u00f6h\u00e4vi\u00f6ilt\u00e4. S\u00e4hk\u00f6lasku piene\u00adnee ja s\u00e4hk\u00f6ntuoton ymp\u00e4rist\u00f6vaikutukset v\u00e4henev\u00e4t.<\/p>\n","protected":false},"featured_media":141691,"comment_status":"open","ping_status":"closed","template":"","meta":{"_acf_changed":false},"factory":[],"free-shipment":[],"product_brand":[],"product_cat":[2833,1226,345],"product_tag":[],"class_list":{"0":"post-141684","1":"product","2":"type-product","3":"status-publish","4":"has-post-thumbnail","6":"product_cat-boilers","7":"product_cat-heating-water-and-ventilation","8":"product_cat-chemistry","10":"first","11":"instock","12":"sale","13":"taxable","14":"shipping-taxable","15":"purchasable","16":"product-type-simple"},"acf":[],"_links":{"self":[{"href":"https:\/\/factory.sale\/fi\/wp-json\/wp\/v2\/product\/141684","targetHints":{"allow":["GET"]}}],"collection":[{"href":"https:\/\/factory.sale\/fi\/wp-json\/wp\/v2\/product"}],"about":[{"href":"https:\/\/factory.sale\/fi\/wp-json\/wp\/v2\/types\/product"}],"replies":[{"embeddable":true,"href":"https:\/\/factory.sale\/fi\/wp-json\/wp\/v2\/comments?post=141684"}],"wp:featuredmedia":[{"embeddable":true,"href":"https:\/\/factory.sale\/fi\/wp-json\/wp\/v2\/media\/141691"}],"wp:attachment":[{"href":"https:\/\/factory.sale\/fi\/wp-json\/wp\/v2\/media?parent=141684"}],"wp:term":[{"taxonomy":"factory","embeddable":true,"href":"https:\/\/factory.sale\/fi\/wp-json\/wp\/v2\/factory?post=141684"},{"taxonomy":"free-shipment","embeddable":true,"href":"https:\/\/factory.sale\/fi\/wp-json\/wp\/v2\/free-shipment?post=141684"},{"taxonomy":"product_brand","embeddable":true,"href":"https:\/\/factory.sale\/fi\/wp-json\/wp\/v2\/product_brand?post=141684"},{"taxonomy":"product_cat","embeddable":true,"href":"https:\/\/factory.sale\/fi\/wp-json\/wp\/v2\/product_cat?post=141684"},{"taxonomy":"product_tag","embeddable":true,"href":"https:\/\/factory.sale\/fi\/wp-json\/wp\/v2\/product_tag?post=141684"}],"curies":[{"name":"wp","href":"https:\/\/api.w.org\/{rel}","templated":true}]}}