{"id":14168,"date":"2022-10-15T12:48:31","date_gmt":"2022-10-15T12:49:41","guid":{"rendered":"https:\/\/factory.sale\/?post_type=product&#038;p=14168"},"modified":"2024-06-28T00:51:21","modified_gmt":"2024-06-28T00:51:21","slug":"airbiotic24-tayttokapseli-valkoinen","status":"publish","type":"product","link":"https:\/\/factory.sale\/fi\/tuote\/airbiotic24-tayttokapseli-valkoinen\/","title":{"rendered":"Airbiotic24 t\u00e4ytt\u00f6kapseli, valkoinen"},"content":{"rendered":"<p>Uuden ja innovatiivisen AirBiotic24-ilmanpuhdistimen t\u00e4ytt\u00f6kapselit.<\/p>\n","protected":false},"excerpt":{"rendered":"<p>Uuden ja innovatiivisen AirBiotic24-ilmanpuhdistimen t\u00e4ytt\u00f6kapselit.<\/p>\n","protected":false},"featured_media":14165,"comment_status":"open","ping_status":"closed","template":"","meta":{"_acf_changed":false},"factory":[],"free-shipment":[],"product_brand":[],"product_cat":[422,1356],"product_tag":[],"class_list":{"0":"post-14168","1":"product","2":"type-product","3":"status-publish","4":"has-post-thumbnail","6":"product_cat-keemia-fi","7":"product_cat-probiootti-hygieniatuotteet","9":"first","10":"instock","11":"sale","12":"taxable","13":"shipping-taxable","14":"purchasable","15":"product-type-simple"},"acf":[],"_links":{"self":[{"href":"https:\/\/factory.sale\/fi\/wp-json\/wp\/v2\/product\/14168","targetHints":{"allow":["GET"]}}],"collection":[{"href":"https:\/\/factory.sale\/fi\/wp-json\/wp\/v2\/product"}],"about":[{"href":"https:\/\/factory.sale\/fi\/wp-json\/wp\/v2\/types\/product"}],"replies":[{"embeddable":true,"href":"https:\/\/factory.sale\/fi\/wp-json\/wp\/v2\/comments?post=14168"}],"wp:featuredmedia":[{"embeddable":true,"href":"https:\/\/factory.sale\/fi\/wp-json\/wp\/v2\/media\/14165"}],"wp:attachment":[{"href":"https:\/\/factory.sale\/fi\/wp-json\/wp\/v2\/media?parent=14168"}],"wp:term":[{"taxonomy":"factory","embeddable":true,"href":"https:\/\/factory.sale\/fi\/wp-json\/wp\/v2\/factory?post=14168"},{"taxonomy":"free-shipment","embeddable":true,"href":"https:\/\/factory.sale\/fi\/wp-json\/wp\/v2\/free-shipment?post=14168"},{"taxonomy":"product_brand","embeddable":true,"href":"https:\/\/factory.sale\/fi\/wp-json\/wp\/v2\/product_brand?post=14168"},{"taxonomy":"product_cat","embeddable":true,"href":"https:\/\/factory.sale\/fi\/wp-json\/wp\/v2\/product_cat?post=14168"},{"taxonomy":"product_tag","embeddable":true,"href":"https:\/\/factory.sale\/fi\/wp-json\/wp\/v2\/product_tag?post=14168"}],"curies":[{"name":"wp","href":"https:\/\/api.w.org\/{rel}","templated":true}]}}