{"id":141679,"date":"2026-03-12T10:46:12","date_gmt":"2026-03-12T07:46:12","guid":{"rendered":"https:\/\/factory.sale\/?post_type=product&#038;p=141679"},"modified":"2026-03-12T10:46:42","modified_gmt":"2026-03-12T07:46:42","slug":"lamminvesivaraaja-haato-modul-hk-150-rst-140l","status":"publish","type":"product","link":"https:\/\/factory.sale\/fi\/tuote\/lamminvesivaraaja-haato-modul-hk-150-rst-140l\/","title":{"rendered":"L\u00e4mminvesivaraaja Haato Modul HK-150, rst, 140l"},"content":{"rendered":"<p>Haato-l\u00e4mminvesivaraajassa on ruostumattomasta ter\u00e4ksest\u00e4 valmistettu, erikoissuojattu s\u00e4ili\u00f6, joka kest\u00e4\u00e4 vedenlaadusta riippumatta. Vesis\u00e4ili\u00f6 on eristetty tehokkaasti l\u00e4mp\u00f6\u00e4 erist\u00e4v\u00e4ll\u00e4 freonittomalla ja muotoon valetulla eristeell\u00e4. Ulkovaippa on valmistettu jauhemaalatusta ter\u00e4spellist\u00e4 ja taustalevy on galvanoitua ter\u00e4spelti\u00e4. S\u00e4ili\u00f6n rakennepaine on 10 baaria (1,0 MPa). Laipallisen s\u00e4hk\u00f6vastuksen liit\u00e4nt\u00e4aukko on \u00d8 80 mm. Vastus on helposti irrotettavissa s\u00e4ili\u00f6n sis\u00e4puolista tarkastusta varten. L\u00e4mminvesivaraajassa on valmiiksi tehtaalla asennettu venttiiliryhm\u00e4, johon kuuluvat sekoitusventtiili, takaiskuventtiili, varoventtiili, sulkuventtiili ja tyhjennysventtiili.<\/p>\n<p>L\u00e4mminvesivaraajan jalusta on reilun kokoinen ja mahdollistaa n\u00e4in piilotetun putkiasennuksen. Putket voidaan vet\u00e4\u00e4 suoraan lattiasta tai katosta (taustalevyn uria pitkin). Sivulevyjen alaosa voidaan irrottaa putkiasennuksia varten. L\u00e4mminvesivaraaja liitet\u00e4\u00e4n 400 V ~ 3-vaiheverkkoon, jolloin teho on 3 kW. Liit\u00e4nt\u00e4 voidaan tehd\u00e4 my\u00f6s 230 V~ 1-vaiheverkkoon, mutta varaajan enimm\u00e4isteho on t\u00e4ll\u00f6in 2 kW.<\/p>\n<p>&nbsp;<\/p>\n<p><strong>TUOTETIEDOT:<\/strong><\/p>\n<ul>\n<li>Tuotemerkki: Haato<\/li>\n<li>Tuotesarja: HK<\/li>\n<li>Sertifikaatit ja hyv\u00e4ksynn\u00e4t: CE-merkint\u00e4<\/li>\n<li>Takuuaika: 2 vuotta<\/li>\n<li>GTIN-koodi: 6415852530652<\/li>\n<li>LVI-numero: 5253065<\/li>\n<\/ul>\n<p>&nbsp;<\/p>\n<p><strong>TUOTTEEN MITAT:<\/strong><\/p>\n<ul>\n<li>Korkeus (mm): 1 140<\/li>\n<li>Leveys (mm): 600<\/li>\n<li>Syvyys (mm): 615<\/li>\n<li>Tilavuus (l): 140<\/li>\n<li>Tuotteen paino (kg): 58<\/li>\n<\/ul>\n<p>&nbsp;<\/p>\n<p><strong>TUOTTEEN OMINAISUUDET:<\/strong><\/p>\n<ul>\n<li>Varolaiteryhm\u00e4 sis\u00e4ltyy: Kyll\u00e4<\/li>\n<li>Varaajan sis\u00e4pinnan materiaali: Ruostumaton ter\u00e4s<\/li>\n<li>Energialuokka: C<\/li>\n<li>L\u00e4mp\u00f6sis\u00e4lt\u00f6 l\u00e4mp\u00f6tilassa 80 \u00b0C: 11,8 kWh<\/li>\n<li>L\u00e4mmitysaika l\u00e4mp\u00f6tilaan 80 \u00b0C: 3 kW: 3,9 h<\/li>\n<li>Liit\u00e4nt\u00e4 (kylm\u00e4vesi\/k\u00e4ytt\u00f6vesi): 22 mm<\/li>\n<li>Teho 3-vaihe asennuksena: 3000 W<\/li>\n<li>Voidaan asentaa my\u00f6s 1-vaiheisena<\/li>\n<li>Teho 1-vaihe asennuksena: 2000 W<\/li>\n<\/ul>\n<p>&nbsp;<\/p>\n<p><strong>TUOTTEEN TEKNISET TIEDOT:<\/strong><\/p>\n<ul>\n<li>S\u00e4hk\u00f6kytkent\u00e4: 1-vaiheinen, 3-vaiheinen<\/li>\n<li>J\u00e4nnite (V): 230, 400<\/li>\n<li>Teho (W): 3 000<\/li>\n<li>IP-luokka: IP24<\/li>\n<li>Maksimivedenpaine (bar): 10<\/li>\n<\/ul>\n<p>&nbsp;<\/p>\n<p>&nbsp;<\/p>\n<p><strong>TUOTTEEN ASENTAMINEN JA K\u00c4YTT\u00d6\u00d6NOTTO:<\/strong><\/p>\n<ul>\n<li>Asennuspaikka: Lattia<\/li>\n<li>Asennustapa: Pystyasennus<\/li>\n<\/ul>\n<p>&nbsp;<\/p>\n<p>&nbsp;<\/p>\n<p><strong>PAKKAUKSEN MITAT JA PAINO:<\/strong><\/p>\n<ul>\n<li>Pakkauksen leveys (mm): 615,00<\/li>\n<li>Pakkauksen korkeus (mm): 600,00<\/li>\n<li>Pakkauksen syvyys (mm): 1 140,00<\/li>\n<li>Rahtipaino (kg): 60,00<\/li>\n<\/ul>\n<p>&nbsp;<\/p>\n<p>&nbsp;<\/p>\n<p>&nbsp;<\/p>\n<p><a href=\"https:\/\/factory.sale\/wp-content\/uploads\/2026\/03\/haato-esite.pdf\" target=\"_blank\" rel=\"noopener\">Haato esite<\/a><\/p>\n","protected":false},"excerpt":{"rendered":"<p>Korkealaatuinen Haato HK 150 on omakoti- ja rivitaloihin sopiva l\u00e4mminvesivaraaja ja se riitt\u00e4\u00e4 suurenkin perheen tarpeisiin. Termostaattia voi s\u00e4\u00e4t\u00e4\u00e4 laitteen ulkopuolelta ja sen maksimis\u00e4\u00e4t\u00f6 on 80 \u00b0C.<\/p>\n","protected":false},"featured_media":141680,"comment_status":"open","ping_status":"closed","template":"","meta":{"_acf_changed":false},"factory":[],"free-shipment":[],"product_brand":[],"product_cat":[2835,1325,422],"product_tag":[],"class_list":{"0":"post-141679","1":"product","2":"type-product","3":"status-publish","4":"has-post-thumbnail","6":"product_cat-lamminvesivaraajat","7":"product_cat-lammitys-vesi-ja-ilmanvaihto","8":"product_cat-keemia-fi","10":"first","11":"instock","12":"sale","13":"taxable","14":"shipping-taxable","15":"purchasable","16":"product-type-simple"},"acf":[],"_links":{"self":[{"href":"https:\/\/factory.sale\/fi\/wp-json\/wp\/v2\/product\/141679","targetHints":{"allow":["GET"]}}],"collection":[{"href":"https:\/\/factory.sale\/fi\/wp-json\/wp\/v2\/product"}],"about":[{"href":"https:\/\/factory.sale\/fi\/wp-json\/wp\/v2\/types\/product"}],"replies":[{"embeddable":true,"href":"https:\/\/factory.sale\/fi\/wp-json\/wp\/v2\/comments?post=141679"}],"wp:featuredmedia":[{"embeddable":true,"href":"https:\/\/factory.sale\/fi\/wp-json\/wp\/v2\/media\/141680"}],"wp:attachment":[{"href":"https:\/\/factory.sale\/fi\/wp-json\/wp\/v2\/media?parent=141679"}],"wp:term":[{"taxonomy":"factory","embeddable":true,"href":"https:\/\/factory.sale\/fi\/wp-json\/wp\/v2\/factory?post=141679"},{"taxonomy":"free-shipment","embeddable":true,"href":"https:\/\/factory.sale\/fi\/wp-json\/wp\/v2\/free-shipment?post=141679"},{"taxonomy":"product_brand","embeddable":true,"href":"https:\/\/factory.sale\/fi\/wp-json\/wp\/v2\/product_brand?post=141679"},{"taxonomy":"product_cat","embeddable":true,"href":"https:\/\/factory.sale\/fi\/wp-json\/wp\/v2\/product_cat?post=141679"},{"taxonomy":"product_tag","embeddable":true,"href":"https:\/\/factory.sale\/fi\/wp-json\/wp\/v2\/product_tag?post=141679"}],"curies":[{"name":"wp","href":"https:\/\/api.w.org\/{rel}","templated":true}]}}