{"id":14141,"date":"2022-10-15T08:44:44","date_gmt":"2022-10-15T08:53:13","guid":{"rendered":"https:\/\/factory.sale\/?post_type=product&#038;p=14141"},"modified":"2024-07-03T08:44:25","modified_gmt":"2024-07-03T08:44:25","slug":"probioottinen-astianpesuaine-500ml-probio","status":"publish","type":"product","link":"https:\/\/factory.sale\/fi\/tuote\/probioottinen-astianpesuaine-500ml-probio\/","title":{"rendered":"Probioottinen astianpesuaine, 500ml, Pro&#038;Bio\u00a9"},"content":{"rendered":"<p>Pro&amp;Bio\u00a9 astianpesuaine on rikastettu tehokkailla probioottisilla bakteereilla ja tuote koostuu luonnollisista ainesosista. Probioottinen astianpesuaine on mieto, mutta tehokas ja poistaa lian jopa eritt\u00e4in rasvaisilta pinnoilta. Erinomainen pesutulos on taattu my\u00f6s viile\u00e4ss\u00e4 ja kovassa vedess\u00e4. Pesun j\u00e4lkeen astiat ja lasit pysyv\u00e4t kiilt\u00e4vin\u00e4. Sis\u00e4lt\u00e4\u00e4 my\u00f6s k\u00e4sien ihoa suojaavia ja pehment\u00e4vi\u00e4 ainesosia.<\/p>\n<p>Soveltuu k\u00e4ytett\u00e4v\u00e4ksi kotitalouksissa, elintarviketeollisuudessa, terveydenhuollossa ja lasten laitoksissa. Astianpesuaine on ymp\u00e4rist\u00f6yst\u00e4v\u00e4llinen ja biohajoava.<\/p>\n<p><strong>TUOTTEEN OMINAISUUDET<\/strong><\/p>\n<ul>\n<li>Pit\u00e4\u00e4 tyhjennyslukon puhtaana ja hajuttomana<\/li>\n<li>Poistaa tehokkaasti rasvaa<\/li>\n<li>Ei kuivata k\u00e4si\u00e4<\/li>\n<li>Biohajoava<\/li>\n<\/ul>\n<ul>\n<li>EAN:4745090630251<\/li>\n<\/ul>\n<p>&nbsp;<\/p>\n<p>Soveltuu k\u00e4ytett\u00e4v\u00e4ksi kotitalouksissa, elintarviketeollisuudessa, terveydenhuollossa ja lasten laitoksissa. Astianpesuaine on ymp\u00e4rist\u00f6yst\u00e4v\u00e4llinen ja biohajoava.<\/p>\n<p><strong>K\u00c4YTT\u00d6:<\/strong><\/p>\n<p>Konsentraattia varten levit\u00e4 pieni m\u00e4\u00e4r\u00e4 (+\/-5 ml) tuotetta sienelle tai astianpesuveteen, pese astiat ja huuhtele vedell\u00e4.<\/p>\n<p><strong>S\u00c4ILYTYS JA TURVALLISUUS:<\/strong><\/p>\n<p>Ravista ennen k\u00e4ytt\u00f6\u00e4. S\u00e4ilyt\u00e4 10\u00b0 &#8211; 45\u00b0C l\u00e4mp\u00f6tilassa. Suojattava suoralta auringonvalolta. Jos tuotetta on nielty tai joutunut silmiin, ota yhteys l\u00e4\u00e4k\u00e4riin ja n\u00e4yt\u00e4 tuotteen pakkaus tai etiketti. Myrkytystietopuhelin: 16662.<\/p>\n<p><strong>AINESOSAT:<\/strong><\/p>\n<p>Bacillus Ferment; 5-15 % anionisia pinta-aktiivisia aineita; &lt;5 % ionittomia pinta-aktiivisia aineita; s\u00e4il\u00f6nt\u00e4aineet (fenoksietanoli); hajusteet; linalooli; d-limoneeni.<\/p>\n<p><strong>S\u00e4ilyvyys:<\/strong> 5 vuotta<\/p>\n","protected":false},"excerpt":{"rendered":"<p>Pro&amp;Bio\u00a9 astianpesuaine on rikastettu tehokkailla probioottisilla bakteereilla ja tuote koostuu luonnollisista ainesosista.<\/p>\n","protected":false},"featured_media":14138,"comment_status":"open","ping_status":"closed","template":"","meta":{"_acf_changed":false},"factory":[],"free-shipment":[],"product_brand":[],"product_cat":[422,1356],"product_tag":[1423,1425,1411],"class_list":{"0":"post-14141","1":"product","2":"type-product","3":"status-publish","4":"has-post-thumbnail","6":"product_cat-keemia-fi","7":"product_cat-probiootti-hygieniatuotteet","8":"product_tag-chemistry-fi","9":"product_tag-home-fi","10":"product_tag-liquid-fi","12":"first","13":"instock","14":"sale","15":"taxable","16":"shipping-taxable","17":"purchasable","18":"product-type-simple"},"acf":[],"_links":{"self":[{"href":"https:\/\/factory.sale\/fi\/wp-json\/wp\/v2\/product\/14141","targetHints":{"allow":["GET"]}}],"collection":[{"href":"https:\/\/factory.sale\/fi\/wp-json\/wp\/v2\/product"}],"about":[{"href":"https:\/\/factory.sale\/fi\/wp-json\/wp\/v2\/types\/product"}],"replies":[{"embeddable":true,"href":"https:\/\/factory.sale\/fi\/wp-json\/wp\/v2\/comments?post=14141"}],"wp:featuredmedia":[{"embeddable":true,"href":"https:\/\/factory.sale\/fi\/wp-json\/wp\/v2\/media\/14138"}],"wp:attachment":[{"href":"https:\/\/factory.sale\/fi\/wp-json\/wp\/v2\/media?parent=14141"}],"wp:term":[{"taxonomy":"factory","embeddable":true,"href":"https:\/\/factory.sale\/fi\/wp-json\/wp\/v2\/factory?post=14141"},{"taxonomy":"free-shipment","embeddable":true,"href":"https:\/\/factory.sale\/fi\/wp-json\/wp\/v2\/free-shipment?post=14141"},{"taxonomy":"product_brand","embeddable":true,"href":"https:\/\/factory.sale\/fi\/wp-json\/wp\/v2\/product_brand?post=14141"},{"taxonomy":"product_cat","embeddable":true,"href":"https:\/\/factory.sale\/fi\/wp-json\/wp\/v2\/product_cat?post=14141"},{"taxonomy":"product_tag","embeddable":true,"href":"https:\/\/factory.sale\/fi\/wp-json\/wp\/v2\/product_tag?post=14141"}],"curies":[{"name":"wp","href":"https:\/\/api.w.org\/{rel}","templated":true}]}}