{"id":141335,"date":"2026-03-05T13:10:46","date_gmt":"2026-03-05T10:10:46","guid":{"rendered":"https:\/\/factory.sale\/?post_type=product&#038;p=141335"},"modified":"2026-03-05T13:11:35","modified_gmt":"2026-03-05T10:11:35","slug":"lamminvesivaraaja-haato-hk-35-rst-35l","status":"publish","type":"product","link":"https:\/\/factory.sale\/fi\/tuote\/lamminvesivaraaja-haato-hk-35-rst-35l\/","title":{"rendered":"L\u00e4mminvesivaraaja Haato HK-35, rst, 35l"},"content":{"rendered":"<p>L\u00e4mminvesivaraaja Haato HK 35 sopii vapaa-ajan asuntoihin ja pientalouksiin. Varaaja tuottaa riitt\u00e4v\u00e4sti l\u00e4mmint\u00e4 vett\u00e4 pikaiseen suihkuun ja vett\u00e4 j\u00e4\u00e4 riitt\u00e4v\u00e4sti astioiden pesuun.<\/p>\n<p>Laadukkaassa ja tyylikk\u00e4\u00e4ss\u00e4 Haato-l\u00e4mminvesivaraajassa on ruostumaton erikoissuojattu s\u00e4ili\u00f6, joka kest\u00e4\u00e4 vedenlaadusta riippumatta. S\u00e4ili\u00f6 on ruostumatonta ter\u00e4st\u00e4 ja ulkovaippa on jauhemaalattua ter\u00e4slevy\u00e4, p\u00e4\u00e4dyt ovat iskunkest\u00e4v\u00e4\u00e4 muovia. Vesis\u00e4ili\u00f6 on eristetty tehokkaasti l\u00e4mp\u00f6\u00e4 erist\u00e4v\u00e4ll\u00e4 freonittomalla ja muotoon valetulla eristeell\u00e4. S\u00e4ili\u00f6n rakennepaine on 10 baaria (1,0 MPa). Laipallisen s\u00e4hk\u00f6vastuksen liit\u00e4nt\u00e4aukko on \u00d8 80 mm. Vastus on helposti irrotettavissa s\u00e4ili\u00f6n sis\u00e4puolista tarkastusta varten. Varaaja on varustettu t\u00e4ydellisell\u00e4 venttiiliryhm\u00e4ll\u00e4, johon kuuluvat sekoitus-, sulku-, takaisku-, varo- ja tyhjennysventtiili.<\/p>\n<p>L\u00e4mminvesivaraaja asennetaan joko riippumaan pystyasentoon siten, ett\u00e4 putkiliit\u00e4nn\u00e4t tulevat alasp\u00e4in tai vaaka-asentoon takasein\u00e4 alasp\u00e4in. Pystyasennossa k\u00e4ytet\u00e4\u00e4n toimitukseen sis\u00e4ltyv\u00e4\u00e4 sein\u00e4kannaketta, joka kiinnitet\u00e4\u00e4n ensin paikoilleen. T\u00e4m\u00e4n j\u00e4lkeen varaaja nostetaan kannakkeelle. L\u00e4mminvesivaraaja on varustettu s\u00e4hk\u00f6johdolla ja pistokkeella, joka liitet\u00e4\u00e4n maadoitettuun 1-vaiheverkkoon. Liit\u00e4nt\u00e4 on sijoitettava helppop\u00e4\u00e4syiseen paikkaan.<\/p>\n<p>&nbsp;<\/p>\n<p>&nbsp;<\/p>\n<p><strong>TUOTETIEDOT:<\/strong><\/p>\n<ul>\n<li>Tuotemerkki: Haato<\/li>\n<li>Tuotesarja: HK<\/li>\n<li>Sertifikaatit ja hyv\u00e4ksynn\u00e4t: CE-merkint\u00e4<\/li>\n<li>Takuuaika: 2 vuotta<\/li>\n<li>GTIN-koodi: 6415852530157<\/li>\n<li>LVI-numero: 5253015<\/li>\n<\/ul>\n<p>&nbsp;<\/p>\n<p><strong>TUOTTEEN MITAT:<\/strong><\/p>\n<ul>\n<li>Korkeus (mm): 565<\/li>\n<li>Leveys (mm): 467<\/li>\n<li>Syvyys (mm): 455<\/li>\n<li>Tilavuus (l): 35<\/li>\n<li>Tuotteen paino (kg): 17<\/li>\n<\/ul>\n<p>&nbsp;<\/p>\n<p><strong>TUOTTEEN OMINAISUUDET:<\/strong><\/p>\n<ul>\n<li>Varolaiteryhm\u00e4 sis\u00e4ltyy: Kyll\u00e4<\/li>\n<li>Varaajan sis\u00e4pinnan materiaali: Ruostumaton ter\u00e4s<\/li>\n<li>Energialuokka: B<\/li>\n<li>Korroosiosuoja: RST<\/li>\n<li>L\u00e4mp\u00f6sis\u00e4lt\u00f6 l\u00e4mp\u00f6tilassa 80 \u00b0C: 2,8 kWh<\/li>\n<li>L\u00e4mmitysaika l\u00e4mp\u00f6tilaan 80 \u00b0C: 2 kW 1,2 h<\/li>\n<li>Liit\u00e4nt\u00e4 (kylm\u00e4vesi\/ k\u00e4ytt\u00f6vesi): 15 mm<\/li>\n<\/ul>\n<p>&nbsp;<\/p>\n<p><strong>TUOTTEEN TEKNISET TIEDOT:<\/strong><\/p>\n<ul>\n<li>S\u00e4hk\u00f6kytkent\u00e4: 1-vaiheinen<\/li>\n<li>J\u00e4nnite (V): 230<\/li>\n<li>Teho (W): 2 000<\/li>\n<li>IP-luokka: IP24<\/li>\n<li>Maksimivedenpaine (bar): 10<\/li>\n<\/ul>\n<p>&nbsp;<\/p>\n<p><strong>TUOTTEEN ASENTAMINEN JA K\u00c4YTT\u00d6\u00d6NOTTO:<\/strong><\/p>\n<ul>\n<li>Asennuspaikka: Sein\u00e4<\/li>\n<li>Asennustapa: Vaaka-asennus, Pystyasennus<\/li>\n<\/ul>\n<p>&nbsp;<\/p>\n<p><strong>PAKKAUKSEN MITAT JA PAINO:<\/strong><\/p>\n<ul>\n<li>Pakkauksen leveys (mm): 467,00<\/li>\n<li>Pakkauksen korkeus (mm): 455,00<\/li>\n<li>Pakkauksen syvyys (mm): 565,00<\/li>\n<li>Rahtipaino (kg): 17,00<\/li>\n<\/ul>\n<p>&nbsp;<\/p>\n<p>&nbsp;<\/p>\n<p><a href=\"https:\/\/factory.sale\/wp-content\/uploads\/2026\/03\/haato-esite.pdf\" target=\"_blank\" rel=\"noopener\">Haato esite<\/a><\/p>\n","protected":false},"excerpt":{"rendered":"<p>L\u00e4mminvesivaraaja Haato HK 35 sopii vapaa-ajan asuntoihin ja pientalouksiin. Varaaja tuottaa riitt\u00e4v\u00e4sti l\u00e4mmint\u00e4 vett\u00e4 pikaiseen suihkuun ja vett\u00e4 j\u00e4\u00e4 riitt\u00e4v\u00e4sti astioiden pesuun.<\/p>\n","protected":false},"featured_media":141336,"comment_status":"open","ping_status":"closed","template":"","meta":{"_acf_changed":false},"factory":[],"free-shipment":[],"product_brand":[],"product_cat":[2835,1325],"product_tag":[],"class_list":{"0":"post-141335","1":"product","2":"type-product","3":"status-publish","4":"has-post-thumbnail","6":"product_cat-lamminvesivaraajat","7":"product_cat-lammitys-vesi-ja-ilmanvaihto","9":"first","10":"instock","11":"sale","12":"taxable","13":"shipping-taxable","14":"purchasable","15":"product-type-simple"},"acf":[],"_links":{"self":[{"href":"https:\/\/factory.sale\/fi\/wp-json\/wp\/v2\/product\/141335","targetHints":{"allow":["GET"]}}],"collection":[{"href":"https:\/\/factory.sale\/fi\/wp-json\/wp\/v2\/product"}],"about":[{"href":"https:\/\/factory.sale\/fi\/wp-json\/wp\/v2\/types\/product"}],"replies":[{"embeddable":true,"href":"https:\/\/factory.sale\/fi\/wp-json\/wp\/v2\/comments?post=141335"}],"wp:featuredmedia":[{"embeddable":true,"href":"https:\/\/factory.sale\/fi\/wp-json\/wp\/v2\/media\/141336"}],"wp:attachment":[{"href":"https:\/\/factory.sale\/fi\/wp-json\/wp\/v2\/media?parent=141335"}],"wp:term":[{"taxonomy":"factory","embeddable":true,"href":"https:\/\/factory.sale\/fi\/wp-json\/wp\/v2\/factory?post=141335"},{"taxonomy":"free-shipment","embeddable":true,"href":"https:\/\/factory.sale\/fi\/wp-json\/wp\/v2\/free-shipment?post=141335"},{"taxonomy":"product_brand","embeddable":true,"href":"https:\/\/factory.sale\/fi\/wp-json\/wp\/v2\/product_brand?post=141335"},{"taxonomy":"product_cat","embeddable":true,"href":"https:\/\/factory.sale\/fi\/wp-json\/wp\/v2\/product_cat?post=141335"},{"taxonomy":"product_tag","embeddable":true,"href":"https:\/\/factory.sale\/fi\/wp-json\/wp\/v2\/product_tag?post=141335"}],"curies":[{"name":"wp","href":"https:\/\/api.w.org\/{rel}","templated":true}]}}