{"id":141324,"date":"2026-03-05T12:27:12","date_gmt":"2026-03-05T09:27:12","guid":{"rendered":"https:\/\/factory.sale\/?post_type=product&#038;p=141324"},"modified":"2026-03-05T13:02:27","modified_gmt":"2026-03-05T10:02:27","slug":"lamminvesivaraaja-haato-hm-300-rst-300l-saunamalli","status":"publish","type":"product","link":"https:\/\/factory.sale\/fi\/tuote\/lamminvesivaraaja-haato-hm-300-rst-300l-saunamalli\/","title":{"rendered":"L\u00e4mminvesivaraaja Haato HM-300, rst, 300l, saunamalli"},"content":{"rendered":"<p>Vesis\u00e4ili\u00f6 on valmistettu ruostumattomasta ter\u00e4ksest\u00e4 ja eristetty tehokkaasti l\u00e4mp\u00f6\u00e4 erist\u00e4v\u00e4ll\u00e4 freonittomalla muotoon valetulla eristeell\u00e4. Ulkokuori on muovia ja rakenne on roiskevesisuojattu. Ruostumattoman s\u00e4ili\u00f6n tarkkuushitsit t\u00e4ytt\u00e4v\u00e4t tiukimmatkin laatuvaatimukset ja s\u00e4ili\u00f6 on puhdistettu kemiallisesti \u201dpeittaamalla\u201d. S\u00e4ili\u00f6n rakennepaine on 10 baaria (1,0 MPa). Varaajassa on varo-, takaisku-, sulku-, tyhjennys- ja sekoitusventtiili. Venttiiliryhm\u00e4 on sijoitettu varaajan p\u00e4\u00e4tyyn asennuksen helpottamiseksi.<\/p>\n<p>L\u00e4mminvesivaraaja asennetaan tukevan jalustansa varaan. Asennettaessa on j\u00e4tett\u00e4v\u00e4 riitt\u00e4v\u00e4sti tilaa (n. 500 mm) kytkent\u00e4tilan eteen huoltoa varten. Laipallisen s\u00e4hk\u00f6vastuksen liit\u00e4nt\u00e4aukko on \u00d8 80 mm. Vastus on helposti irrotettavissa s\u00e4ili\u00f6n sis\u00e4puolista tarkastusta ja puhdistusta varten. L\u00e4mminvesivaraaja on varustettu kytkent\u00e4rimalla sy\u00f6tt\u00f6kaapelin kytkent\u00e4\u00e4 varten. HM-varaajan vakioteho on 3 kW 3-vaihekytkenn\u00e4ll\u00e4. L\u00e4mminvesivaraaja voidaan kytke\u00e4 my\u00f6s 230 V 1-vaihej\u00e4nnitteeseen, teho on silloin 2,0 kW. HUOM! L\u00f6ylyhuoneeseen asennettaessa varaajan alareunan on oltava min. 100 mm ja yl\u00e4reunan max. 1000 mm lattiasta. Et\u00e4isyys kiukaaseen min. 500 mm. L\u00f6ylyhuoneeseen asennettaessa on my\u00f6s yksivaiheisen s\u00e4hk\u00f6asennuksen oltava puolikiinte\u00e4 tai kiinte\u00e4.<\/p>\n<p>&nbsp;<\/p>\n<p>&nbsp;<\/p>\n<p><strong>TUOTETIEDOT:<\/strong><\/p>\n<ul>\n<li>Tuotemerkki: Haato<\/li>\n<li>Tuotesarja: HM<\/li>\n<li>Sertifikaatit ja hyv\u00e4ksynn\u00e4t: CE-merkint\u00e4<\/li>\n<li>Takuuaika: 2 vuotta<\/li>\n<li>GTIN-koodi: 6415852530553<\/li>\n<li>LVI-numero: 5253055<\/li>\n<\/ul>\n<p>&nbsp;<\/p>\n<p>&nbsp;<\/p>\n<p><strong>TUOTTEEN MITAT:<\/strong><\/p>\n<ul>\n<li>Korkeus (mm): 701<\/li>\n<li>Leveys (mm): 1 610<\/li>\n<li>Halkaisija (mm): 600<\/li>\n<li>Tilavuus (l): 300<\/li>\n<li>Tuotteen paino (kg): 80<\/li>\n<\/ul>\n<p>&nbsp;<\/p>\n<p>&nbsp;<\/p>\n<p><strong>TUOTTEEN OMINAISUUDET:<\/strong><\/p>\n<ul>\n<li>Kapasiteetti riitt\u00e4\u00e4 ammeelle: Kyll\u00e4<\/li>\n<li>Varolaiteryhm\u00e4 sis\u00e4ltyy: Kyll\u00e4<\/li>\n<li>Soveltuu saunaan: Kyll\u00e4<\/li>\n<li>Varaajan sis\u00e4pinnan materiaali: Ruostumaton ter\u00e4s<\/li>\n<li>Energialuokka: D<\/li>\n<li>Korroosiosuoja: RST<\/li>\n<li>L\u00e4mp\u00f6sis\u00e4lt\u00f6 l\u00e4mp\u00f6tilassa 80 \u00b0C: 24,4 kWh<\/li>\n<li>L\u00e4mmitysaika l\u00e4mp\u00f6tilaan 80 \u00b0C: 3 kW: 8,1 h<\/li>\n<li>Liit\u00e4nt\u00e4 (kylm\u00e4vesi\/k\u00e4ytt\u00f6vesi): 22 mm puserrusliitin<\/li>\n<li>Teho 3-vaihe asennuksena: 3000 W<\/li>\n<li>Voidaan asentaa my\u00f6s 1-vaiheisena<\/li>\n<li>Teho 1-vaihe asennuksena: 2000 W<\/li>\n<\/ul>\n<p>&nbsp;<\/p>\n<p>&nbsp;<\/p>\n<p><strong>TUOTTEEN TEKNISET TIEDOT:<\/strong><\/p>\n<ul>\n<li>S\u00e4hk\u00f6kytkent\u00e4: 1-vaiheinen, 3-vaiheinen<\/li>\n<li>J\u00e4nnite (V): 230, 400<\/li>\n<li>Teho (W): 3 000<\/li>\n<li>IP-luokka: IP24<\/li>\n<li>Maksimivedenpaine (bar): 10<\/li>\n<\/ul>\n<p>&nbsp;<\/p>\n<p><strong>TUOTTEEN ASENTAMINEN JA K\u00c4YTT\u00d6\u00d6NOTTO:<\/strong><\/p>\n<ul>\n<li>Asennuspaikka: Lattia<\/li>\n<li>Asennustapa: Vaaka-asennus<\/li>\n<\/ul>\n<p>&nbsp;<\/p>\n<p>&nbsp;<\/p>\n<p><strong>PAKKAUKSEN MITAT JA PAINO:<\/strong><\/p>\n<ul>\n<li>Pakkauksen leveys (mm): 701,00<\/li>\n<li>Pakkauksen syvyys (mm): 1 610,00<\/li>\n<li>Rahtipaino (kg): 70,00<\/li>\n<\/ul>\n<p>&nbsp;<\/p>\n<p>&nbsp;<\/p>\n<div id=\"productTabContent\" class=\"tab-content\">\n<div id=\"description\" class=\"tab-pane fade show active\" role=\"tabpanel\" aria-labelledby=\"description-tab\">\n<p><a href=\"https:\/\/factory.sale\/wp-content\/uploads\/2026\/03\/haato-esite.pdf\" target=\"_blank\" rel=\"noopener\">Haato esite<\/a><\/p>\n<p><a href=\"https:\/\/factory.sale\/wp-content\/uploads\/2026\/03\/kaytto-_ja_asennusohje_haato_hm_150_230_300_lamminvesivaraaja.pdf\" target=\"_blank\" rel=\"noopener\">K\u00e4ytto \u2013 ja asennusohje<\/a><\/p>\n<\/div>\n<\/div>\n","protected":false},"excerpt":{"rendered":"<p>Suurenkin perheen tarpeisiin sopiva Haato HM 300 on tarkoitettu kaikkiin pientaloihin. Varaaja asennetaan makaavaan asentoon ja se sopii matalan korkeutensa ansiosta erinomaisesti mm. saunan lauteiden alle sijoitettavaksi. Termostaatin suurin asetus on 80 \u00b0C.<\/p>\n","protected":false},"featured_media":141314,"comment_status":"open","ping_status":"closed","template":"","meta":{"_acf_changed":false},"factory":[],"free-shipment":[],"product_brand":[],"product_cat":[1325,2835],"product_tag":[],"class_list":{"0":"post-141324","1":"product","2":"type-product","3":"status-publish","4":"has-post-thumbnail","6":"product_cat-lammitys-vesi-ja-ilmanvaihto","7":"product_cat-lamminvesivaraajat","9":"first","10":"instock","11":"sale","12":"taxable","13":"shipping-taxable","14":"purchasable","15":"product-type-simple"},"acf":[],"_links":{"self":[{"href":"https:\/\/factory.sale\/fi\/wp-json\/wp\/v2\/product\/141324","targetHints":{"allow":["GET"]}}],"collection":[{"href":"https:\/\/factory.sale\/fi\/wp-json\/wp\/v2\/product"}],"about":[{"href":"https:\/\/factory.sale\/fi\/wp-json\/wp\/v2\/types\/product"}],"replies":[{"embeddable":true,"href":"https:\/\/factory.sale\/fi\/wp-json\/wp\/v2\/comments?post=141324"}],"wp:featuredmedia":[{"embeddable":true,"href":"https:\/\/factory.sale\/fi\/wp-json\/wp\/v2\/media\/141314"}],"wp:attachment":[{"href":"https:\/\/factory.sale\/fi\/wp-json\/wp\/v2\/media?parent=141324"}],"wp:term":[{"taxonomy":"factory","embeddable":true,"href":"https:\/\/factory.sale\/fi\/wp-json\/wp\/v2\/factory?post=141324"},{"taxonomy":"free-shipment","embeddable":true,"href":"https:\/\/factory.sale\/fi\/wp-json\/wp\/v2\/free-shipment?post=141324"},{"taxonomy":"product_brand","embeddable":true,"href":"https:\/\/factory.sale\/fi\/wp-json\/wp\/v2\/product_brand?post=141324"},{"taxonomy":"product_cat","embeddable":true,"href":"https:\/\/factory.sale\/fi\/wp-json\/wp\/v2\/product_cat?post=141324"},{"taxonomy":"product_tag","embeddable":true,"href":"https:\/\/factory.sale\/fi\/wp-json\/wp\/v2\/product_tag?post=141324"}],"curies":[{"name":"wp","href":"https:\/\/api.w.org\/{rel}","templated":true}]}}