{"id":14130,"date":"2022-10-15T08:14:18","date_gmt":"2022-10-15T08:19:37","guid":{"rendered":"https:\/\/factory.sale\/?post_type=product&#038;p=14130"},"modified":"2025-03-27T12:09:41","modified_gmt":"2025-03-27T09:09:41","slug":"harvia-xenio-contactor-box-lty17-17kw","status":"publish","type":"product","link":"https:\/\/factory.sale\/fi\/tuote\/harvia-xenio-contactor-box-lty17-17kw\/","title":{"rendered":"HARVIA XENIO CONTACTOR BOX LTY17 17kW"},"content":{"rendered":"<p><strong>Tuotetiedot:<\/strong><\/p>\n<ul>\n<li>Multidrive-kontaktorilaatikko LTY17<\/li>\n<li>Sy\u00f6tt\u00f6j\u00e4nnite: 400 V 3-vaihe<\/li>\n<li>Kuormitus: max. 17 kW<\/li>\n<li>Valonohjaus, max. teho: 100 W, 230 V yksivaiheinen<\/li>\n<li>Tuulettimen ohjaus, max. teho: 100 W, 230 V yksivaiheinen<\/li>\n<li>Mitat: 272mm x 70mm x 193mm<\/li>\n<\/ul>\n","protected":false},"excerpt":{"rendered":"<p>Multidrive-kontaktorilaatikko LTY17.<\/p>\n","protected":false},"featured_media":19490,"comment_status":"open","ping_status":"closed","template":"","meta":{"_acf_changed":false},"factory":[],"free-shipment":[],"product_brand":[],"product_cat":[1421,2007,1121,1346],"product_tag":[1152,2106],"class_list":{"0":"post-14130","1":"product","2":"type-product","3":"status-publish","4":"has-post-thumbnail","6":"product_cat-harvia-fi","7":"product_cat-harvia-fi-2","8":"product_cat-saniteetti","9":"product_cat-ohjauspaneeli","10":"product_tag-harvia-fi","11":"product_tag-sauna-fi","13":"first","14":"instock","15":"sale","16":"taxable","17":"shipping-taxable","18":"purchasable","19":"product-type-simple"},"acf":[],"_links":{"self":[{"href":"https:\/\/factory.sale\/fi\/wp-json\/wp\/v2\/product\/14130","targetHints":{"allow":["GET"]}}],"collection":[{"href":"https:\/\/factory.sale\/fi\/wp-json\/wp\/v2\/product"}],"about":[{"href":"https:\/\/factory.sale\/fi\/wp-json\/wp\/v2\/types\/product"}],"replies":[{"embeddable":true,"href":"https:\/\/factory.sale\/fi\/wp-json\/wp\/v2\/comments?post=14130"}],"wp:featuredmedia":[{"embeddable":true,"href":"https:\/\/factory.sale\/fi\/wp-json\/wp\/v2\/media\/19490"}],"wp:attachment":[{"href":"https:\/\/factory.sale\/fi\/wp-json\/wp\/v2\/media?parent=14130"}],"wp:term":[{"taxonomy":"factory","embeddable":true,"href":"https:\/\/factory.sale\/fi\/wp-json\/wp\/v2\/factory?post=14130"},{"taxonomy":"free-shipment","embeddable":true,"href":"https:\/\/factory.sale\/fi\/wp-json\/wp\/v2\/free-shipment?post=14130"},{"taxonomy":"product_brand","embeddable":true,"href":"https:\/\/factory.sale\/fi\/wp-json\/wp\/v2\/product_brand?post=14130"},{"taxonomy":"product_cat","embeddable":true,"href":"https:\/\/factory.sale\/fi\/wp-json\/wp\/v2\/product_cat?post=14130"},{"taxonomy":"product_tag","embeddable":true,"href":"https:\/\/factory.sale\/fi\/wp-json\/wp\/v2\/product_tag?post=14130"}],"curies":[{"name":"wp","href":"https:\/\/api.w.org\/{rel}","templated":true}]}}