{"id":14121,"date":"2022-10-15T07:56:14","date_gmt":"2022-10-15T07:59:36","guid":{"rendered":"https:\/\/factory.sale\/?post_type=product&#038;p=14121"},"modified":"2024-07-01T19:36:46","modified_gmt":"2024-07-01T19:36:46","slug":"harvia-xenio-contactor-box-lty17c","status":"publish","type":"product","link":"https:\/\/factory.sale\/fi\/tuote\/harvia-xenio-contactor-box-lty17c\/","title":{"rendered":"HARVIA XENIO CONTACTOR BOX LTY17C"},"content":{"rendered":"<ul>\n<li>Multidrive-kontaktorilaatikko LTY17<\/li>\n<li>Sy\u00f6tt\u00f6j\u00e4nnite: 400 V 3-vaihe<\/li>\n<li>Valonohjaus, max. teho: 100 W, 230 V yksivaiheinen<\/li>\n<li>Tuulettimen ohjaus, max. teho: 100 W, 230 V yksivaiheinen<\/li>\n<li>Mitat: 272 mm x 70 mm x 193 mm<\/li>\n<\/ul>\n","protected":false},"excerpt":{"rendered":"<p>Multidrive-kontaktorilaatikko LTY17.<\/p>\n","protected":false},"featured_media":19490,"comment_status":"open","ping_status":"closed","template":"","meta":{"_acf_changed":false},"factory":[],"free-shipment":[],"product_brand":[],"product_cat":[1121,1346],"product_tag":[878,1152,2106],"class_list":{"0":"post-14121","1":"product","2":"type-product","3":"status-publish","4":"has-post-thumbnail","6":"product_cat-saniteetti","7":"product_cat-ohjauspaneeli","8":"product_tag-control-unit-fi","9":"product_tag-harvia-fi","10":"product_tag-sauna-fi","12":"first","13":"instock","14":"sale","15":"taxable","16":"shipping-taxable","17":"purchasable","18":"product-type-simple"},"acf":[],"_links":{"self":[{"href":"https:\/\/factory.sale\/fi\/wp-json\/wp\/v2\/product\/14121","targetHints":{"allow":["GET"]}}],"collection":[{"href":"https:\/\/factory.sale\/fi\/wp-json\/wp\/v2\/product"}],"about":[{"href":"https:\/\/factory.sale\/fi\/wp-json\/wp\/v2\/types\/product"}],"replies":[{"embeddable":true,"href":"https:\/\/factory.sale\/fi\/wp-json\/wp\/v2\/comments?post=14121"}],"wp:featuredmedia":[{"embeddable":true,"href":"https:\/\/factory.sale\/fi\/wp-json\/wp\/v2\/media\/19490"}],"wp:attachment":[{"href":"https:\/\/factory.sale\/fi\/wp-json\/wp\/v2\/media?parent=14121"}],"wp:term":[{"taxonomy":"factory","embeddable":true,"href":"https:\/\/factory.sale\/fi\/wp-json\/wp\/v2\/factory?post=14121"},{"taxonomy":"free-shipment","embeddable":true,"href":"https:\/\/factory.sale\/fi\/wp-json\/wp\/v2\/free-shipment?post=14121"},{"taxonomy":"product_brand","embeddable":true,"href":"https:\/\/factory.sale\/fi\/wp-json\/wp\/v2\/product_brand?post=14121"},{"taxonomy":"product_cat","embeddable":true,"href":"https:\/\/factory.sale\/fi\/wp-json\/wp\/v2\/product_cat?post=14121"},{"taxonomy":"product_tag","embeddable":true,"href":"https:\/\/factory.sale\/fi\/wp-json\/wp\/v2\/product_tag?post=14121"}],"curies":[{"name":"wp","href":"https:\/\/api.w.org\/{rel}","templated":true}]}}