{"id":14112,"date":"2022-10-14T19:52:08","date_gmt":"2022-10-14T19:55:48","guid":{"rendered":"https:\/\/factory.sale\/?post_type=product&#038;p=14112"},"modified":"2025-03-27T11:42:46","modified_gmt":"2025-03-27T08:42:46","slug":"harvia-c105s-logix","status":"publish","type":"product","link":"https:\/\/factory.sale\/fi\/tuote\/harvia-c105s-logix\/","title":{"rendered":"Harvia C105S Logix"},"content":{"rendered":"<p>Harvia C105S Logix on ohjauspaneeli yhdistetylle s\u00e4hk\u00f6kiukaalle, jonka teho on jopa 10,5 kW. Sopii Combi-l\u00e4mmittimelle (kiukaan ja h\u00f6yrystimen yhdistelm\u00e4), tavalliselle s\u00e4hk\u00f6l\u00e4mmittimelle ja erilliselle h\u00f6yrystimelle. S\u00e4\u00e4telee kiukaan l\u00e4mp\u00f6tilaa, h\u00f6yrystimen kosteustasoa, saunan valaistusta ja ilmanvaihtoa. Automaattinen p\u00e4\u00e4llekytkent\u00e4aika ja k\u00e4ytt\u00f6aika voidaan asettaa tarkasti ohjauspaneelista.<\/p>\n<p><strong>Sarja sis\u00e4lt\u00e4\u00e4<\/strong> ohjauskeskuksen, l\u00e4mp\u00f6tila-anturin 4 m kaapelilla ja kosteusanturin 4 m kaapelilla.<\/p>\n<p>&nbsp;<\/p>\n<p><strong>Tuotetiedot:<\/strong><\/p>\n<ul>\n<li>Kiukaan maksimiteho 10,5 kW<\/li>\n<li>S\u00e4\u00e4dett\u00e4v\u00e4 l\u00e4mp\u00f6tila-alue: 40-110 \u00b0C<\/li>\n<li>S\u00e4\u00e4dett\u00e4v\u00e4 ty\u00f6aika: 4 h<\/li>\n<li>Esiasetettava p\u00e4\u00e4llekytkent\u00e4aika: 0-12 h<\/li>\n<li>Mitat: leveys 250, korkeus 223, syvyys 70 mm<\/li>\n<li>Paino: 1,6 kg<\/li>\n<\/ul>\n<p>&nbsp;<\/p>\n<p><a href=\"https:\/\/factory.sale\/wp-content\/uploads\/2022\/10\/C9080150-MANUAL.pdf\" target=\"_blank\" rel=\"noopener noreferrer\">K\u00e4ytt\u00f6ohje<\/a><\/p>\n","protected":false},"excerpt":{"rendered":"<p>Harvia C105S Logix on ohjauspaneeli yhdistetylle s\u00e4hk\u00f6kiukaalle, jonka teho on jopa 10,5 kW.<\/p>\n","protected":false},"featured_media":19508,"comment_status":"open","ping_status":"closed","template":"","meta":{"_acf_changed":false},"factory":[],"free-shipment":[],"product_brand":[],"product_cat":[1421,2007,1121,1346],"product_tag":[878,1152,2106],"class_list":{"0":"post-14112","1":"product","2":"type-product","3":"status-publish","4":"has-post-thumbnail","6":"product_cat-harvia-fi","7":"product_cat-harvia-fi-2","8":"product_cat-saniteetti","9":"product_cat-ohjauspaneeli","10":"product_tag-control-unit-fi","11":"product_tag-harvia-fi","12":"product_tag-sauna-fi","14":"first","15":"instock","16":"sale","17":"taxable","18":"shipping-taxable","19":"purchasable","20":"product-type-simple"},"acf":[],"_links":{"self":[{"href":"https:\/\/factory.sale\/fi\/wp-json\/wp\/v2\/product\/14112","targetHints":{"allow":["GET"]}}],"collection":[{"href":"https:\/\/factory.sale\/fi\/wp-json\/wp\/v2\/product"}],"about":[{"href":"https:\/\/factory.sale\/fi\/wp-json\/wp\/v2\/types\/product"}],"replies":[{"embeddable":true,"href":"https:\/\/factory.sale\/fi\/wp-json\/wp\/v2\/comments?post=14112"}],"wp:featuredmedia":[{"embeddable":true,"href":"https:\/\/factory.sale\/fi\/wp-json\/wp\/v2\/media\/19508"}],"wp:attachment":[{"href":"https:\/\/factory.sale\/fi\/wp-json\/wp\/v2\/media?parent=14112"}],"wp:term":[{"taxonomy":"factory","embeddable":true,"href":"https:\/\/factory.sale\/fi\/wp-json\/wp\/v2\/factory?post=14112"},{"taxonomy":"free-shipment","embeddable":true,"href":"https:\/\/factory.sale\/fi\/wp-json\/wp\/v2\/free-shipment?post=14112"},{"taxonomy":"product_brand","embeddable":true,"href":"https:\/\/factory.sale\/fi\/wp-json\/wp\/v2\/product_brand?post=14112"},{"taxonomy":"product_cat","embeddable":true,"href":"https:\/\/factory.sale\/fi\/wp-json\/wp\/v2\/product_cat?post=14112"},{"taxonomy":"product_tag","embeddable":true,"href":"https:\/\/factory.sale\/fi\/wp-json\/wp\/v2\/product_tag?post=14112"}],"curies":[{"name":"wp","href":"https:\/\/api.w.org\/{rel}","templated":true}]}}