{"id":14103,"date":"2022-10-14T19:08:52","date_gmt":"2022-10-14T19:44:27","guid":{"rendered":"https:\/\/factory.sale\/?post_type=product&#038;p=14103"},"modified":"2025-03-27T11:51:59","modified_gmt":"2025-03-27T08:51:59","slug":"harvia-c400vkk","status":"publish","type":"product","link":"https:\/\/factory.sale\/fi\/tuote\/harvia-c400vkk\/","title":{"rendered":"Harvia C400VKK"},"content":{"rendered":"<p>Harvia C400VKK on ammattik\u00e4ytt\u00f6\u00f6n tarkoitettu ohjauspaneeli s\u00e4hk\u00f6l\u00e4mmittimille, joiden teho on jopa 40 kW.<br \/>\nViikkoajastin, kaukok\u00e4ynnistys ja monipuoliset toiminnot mahdollistavat saunan monipuolisen k\u00e4yt\u00f6n. Kiukaan lis\u00e4ksi saunan valaistus, ilmanvaihto ja lukitus ovat s\u00e4\u00e4dett\u00e4viss\u00e4 kaukos\u00e4\u00e4timell\u00e4. Kaukos\u00e4\u00e4timess\u00e4 on jaot kahdeksalle eri ohjelmalle, jolloin voit tallentaa automaattiset asetukset esimerkiksi eri aikoina tai eri k\u00e4ytt\u00e4jille. C400VKK sopii mainiosti hotellien ja kylpyl\u00f6iden saunoihin.<\/p>\n<p>&nbsp;<\/p>\n<p><strong>Tuotetiedot:<\/strong><\/p>\n<ul>\n<li>C400VKK on p\u00e4ivitetty versio C260-ohjauskeskuksesta.<\/li>\n<li>400VAC, 3ph<\/li>\n<li>Taajuus: 50-60 Hz 3&#215;25 A<\/li>\n<li>Paino: 7,3 kg<\/li>\n<li>Mitat: syvyys 115 mm, leveys 325 mm, korkeus 560 mm<\/li>\n<\/ul>\n<p>&nbsp;<\/p>\n<p>&nbsp;<\/p>\n<p><a href=\"https:\/\/factory.sale\/wp-content\/uploads\/2022\/10\/C400VKK_FISVENDERU_Y05-0845_251121.pdf\" target=\"_blank\" rel=\"noopener noreferrer\">K\u00e4ytt\u00f6ohje<\/a><\/p>\n","protected":false},"excerpt":{"rendered":"<p>Harvia C400VKK on ammattik\u00e4ytt\u00f6\u00f6n tarkoitettu ohjauspaneeli s\u00e4hk\u00f6l\u00e4mmittimille, joiden teho on jopa 40 kW.<\/p>\n","protected":false},"featured_media":19511,"comment_status":"open","ping_status":"closed","template":"","meta":{"_acf_changed":false},"factory":[],"free-shipment":[],"product_brand":[],"product_cat":[1421,2007,1121,1346],"product_tag":[878,1152,2106],"class_list":{"0":"post-14103","1":"product","2":"type-product","3":"status-publish","4":"has-post-thumbnail","6":"product_cat-harvia-fi","7":"product_cat-harvia-fi-2","8":"product_cat-saniteetti","9":"product_cat-ohjauspaneeli","10":"product_tag-control-unit-fi","11":"product_tag-harvia-fi","12":"product_tag-sauna-fi","14":"first","15":"instock","16":"sale","17":"taxable","18":"shipping-taxable","19":"purchasable","20":"product-type-simple"},"acf":[],"_links":{"self":[{"href":"https:\/\/factory.sale\/fi\/wp-json\/wp\/v2\/product\/14103","targetHints":{"allow":["GET"]}}],"collection":[{"href":"https:\/\/factory.sale\/fi\/wp-json\/wp\/v2\/product"}],"about":[{"href":"https:\/\/factory.sale\/fi\/wp-json\/wp\/v2\/types\/product"}],"replies":[{"embeddable":true,"href":"https:\/\/factory.sale\/fi\/wp-json\/wp\/v2\/comments?post=14103"}],"wp:featuredmedia":[{"embeddable":true,"href":"https:\/\/factory.sale\/fi\/wp-json\/wp\/v2\/media\/19511"}],"wp:attachment":[{"href":"https:\/\/factory.sale\/fi\/wp-json\/wp\/v2\/media?parent=14103"}],"wp:term":[{"taxonomy":"factory","embeddable":true,"href":"https:\/\/factory.sale\/fi\/wp-json\/wp\/v2\/factory?post=14103"},{"taxonomy":"free-shipment","embeddable":true,"href":"https:\/\/factory.sale\/fi\/wp-json\/wp\/v2\/free-shipment?post=14103"},{"taxonomy":"product_brand","embeddable":true,"href":"https:\/\/factory.sale\/fi\/wp-json\/wp\/v2\/product_brand?post=14103"},{"taxonomy":"product_cat","embeddable":true,"href":"https:\/\/factory.sale\/fi\/wp-json\/wp\/v2\/product_cat?post=14103"},{"taxonomy":"product_tag","embeddable":true,"href":"https:\/\/factory.sale\/fi\/wp-json\/wp\/v2\/product_tag?post=14103"}],"curies":[{"name":"wp","href":"https:\/\/api.w.org\/{rel}","templated":true}]}}