{"id":14088,"date":"2022-10-14T18:57:29","date_gmt":"2022-10-14T19:00:32","guid":{"rendered":"https:\/\/factory.sale\/?post_type=product&#038;p=14088"},"modified":"2025-03-27T11:51:45","modified_gmt":"2025-03-27T08:51:45","slug":"harvia-c170vkk","status":"publish","type":"product","link":"https:\/\/factory.sale\/fi\/tuote\/harvia-c170vkk\/","title":{"rendered":"Harvia C170VKK"},"content":{"rendered":"<p>Harvia C170VKK on ammattik\u00e4ytt\u00f6\u00f6n tarkoitettu ohjauspaneeli s\u00e4hk\u00f6kiukaalle, jonka teho on jopa 17 kW. Mukana ohjauskeskus ja l\u00e4mp\u00f6tila-anturi kaapelilla. Jos ohjauspaneeli on varustettu lis\u00e4virtal\u00e4hteell\u00e4, se voi ohjata my\u00f6s suuremmalla teholla olevia l\u00e4mmittimi\u00e4. Helppo asennus.<br \/>\nViikkoajastin, kaukok\u00e4ynnistys ja monipuoliset toiminnot mahdollistavat saunan monipuolisen k\u00e4yt\u00f6n. Kiukaan lis\u00e4ksi saunan valaistus, ilmanvaihto ja lukitus ovat s\u00e4\u00e4dett\u00e4viss\u00e4 kaukos\u00e4\u00e4timell\u00e4. Kaukos\u00e4\u00e4timess\u00e4 on jaot kahdeksalle eri ohjelmalle, jolloin voit tallentaa automaattiset asetukset esimerkiksi eri aikoina tai eri k\u00e4ytt\u00e4jille.<br \/>\nC170VKK on p\u00e4ivitetty versio C150VKK ohjauskeskuksesta.<\/p>\n<p>&nbsp;<\/p>\n<ul>\n<li>Sy\u00f6tt\u00f6j\u00e4nnite: 400 V~ 3N 50-60 Hz 3&#215;25 A<\/li>\n<li>Suositeltu asennustila: leveys 260 mm, syvyys 150 mm, korkeus 425 mm<\/li>\n<li>Paino: 1,5 kg<\/li>\n<li>Mitat: syvyys 75 mm, leveys 240 mm, korkeus 255 mm<\/li>\n<\/ul>\n<p>&nbsp;<\/p>\n<p>&nbsp;<\/p>\n<p><a href=\"https:\/\/factory.sale\/wp-content\/uploads\/2022\/10\/C170VKK_FISVENDERU.pdf\" target=\"_blank\" rel=\"noopener noreferrer\">K\u00e4ytt\u00f6ohje<\/a><\/p>\n","protected":false},"excerpt":{"rendered":"<p>Harvia C170VKK on ammattik\u00e4ytt\u00f6\u00f6n tarkoitettu ohjauspaneeli s\u00e4hk\u00f6kiukaalle, jonka teho on jopa 17 kW.<\/p>\n","protected":false},"featured_media":14079,"comment_status":"open","ping_status":"closed","template":"","meta":{"_acf_changed":false},"factory":[],"free-shipment":[],"product_brand":[],"product_cat":[1421,2007,1121,1346],"product_tag":[878,1152,868,2106],"class_list":{"0":"post-14088","1":"product","2":"type-product","3":"status-publish","4":"has-post-thumbnail","6":"product_cat-harvia-fi","7":"product_cat-harvia-fi-2","8":"product_cat-saniteetti","9":"product_cat-ohjauspaneeli","10":"product_tag-control-unit-fi","11":"product_tag-harvia-fi","12":"product_tag-sanitary-ware-fi","13":"product_tag-sauna-fi","15":"first","16":"instock","17":"sale","18":"taxable","19":"shipping-taxable","20":"purchasable","21":"product-type-simple"},"acf":[],"_links":{"self":[{"href":"https:\/\/factory.sale\/fi\/wp-json\/wp\/v2\/product\/14088","targetHints":{"allow":["GET"]}}],"collection":[{"href":"https:\/\/factory.sale\/fi\/wp-json\/wp\/v2\/product"}],"about":[{"href":"https:\/\/factory.sale\/fi\/wp-json\/wp\/v2\/types\/product"}],"replies":[{"embeddable":true,"href":"https:\/\/factory.sale\/fi\/wp-json\/wp\/v2\/comments?post=14088"}],"wp:featuredmedia":[{"embeddable":true,"href":"https:\/\/factory.sale\/fi\/wp-json\/wp\/v2\/media\/14079"}],"wp:attachment":[{"href":"https:\/\/factory.sale\/fi\/wp-json\/wp\/v2\/media?parent=14088"}],"wp:term":[{"taxonomy":"factory","embeddable":true,"href":"https:\/\/factory.sale\/fi\/wp-json\/wp\/v2\/factory?post=14088"},{"taxonomy":"free-shipment","embeddable":true,"href":"https:\/\/factory.sale\/fi\/wp-json\/wp\/v2\/free-shipment?post=14088"},{"taxonomy":"product_brand","embeddable":true,"href":"https:\/\/factory.sale\/fi\/wp-json\/wp\/v2\/product_brand?post=14088"},{"taxonomy":"product_cat","embeddable":true,"href":"https:\/\/factory.sale\/fi\/wp-json\/wp\/v2\/product_cat?post=14088"},{"taxonomy":"product_tag","embeddable":true,"href":"https:\/\/factory.sale\/fi\/wp-json\/wp\/v2\/product_tag?post=14088"}],"curies":[{"name":"wp","href":"https:\/\/api.w.org\/{rel}","templated":true}]}}