{"id":14059,"date":"2022-10-14T10:04:06","date_gmt":"2022-10-14T10:07:01","guid":{"rendered":"https:\/\/factory.sale\/?post_type=product&#038;p=14059"},"modified":"2024-06-26T04:50:26","modified_gmt":"2024-06-26T04:50:26","slug":"harvia-ohjauspaneeli-c90","status":"publish","type":"product","link":"https:\/\/factory.sale\/fi\/tuote\/harvia-ohjauspaneeli-c90\/","title":{"rendered":"Harvia ohjauspaneeli C90"},"content":{"rendered":"<p>Harvia C90 on yksinkertainen ohjauspaneeli s\u00e4hk\u00f6kiukaalle, jonka teho on 3-9 kW. Mukana ohjauskeskus ja l\u00e4mp\u00f6tila-anturi 4 m kaapelilla.<\/p>\n<p>&nbsp;<\/p>\n<ul>\n<li>Maksimil\u00e4mp\u00f6tilalukema: 125 \u00b0C<\/li>\n<li>S\u00e4\u00e4dett\u00e4v\u00e4 l\u00e4mp\u00f6tila-alue: 40-110 \u00b0C<\/li>\n<li>L\u00e4mmitysaika: 1-12 h<\/li>\n<li>Esiasetettava p\u00e4\u00e4llekytkent\u00e4aika: 0-12 h<\/li>\n<\/ul>\n<p>&nbsp;<\/p>\n<p><a href=\"https:\/\/factory.sale\/wp-content\/uploads\/2022\/10\/C9080150-MANUAL.pdf\" target=\"_blank\" rel=\"noopener noreferrer\">K\u00e4ytt\u00f6ohje<\/a><\/p>\n","protected":false},"excerpt":{"rendered":"<p>Harvia C90 on yksinkertainen ohjauspaneeli s\u00e4hk\u00f6kiukaalle, jonka teho on 3-9 kW.<\/p>\n","protected":false},"featured_media":19508,"comment_status":"open","ping_status":"closed","template":"","meta":{"_acf_changed":false},"factory":[],"free-shipment":[],"product_brand":[],"product_cat":[1421,2007,1121,1346],"product_tag":[878,2106],"class_list":{"0":"post-14059","1":"product","2":"type-product","3":"status-publish","4":"has-post-thumbnail","6":"product_cat-harvia-fi","7":"product_cat-harvia-fi-2","8":"product_cat-saniteetti","9":"product_cat-ohjauspaneeli","10":"product_tag-control-unit-fi","11":"product_tag-sauna-fi","13":"first","14":"instock","15":"sale","16":"taxable","17":"shipping-taxable","18":"purchasable","19":"product-type-simple"},"acf":[],"_links":{"self":[{"href":"https:\/\/factory.sale\/fi\/wp-json\/wp\/v2\/product\/14059","targetHints":{"allow":["GET"]}}],"collection":[{"href":"https:\/\/factory.sale\/fi\/wp-json\/wp\/v2\/product"}],"about":[{"href":"https:\/\/factory.sale\/fi\/wp-json\/wp\/v2\/types\/product"}],"replies":[{"embeddable":true,"href":"https:\/\/factory.sale\/fi\/wp-json\/wp\/v2\/comments?post=14059"}],"wp:featuredmedia":[{"embeddable":true,"href":"https:\/\/factory.sale\/fi\/wp-json\/wp\/v2\/media\/19508"}],"wp:attachment":[{"href":"https:\/\/factory.sale\/fi\/wp-json\/wp\/v2\/media?parent=14059"}],"wp:term":[{"taxonomy":"factory","embeddable":true,"href":"https:\/\/factory.sale\/fi\/wp-json\/wp\/v2\/factory?post=14059"},{"taxonomy":"free-shipment","embeddable":true,"href":"https:\/\/factory.sale\/fi\/wp-json\/wp\/v2\/free-shipment?post=14059"},{"taxonomy":"product_brand","embeddable":true,"href":"https:\/\/factory.sale\/fi\/wp-json\/wp\/v2\/product_brand?post=14059"},{"taxonomy":"product_cat","embeddable":true,"href":"https:\/\/factory.sale\/fi\/wp-json\/wp\/v2\/product_cat?post=14059"},{"taxonomy":"product_tag","embeddable":true,"href":"https:\/\/factory.sale\/fi\/wp-json\/wp\/v2\/product_tag?post=14059"}],"curies":[{"name":"wp","href":"https:\/\/api.w.org\/{rel}","templated":true}]}}