{"id":140559,"date":"2026-02-24T17:53:13","date_gmt":"2026-02-24T14:53:15","guid":{"rendered":"https:\/\/factory.sale\/?post_type=product&#038;p=140559"},"modified":"2026-03-25T11:29:31","modified_gmt":"2026-03-25T08:29:31","slug":"estaparket-1-kaistale-tammi-village-harmaa-extra-matt-lakattu-kiilto-5","status":"publish","type":"product","link":"https:\/\/factory.sale\/fi\/tuote\/estaparket-1-kaistale-tammi-village-harmaa-extra-matt-lakattu-kiilto-5\/","title":{"rendered":"Esta Parket 1 Kaistale Tammi Village Harmaa Extra Matt Lakattu, kiilto 5%"},"content":{"rendered":"<p><strong>Tuotetiedot:<\/strong><\/p>\n<p><strong>Leveys:<\/strong> 180<br \/>\n<strong>Minimi\/Maksimipituus:<\/strong> 2200\/2200<br \/>\n<strong>Lajike:<\/strong> Tammi<br \/>\n<strong>Pintak\u00e4sittely:<\/strong> Extra Matt lakka, 5 % kiilto<br \/>\n<strong>Kuvio:<\/strong> 1 kaistale<br \/>\n<strong>V\u00e4ri:<\/strong> Harmaa<br \/>\n<strong>Laatu:<\/strong> Village<br \/>\n<strong>Viiste:<\/strong> 2B<br \/>\n<strong>Kerrokset:<\/strong> 3 kerrosta<br \/>\n<strong>Harjaus:<\/strong> harjattu<br \/>\n<strong>Asennustyyppi:<\/strong> UNILIN, Click<br \/>\n<strong>P\u00e4\u00e4llikerros:<\/strong> 3 mm<br \/>\n<strong>Puun kovuus:<\/strong> 2.9\u20133.7<br \/>\n<strong>Paksuus:<\/strong> 14 mm<br \/>\n<strong>Pakkaus:<\/strong> 6 lautaa per pakkaus<br \/>\n<strong>Indeksi: <\/strong>11615<\/p>\n<p>&nbsp;<\/p>\n<p><strong>Myymme pakettina. T\u00e4m\u00e4 on hinta per m2.<\/strong><\/p>\n<p>&nbsp;<\/p>\n<p><strong>T\u00e4rke\u00e4\u00e4:<\/strong>\u00a0Tuote on suunniteltu normaaliin asuink\u00e4ytt\u00f6\u00f6n, jossa suositeltu ilmankosteus on 40\u201360 % ja lattial\u00e4mmityksen enimm\u00e4isl\u00e4mp\u00f6tila 27 celsiusastetta. Tuotteen k\u00e4ytt\u00f6 \u00e4\u00e4rimm\u00e4isiss\u00e4 ymp\u00e4rist\u00f6olosuhteissa voi vaikuttaa tuotteen suorituskykyyn ja takuuseen..<\/p>\n<section class=\"elementor-section elementor-top-section elementor-element elementor-element-5ddd5d7 elementor-section-boxed elementor-section-height-default elementor-section-height-default\" data-id=\"5ddd5d7\" data-element_type=\"section\">\n<div class=\"elementor-container elementor-column-gap-default\">\n<div class=\"elementor-row\">\n<div class=\"elementor-column elementor-col-100 elementor-top-column elementor-element elementor-element-29d37ac\" data-id=\"29d37ac\" data-element_type=\"column\">\n<div class=\"elementor-column-wrap elementor-element-populated\">\n<div class=\"elementor-widget-wrap\">\n<div class=\"elementor-element elementor-element-d23c814 elementor-widget elementor-widget-heading\" data-id=\"d23c814\" data-element_type=\"widget\" data-widget_type=\"heading.default\">\n<div class=\"elementor-widget-container\">\n<h2 class=\"elementor-heading-title elementor-size-default\"><span style=\"font-size: 14pt;\">Rakenne<\/span><\/h2>\n<\/div>\n<\/div>\n<\/div>\n<\/div>\n<\/div>\n<\/div>\n<\/div>\n<\/section>\n<section class=\"elementor-section elementor-top-section elementor-element elementor-element-820afa4 elementor-section-boxed elementor-section-height-default elementor-section-height-default\" data-id=\"820afa4\" data-element_type=\"section\">\n<div class=\"elementor-container elementor-column-gap-default\">\n<div class=\"elementor-row\">\n<div class=\"elementor-column elementor-col-100 elementor-top-column elementor-element elementor-element-68ed31a\" data-id=\"68ed31a\" data-element_type=\"column\">\n<div class=\"elementor-column-wrap elementor-element-populated\">\n<div class=\"elementor-widget-wrap\">\n<div class=\"elementor-element elementor-element-a1c0911 elementor-widget elementor-widget-image\" data-id=\"a1c0911\" data-element_type=\"widget\" data-widget_type=\"image.default\">\n<div class=\"elementor-widget-container\">\n<div class=\"elementor-image\"><img loading=\"lazy\" decoding=\"async\" class=\"attachment-full size-full\" src=\"https:\/\/estaparket.eu\/wp-content\/uploads\/2025\/05\/doska-4.webp\" sizes=\"auto, (max-width: 2280px) 100vw, 2280px\" srcset=\"https:\/\/estaparket.eu\/wp-content\/uploads\/2025\/05\/doska-4.webp 2280w, https:\/\/estaparket.eu\/wp-content\/uploads\/2025\/05\/doska-4-300x11.webp 300w, https:\/\/estaparket.eu\/wp-content\/uploads\/2025\/05\/doska-4-1024x36.webp 1024w, https:\/\/estaparket.eu\/wp-content\/uploads\/2025\/05\/doska-4-768x27.webp 768w, https:\/\/estaparket.eu\/wp-content\/uploads\/2025\/05\/doska-4-1536x54.webp 1536w, https:\/\/estaparket.eu\/wp-content\/uploads\/2025\/05\/doska-4-2048x72.webp 2048w, https:\/\/estaparket.eu\/wp-content\/uploads\/2025\/05\/doska-4-600x21.webp 600w\" alt=\"\" width=\"2280\" height=\"80\" \/><\/div>\n<\/div>\n<\/div>\n<div class=\"elementor-element elementor-element-d00c1ad elementor-widget elementor-widget-text-editor\" data-id=\"d00c1ad\" data-element_type=\"widget\" data-widget_type=\"text-editor.default\">\n<div class=\"elementor-widget-container\">\n<div class=\"elementor-text-editor elementor-clearfix\">\n<p><strong>Nova, 13 mm paksu, jossa 0,5 mm pintakerros \/ 2,5 mm toinen kerros \/ 8,5 mm kolmas kerros \/ 1,5 mm koivuinen taustakerros<\/strong><\/p>\n<p class=\"p1\">Pinta: Massiivi eurooppalaista tammea \/ Toinen kerros: Saarnipuuta \/ Kolmas kerros: Kuusta \/ Pohja: Koivuviilua<\/p>\n<p>&nbsp;<\/p>\n<\/div>\n<\/div>\n<\/div>\n<\/div>\n<\/div>\n<\/div>\n<\/div>\n<\/div>\n<\/section>\n<h2><span style=\"font-size: 14pt;\"><strong><span lang=\"et\">Miksi juuri Esta Parketti<\/span><\/strong><strong><span lang=\"et\">?<\/span><\/strong><\/span><\/h2>\n<p><strong>Innovaatio<\/strong><\/p>\n<div class=\"page\" title=\"Page 19\">\n<div class=\"layoutArea\">\n<div class=\"column\">\n<p>Nyky\u00e4\u00e4n trendi on luonnollinen pinta, joka voidaan yleens\u00e4 saavuttaa vain \u00f6ljytetyll\u00e4 pinnalla, joka vaatii paljon enemm\u00e4n huoltoa kuin lakattu pinta. Lakattu pinta on helppo puhdistaa ja yll\u00e4pit\u00e4\u00e4, mutta n\u00e4ytt\u00e4\u00e4 v\u00e4hemm\u00e4n luonnolliselta. Esta Parket tarjoaa innovatiivisen lakkapinnoitusj\u00e4rjestelm\u00e4n, joka n\u00e4ytt\u00e4\u00e4 luonnolliselta kuin \u00f6ljytty pinta ja vaatii niin v\u00e4h\u00e4n huoltoa kuin perinteinen lakattu pinta. Kiiltoaste on vain 5%.<\/p>\n<p><strong>Koivuvaneriliitin lyhyen p\u00e4\u00e4dyn lukitusj\u00e4rjestelm\u00e4\u00e4 varten<\/strong><\/p>\n<p>Lyhyiss\u00e4 p\u00e4iss\u00e4 k\u00e4yt\u00e4mme vahvinta saatavilla olevaa materiaalia: koivuvaneria. P\u00f6ytien lyhyen sivun lukkojen j\u00e4nnitys voi olla erityisen suuri, etenkin kuivassa ilmastossa. Havupuut tai keinotekoiset materiaalit, kuten HDF, eiv\u00e4t useinkaan kykene kest\u00e4m\u00e4\u00e4n stressi\u00e4, joka aiheuttaa avoimia rakoja lautojen v\u00e4lill\u00e4.<br \/>\nT\u00e4yteaine on piilotettu mallin v\u00e4riin.<br \/>\nKiviainesten korjaus Estaparketti tehtaalla tehd\u00e4\u00e4n vain k\u00e4sin, koska t\u00e4m\u00e4 on ainoa tapa saavuttaa paras laatu.<\/p>\n<p>T\u00e4yteaineemme etuna on, ett\u00e4 se voidaan tahrata ja se on ymp\u00e4rist\u00f6yst\u00e4v\u00e4llinen.<\/p>\n<p><strong>Ilmasto<\/strong><\/p>\n<p>Parkettilaudoille sopiva ilmasto on sama kuin ihmisille: suhteellinen kosteus 40\u201360% ja l\u00e4mp\u00f6tila 14\u201323 \u00b0 C. Parketti on valmistettu oikeasta puusta, luonnollisista el\u00e4vist\u00e4 materiaaleista. Puu mukautuu ilmastoon (kutistuu tai laajenee). Kuiva ilma (suhteellinen kosteus alle 30%) on vaarallinen paitsi puulattioille, my\u00f6s ihmisille, aiheuttaen astmaa ja muita hengitysvaikeuksia.<\/p>\n<p>Liian kostea ilma aiheuttaa lattioiden turpoamisen ja aiheuttaa v\u00e4symyst\u00e4 ja kuivumista.<\/p>\n<p><strong>Napsauta UNILIN:n j\u00e4rjestelm\u00e4\u00e4<\/strong><\/p>\n<p>Esta Parket-lukitusj\u00e4rjestelm\u00e4n rakenne on suunniteltu minimoimaan levyjen v\u00e4liset raot. Muovisia inserttej\u00e4 ei ole. Varmista, ett\u00e4 kaikki lukitusj\u00e4rjestelm\u00e4n osat laajenevat tai supistuvat koko rakennuksen ajan. Esta Parket varmistaa alimman levyn korkean toleranssin.<\/p>\n<p><strong>Esta Parketin ainutlaatuinen aluskerros antaa puulattioiden hengitt\u00e4\u00e4<\/strong><\/p>\n<p>V\u00e4lt\u00e4 homeen kasvua lattian alla antamalla lattioiden hengitt\u00e4\u00e4. Esta Parketin ainutlaatuinen 2,3 mm paksu pohjapeite k\u00e4ytt\u00e4\u00e4 ilmankiertoa lattian alla ilmakanavien kautta mikropumppausj\u00e4rjestelm\u00e4n avulla. Pohjakannen ilmakanavat varmistavat jatkuvan ilmanvaihdon k\u00e4velless\u00e4. T\u00e4m\u00e4 eliminoi vesih\u00f6yryn lattiasta. T\u00e4m\u00e4 kansi v\u00e4hent\u00e4\u00e4 my\u00f6s \u00e4\u00e4nt\u00e4 22 dB: ll\u00e4 ja sill\u00e4 on korkea puristuslujuus. Se sopii hyvin my\u00f6s lattial\u00e4mmitykseen.<\/p>\n<p><strong>100% puuta<\/strong><\/p>\n<p>Esta Parket-lattiat ovat t\u00e4ysin kierr\u00e4tett\u00e4vi\u00e4. Ne tuotetaan uusiutuvista luonnonvaroista vahingoittamatta omaa luontoamme. Hallittujen metsien puutavara tarkoittaa, ett\u00e4 uudet puut istutetaan jokaisen hakkuuden j\u00e4lkeen.<\/p>\n<p>K\u00e4yt\u00e4mme raaka-aineitamme tehokkaasti, melkein ilman j\u00e4tett\u00e4. Leikkeit\u00e4 k\u00e4ytet\u00e4\u00e4n pakkaamiseen ja kierr\u00e4tet\u00e4\u00e4n vihre\u00e4n energian tuottamiseksi. Ymp\u00e4rist\u00f6asioiden hallintaj\u00e4rjestelmien ulkoiset auditoinnit ja tarkastukset tehd\u00e4\u00e4n s\u00e4\u00e4nn\u00f6llisesti.<\/p>\n<p><strong>Ainutlaatuinen hidas puun kuivumisprosessi<\/strong><\/p>\n<p>Valmistamme parkettitauluja vain Virossa tehtaalla, puun kuivaamisesta erinomaisen laadun varmistamiseksi. Kuivaamme puun itse, k\u00e4ytt\u00e4m\u00e4ll\u00e4 vain vihreet\u00e4 energiaa. Verrattuna teollisuuden tavanomaiseen kaksiviikkoiseen kuivausprosessiin kuivaamme puun noin 45 p\u00e4iv\u00e4ss\u00e4. Hidas kuivaus v\u00e4hent\u00e4\u00e4 merkitt\u00e4v\u00e4sti puun kuormitusta, mik\u00e4 tekee lattiat vakaammiksi.<\/p>\n<p><strong>M1-todistus, haihtuvia orgaanisia yhdisteit\u00e4 \/ formaldehydi\u00e4 ei ole lis\u00e4tty<\/strong><\/p>\n<p>Lattiateollisuuden standardeja ja normeja ei ole p\u00e4ivitetty vuosikymmenien ajan, ja ne ovat huomattavasti v\u00e4hemm\u00e4n tiukkoja kuin M1. Formaldehydip\u00e4\u00e4st\u00f6t ja haihtuvat orgaaniset yhdisteet voivat olla eritt\u00e4in vaarallisia ja aiheuttaa erilaisia \u200b\u200bsairauksia. M1-sertifikaatti varmistaa, ett\u00e4 Esta Parketin p\u00e4\u00e4st\u00f6t ovat yht\u00e4 hitaita kuin ne l\u00f6ytyv\u00e4t luonnon puista, joten Esta Parket-lattia on t\u00e4ysin turvallinen kodillesi.<\/p>\n<p><strong>Lattial\u00e4mmitys<\/strong><\/p>\n<p>Esta Parket-lattiat soveltuvat lattial\u00e4mmitykseen.<br \/>\nL\u00e4mmitysj\u00e4rjestelm\u00e4\u00e4 tulee s\u00e4\u00e4t\u00e4\u00e4 siten, ett\u00e4 parketin l\u00e4mp\u00f6tila ei koskaan ylit\u00e4 + 27 \u00b0 C. L\u00e4mp\u00f6tilan enimm\u00e4isvaihtelu ei saisi ylitt\u00e4\u00e4 24 tuntia.<\/p>\n<p><strong>Puhdistus ja huolto<\/strong><\/p>\n<p>Esta Parket-lattiat on suunniteltu helppoa puhdistamista ja huoltoa varten. Puhdista ne s\u00e4\u00e4nn\u00f6llisesti p\u00f6lynimurilla ja kostuta mahdolliset vuodot v\u00e4litt\u00f6m\u00e4sti.<br \/>\nP\u00e4ivitt\u00e4inen puhdistus: k\u00e4yt\u00e4 p\u00f6lynimuria.<br \/>\nEdistynyt puhdistus (suositus 1-2 kertaa kuukaudessa): imuroi ja pyyhi sitten kevyesti kostealla mopilla yleisk\u00e4ytt\u00f6isill\u00e4 lattiapuhdistimilla tai hyvin pienell\u00e4 m\u00e4\u00e4r\u00e4ll\u00e4 l\u00e4mmint\u00e4 saippuavett\u00e4. Lattiat tulee pyyhki\u00e4 vasta imuroinnin j\u00e4lkeen, muuten p\u00f6ly ei tule pois puisista huokosista.<\/p>\n<p><strong>Yleinen kunnossapito ja vaurioiden ehk\u00e4isy<\/strong><\/p>\n<p>Seuraa kosteutta ja l\u00e4mp\u00f6tilaa alla kuvatulla tavalla ja tee tarvittaessa korjaavia toimia. Aseta ovenmatot etuoven molemmille puolille. Poista lika tai muut hankausaineet ja pyyhi roiskeet v\u00e4litt\u00f6m\u00e4sti. Jos lattialle tippuu ruokaa tai juomaa, pyyhi se kankaalla tai paperipyyhkeill\u00e4 pysyvien vaurioiden tai tahrojen v\u00e4ltt\u00e4miseksi. Suojaa kaikki huonekalut huopatyynyill\u00e4 naarmujen est\u00e4miseksi liikkumisen aikana. V\u00e4lt\u00e4 korkeakorkoisten kenkien k\u00e4ytt\u00f6\u00e4 lattialla, koska ne voivat rikkoa tai naarmuttaa lattiaa. Sulje verhot tai kaihtimet rajoittaaksesi suoraan auringopaistolta. Pintavaurioiden minimoimiseksi leikkaa lemmikkien kynnet.<\/p>\n<p><strong>Esta Parket-parketin t\u00e4rkeimm\u00e4t ominaisuudet:<\/strong><\/p>\n<p>Parketin tuotannon kaikki vaiheet kuivaamisesta ja puun leikkaamisesta alkaen suoritetaan tehtaallamme. Parhaan laadun takaamiseksi toteutamme TQM (Total Quality Management) -strategian kaikissa prosesseissa!<br \/>\nSuuri kest\u00e4vyys ainutlaatuisen naarmuuntumisen est\u00e4v\u00e4n tekniikan k\u00e4yt\u00f6n ansiosta.<br \/>\nNaarmujen- ja kulumisenkest\u00e4v\u00e4mpi kuin kilpailijoilla.<br \/>\nYksi pienimmist\u00e4 formaldehydip\u00e4\u00e4st\u00f6ist\u00e4 tekee siit\u00e4 sopivan hyvin allergisille ihmisille.<br \/>\nVahva lukitus ei takaa muodonmuutoksia, kun puu mukautuu ilmastonmuutokseen. Toisin kuin monet kilpailijat, k\u00e4yt\u00e4mme Uniclickin patentoitua lukkoa, joka on k\u00e4yt\u00e4nn\u00f6ss\u00e4 vedenpit\u00e4v\u00e4.<br \/>\nNapsauta Lukitse-painiketta \u2013 helppo liiman asennus. Asenna ja lukitse laudat yhteen ja parketti on k\u00e4ytt\u00f6valmis!<br \/>\nT\u00e4ydellinen geometria varmistaa, ett\u00e4 lautojen ja lattian t\u00e4ysin sile\u00e4n pinnan v\u00e4lill\u00e4 ei ole rakoja. Lamellit leikataan mahdollisimman tarkasti moderneimmissa koneissa.<br \/>\nParas kesto l\u00e4mp\u00f6tilan ja kosteuden muutoksille ainutlaatuisen tuotantoprosessin ansiosta, pit\u00e4en puun minimiss\u00e4.<\/p>\n<p><strong>30 vuoden takuu<\/strong><\/p>\n<p>Esta Parket tarjoaa 30 vuoden rajoitetun takuun. Lue takuuehdot Esta Parket-verkkosivustolla.<br \/>\nKaikki Esta Parketin valmistuksessa k\u00e4ytetyt puumateriaalit kuivataan \/ ilmastoidaan tehdaskompleksissamme p\u00f6yd\u00e4n rakenteen vakauden varmistamiseksi.<br \/>\nLattialaudat liimataan alhaisissa l\u00e4mp\u00f6tiloissa siten, ett\u00e4 komponenttien v\u00e4lill\u00e4 ei ole sis\u00e4ist\u00e4 j\u00e4nnityst\u00e4, joten ne toimivat paremmin kuin pinottu lattia.<br \/>\nEsta Parkettia voidaan k\u00e4ytt\u00e4\u00e4 lattial\u00e4mmityksen kanssa. Parketti toimii my\u00f6s eritt\u00e4in hyvin Pohjoismaiden kosteuden ja l\u00e4mp\u00f6tilan vaihtelussa.<br \/>\nTuotannossa k\u00e4ytetyt hartsit eiv\u00e4t ole myrkyllisi\u00e4 ja parketti t\u00e4ytt\u00e4\u00e4 tiukimmat terveysvaatimukset.<br \/>\nPohjakerros on koivuviilua, joka lis\u00e4\u00e4 levyn vakautta.<\/p>\n<p><strong>Levit\u00e4 kerros<\/strong><\/p>\n<p>Arvopuun pintakerros on n. 3,5 mm paksu, mik\u00e4 mahdollistaa useiden lattian hiontojen tarpeen vaatiessa.<br \/>\nViimeistelykerroksissa k\u00e4ytet\u00e4\u00e4n ymp\u00e4rist\u00f6yst\u00e4v\u00e4llisi\u00e4 lakkoja ja \u00f6ljyj\u00e4, jotka eiv\u00e4t sis\u00e4ll\u00e4 liuottimia tai formaldehydi\u00e4 eiv\u00e4tk\u00e4 vapauta haitallisia kaasuja.<\/p>\n<p><strong>Uniclick-patentoitu lukko<\/strong><\/p>\n<p>Esta Parkettip\u00f6yd\u00e4t voidaan asentaa helposti ja nopeasti. Levyjen kiinnitt\u00e4miseen ei tarvita liimaa.<br \/>\nKun lukkoa napsautetaan, levyt sulkeutuvat tiukasti toisiaan vasten.<br \/>\nTiukka lukko suojaa lautoja satunnaisilta vesivuodoilta.<\/p>\n<p><strong>UV-\u00f6ljytt\u00e4minen<\/strong><\/p>\n<p>KLUMPP UV-\u00f6ljyt yhdist\u00e4v\u00e4t lattian edut luonnollisilla \u00f6ljypinnoitteilla ja UV-kovetetulla lattialla. Ne perustuvat luonnollisiin \u00f6ljyihin, jotka kovettuvat UV-s\u00e4teilyyn kemiallisten muutosten vuoksi. T\u00e4m\u00e4 antaa heille paljon parempia kemiallisia ominaisuuksia ja paremman naarmuuntumisen kuin luonnolliset \u00f6ljyt.<br \/>\nKorkea rakennuksen biogeeninen pitoisuus.<br \/>\nKorkea viskositeettivakaus.<\/p>\n<p>Huokosten efekti ja my\u00f6s puun v\u00e4ri ovat avoimia luonnolliselle \u00f6ljylle.<br \/>\nHelppo puhdistaa.<br \/>\nS\u00e4ilytt\u00e4\u00e4 luonnollisen puun ilmeen.<\/p>\n<p><strong>Lakkaus<\/strong><\/p>\n<p>Estaparketin testatut p\u00f6yd\u00e4t on peitetty v\u00e4hint\u00e4\u00e4n 7 suojakerroksella.<br \/>\nMonikerroksinen lakkaus paljastaa puun luonnollisen kauneuden ja varmistaa pitk\u00e4aikaisen suojan.<br \/>\nNaarmuuntumisen est\u00e4v\u00e4 tekniikka pident\u00e4\u00e4 kulumiskest\u00e4vyytt\u00e4.<br \/>\nK\u00e4ytetyt UV-lakat ovat t\u00e4ysin turvallisia, ne eiv\u00e4t sis\u00e4ll\u00e4 liuottimia tai formaldehydi\u00e4 eiv\u00e4tk\u00e4 haihduta vaarallisia aineita.<br \/>\nLakattu pinta on hygieeninen, helppohoitoinen ja tarjoaa hyv\u00e4n suojan tahroilta.<\/p>\n<p><strong>REFERENSSIT<\/strong><br \/>\n<strong>HOTELLIT<\/strong><\/p>\n<p>Consto Rica Hotelli Narvik, Narvik, Norja Clarion Hotelli, Stavanger, Norja<br \/>\nMyrkdalen Hotelli, Vossestrand, Norja Ramberg-Skedsmo, Skedsmokorest, Norja RICA Victoria, Oslo, Norja<\/p>\n<p>RICA Oslo, Oslo, Norja<br \/>\nRICA, G\u00f6theborg, Ruotsi<br \/>\nQuality Hotelli Stavanger, Stavanger, Norja Quality Hotelli T\u00f8nsberg, T\u00f8nsberg, Norja Soria Moria Hotelli, Oslo, Norja<br \/>\nKlaus K, Helsinki, Suomi<br \/>\nH\u00f6gfj\u00e4llshotellet, S\u00e4len, Ruotsi<br \/>\nRadisson Blu, Lillehammer, Norja<br \/>\nScandic Oscar, Varkaus, Suomi<br \/>\nHilton, Tallinna, Viro<br \/>\nClarion, Helsinki, Suomi<br \/>\nHanasaari, Espoo, Suomi<br \/>\nHanko Regatta Suites, Hanko, Suomi Mariott, Ateena, Kreikka<br \/>\nArkaden, M\u00e4stra, Ruotsi<br \/>\nMarklandet, T\u00e4by, Ruotsi<br \/>\nTripla, Helsinki, Suomi<br \/>\nRadisson Blu, Oulu, Suomi<br \/>\nMaximilian, Praha, Tsekki<\/p>\n<p><strong>TEATTERIT JA JULKISET SALIT<\/strong><\/p>\n<p>Mariinsky teatteri Orkestra sali, Pietari, Ven\u00e4j\u00e4<br \/>\nPietarin Valtion Kauppakorkeakoulu, Pietari, Ven\u00e4j\u00e4 Istanbulin Yliopisto, Istanbul, Turkki<br \/>\nPlanet Wellness Village, Sveitsi<br \/>\nKoripallokent\u00e4t Lontoon 2012 olympialaisille<\/p>\n<p><strong>ASUNNOT<\/strong><\/p>\n<p>Kista-torni (kaupungin korkein asuinrakennus), Tukholma, Ruotsi Horizon (Jyllannin korkein rakennus), Jyllanti, Tanska<br \/>\nOne Bloor (Toronton korkein asuinrakennus), Toronto, Kanada<br \/>\nAlba Takapuna \u2013 kerrostalo (alueen korkein rakennus), Uusi-Seelanti Young and Rich, Toronto, Kanada<br \/>\nX2 Condos, Toronto, Kanada Charle Condos, Toronto, Kanada.<\/p>\n<p><strong>Tietoja tehtaasta<\/strong><\/p>\n<p>Esta Parket on parketin tuotenimi, jonka on perustanut vuonna 1991 perustettu perheyritys TECHNOMAR &amp; ADREM AS. 100% tuotannosta valmistetaan yhdess\u00e4 Viron tehtaassa, joka on EU:n j\u00e4senvaltio, puun kuivaamisesta pakatun tuotteen tuotantoon. Ajatuksena on tuottaa parhaat tuotteet. Ainakin 95% tuotteista vied\u00e4\u00e4n asiakkaille yli 72 maassa Euroopassa, Amerikassa, Aasiassa ja Afrikassa.<\/p>\n<\/div>\n<\/div>\n<\/div>\n<p>&nbsp;<\/p>\n","protected":false},"excerpt":{"rendered":"<p><strong>Leveys:<\/strong> 180<br \/>\n<strong>Minimi\/Maksimipituus:<\/strong> 2200\/2200<br \/>\n<strong>Lajike:<\/strong> Tammi<br \/>\n<strong>Pintak\u00e4sittely:<\/strong> Extra Matt lakka, 5 % kiilto<br \/>\n<strong>Kuvio:<\/strong> 1 kaistale<br \/>\n<strong>V\u00e4ri:<\/strong> Harmaa<br \/>\n<strong>Laatu:<\/strong> Village<br \/>\n<strong>Viiste:<\/strong> 2B<br \/>\n<strong>Kerrokset:<\/strong> 3 kerrosta<br \/>\n<strong>Harjaus:<\/strong> harjattu<br \/>\n<strong>Asennustyyppi:<\/strong> UNILIN, Click<br \/>\n<strong>P\u00e4\u00e4llikerros:<\/strong> 3 mm<br \/>\n<strong>Puun kovuus:<\/strong> 2.9\u20133.7<br \/>\n<strong>Paksuus:<\/strong> 14 mm<br \/>\n<strong>Pakkaus:<\/strong> 6 lautaa per pakkaus<br \/>\n<strong>Indeksi: <\/strong>11615<\/p>\n<p><strong>Lopullinen hinta muodostuu tilauksen m\u00e4\u00e4r\u00e4st\u00e4. Pienemmille m\u00e4\u00e4rille (1-10 pakettia) sovelletaan korkeampaa neli\u00f6metrihintaa.<\/strong><\/p>\n","protected":false},"featured_media":140564,"comment_status":"open","ping_status":"closed","template":"","meta":{"_acf_changed":false},"factory":[4994],"free-shipment":[],"product_brand":[4569],"product_cat":[2976,446,450,1683],"product_tag":[561,2098],"class_list":{"0":"post-140559","1":"product","2":"type-product","3":"status-publish","4":"has-post-thumbnail","6":"factory-esta-parket","7":"product_brand-estaparket","8":"product_cat-esta-parket-fi","9":"product_cat-lattiat","10":"product_cat-parketti","11":"product_cat-yksikaistainen-parketti","12":"product_tag-estaparket-fi","13":"product_tag-parquet-fi","15":"first","16":"instock","17":"sale","18":"taxable","19":"shipping-taxable","20":"purchasable","21":"product-type-simple"},"acf":[],"_links":{"self":[{"href":"https:\/\/factory.sale\/fi\/wp-json\/wp\/v2\/product\/140559","targetHints":{"allow":["GET"]}}],"collection":[{"href":"https:\/\/factory.sale\/fi\/wp-json\/wp\/v2\/product"}],"about":[{"href":"https:\/\/factory.sale\/fi\/wp-json\/wp\/v2\/types\/product"}],"replies":[{"embeddable":true,"href":"https:\/\/factory.sale\/fi\/wp-json\/wp\/v2\/comments?post=140559"}],"wp:featuredmedia":[{"embeddable":true,"href":"https:\/\/factory.sale\/fi\/wp-json\/wp\/v2\/media\/140564"}],"wp:attachment":[{"href":"https:\/\/factory.sale\/fi\/wp-json\/wp\/v2\/media?parent=140559"}],"wp:term":[{"taxonomy":"factory","embeddable":true,"href":"https:\/\/factory.sale\/fi\/wp-json\/wp\/v2\/factory?post=140559"},{"taxonomy":"free-shipment","embeddable":true,"href":"https:\/\/factory.sale\/fi\/wp-json\/wp\/v2\/free-shipment?post=140559"},{"taxonomy":"product_brand","embeddable":true,"href":"https:\/\/factory.sale\/fi\/wp-json\/wp\/v2\/product_brand?post=140559"},{"taxonomy":"product_cat","embeddable":true,"href":"https:\/\/factory.sale\/fi\/wp-json\/wp\/v2\/product_cat?post=140559"},{"taxonomy":"product_tag","embeddable":true,"href":"https:\/\/factory.sale\/fi\/wp-json\/wp\/v2\/product_tag?post=140559"}],"curies":[{"name":"wp","href":"https:\/\/api.w.org\/{rel}","templated":true}]}}