{"id":14047,"date":"2022-10-14T09:39:26","date_gmt":"2022-10-14T09:45:56","guid":{"rendered":"https:\/\/factory.sale\/?post_type=product&#038;p=14047"},"modified":"2025-03-27T11:32:07","modified_gmt":"2025-03-27T08:32:07","slug":"griffin-cg170t","status":"publish","type":"product","link":"https:\/\/factory.sale\/fi\/tuote\/griffin-cg170t\/","title":{"rendered":"Griffin CG170T"},"content":{"rendered":"<p>Harvia Griffin Color Light -ohjauskeskuksen tarkoitus on ohjata Harvian v\u00e4rivaloj\u00e4rjestelm\u00e4\u00e4.<br \/>\nHarvia Griffin on tyylik\u00e4s uuden sukupolven digitaalinen ohjauskeskus. Kromattu digitaalinen ohjauspaneeli sopii tyylikk\u00e4\u00e4sti muihin moderneihin sauna- ja kylpyhuoneyksityiskohtiin. Se on pieni ja ohut, joten ohjauspaneeli voidaan asentaa melkein minne tahansa.<\/p>\n<p><strong>Setti sis\u00e4lt\u00e4\u00e4:<\/strong><\/p>\n<p><strong>Ohjauspaneeli<\/strong><\/p>\n<ul>\n<li>Vuorottelunopeuden s\u00e4\u00e4t\u00f6alue: 5 s &#8211; 120 s<\/li>\n<li>Kirkkauden s\u00e4\u00e4t\u00f6alue: 20-100 %<\/li>\n<li>Mitat: 94mm x 28mm x 113mm<\/li>\n<\/ul>\n<p>&nbsp;<\/p>\n<p><strong>Kontaktorilaatikko<\/strong><\/p>\n<ul>\n<li>Sy\u00f6tt\u00f6j\u00e4nnite: 230 V yksivaiheinen\/li&gt;<\/li>\n<li>Kontaktorikotelo on suojattu oikosulkuja vastaan.<\/li>\n<li>Mitat: 270 x 80 x 201 mm<\/li>\n<li>Datakaapeli 5 m (valinnainen 10 m jatkojohto, max. kokonaispituus 30 m) 10m jatkojohdolla.<\/li>\n<\/ul>\n","protected":false},"excerpt":{"rendered":"<p><strong>Harvia Griffin Color Light -ohjauskeskuksen tarkoitus on ohjata Harvian v\u00e4rivaloj\u00e4rjestelm\u00e4\u00e4.<\/strong><\/p>\n<p>Harvia Griffin on tyylik\u00e4s uuden sukupolven digitaalinen ohjauskeskus. Kromattu digitaalinen ohjauspaneeli sopii tyylikk\u00e4\u00e4sti muihin moderneihin sauna- ja kylpyhuoneyksityiskohtiin. Se on pieni ja ohut, joten ohjauspaneeli voidaan asentaa melkein minne tahansa.<\/p>\n<p>&nbsp;<\/p>\n","protected":false},"featured_media":14041,"comment_status":"open","ping_status":"closed","template":"","meta":{"_acf_changed":false},"factory":[],"free-shipment":[],"product_brand":[],"product_cat":[1421,1121,1346],"product_tag":[2106],"class_list":{"0":"post-14047","1":"product","2":"type-product","3":"status-publish","4":"has-post-thumbnail","6":"product_cat-harvia-fi","7":"product_cat-saniteetti","8":"product_cat-ohjauspaneeli","9":"product_tag-sauna-fi","11":"first","12":"instock","13":"sale","14":"taxable","15":"shipping-taxable","16":"purchasable","17":"product-type-simple"},"acf":[],"_links":{"self":[{"href":"https:\/\/factory.sale\/fi\/wp-json\/wp\/v2\/product\/14047","targetHints":{"allow":["GET"]}}],"collection":[{"href":"https:\/\/factory.sale\/fi\/wp-json\/wp\/v2\/product"}],"about":[{"href":"https:\/\/factory.sale\/fi\/wp-json\/wp\/v2\/types\/product"}],"replies":[{"embeddable":true,"href":"https:\/\/factory.sale\/fi\/wp-json\/wp\/v2\/comments?post=14047"}],"wp:featuredmedia":[{"embeddable":true,"href":"https:\/\/factory.sale\/fi\/wp-json\/wp\/v2\/media\/14041"}],"wp:attachment":[{"href":"https:\/\/factory.sale\/fi\/wp-json\/wp\/v2\/media?parent=14047"}],"wp:term":[{"taxonomy":"factory","embeddable":true,"href":"https:\/\/factory.sale\/fi\/wp-json\/wp\/v2\/factory?post=14047"},{"taxonomy":"free-shipment","embeddable":true,"href":"https:\/\/factory.sale\/fi\/wp-json\/wp\/v2\/free-shipment?post=14047"},{"taxonomy":"product_brand","embeddable":true,"href":"https:\/\/factory.sale\/fi\/wp-json\/wp\/v2\/product_brand?post=14047"},{"taxonomy":"product_cat","embeddable":true,"href":"https:\/\/factory.sale\/fi\/wp-json\/wp\/v2\/product_cat?post=14047"},{"taxonomy":"product_tag","embeddable":true,"href":"https:\/\/factory.sale\/fi\/wp-json\/wp\/v2\/product_tag?post=14047"}],"curies":[{"name":"wp","href":"https:\/\/api.w.org\/{rel}","templated":true}]}}