{"id":13973,"date":"2022-09-18T18:21:56","date_gmt":"2022-09-18T18:21:56","guid":{"rendered":"https:\/\/factory.sale\/product\/fdome-glamping-50\/"},"modified":"2025-03-27T01:03:01","modified_gmt":"2025-03-26T22:03:01","slug":"fdome-glamping-50","status":"publish","type":"product","link":"https:\/\/factory.sale\/fi\/tuote\/fdome-glamping-50\/","title":{"rendered":"FDome Glamping 50"},"content":{"rendered":"<p>Geodeettiset kupolisarjamme sis\u00e4lt\u00e4v\u00e4t melkein kaiken mit\u00e4 tarvitset luksustelttailuun. Lis\u00e4\u00e4 vain huonekalut ja kodinkoneet ja lomapaikka on valmis vieraille hetkess\u00e4!<\/p>\n<p>Valitse paras vaihtoehto sinun FDome Glampingille! Upeassa kupolitalossa on kaikki mit\u00e4 tarvitset ja se on jaettu toimintojen mukaan, mukaan lukien kylpyhuone, keitti\u00f6, Stargazing-s\u00e4nky ja makuuhuone. Sekoita ja yhdist\u00e4 moduulit luodaksesi ainutlaatuisen tilan vieraillesi!<\/p>\n<p><strong>Tekniset tiedot :<\/strong><\/p>\n<ul>\n<li>Pohjapinta-ala: ~ 49 m2 \/ 527.43 neli\u00f6jalkaa<\/li>\n<li>Halkaisija: ~ 7,90 m \/ 26.0 jalkaa<\/li>\n<li>Korkeus: ~ 4,80 m \/ 15.7 jalkaa<\/li>\n<li>Membraanipinta ~ 132 m2<\/li>\n<li>Ilmatilavuus ~ 150 m3<\/li>\n<li>Kokoaminen: 5-6 tuntia<\/li>\n<li>Sopiva: 4-5 henkil\u00f6lle<\/li>\n<\/ul>\n<p><strong>Pohjakupolin hinta sis\u00e4lt\u00e4\u00e4:<\/strong><\/p>\n<ul>\n<li>Runko &#8211; galvanoitu ja jauhemaalattu, antrasiitti tai valkoinen<\/li>\n<li>Ulkokuori &#8211;\u00a0 lumenvalkoinen<\/li>\n<li>Ikkunat<\/li>\n<li>Panorama erkkeri-ikkuna<\/li>\n<li>3x Valo\/hytti-ikkuna<\/li>\n<li>Sis\u00e4\u00e4nk\u00e4ynti\/ovet \u2013 Leirint\u00e4 ovi (FG 20, 30, 40, 50)<\/li>\n<li>Sis\u00e4\u00e4ntulo \u2013 vasen (P3) tai oikea (P4)<\/li>\n<li>Kiinnitys \u2013 Ter\u00e4stapit<\/li>\n<li>Tuuletus ja ilmastointi \u2013 Tuuletusaukot<\/li>\n<\/ul>\n<p>&nbsp;<\/p>\n<p>&nbsp;<\/p>\n<p>&nbsp;<\/p>\n<p><img loading=\"lazy\" decoding=\"async\" class=\"alignnone wp-image-13338\" src=\"https:\/\/factory.sale\/wp-content\/uploads\/2022\/09\/accessories-300x219.png\" alt=\"\" width=\"942\" height=\"688\" srcset=\"https:\/\/factory.sale\/wp-content\/uploads\/2022\/09\/accessories-300x219.png 300w, https:\/\/factory.sale\/wp-content\/uploads\/2022\/09\/accessories-150x109.png 150w, https:\/\/factory.sale\/wp-content\/uploads\/2022\/09\/accessories-1024x747.png 1024w, https:\/\/factory.sale\/wp-content\/uploads\/2022\/09\/accessories-600x438.png 600w, https:\/\/factory.sale\/wp-content\/uploads\/2022\/09\/accessories.png 1588w\" sizes=\"auto, (max-width: 942px) 100vw, 942px\" \/><\/p>\n<p>&nbsp;<\/p>\n<p>&nbsp;<\/p>\n<p><a href=\"https:\/\/factory.sale\/wp-content\/uploads\/2022\/09\/Dome-Care-and-Maintenance.pdf\" target=\"_blank\" rel=\"noopener noreferrer\">FDome-huoltok\u00e4sikirja<\/a><br \/>\n<a href=\"https:\/\/factory.sale\/wp-content\/uploads\/2022\/09\/FDomes-Assembly-Manual_SEP2022.pdf\" target=\"_blank\" rel=\"noopener noreferrer\">FDome-asennusopas<\/a><br \/>\n<a href=\"https:\/\/factory.sale\/wp-content\/uploads\/2022\/09\/Manual-ENG_rev.2-1.pdf\" target=\"_blank\" rel=\"noopener noreferrer\">K\u00e4sikirja<\/a><\/p>\n","protected":false},"excerpt":{"rendered":"<p>Ihanteellinen ratkaisu isommille perheille tai kaveriporukoille. Suurempi tila mahdollistaa kylpyhuoneen, sek\u00e4 ylellisen sisustuksen ja huoneen jakamisen erillisiin oleskelutiloihin.<\/p>\n","protected":false},"featured_media":13397,"comment_status":"open","ping_status":"closed","template":"","meta":{"_acf_changed":false},"factory":[],"free-shipment":[],"product_brand":[],"product_cat":[1112,1316],"product_tag":[1351,1352,1354,1355,1350],"class_list":{"0":"post-13973","1":"product","2":"type-product","3":"status-publish","4":"has-post-thumbnail","6":"product_cat-elementtitalot","7":"product_cat-geodeettinen-kupoli","8":"product_tag-glamping-fi","9":"product_tag-glamping-fi-2","10":"product_tag-glamping-fi-3","11":"product_tag-glamping-fi-4","12":"product_tag-kupolitalot","14":"first","15":"instock","16":"sale","17":"taxable","18":"shipping-taxable","19":"purchasable","20":"product-type-simple"},"acf":[],"_links":{"self":[{"href":"https:\/\/factory.sale\/fi\/wp-json\/wp\/v2\/product\/13973","targetHints":{"allow":["GET"]}}],"collection":[{"href":"https:\/\/factory.sale\/fi\/wp-json\/wp\/v2\/product"}],"about":[{"href":"https:\/\/factory.sale\/fi\/wp-json\/wp\/v2\/types\/product"}],"replies":[{"embeddable":true,"href":"https:\/\/factory.sale\/fi\/wp-json\/wp\/v2\/comments?post=13973"}],"wp:featuredmedia":[{"embeddable":true,"href":"https:\/\/factory.sale\/fi\/wp-json\/wp\/v2\/media\/13397"}],"wp:attachment":[{"href":"https:\/\/factory.sale\/fi\/wp-json\/wp\/v2\/media?parent=13973"}],"wp:term":[{"taxonomy":"factory","embeddable":true,"href":"https:\/\/factory.sale\/fi\/wp-json\/wp\/v2\/factory?post=13973"},{"taxonomy":"free-shipment","embeddable":true,"href":"https:\/\/factory.sale\/fi\/wp-json\/wp\/v2\/free-shipment?post=13973"},{"taxonomy":"product_brand","embeddable":true,"href":"https:\/\/factory.sale\/fi\/wp-json\/wp\/v2\/product_brand?post=13973"},{"taxonomy":"product_cat","embeddable":true,"href":"https:\/\/factory.sale\/fi\/wp-json\/wp\/v2\/product_cat?post=13973"},{"taxonomy":"product_tag","embeddable":true,"href":"https:\/\/factory.sale\/fi\/wp-json\/wp\/v2\/product_tag?post=13973"}],"curies":[{"name":"wp","href":"https:\/\/api.w.org\/{rel}","templated":true}]}}