{"id":13971,"date":"2022-09-18T17:33:12","date_gmt":"2022-09-18T17:33:12","guid":{"rendered":"https:\/\/factory.sale\/product\/fdome-glamping-30\/"},"modified":"2025-03-27T01:02:02","modified_gmt":"2025-03-26T22:02:02","slug":"fdome-glamping-30","status":"publish","type":"product","link":"https:\/\/factory.sale\/fi\/tuote\/fdome-glamping-30\/","title":{"rendered":"FDome Glamping 30"},"content":{"rendered":"<p>Geodeettiset kupolisarjamme sis\u00e4lt\u00e4v\u00e4t melkein kaiken mit\u00e4 tarvitset luksustelttailuun. Lis\u00e4\u00e4 vain huonekalut ja kodinkoneet ja lomapaikka on valmis vieraille hetkess\u00e4!<\/p>\n<p>Valitse paras vaihtoehto sinun FDome Glampingille! Upeassa kupolitalossa on kaikki mit\u00e4 tarvitset ja se on jaettu toimintojen mukaan, mukaan lukien kylpyhuone, keitti\u00f6, Stargazing-s\u00e4nky ja makuuhuone. Sekoita ja yhdist\u00e4 moduulit luodaksesi ainutlaatuisen tilan vieraillesi!<\/p>\n<p><strong>Tekniset tiedot :<\/strong><\/p>\n<ul>\n<li>Pohjapinta-ala: ~ 27,3 m2 \/ 293,85 neli\u00f6jalkaa<\/li>\n<li>Halkaisija: ~ 5,90 m \/ 19,4 jalkaa<\/li>\n<li>Korkeus: ~ 3,55 m \/ 11,6 jalkaa<\/li>\n<li>Membraanipinta ~ 66 m2<\/li>\n<li>Ilmatilavuus ~ 55 m3<\/li>\n<li>Kokoaminen: 3-4 tuntia<\/li>\n<li>Sopiva: 3-4 henkil\u00f6lle<\/li>\n<\/ul>\n<p><strong>Pohjakupolin hinta sis\u00e4lt\u00e4\u00e4:<\/strong><\/p>\n<ul>\n<li>Runko &#8211; galvanoitu ja jauhemaalattu, antrasiitti tai valkoinen<\/li>\n<li>Ulkokuori &#8211;\u00a0 lumenvalkoinen<\/li>\n<li>Ikkunat<\/li>\n<li>Panorama erkkeri-ikkuna<\/li>\n<li>3x Valo\/hytti-ikkuna<\/li>\n<li>Sis\u00e4\u00e4nk\u00e4ynti\/ovet \u2013 Leirint\u00e4 ovi (FG 20, 30, 40, 50)<\/li>\n<li>Sis\u00e4\u00e4ntulo \u2013 vasen (P3) tai oikea (P4)<\/li>\n<li>Kiinnitys \u2013 Ter\u00e4stapit<\/li>\n<li>Tuuletus ja ilmastointi \u2013 Tuuletusaukot<\/li>\n<\/ul>\n<p>&nbsp;<\/p>\n<p><img loading=\"lazy\" decoding=\"async\" class=\"alignnone wp-image-13338\" src=\"https:\/\/factory.sale\/wp-content\/uploads\/2022\/09\/accessories-300x219.png\" alt=\"\" width=\"1041\" height=\"760\" srcset=\"https:\/\/factory.sale\/wp-content\/uploads\/2022\/09\/accessories-300x219.png 300w, https:\/\/factory.sale\/wp-content\/uploads\/2022\/09\/accessories-150x109.png 150w, https:\/\/factory.sale\/wp-content\/uploads\/2022\/09\/accessories-1024x747.png 1024w, https:\/\/factory.sale\/wp-content\/uploads\/2022\/09\/accessories-600x438.png 600w, https:\/\/factory.sale\/wp-content\/uploads\/2022\/09\/accessories.png 1588w\" sizes=\"auto, (max-width: 1041px) 100vw, 1041px\" \/><\/p>\n<p>&nbsp;<\/p>\n<p>&nbsp;<\/p>\n<p><a href=\"https:\/\/factory.sale\/wp-content\/uploads\/2022\/09\/Dome-Care-and-Maintenance.pdf\" target=\"_blank\" rel=\"noopener noreferrer\">FDome-huoltok\u00e4sikirja<\/a><br \/>\n<a href=\"https:\/\/factory.sale\/wp-content\/uploads\/2022\/09\/FDomes-Assembly-Manual_SEP2022.pdf\" target=\"_blank\" rel=\"noopener noreferrer\">FDome-asennusopas<\/a><br \/>\n<a href=\"https:\/\/factory.sale\/wp-content\/uploads\/2022\/09\/Manual-ENG_rev.2-1.pdf\" target=\"_blank\" rel=\"noopener noreferrer\">K\u00e4sikirja<\/a><\/p>\n","protected":false},"excerpt":{"rendered":"<p>L\u00e4mp\u00f6\u00e4, l\u00e4heisyytt\u00e4 ja enemm\u00e4n tilaa sisustamiselle. Upea oleskelutila pariskunnalle tai pienelle perheelle, jossa p\u00e4\u00e4set kokemaan luksustelttailun tunnelman ja yhteyden luontoon.<\/p>\n","protected":false},"featured_media":13385,"comment_status":"open","ping_status":"closed","template":"","meta":{"_acf_changed":false},"factory":[],"free-shipment":[],"product_brand":[],"product_cat":[1112,1316],"product_tag":[1352,1350,1353],"class_list":{"0":"post-13971","1":"product","2":"type-product","3":"status-publish","4":"has-post-thumbnail","6":"product_cat-elementtitalot","7":"product_cat-geodeettinen-kupoli","8":"product_tag-glamping-fi-2","9":"product_tag-kupolitalot","10":"product_tag-kupolitalot-fi","12":"first","13":"instock","14":"sale","15":"taxable","16":"shipping-taxable","17":"purchasable","18":"product-type-simple"},"acf":[],"_links":{"self":[{"href":"https:\/\/factory.sale\/fi\/wp-json\/wp\/v2\/product\/13971","targetHints":{"allow":["GET"]}}],"collection":[{"href":"https:\/\/factory.sale\/fi\/wp-json\/wp\/v2\/product"}],"about":[{"href":"https:\/\/factory.sale\/fi\/wp-json\/wp\/v2\/types\/product"}],"replies":[{"embeddable":true,"href":"https:\/\/factory.sale\/fi\/wp-json\/wp\/v2\/comments?post=13971"}],"wp:featuredmedia":[{"embeddable":true,"href":"https:\/\/factory.sale\/fi\/wp-json\/wp\/v2\/media\/13385"}],"wp:attachment":[{"href":"https:\/\/factory.sale\/fi\/wp-json\/wp\/v2\/media?parent=13971"}],"wp:term":[{"taxonomy":"factory","embeddable":true,"href":"https:\/\/factory.sale\/fi\/wp-json\/wp\/v2\/factory?post=13971"},{"taxonomy":"free-shipment","embeddable":true,"href":"https:\/\/factory.sale\/fi\/wp-json\/wp\/v2\/free-shipment?post=13971"},{"taxonomy":"product_brand","embeddable":true,"href":"https:\/\/factory.sale\/fi\/wp-json\/wp\/v2\/product_brand?post=13971"},{"taxonomy":"product_cat","embeddable":true,"href":"https:\/\/factory.sale\/fi\/wp-json\/wp\/v2\/product_cat?post=13971"},{"taxonomy":"product_tag","embeddable":true,"href":"https:\/\/factory.sale\/fi\/wp-json\/wp\/v2\/product_tag?post=13971"}],"curies":[{"name":"wp","href":"https:\/\/api.w.org\/{rel}","templated":true}]}}